{"id":14373,"date":"2024-01-01T21:06:05","date_gmt":"2024-01-01T20:06:05","guid":{"rendered":"https:\/\/dari.shop\/?page_id=14373"},"modified":"2024-02-19T11:52:47","modified_gmt":"2024-02-19T10:52:47","slug":"geschaeft","status":"publish","type":"page","link":"https:\/\/dari.shop\/de\/geschaeft\/","title":{"rendered":"Gesch\u00e4ft"},"content":{"rendered":"","protected":false},"excerpt":{"rendered":"","protected":false},"author":1,"featured_media":10148,"parent":0,"menu_order":0,"comment_status":"closed","ping_status":"closed","template":"page-blank.php","meta":{"footnotes":""},"class_list":["post-14373","page","type-page","status-publish","has-post-thumbnail","hentry"],"yoast_head":"<!-- This site is optimized with the Yoast SEO Premium plugin v22.7 (Yoast SEO v27.4) - https:\/\/yoast.com\/product\/yoast-seo-premium-wordpress\/ -->\n<title>&#8902; DARI.Shop &#8902; Modebekleidung und Schuhe online. Online-Verkauf von Kleidung.<\/title>\n<meta name=\"description\" content=\"Online-Kleiderverkauf f\u00fcr Frauen, Kinder und M\u00e4nner. Gro\u00dfe Auswahl an Waren zu g\u00fcnstigen Preisen.&#8902; DARI.Shop &#8902; gro\u00dfe Auswahl, tolle Preise!\" \/>\n<meta name=\"robots\" content=\"index, follow, max-snippet:-1, max-image-preview:large, max-video-preview:-1\" \/>\n<link rel=\"canonical\" href=\"https:\/\/dari.shop\/shop\/\" \/>\n<meta property=\"og:locale\" content=\"de_DE\" \/>\n<meta property=\"og:type\" content=\"article\" \/>\n<meta property=\"og:title\" content=\"Gesch\u00e4ft\" \/>\n<meta property=\"og:description\" content=\"Online-Kleiderverkauf f\u00fcr Frauen, Kinder und M\u00e4nner. Gro\u00dfe Auswahl an Waren zu g\u00fcnstigen Preisen.&#8902; DARI.Shop &#8902; gro\u00dfe Auswahl, tolle Preise!\" \/>\n<meta property=\"og:url\" content=\"https:\/\/dari.shop\/shop\/\" \/>\n<meta property=\"og:site_name\" content=\"DARI.Shop\" \/>\n<meta property=\"article:modified_time\" content=\"2024-02-19T10:52:47+00:00\" \/>\n<meta property=\"og:image\" content=\"https:\/\/dari.shop\/wp-content\/uploads\/2021\/12\/obchod-dari-shop.jpg\" \/>\n\t<meta property=\"og:image:width\" content=\"800\" \/>\n\t<meta property=\"og:image:height\" content=\"600\" \/>\n\t<meta property=\"og:image:type\" content=\"image\/jpeg\" \/>\n<meta name=\"twitter:card\" content=\"summary_large_image\" \/>\n<meta name=\"twitter:label1\" content=\"Gesch\u00e4tzte Lesezeit\" \/>\n\t<meta name=\"twitter:data1\" content=\"1\u00a0Minute\" \/>\n<script type=\"application\/ld+json\" class=\"yoast-schema-graph\">{\"@context\":\"https:\\\/\\\/schema.org\",\"@graph\":[{\"@type\":\"WebPage\",\"@id\":\"https:\\\/\\\/dari.shop\\\/shop\\\/\",\"url\":\"https:\\\/\\\/dari.shop\\\/shop\\\/\",\"name\":\"&#8902; DARI.Shop &#8902; Modebekleidung und Schuhe online. Online-Verkauf von Kleidung.\",\"isPartOf\":{\"@id\":\"https:\\\/\\\/dari.shop\\\/#website\"},\"primaryImageOfPage\":{\"@id\":\"https:\\\/\\\/dari.shop\\\/shop\\\/#primaryimage\"},\"image\":{\"@id\":\"https:\\\/\\\/dari.shop\\\/shop\\\/#primaryimage\"},\"thumbnailUrl\":\"https:\\\/\\\/dari.shop\\\/wp-content\\\/uploads\\\/2021\\\/12\\\/obchod-dari-shop.jpg\",\"datePublished\":\"2024-01-01T20:06:05+00:00\",\"dateModified\":\"2024-02-19T10:52:47+00:00\",\"description\":\"Online-Kleiderverkauf f\u00fcr Frauen, Kinder und M\u00e4nner. Gro\u00dfe Auswahl an Waren zu g\u00fcnstigen Preisen.&#8902; DARI.Shop &#8902; gro\u00dfe Auswahl, tolle Preise!\",\"breadcrumb\":{\"@id\":\"https:\\\/\\\/dari.shop\\\/shop\\\/#breadcrumb\"},\"inLanguage\":\"de\",\"potentialAction\":[{\"@type\":\"ReadAction\",\"target\":[\"https:\\\/\\\/dari.shop\\\/shop\\\/\"]}]},{\"@type\":\"ImageObject\",\"inLanguage\":\"de\",\"@id\":\"https:\\\/\\\/dari.shop\\\/shop\\\/#primaryimage\",\"url\":\"https:\\\/\\\/dari.shop\\\/wp-content\\\/uploads\\\/2021\\\/12\\\/obchod-dari-shop.jpg\",\"contentUrl\":\"https:\\\/\\\/dari.shop\\\/wp-content\\\/uploads\\\/2021\\\/12\\\/obchod-dari-shop.jpg\",\"width\":800,\"height\":600,\"caption\":\"obchod dari shop\"},{\"@type\":\"BreadcrumbList\",\"@id\":\"https:\\\/\\\/dari.shop\\\/shop\\\/#breadcrumb\",\"itemListElement\":[{\"@type\":\"ListItem\",\"position\":1,\"name\":\"Homepage\",\"item\":\"https:\\\/\\\/dari.shop\\\/de\\\/inspiration\\\/\"},{\"@type\":\"ListItem\",\"position\":2,\"name\":\"Gesch\u00e4ft\"}]},{\"@type\":\"WebSite\",\"@id\":\"https:\\\/\\\/dari.shop\\\/#website\",\"url\":\"https:\\\/\\\/dari.shop\\\/\",\"name\":\"DARI.Shop\",\"description\":\"DARI.Shop. It starts with curiosity...\",\"publisher\":{\"@id\":\"https:\\\/\\\/dari.shop\\\/#organization\"},\"alternateName\":\"Dari Fashion Hub\",\"potentialAction\":[{\"@type\":\"SearchAction\",\"target\":{\"@type\":\"EntryPoint\",\"urlTemplate\":\"https:\\\/\\\/dari.shop\\\/?s={search_term_string}\"},\"query-input\":{\"@type\":\"PropertyValueSpecification\",\"valueRequired\":true,\"valueName\":\"search_term_string\"}}],\"inLanguage\":\"de\"},{\"@type\":\"Organization\",\"@id\":\"https:\\\/\\\/dari.shop\\\/#organization\",\"name\":\"DARI.Shop\",\"alternateName\":\"Dari Fashion Hub\",\"url\":\"https:\\\/\\\/dari.shop\\\/\",\"logo\":{\"@type\":\"ImageObject\",\"inLanguage\":\"de\",\"@id\":\"https:\\\/\\\/dari.shop\\\/#\\\/schema\\\/logo\\\/image\\\/\",\"url\":\"https:\\\/\\\/dari.shop\\\/wp-content\\\/uploads\\\/2018\\\/01\\\/logo-dari.shop_-1.gif\",\"contentUrl\":\"https:\\\/\\\/dari.shop\\\/wp-content\\\/uploads\\\/2018\\\/01\\\/logo-dari.shop_-1.gif\",\"width\":458,\"height\":107,\"caption\":\"DARI.Shop\"},\"image\":{\"@id\":\"https:\\\/\\\/dari.shop\\\/#\\\/schema\\\/logo\\\/image\\\/\"}}]}<\/script>\n<!-- \/ Yoast SEO Premium plugin. -->","yoast_head_json":{"title":"&#8902; DARI.Shop &#8902; Modebekleidung und Schuhe online. Online-Verkauf von Kleidung.","description":"Online-Kleiderverkauf f\u00fcr Frauen, Kinder und M\u00e4nner. Gro\u00dfe Auswahl an Waren zu g\u00fcnstigen Preisen.&#8902; DARI.Shop &#8902; gro\u00dfe Auswahl, tolle Preise!","robots":{"index":"index","follow":"follow","max-snippet":"max-snippet:-1","max-image-preview":"max-image-preview:large","max-video-preview":"max-video-preview:-1"},"canonical":"https:\/\/dari.shop\/shop\/","og_locale":"de_DE","og_type":"article","og_title":"Gesch\u00e4ft","og_description":"Online-Kleiderverkauf f\u00fcr Frauen, Kinder und M\u00e4nner. Gro\u00dfe Auswahl an Waren zu g\u00fcnstigen Preisen.&#8902; DARI.Shop &#8902; gro\u00dfe Auswahl, tolle Preise!","og_url":"https:\/\/dari.shop\/shop\/","og_site_name":"DARI.Shop","article_modified_time":"2024-02-19T10:52:47+00:00","og_image":[{"width":800,"height":600,"url":"https:\/\/dari.shop\/wp-content\/uploads\/2021\/12\/obchod-dari-shop.jpg","type":"image\/jpeg"}],"twitter_card":"summary_large_image","twitter_misc":{"Gesch\u00e4tzte Lesezeit":"1\u00a0Minute"},"schema":{"@context":"https:\/\/schema.org","@graph":[{"@type":"WebPage","@id":"https:\/\/dari.shop\/shop\/","url":"https:\/\/dari.shop\/shop\/","name":"&#8902; DARI.Shop &#8902; Modebekleidung und Schuhe online. Online-Verkauf von Kleidung.","isPartOf":{"@id":"https:\/\/dari.shop\/#website"},"primaryImageOfPage":{"@id":"https:\/\/dari.shop\/shop\/#primaryimage"},"image":{"@id":"https:\/\/dari.shop\/shop\/#primaryimage"},"thumbnailUrl":"https:\/\/dari.shop\/wp-content\/uploads\/2021\/12\/obchod-dari-shop.jpg","datePublished":"2024-01-01T20:06:05+00:00","dateModified":"2024-02-19T10:52:47+00:00","description":"Online-Kleiderverkauf f\u00fcr Frauen, Kinder und M\u00e4nner. Gro\u00dfe Auswahl an Waren zu g\u00fcnstigen Preisen.&#8902; DARI.Shop &#8902; gro\u00dfe Auswahl, tolle Preise!","breadcrumb":{"@id":"https:\/\/dari.shop\/shop\/#breadcrumb"},"inLanguage":"de","potentialAction":[{"@type":"ReadAction","target":["https:\/\/dari.shop\/shop\/"]}]},{"@type":"ImageObject","inLanguage":"de","@id":"https:\/\/dari.shop\/shop\/#primaryimage","url":"https:\/\/dari.shop\/wp-content\/uploads\/2021\/12\/obchod-dari-shop.jpg","contentUrl":"https:\/\/dari.shop\/wp-content\/uploads\/2021\/12\/obchod-dari-shop.jpg","width":800,"height":600,"caption":"obchod dari shop"},{"@type":"BreadcrumbList","@id":"https:\/\/dari.shop\/shop\/#breadcrumb","itemListElement":[{"@type":"ListItem","position":1,"name":"Homepage","item":"https:\/\/dari.shop\/de\/inspiration\/"},{"@type":"ListItem","position":2,"name":"Gesch\u00e4ft"}]},{"@type":"WebSite","@id":"https:\/\/dari.shop\/#website","url":"https:\/\/dari.shop\/","name":"DARI.Shop","description":"DARI.Shop. It starts with curiosity...","publisher":{"@id":"https:\/\/dari.shop\/#organization"},"alternateName":"Dari Fashion Hub","potentialAction":[{"@type":"SearchAction","target":{"@type":"EntryPoint","urlTemplate":"https:\/\/dari.shop\/?s={search_term_string}"},"query-input":{"@type":"PropertyValueSpecification","valueRequired":true,"valueName":"search_term_string"}}],"inLanguage":"de"},{"@type":"Organization","@id":"https:\/\/dari.shop\/#organization","name":"DARI.Shop","alternateName":"Dari Fashion Hub","url":"https:\/\/dari.shop\/","logo":{"@type":"ImageObject","inLanguage":"de","@id":"https:\/\/dari.shop\/#\/schema\/logo\/image\/","url":"https:\/\/dari.shop\/wp-content\/uploads\/2018\/01\/logo-dari.shop_-1.gif","contentUrl":"https:\/\/dari.shop\/wp-content\/uploads\/2018\/01\/logo-dari.shop_-1.gif","width":458,"height":107,"caption":"DARI.Shop"},"image":{"@id":"https:\/\/dari.shop\/#\/schema\/logo\/image\/"}}]}},"_links":{"self":[{"href":"https:\/\/dari.shop\/de\/wp-json\/wp\/v2\/pages\/14373","targetHints":{"allow":["GET"]}}],"collection":[{"href":"https:\/\/dari.shop\/de\/wp-json\/wp\/v2\/pages"}],"about":[{"href":"https:\/\/dari.shop\/de\/wp-json\/wp\/v2\/types\/page"}],"author":[{"embeddable":true,"href":"https:\/\/dari.shop\/de\/wp-json\/wp\/v2\/users\/1"}],"replies":[{"embeddable":true,"href":"https:\/\/dari.shop\/de\/wp-json\/wp\/v2\/comments?post=14373"}],"version-history":[{"count":1,"href":"https:\/\/dari.shop\/de\/wp-json\/wp\/v2\/pages\/14373\/revisions"}],"predecessor-version":[{"id":14375,"href":"https:\/\/dari.shop\/de\/wp-json\/wp\/v2\/pages\/14373\/revisions\/14375"}],"wp:featuredmedia":[{"embeddable":true,"href":"https:\/\/dari.shop\/de\/wp-json\/wp\/v2\/media\/10148"}],"wp:attachment":[{"href":"https:\/\/dari.shop\/de\/wp-json\/wp\/v2\/media?parent=14373"}],"curies":[{"name":"wp","href":"https:\/\/api.w.org\/{rel}","templated":true}]}}