{"id":29698,"date":"2017-12-04T00:50:16","date_gmt":"2017-12-03T23:50:16","guid":{"rendered":"https:\/\/dari.shop\/kinder\/"},"modified":"2024-01-19T23:01:43","modified_gmt":"2024-01-19T22:01:43","slug":"kinder","status":"publish","type":"page","link":"https:\/\/dari.shop\/de\/kinder\/","title":{"rendered":"Kinder"},"content":{"rendered":"\n<p> <\/p>\n<div class=\"woocommerce columns-4 \"><\/div>\n\t<div id=\"gap-1390943512\" class=\"gap-element clearfix\" style=\"display:block; height:auto;\">\n\t\t\n<style>\n#gap-1390943512 {\n  padding-top: 30px;\n}\n<\/style>\n\t<\/div>\n\t\n\n<a href=\"https:\/\/dari.shop\/de\/produktkategorie\/kind\/\" class=\"button primary expand\" style=\"border-radius:6px;\">\n\t\t<span>Weitere Produkte<\/span>\n\t<\/a>\n\n\n<div class=\"row row-small align-center\"  id=\"row-490716597\">\n\n\n\t<div id=\"col-1837844899\" class=\"col medium-2 small-12 large-2\"  >\n\t\t\t\t<div class=\"col-inner\"  >\n\t\t\t\n\t\t\t\n\n\n\t\t<\/div>\n\t\t\t\t\t<\/div>\n\n\t\n\n\t<div id=\"col-2047123390\" class=\"col medium-7 small-12 large-7\"  >\n\t\t\t\t<div class=\"col-inner\"  >\n\t\t\t\n\t\t\t\n\n\n\t\t<\/div>\n\t\t\t\t\t<\/div>\n\n\t\n\n\t<div id=\"col-275229243\" class=\"col medium-2 small-12 large-2\"  >\n\t\t\t\t<div class=\"col-inner\"  >\n\t\t\t\n\t\t\t\n\n\n\t\t<\/div>\n\t\t\t\t\t<\/div>\n\n\t\n\n<\/div>\n\t<div id=\"gap-201559271\" class=\"gap-element clearfix\" style=\"display:block; height:auto;\">\n\t\t\n<style>\n#gap-201559271 {\n  padding-top: 30px;\n}\n<\/style>\n\t<\/div>\n\t\n\n\t<div id=\"gap-433031884\" class=\"gap-element clearfix\" style=\"display:block; height:auto;\">\n\t\t\n<style>\n#gap-433031884 {\n  padding-top: 30px;\n}\n<\/style>\n\t<\/div>\n\t\n\n<div class=\"row\"  id=\"row-298457873\">\n\n\n\t<div id=\"col-1378572472\" class=\"col small-12 large-12\"  >\n\t\t\t\t<div class=\"col-inner\"  >\n\t\t\t\n\t\t\t\n\n<div class=\"accordion\">\n\n\t<div id=\"accordion-1191997421\" class=\"accordion-item\">\n\t\t<a id=\"accordion-1191997421-label\" class=\"accordion-title plain\" href=\"#accordion-item-eine-strahlende-kindheit-mit-einer-kollektion-von-kinderkleidung-von-dari.shop!\" aria-expanded=\"false\" aria-controls=\"accordion-1191997421-content\">\n\t\t\t<button class=\"toggle\" aria-label=\"Umschalten\"><i class=\"icon-angle-down\" aria-hidden=\"true\"><\/i><\/button>\n\t\t\t<span>Eine strahlende Kindheit mit einer Kollektion von Kinderkleidung von dari.shop!<\/span>\n\t\t<\/a>\n\t\t<div id=\"accordion-1191997421-content\" class=\"accordion-inner\" aria-labelledby=\"accordion-1191997421-label\">\n\t\t\t\n\n<h1 style=\"text-align: center;\"><span style=\"font-size: 75%;\">Kinderkleidung von dari.shop &#8211; nur das Beste f\u00fcr Ihr Kind!<\/span><\/h1>\n<p>Ihr Kind wird die ersten Schritte machen? Oder sammeln sie schon in ihrem ersten Rucksack Schulb\u00fccher? In unserem Online Shop dari.shop k\u00f6nnen Sie Kleidung f\u00fcr Kinder jeden Alters und f\u00fcr jede Gelegenheit ausw\u00e4hlen; Eltern sch\u00e4tzen dari.shop-Kinderkleidung f\u00fcr die hervorragende Qualit\u00e4t und die g\u00fcnstigen Preise; Erfreuen Sie Ihr Kind mit heller Kleidung von <em><strong>DARI.Shop<\/strong><\/em>!<\/p>\n<p>Leuchtende Kindheit mit einer Kollektion von Babykleidung von dari.shop!<\/p>\n<p>Wir wissen, dass Babykleidung aus hochwertigen, nat\u00fcrlichen Materialien hergestellt werden sollte, die bequem sitzen und sich angenehm anf\u00fchlen. Au\u00dferdem ist es sehr wichtig, dass die Kinderkleidung modisch und farbenfroh ist, denn der Geschmack eines Kindes entwickelt sich bereits in den ersten Lebensjahren. Wenn Sie bei dari.shop Babykleidung kaufen, k\u00f6nnen Sie sicher sein, dass Ihr Baby in bequeme und qualitativ hochwertige Kleidung gekleidet wird. Das helle Design sorgt f\u00fcr gute Laune und positive Emotionen bei Ihrem Baby.<\/p>\n<p>Moderne Mode von dari.shop f\u00fcr Kinder jeden Alters<\/p>\n<p>Gerade f\u00fcr Neugeborene bieten wir eine Vielzahl von Bodys und Schirmen mit Kn\u00f6pfen und Rei\u00dfverschl\u00fcssen an; F\u00fcr Kinder ab einem Jahr ist es sehr wichtig, sich bequem zu kleiden und sch\u00f6ne Kleidung f\u00fcr die Augen zu tragen, denn in dieser Zeit entdeckt Ihr Baby die Welt. Sie k\u00f6nnen es hier online kaufen:<br>&#8211; Modische Jeans und Hosen f\u00fcr Kinder<br>&#8211; Helle T-Shirts, Schuhe und Pullover<br>&#8211; Babyjacken und Windjacken<br>&#8211; Unterw\u00e4sche und Nachtw\u00e4sche f\u00fcr Kinder<\/p>\n<p>Hier finden Sie sch\u00f6ne Modelle f\u00fcr Ihren kleinen Pionier! Unsere Modekollektion f\u00fcr Teenager hilft Ihrem Sohn oder Ihrer Tochter, ihre Individualit\u00e4t zu unterstreichen. Unterst\u00fctzen Sie den Stil Ihres Kindes mit modischer Kinderkleidung von dari.shop!<\/p>\n<p style=\"text-align: right;\"><em><strong>Ihr DARI.Shop.<\/strong><\/em><\/p>\n\n\t\t<\/div>\n\t<\/div>\n\t\n\n<\/div>\n\n\t\t<\/div>\n\t\t\t\t\t<\/div>\n\n\t\n\n<\/div>\n\n","protected":false},"excerpt":{"rendered":"","protected":false},"author":1,"featured_media":14952,"parent":0,"menu_order":0,"comment_status":"closed","ping_status":"closed","template":"page-blank.php","meta":{"footnotes":""},"class_list":["post-29698","page","type-page","status-publish","has-post-thumbnail","hentry"],"yoast_head":"<!-- This site is optimized with the Yoast SEO Premium plugin v22.7 (Yoast SEO v27.4) - https:\/\/yoast.com\/product\/yoast-seo-premium-wordpress\/ -->\n<title>Premium-Essentials f\u00fcr Kinder \u2013 Bekleidung und Accessoires &#8902; DARI.Shop &#8902;<\/title>\n<meta name=\"description\" content=\"In der exklusiven Kinderkategorie von Dari.shop finden Sie hochwertige, stilvolle und sichere Produkte f\u00fcr die Kleinsten &#8902; DARI.Shop &#8902;\" \/>\n<meta name=\"robots\" content=\"index, follow, max-snippet:-1, max-image-preview:large, max-video-preview:-1\" \/>\n<link rel=\"canonical\" href=\"https:\/\/dari.shop\/de\/kinder\/\" \/>\n<meta property=\"og:locale\" content=\"de_DE\" \/>\n<meta property=\"og:type\" content=\"article\" \/>\n<meta property=\"og:title\" content=\"Kinder\" \/>\n<meta property=\"og:description\" content=\"In der exklusiven Kinderkategorie von Dari.shop finden Sie hochwertige, stilvolle und sichere Produkte f\u00fcr die Kleinsten &#8902; DARI.Shop &#8902;\" \/>\n<meta property=\"og:url\" content=\"https:\/\/dari.shop\/de\/kinder\/\" \/>\n<meta property=\"og:site_name\" content=\"DARI.Shop\" \/>\n<meta property=\"article:modified_time\" content=\"2024-01-19T22:01:43+00:00\" \/>\n<meta property=\"og:image\" content=\"https:\/\/dari.shop\/wp-content\/uploads\/2017\/12\/kat_-Pre-na\u0161e-deti.jpg\" \/>\n\t<meta property=\"og:image:width\" content=\"768\" \/>\n\t<meta property=\"og:image:height\" content=\"501\" \/>\n\t<meta property=\"og:image:type\" content=\"image\/jpeg\" \/>\n<meta name=\"twitter:card\" content=\"summary_large_image\" \/>\n<meta name=\"twitter:label1\" content=\"Gesch\u00e4tzte Lesezeit\" \/>\n\t<meta name=\"twitter:data1\" content=\"2\u00a0Minuten\" \/>\n<script type=\"application\/ld+json\" class=\"yoast-schema-graph\">{\"@context\":\"https:\\\/\\\/schema.org\",\"@graph\":[{\"@type\":\"WebPage\",\"@id\":\"https:\\\/\\\/dari.shop\\\/de\\\/kinder\\\/\",\"url\":\"https:\\\/\\\/dari.shop\\\/de\\\/kinder\\\/\",\"name\":\"Premium-Essentials f\u00fcr Kinder \u2013 Bekleidung und Accessoires &#8902; DARI.Shop &#8902;\",\"isPartOf\":{\"@id\":\"https:\\\/\\\/dari.shop\\\/#website\"},\"primaryImageOfPage\":{\"@id\":\"https:\\\/\\\/dari.shop\\\/de\\\/kinder\\\/#primaryimage\"},\"image\":{\"@id\":\"https:\\\/\\\/dari.shop\\\/de\\\/kinder\\\/#primaryimage\"},\"thumbnailUrl\":\"https:\\\/\\\/dari.shop\\\/wp-content\\\/uploads\\\/2017\\\/12\\\/kat_-Pre-na\u0161e-deti.jpg\",\"datePublished\":\"2017-12-03T23:50:16+00:00\",\"dateModified\":\"2024-01-19T22:01:43+00:00\",\"description\":\"In der exklusiven Kinderkategorie von Dari.shop finden Sie hochwertige, stilvolle und sichere Produkte f\u00fcr die Kleinsten &#8902; DARI.Shop &#8902;\",\"breadcrumb\":{\"@id\":\"https:\\\/\\\/dari.shop\\\/de\\\/kinder\\\/#breadcrumb\"},\"inLanguage\":\"de\",\"potentialAction\":[{\"@type\":\"ReadAction\",\"target\":[\"https:\\\/\\\/dari.shop\\\/de\\\/kinder\\\/\"]}]},{\"@type\":\"ImageObject\",\"inLanguage\":\"de\",\"@id\":\"https:\\\/\\\/dari.shop\\\/de\\\/kinder\\\/#primaryimage\",\"url\":\"https:\\\/\\\/dari.shop\\\/wp-content\\\/uploads\\\/2017\\\/12\\\/kat_-Pre-na\u0161e-deti.jpg\",\"contentUrl\":\"https:\\\/\\\/dari.shop\\\/wp-content\\\/uploads\\\/2017\\\/12\\\/kat_-Pre-na\u0161e-deti.jpg\",\"width\":768,\"height\":501,\"caption\":\"Oble\u010denie pre deti\"},{\"@type\":\"BreadcrumbList\",\"@id\":\"https:\\\/\\\/dari.shop\\\/de\\\/kinder\\\/#breadcrumb\",\"itemListElement\":[{\"@type\":\"ListItem\",\"position\":1,\"name\":\"Homepage\",\"item\":\"https:\\\/\\\/dari.shop\\\/de\\\/inspiration\\\/\"},{\"@type\":\"ListItem\",\"position\":2,\"name\":\"Kinder\"}]},{\"@type\":\"WebSite\",\"@id\":\"https:\\\/\\\/dari.shop\\\/#website\",\"url\":\"https:\\\/\\\/dari.shop\\\/\",\"name\":\"DARI.Shop\",\"description\":\"DARI.Shop. It starts with curiosity...\",\"publisher\":{\"@id\":\"https:\\\/\\\/dari.shop\\\/#organization\"},\"alternateName\":\"Dari Fashion Hub\",\"potentialAction\":[{\"@type\":\"SearchAction\",\"target\":{\"@type\":\"EntryPoint\",\"urlTemplate\":\"https:\\\/\\\/dari.shop\\\/?s={search_term_string}\"},\"query-input\":{\"@type\":\"PropertyValueSpecification\",\"valueRequired\":true,\"valueName\":\"search_term_string\"}}],\"inLanguage\":\"de\"},{\"@type\":\"Organization\",\"@id\":\"https:\\\/\\\/dari.shop\\\/#organization\",\"name\":\"DARI.Shop\",\"alternateName\":\"Dari Fashion Hub\",\"url\":\"https:\\\/\\\/dari.shop\\\/\",\"logo\":{\"@type\":\"ImageObject\",\"inLanguage\":\"de\",\"@id\":\"https:\\\/\\\/dari.shop\\\/#\\\/schema\\\/logo\\\/image\\\/\",\"url\":\"https:\\\/\\\/dari.shop\\\/wp-content\\\/uploads\\\/2018\\\/01\\\/logo-dari.shop_-1.gif\",\"contentUrl\":\"https:\\\/\\\/dari.shop\\\/wp-content\\\/uploads\\\/2018\\\/01\\\/logo-dari.shop_-1.gif\",\"width\":458,\"height\":107,\"caption\":\"DARI.Shop\"},\"image\":{\"@id\":\"https:\\\/\\\/dari.shop\\\/#\\\/schema\\\/logo\\\/image\\\/\"}}]}<\/script>\n<!-- \/ Yoast SEO Premium plugin. -->","yoast_head_json":{"title":"Premium-Essentials f\u00fcr Kinder \u2013 Bekleidung und Accessoires &#8902; DARI.Shop &#8902;","description":"In der exklusiven Kinderkategorie von Dari.shop finden Sie hochwertige, stilvolle und sichere Produkte f\u00fcr die Kleinsten &#8902; DARI.Shop &#8902;","robots":{"index":"index","follow":"follow","max-snippet":"max-snippet:-1","max-image-preview":"max-image-preview:large","max-video-preview":"max-video-preview:-1"},"canonical":"https:\/\/dari.shop\/de\/kinder\/","og_locale":"de_DE","og_type":"article","og_title":"Kinder","og_description":"In der exklusiven Kinderkategorie von Dari.shop finden Sie hochwertige, stilvolle und sichere Produkte f\u00fcr die Kleinsten &#8902; DARI.Shop &#8902;","og_url":"https:\/\/dari.shop\/de\/kinder\/","og_site_name":"DARI.Shop","article_modified_time":"2024-01-19T22:01:43+00:00","og_image":[{"width":768,"height":501,"url":"https:\/\/dari.shop\/wp-content\/uploads\/2017\/12\/kat_-Pre-na\u0161e-deti.jpg","type":"image\/jpeg"}],"twitter_card":"summary_large_image","twitter_misc":{"Gesch\u00e4tzte Lesezeit":"2\u00a0Minuten"},"schema":{"@context":"https:\/\/schema.org","@graph":[{"@type":"WebPage","@id":"https:\/\/dari.shop\/de\/kinder\/","url":"https:\/\/dari.shop\/de\/kinder\/","name":"Premium-Essentials f\u00fcr Kinder \u2013 Bekleidung und Accessoires &#8902; DARI.Shop &#8902;","isPartOf":{"@id":"https:\/\/dari.shop\/#website"},"primaryImageOfPage":{"@id":"https:\/\/dari.shop\/de\/kinder\/#primaryimage"},"image":{"@id":"https:\/\/dari.shop\/de\/kinder\/#primaryimage"},"thumbnailUrl":"https:\/\/dari.shop\/wp-content\/uploads\/2017\/12\/kat_-Pre-na\u0161e-deti.jpg","datePublished":"2017-12-03T23:50:16+00:00","dateModified":"2024-01-19T22:01:43+00:00","description":"In der exklusiven Kinderkategorie von Dari.shop finden Sie hochwertige, stilvolle und sichere Produkte f\u00fcr die Kleinsten &#8902; DARI.Shop &#8902;","breadcrumb":{"@id":"https:\/\/dari.shop\/de\/kinder\/#breadcrumb"},"inLanguage":"de","potentialAction":[{"@type":"ReadAction","target":["https:\/\/dari.shop\/de\/kinder\/"]}]},{"@type":"ImageObject","inLanguage":"de","@id":"https:\/\/dari.shop\/de\/kinder\/#primaryimage","url":"https:\/\/dari.shop\/wp-content\/uploads\/2017\/12\/kat_-Pre-na\u0161e-deti.jpg","contentUrl":"https:\/\/dari.shop\/wp-content\/uploads\/2017\/12\/kat_-Pre-na\u0161e-deti.jpg","width":768,"height":501,"caption":"Oble\u010denie pre deti"},{"@type":"BreadcrumbList","@id":"https:\/\/dari.shop\/de\/kinder\/#breadcrumb","itemListElement":[{"@type":"ListItem","position":1,"name":"Homepage","item":"https:\/\/dari.shop\/de\/inspiration\/"},{"@type":"ListItem","position":2,"name":"Kinder"}]},{"@type":"WebSite","@id":"https:\/\/dari.shop\/#website","url":"https:\/\/dari.shop\/","name":"DARI.Shop","description":"DARI.Shop. It starts with curiosity...","publisher":{"@id":"https:\/\/dari.shop\/#organization"},"alternateName":"Dari Fashion Hub","potentialAction":[{"@type":"SearchAction","target":{"@type":"EntryPoint","urlTemplate":"https:\/\/dari.shop\/?s={search_term_string}"},"query-input":{"@type":"PropertyValueSpecification","valueRequired":true,"valueName":"search_term_string"}}],"inLanguage":"de"},{"@type":"Organization","@id":"https:\/\/dari.shop\/#organization","name":"DARI.Shop","alternateName":"Dari Fashion Hub","url":"https:\/\/dari.shop\/","logo":{"@type":"ImageObject","inLanguage":"de","@id":"https:\/\/dari.shop\/#\/schema\/logo\/image\/","url":"https:\/\/dari.shop\/wp-content\/uploads\/2018\/01\/logo-dari.shop_-1.gif","contentUrl":"https:\/\/dari.shop\/wp-content\/uploads\/2018\/01\/logo-dari.shop_-1.gif","width":458,"height":107,"caption":"DARI.Shop"},"image":{"@id":"https:\/\/dari.shop\/#\/schema\/logo\/image\/"}}]}},"_links":{"self":[{"href":"https:\/\/dari.shop\/de\/wp-json\/wp\/v2\/pages\/29698","targetHints":{"allow":["GET"]}}],"collection":[{"href":"https:\/\/dari.shop\/de\/wp-json\/wp\/v2\/pages"}],"about":[{"href":"https:\/\/dari.shop\/de\/wp-json\/wp\/v2\/types\/page"}],"author":[{"embeddable":true,"href":"https:\/\/dari.shop\/de\/wp-json\/wp\/v2\/users\/1"}],"replies":[{"embeddable":true,"href":"https:\/\/dari.shop\/de\/wp-json\/wp\/v2\/comments?post=29698"}],"version-history":[{"count":1,"href":"https:\/\/dari.shop\/de\/wp-json\/wp\/v2\/pages\/29698\/revisions"}],"predecessor-version":[{"id":29699,"href":"https:\/\/dari.shop\/de\/wp-json\/wp\/v2\/pages\/29698\/revisions\/29699"}],"wp:featuredmedia":[{"embeddable":true,"href":"https:\/\/dari.shop\/de\/wp-json\/wp\/v2\/media\/14952"}],"wp:attachment":[{"href":"https:\/\/dari.shop\/de\/wp-json\/wp\/v2\/media?parent=29698"}],"curies":[{"name":"wp","href":"https:\/\/api.w.org\/{rel}","templated":true}]}}