{"id":29720,"date":"2019-05-13T20:10:03","date_gmt":"2019-05-13T18:10:03","guid":{"rendered":"https:\/\/dari.shop\/ermaessigungen-fuer-maenner\/"},"modified":"2024-01-19T23:29:33","modified_gmt":"2024-01-19T22:29:33","slug":"ermaessigungen-fuer-maenner","status":"publish","type":"page","link":"https:\/\/dari.shop\/de\/ermaessigungen-fuer-maenner\/","title":{"rendered":"Erm\u00e4\u00dfigungen f\u00fcr M\u00e4nner"},"content":{"rendered":"\t<div id=\"gap-925838150\" class=\"gap-element clearfix\" style=\"display:block; height:auto;\">\n\t\t\n<style>\n#gap-925838150 {\n  padding-top: 30px;\n}\n<\/style>\n\t<\/div>\n\t\n<div class=\"row row-box-shadow-3 row-box-shadow-5-hover\"  id=\"row-1217287254\">\n\n\t<div id=\"col-1699783939\" class=\"col medium-4 small-12 large-4\"  >\n\t\t\t\t<div class=\"col-inner\"  >\n\t\t\t\n\t\t\t\n\t<div class=\"img has-hover x md-x lg-x y md-y lg-y\" id=\"image_743776874\">\n\t\t\t\t\t\t\t\t<div class=\"img-inner image-cover dark\" style=\"padding-top:100%;\">\n\t\t\t<img decoding=\"async\" width=\"640\" height=\"640\" src=\"https:\/\/dari.shop\/wp-content\/uploads\/2018\/02\/half-cup-lingerie-thin-temptation-and.jpg_640x640.jpg\" class=\"attachment-large size-large\" alt=\"\" srcset=\"https:\/\/dari.shop\/wp-content\/uploads\/2018\/02\/half-cup-lingerie-thin-temptation-and.jpg_640x640.jpg 640w, https:\/\/dari.shop\/wp-content\/uploads\/2018\/02\/half-cup-lingerie-thin-temptation-and.jpg_640x640-247x247.jpg 247w, https:\/\/dari.shop\/wp-content\/uploads\/2018\/02\/half-cup-lingerie-thin-temptation-and.jpg_640x640-100x100.jpg 100w, https:\/\/dari.shop\/wp-content\/uploads\/2018\/02\/half-cup-lingerie-thin-temptation-and.jpg_640x640-510x510.jpg 510w, https:\/\/dari.shop\/wp-content\/uploads\/2018\/02\/half-cup-lingerie-thin-temptation-and.jpg_640x640-400x400.jpg 400w, https:\/\/dari.shop\/wp-content\/uploads\/2018\/02\/half-cup-lingerie-thin-temptation-and.jpg_640x640-350x350.jpg 350w, https:\/\/dari.shop\/wp-content\/uploads\/2018\/02\/half-cup-lingerie-thin-temptation-and.jpg_640x640-280x280.jpg 280w, https:\/\/dari.shop\/wp-content\/uploads\/2018\/02\/half-cup-lingerie-thin-temptation-and.jpg_640x640-600x600.jpg 600w, https:\/\/dari.shop\/wp-content\/uploads\/2018\/02\/half-cup-lingerie-thin-temptation-and.jpg_640x640-180x180.jpg 180w\" sizes=\"(max-width: 640px) 100vw, 640px\" \/>\t\t\t\t\t\t\n\t\t\t\t\t<\/div>\n\t\t\t\t\t\t\t\t\n<style>\n#image_743776874 {\n  width: 95%;\n}\n<\/style>\n\t<\/div>\n\t\n\t\t<\/div>\n\t\t\t\t\t<\/div>\n\n\t\n\n\t<div id=\"col-1681870248\" class=\"col medium-4 small-12 large-4\"  >\n\t\t\t\t<div class=\"col-inner\"  >\n\t\t\t\n\t\t\t\n\t<div class=\"img has-hover x md-x lg-x y md-y lg-y\" id=\"image_403566812\">\n\t\t\t\t\t\t\t\t<div class=\"img-inner image-cover dark\" style=\"padding-top:100%;\">\n\t\t\t<img decoding=\"async\" width=\"601\" height=\"640\" src=\"https:\/\/dari.shop\/wp-content\/uploads\/2018\/02\/Clothing-wholesale-NY300.jpg_640x640.jpg\" class=\"attachment-large size-large\" alt=\"\" srcset=\"https:\/\/dari.shop\/wp-content\/uploads\/2018\/02\/Clothing-wholesale-NY300.jpg_640x640.jpg 601w, https:\/\/dari.shop\/wp-content\/uploads\/2018\/02\/Clothing-wholesale-NY300.jpg_640x640-247x263.jpg 247w, https:\/\/dari.shop\/wp-content\/uploads\/2018\/02\/Clothing-wholesale-NY300.jpg_640x640-510x543.jpg 510w, https:\/\/dari.shop\/wp-content\/uploads\/2018\/02\/Clothing-wholesale-NY300.jpg_640x640-376x400.jpg 376w, https:\/\/dari.shop\/wp-content\/uploads\/2018\/02\/Clothing-wholesale-NY300.jpg_640x640-350x373.jpg 350w, https:\/\/dari.shop\/wp-content\/uploads\/2018\/02\/Clothing-wholesale-NY300.jpg_640x640-600x639.jpg 600w\" sizes=\"(max-width: 601px) 100vw, 601px\" \/>\t\t\t\t\t\t\n\t\t\t\t\t<\/div>\n\t\t\t\t\t\t\t\t\n<style>\n#image_403566812 {\n  width: 95%;\n}\n<\/style>\n\t<\/div>\n\t\n\t\t<\/div>\n\t\t\t\t\t<\/div>\n\n\t\n\n\t<div id=\"col-910948001\" class=\"col medium-4 small-12 large-4\"  >\n\t\t\t\t<div class=\"col-inner\"  >\n\t\t\t\n\t\t\t\n\t<div class=\"img has-hover x md-x lg-x y md-y lg-y\" id=\"image_1316488306\">\n\t\t\t\t\t\t\t\t<div class=\"img-inner image-cover dark\" style=\"padding-top:100%;\">\n\t\t\t<img decoding=\"async\" width=\"364\" height=\"384\" src=\"https:\/\/dari.shop\/wp-content\/uploads\/2018\/02\/slips-dress-M-XL-XXL-Free.jpg_640x640.jpg\" class=\"attachment-large size-large\" alt=\"\" srcset=\"https:\/\/dari.shop\/wp-content\/uploads\/2018\/02\/slips-dress-M-XL-XXL-Free.jpg_640x640.jpg 364w, https:\/\/dari.shop\/wp-content\/uploads\/2018\/02\/slips-dress-M-XL-XXL-Free.jpg_640x640-247x261.jpg 247w, https:\/\/dari.shop\/wp-content\/uploads\/2018\/02\/slips-dress-M-XL-XXL-Free.jpg_640x640-350x369.jpg 350w\" sizes=\"(max-width: 364px) 100vw, 364px\" \/>\t\t\t\t\t\t\n\t\t\t\t\t<\/div>\n\t\t\t\t\t\t\t\t\n<style>\n#image_1316488306 {\n  width: 95%;\n}\n<\/style>\n\t<\/div>\n\t\n\t\t<\/div>\n\t\t\t\t\t<\/div>\n\n\t\n<\/div>\n<div class=\"woocommerce columns-4 \"><\/div>\n","protected":false},"excerpt":{"rendered":"","protected":false},"author":1,"featured_media":29712,"parent":0,"menu_order":0,"comment_status":"closed","ping_status":"closed","template":"page-blank.php","meta":{"footnotes":""},"class_list":["post-29720","page","type-page","status-publish","has-post-thumbnail","hentry"],"yoast_head":"<!-- This site is optimized with the Yoast SEO Premium plugin v22.7 (Yoast SEO v27.4) - https:\/\/yoast.com\/product\/yoast-seo-premium-wordpress\/ -->\n<title>Exklusive Rabatte f\u00fcr Herren \u2013 Erschwingliche Mode und Accessoires &#8902; DARI.Shop &#8902;<\/title>\n<meta name=\"description\" content=\"Entdecken Sie unschlagbare Angebote in unserer Kategorie \u201eRabatte f\u00fcr M\u00e4nner\u201c bei &#8902; Dari.shop &#8902; Kaufen Sie jetzt und genie\u00dfen Sie das Beste an Erschwinglichkeit und Stil!\" \/>\n<meta name=\"robots\" content=\"index, follow, max-snippet:-1, max-image-preview:large, max-video-preview:-1\" \/>\n<link rel=\"canonical\" href=\"https:\/\/dari.shop\/de\/ermaessigungen-fuer-maenner\/\" \/>\n<meta property=\"og:locale\" content=\"de_DE\" \/>\n<meta property=\"og:type\" content=\"article\" \/>\n<meta property=\"og:title\" content=\"Erm\u00e4\u00dfigungen f\u00fcr M\u00e4nner\" \/>\n<meta property=\"og:description\" content=\"Entdecken Sie unschlagbare Angebote in unserer Kategorie \u201eRabatte f\u00fcr M\u00e4nner\u201c bei &#8902; Dari.shop &#8902; Kaufen Sie jetzt und genie\u00dfen Sie das Beste an Erschwinglichkeit und Stil!\" \/>\n<meta property=\"og:url\" content=\"https:\/\/dari.shop\/de\/ermaessigungen-fuer-maenner\/\" \/>\n<meta property=\"og:site_name\" content=\"DARI.Shop\" \/>\n<meta property=\"article:modified_time\" content=\"2024-01-19T22:29:33+00:00\" \/>\n<meta property=\"og:image\" content=\"https:\/\/dari.shop\/wp-content\/uploads\/2024\/01\/Mens-Discount-Deals-at-Dari.shop_.png\" \/>\n\t<meta property=\"og:image:width\" content=\"1024\" \/>\n\t<meta property=\"og:image:height\" content=\"1024\" \/>\n\t<meta property=\"og:image:type\" content=\"image\/png\" \/>\n<meta name=\"twitter:card\" content=\"summary_large_image\" \/>\n<script type=\"application\/ld+json\" class=\"yoast-schema-graph\">{\"@context\":\"https:\\\/\\\/schema.org\",\"@graph\":[{\"@type\":\"WebPage\",\"@id\":\"https:\\\/\\\/dari.shop\\\/de\\\/ermaessigungen-fuer-maenner\\\/\",\"url\":\"https:\\\/\\\/dari.shop\\\/de\\\/ermaessigungen-fuer-maenner\\\/\",\"name\":\"Exklusive Rabatte f\u00fcr Herren \u2013 Erschwingliche Mode und Accessoires &#8902; DARI.Shop &#8902;\",\"isPartOf\":{\"@id\":\"https:\\\/\\\/dari.shop\\\/#website\"},\"primaryImageOfPage\":{\"@id\":\"https:\\\/\\\/dari.shop\\\/de\\\/ermaessigungen-fuer-maenner\\\/#primaryimage\"},\"image\":{\"@id\":\"https:\\\/\\\/dari.shop\\\/de\\\/ermaessigungen-fuer-maenner\\\/#primaryimage\"},\"thumbnailUrl\":\"https:\\\/\\\/dari.shop\\\/wp-content\\\/uploads\\\/2024\\\/01\\\/Mens-Discount-Deals-at-Dari.shop_.png\",\"datePublished\":\"2019-05-13T18:10:03+00:00\",\"dateModified\":\"2024-01-19T22:29:33+00:00\",\"description\":\"Entdecken Sie unschlagbare Angebote in unserer Kategorie \u201eRabatte f\u00fcr M\u00e4nner\u201c bei &#8902; Dari.shop &#8902; Kaufen Sie jetzt und genie\u00dfen Sie das Beste an Erschwinglichkeit und Stil!\",\"breadcrumb\":{\"@id\":\"https:\\\/\\\/dari.shop\\\/de\\\/ermaessigungen-fuer-maenner\\\/#breadcrumb\"},\"inLanguage\":\"de\",\"potentialAction\":[{\"@type\":\"ReadAction\",\"target\":[\"https:\\\/\\\/dari.shop\\\/de\\\/ermaessigungen-fuer-maenner\\\/\"]}]},{\"@type\":\"ImageObject\",\"inLanguage\":\"de\",\"@id\":\"https:\\\/\\\/dari.shop\\\/de\\\/ermaessigungen-fuer-maenner\\\/#primaryimage\",\"url\":\"https:\\\/\\\/dari.shop\\\/wp-content\\\/uploads\\\/2024\\\/01\\\/Mens-Discount-Deals-at-Dari.shop_.png\",\"contentUrl\":\"https:\\\/\\\/dari.shop\\\/wp-content\\\/uploads\\\/2024\\\/01\\\/Mens-Discount-Deals-at-Dari.shop_.png\",\"width\":1024,\"height\":1024,\"caption\":\"Explore Top Deals in Our Men's Discount Category - Fashion, Accessories, and More!\"},{\"@type\":\"BreadcrumbList\",\"@id\":\"https:\\\/\\\/dari.shop\\\/de\\\/ermaessigungen-fuer-maenner\\\/#breadcrumb\",\"itemListElement\":[{\"@type\":\"ListItem\",\"position\":1,\"name\":\"Homepage\",\"item\":\"https:\\\/\\\/dari.shop\\\/de\\\/inspiration\\\/\"},{\"@type\":\"ListItem\",\"position\":2,\"name\":\"Erm\u00e4\u00dfigungen f\u00fcr M\u00e4nner\"}]},{\"@type\":\"WebSite\",\"@id\":\"https:\\\/\\\/dari.shop\\\/#website\",\"url\":\"https:\\\/\\\/dari.shop\\\/\",\"name\":\"DARI.Shop\",\"description\":\"DARI.Shop. It starts with curiosity...\",\"publisher\":{\"@id\":\"https:\\\/\\\/dari.shop\\\/#organization\"},\"alternateName\":\"Dari Fashion Hub\",\"potentialAction\":[{\"@type\":\"SearchAction\",\"target\":{\"@type\":\"EntryPoint\",\"urlTemplate\":\"https:\\\/\\\/dari.shop\\\/?s={search_term_string}\"},\"query-input\":{\"@type\":\"PropertyValueSpecification\",\"valueRequired\":true,\"valueName\":\"search_term_string\"}}],\"inLanguage\":\"de\"},{\"@type\":\"Organization\",\"@id\":\"https:\\\/\\\/dari.shop\\\/#organization\",\"name\":\"DARI.Shop\",\"alternateName\":\"Dari Fashion Hub\",\"url\":\"https:\\\/\\\/dari.shop\\\/\",\"logo\":{\"@type\":\"ImageObject\",\"inLanguage\":\"de\",\"@id\":\"https:\\\/\\\/dari.shop\\\/#\\\/schema\\\/logo\\\/image\\\/\",\"url\":\"https:\\\/\\\/dari.shop\\\/wp-content\\\/uploads\\\/2018\\\/01\\\/logo-dari.shop_-1.gif\",\"contentUrl\":\"https:\\\/\\\/dari.shop\\\/wp-content\\\/uploads\\\/2018\\\/01\\\/logo-dari.shop_-1.gif\",\"width\":458,\"height\":107,\"caption\":\"DARI.Shop\"},\"image\":{\"@id\":\"https:\\\/\\\/dari.shop\\\/#\\\/schema\\\/logo\\\/image\\\/\"}}]}<\/script>\n<!-- \/ Yoast SEO Premium plugin. -->","yoast_head_json":{"title":"Exklusive Rabatte f\u00fcr Herren \u2013 Erschwingliche Mode und Accessoires &#8902; DARI.Shop &#8902;","description":"Entdecken Sie unschlagbare Angebote in unserer Kategorie \u201eRabatte f\u00fcr M\u00e4nner\u201c bei &#8902; Dari.shop &#8902; Kaufen Sie jetzt und genie\u00dfen Sie das Beste an Erschwinglichkeit und Stil!","robots":{"index":"index","follow":"follow","max-snippet":"max-snippet:-1","max-image-preview":"max-image-preview:large","max-video-preview":"max-video-preview:-1"},"canonical":"https:\/\/dari.shop\/de\/ermaessigungen-fuer-maenner\/","og_locale":"de_DE","og_type":"article","og_title":"Erm\u00e4\u00dfigungen f\u00fcr M\u00e4nner","og_description":"Entdecken Sie unschlagbare Angebote in unserer Kategorie \u201eRabatte f\u00fcr M\u00e4nner\u201c bei &#8902; Dari.shop &#8902; Kaufen Sie jetzt und genie\u00dfen Sie das Beste an Erschwinglichkeit und Stil!","og_url":"https:\/\/dari.shop\/de\/ermaessigungen-fuer-maenner\/","og_site_name":"DARI.Shop","article_modified_time":"2024-01-19T22:29:33+00:00","og_image":[{"width":1024,"height":1024,"url":"https:\/\/dari.shop\/wp-content\/uploads\/2024\/01\/Mens-Discount-Deals-at-Dari.shop_.png","type":"image\/png"}],"twitter_card":"summary_large_image","schema":{"@context":"https:\/\/schema.org","@graph":[{"@type":"WebPage","@id":"https:\/\/dari.shop\/de\/ermaessigungen-fuer-maenner\/","url":"https:\/\/dari.shop\/de\/ermaessigungen-fuer-maenner\/","name":"Exklusive Rabatte f\u00fcr Herren \u2013 Erschwingliche Mode und Accessoires &#8902; DARI.Shop &#8902;","isPartOf":{"@id":"https:\/\/dari.shop\/#website"},"primaryImageOfPage":{"@id":"https:\/\/dari.shop\/de\/ermaessigungen-fuer-maenner\/#primaryimage"},"image":{"@id":"https:\/\/dari.shop\/de\/ermaessigungen-fuer-maenner\/#primaryimage"},"thumbnailUrl":"https:\/\/dari.shop\/wp-content\/uploads\/2024\/01\/Mens-Discount-Deals-at-Dari.shop_.png","datePublished":"2019-05-13T18:10:03+00:00","dateModified":"2024-01-19T22:29:33+00:00","description":"Entdecken Sie unschlagbare Angebote in unserer Kategorie \u201eRabatte f\u00fcr M\u00e4nner\u201c bei &#8902; Dari.shop &#8902; Kaufen Sie jetzt und genie\u00dfen Sie das Beste an Erschwinglichkeit und Stil!","breadcrumb":{"@id":"https:\/\/dari.shop\/de\/ermaessigungen-fuer-maenner\/#breadcrumb"},"inLanguage":"de","potentialAction":[{"@type":"ReadAction","target":["https:\/\/dari.shop\/de\/ermaessigungen-fuer-maenner\/"]}]},{"@type":"ImageObject","inLanguage":"de","@id":"https:\/\/dari.shop\/de\/ermaessigungen-fuer-maenner\/#primaryimage","url":"https:\/\/dari.shop\/wp-content\/uploads\/2024\/01\/Mens-Discount-Deals-at-Dari.shop_.png","contentUrl":"https:\/\/dari.shop\/wp-content\/uploads\/2024\/01\/Mens-Discount-Deals-at-Dari.shop_.png","width":1024,"height":1024,"caption":"Explore Top Deals in Our Men's Discount Category - Fashion, Accessories, and More!"},{"@type":"BreadcrumbList","@id":"https:\/\/dari.shop\/de\/ermaessigungen-fuer-maenner\/#breadcrumb","itemListElement":[{"@type":"ListItem","position":1,"name":"Homepage","item":"https:\/\/dari.shop\/de\/inspiration\/"},{"@type":"ListItem","position":2,"name":"Erm\u00e4\u00dfigungen f\u00fcr M\u00e4nner"}]},{"@type":"WebSite","@id":"https:\/\/dari.shop\/#website","url":"https:\/\/dari.shop\/","name":"DARI.Shop","description":"DARI.Shop. It starts with curiosity...","publisher":{"@id":"https:\/\/dari.shop\/#organization"},"alternateName":"Dari Fashion Hub","potentialAction":[{"@type":"SearchAction","target":{"@type":"EntryPoint","urlTemplate":"https:\/\/dari.shop\/?s={search_term_string}"},"query-input":{"@type":"PropertyValueSpecification","valueRequired":true,"valueName":"search_term_string"}}],"inLanguage":"de"},{"@type":"Organization","@id":"https:\/\/dari.shop\/#organization","name":"DARI.Shop","alternateName":"Dari Fashion Hub","url":"https:\/\/dari.shop\/","logo":{"@type":"ImageObject","inLanguage":"de","@id":"https:\/\/dari.shop\/#\/schema\/logo\/image\/","url":"https:\/\/dari.shop\/wp-content\/uploads\/2018\/01\/logo-dari.shop_-1.gif","contentUrl":"https:\/\/dari.shop\/wp-content\/uploads\/2018\/01\/logo-dari.shop_-1.gif","width":458,"height":107,"caption":"DARI.Shop"},"image":{"@id":"https:\/\/dari.shop\/#\/schema\/logo\/image\/"}}]}},"_links":{"self":[{"href":"https:\/\/dari.shop\/de\/wp-json\/wp\/v2\/pages\/29720","targetHints":{"allow":["GET"]}}],"collection":[{"href":"https:\/\/dari.shop\/de\/wp-json\/wp\/v2\/pages"}],"about":[{"href":"https:\/\/dari.shop\/de\/wp-json\/wp\/v2\/types\/page"}],"author":[{"embeddable":true,"href":"https:\/\/dari.shop\/de\/wp-json\/wp\/v2\/users\/1"}],"replies":[{"embeddable":true,"href":"https:\/\/dari.shop\/de\/wp-json\/wp\/v2\/comments?post=29720"}],"version-history":[{"count":2,"href":"https:\/\/dari.shop\/de\/wp-json\/wp\/v2\/pages\/29720\/revisions"}],"predecessor-version":[{"id":29722,"href":"https:\/\/dari.shop\/de\/wp-json\/wp\/v2\/pages\/29720\/revisions\/29722"}],"wp:featuredmedia":[{"embeddable":true,"href":"https:\/\/dari.shop\/de\/wp-json\/wp\/v2\/media\/29712"}],"wp:attachment":[{"href":"https:\/\/dari.shop\/de\/wp-json\/wp\/v2\/media?parent=29720"}],"curies":[{"name":"wp","href":"https:\/\/api.w.org\/{rel}","templated":true}]}}