{"id":29741,"date":"2019-05-13T20:18:34","date_gmt":"2019-05-13T18:18:34","guid":{"rendered":"https:\/\/dari.shop\/ermaessigungen-fuer-frauen\/"},"modified":"2024-01-19T23:51:43","modified_gmt":"2024-01-19T22:51:43","slug":"ermaessigungen-fuer-frauen","status":"publish","type":"page","link":"https:\/\/dari.shop\/de\/ermaessigungen-fuer-frauen\/","title":{"rendered":"Erm\u00e4\u00dfigungen f\u00fcr Frauen"},"content":{"rendered":"\t<div id=\"gap-1222087125\" class=\"gap-element clearfix\" style=\"display:block; height:auto;\">\n\t\t\n<style>\n#gap-1222087125 {\n  padding-top: 30px;\n}\n<\/style>\n\t<\/div>\n\t\n<div class=\"row row-box-shadow-3 row-box-shadow-5-hover\"  id=\"row-146447604\">\n\n\t<div id=\"col-1251990424\" class=\"col medium-4 small-12 large-4\"  >\n\t\t\t\t<div class=\"col-inner\"  >\n\t\t\t\n\t\t\t\n\t<div class=\"img has-hover x md-x lg-x y md-y lg-y\" id=\"image_634917460\">\n\t\t\t\t\t\t\t\t<div class=\"img-inner image-cover dark\" style=\"padding-top:100%;\">\n\t\t\t<img decoding=\"async\" width=\"640\" height=\"640\" src=\"https:\/\/dari.shop\/wp-content\/uploads\/2018\/02\/half-cup-lingerie-thin-temptation-and.jpg_640x640.jpg\" class=\"attachment-large size-large\" alt=\"\" srcset=\"https:\/\/dari.shop\/wp-content\/uploads\/2018\/02\/half-cup-lingerie-thin-temptation-and.jpg_640x640.jpg 640w, https:\/\/dari.shop\/wp-content\/uploads\/2018\/02\/half-cup-lingerie-thin-temptation-and.jpg_640x640-247x247.jpg 247w, https:\/\/dari.shop\/wp-content\/uploads\/2018\/02\/half-cup-lingerie-thin-temptation-and.jpg_640x640-100x100.jpg 100w, https:\/\/dari.shop\/wp-content\/uploads\/2018\/02\/half-cup-lingerie-thin-temptation-and.jpg_640x640-510x510.jpg 510w, https:\/\/dari.shop\/wp-content\/uploads\/2018\/02\/half-cup-lingerie-thin-temptation-and.jpg_640x640-400x400.jpg 400w, https:\/\/dari.shop\/wp-content\/uploads\/2018\/02\/half-cup-lingerie-thin-temptation-and.jpg_640x640-350x350.jpg 350w, https:\/\/dari.shop\/wp-content\/uploads\/2018\/02\/half-cup-lingerie-thin-temptation-and.jpg_640x640-280x280.jpg 280w, https:\/\/dari.shop\/wp-content\/uploads\/2018\/02\/half-cup-lingerie-thin-temptation-and.jpg_640x640-600x600.jpg 600w, https:\/\/dari.shop\/wp-content\/uploads\/2018\/02\/half-cup-lingerie-thin-temptation-and.jpg_640x640-180x180.jpg 180w\" sizes=\"(max-width: 640px) 100vw, 640px\" \/>\t\t\t\t\t\t\n\t\t\t\t\t<\/div>\n\t\t\t\t\t\t\t\t\n<style>\n#image_634917460 {\n  width: 95%;\n}\n<\/style>\n\t<\/div>\n\t\n\t\t<\/div>\n\t\t\t\t\t<\/div>\n\n\t\n\n\t<div id=\"col-983708779\" class=\"col medium-4 small-12 large-4\"  >\n\t\t\t\t<div class=\"col-inner\"  >\n\t\t\t\n\t\t\t\n\t<div class=\"img has-hover x md-x lg-x y md-y lg-y\" id=\"image_727472449\">\n\t\t\t\t\t\t\t\t<div class=\"img-inner image-cover dark\" style=\"padding-top:100%;\">\n\t\t\t<img decoding=\"async\" width=\"601\" height=\"640\" src=\"https:\/\/dari.shop\/wp-content\/uploads\/2018\/02\/Clothing-wholesale-NY300.jpg_640x640.jpg\" class=\"attachment-large size-large\" alt=\"\" srcset=\"https:\/\/dari.shop\/wp-content\/uploads\/2018\/02\/Clothing-wholesale-NY300.jpg_640x640.jpg 601w, https:\/\/dari.shop\/wp-content\/uploads\/2018\/02\/Clothing-wholesale-NY300.jpg_640x640-247x263.jpg 247w, https:\/\/dari.shop\/wp-content\/uploads\/2018\/02\/Clothing-wholesale-NY300.jpg_640x640-510x543.jpg 510w, https:\/\/dari.shop\/wp-content\/uploads\/2018\/02\/Clothing-wholesale-NY300.jpg_640x640-376x400.jpg 376w, https:\/\/dari.shop\/wp-content\/uploads\/2018\/02\/Clothing-wholesale-NY300.jpg_640x640-350x373.jpg 350w, https:\/\/dari.shop\/wp-content\/uploads\/2018\/02\/Clothing-wholesale-NY300.jpg_640x640-600x639.jpg 600w\" sizes=\"(max-width: 601px) 100vw, 601px\" \/>\t\t\t\t\t\t\n\t\t\t\t\t<\/div>\n\t\t\t\t\t\t\t\t\n<style>\n#image_727472449 {\n  width: 95%;\n}\n<\/style>\n\t<\/div>\n\t\n\t\t<\/div>\n\t\t\t\t\t<\/div>\n\n\t\n\n\t<div id=\"col-739539600\" class=\"col medium-4 small-12 large-4\"  >\n\t\t\t\t<div class=\"col-inner\"  >\n\t\t\t\n\t\t\t\n\t<div class=\"img has-hover x md-x lg-x y md-y lg-y\" id=\"image_842313765\">\n\t\t\t\t\t\t\t\t<div class=\"img-inner image-cover dark\" style=\"padding-top:100%;\">\n\t\t\t<img decoding=\"async\" width=\"364\" height=\"384\" src=\"https:\/\/dari.shop\/wp-content\/uploads\/2018\/02\/slips-dress-M-XL-XXL-Free.jpg_640x640.jpg\" class=\"attachment-large size-large\" alt=\"\" srcset=\"https:\/\/dari.shop\/wp-content\/uploads\/2018\/02\/slips-dress-M-XL-XXL-Free.jpg_640x640.jpg 364w, https:\/\/dari.shop\/wp-content\/uploads\/2018\/02\/slips-dress-M-XL-XXL-Free.jpg_640x640-247x261.jpg 247w, https:\/\/dari.shop\/wp-content\/uploads\/2018\/02\/slips-dress-M-XL-XXL-Free.jpg_640x640-350x369.jpg 350w\" sizes=\"(max-width: 364px) 100vw, 364px\" \/>\t\t\t\t\t\t\n\t\t\t\t\t<\/div>\n\t\t\t\t\t\t\t\t\n<style>\n#image_842313765 {\n  width: 95%;\n}\n<\/style>\n\t<\/div>\n\t\n\t\t<\/div>\n\t\t\t\t\t<\/div>\n\n\t\n<\/div>\n<div class=\"woocommerce columns-4 \"><div class=\"products row row-small large-columns-4 medium-columns-3 small-columns-2 has-shadow row-box-shadow-1 row-box-shadow-2-hover has-equal-box-heights equalize-box\">\n<div class=\"product-small col has-hover product type-product post-34316 status-publish first instock product_cat-women-clothing product_cat-women-clothing-tracksuits product_cat-woman product_cat-women product_cat-womens-clothing product_cat-womens-sets-and-costumes product_tag-baldinini-trend product_tag-clothing product_tag-fashion product_tag-pink product_tag-spring-summer product_tag-tracksuits product_tag-women-2 has-post-thumbnail sale shipping-taxable purchasable product-type-variable\">\n\t<div class=\"col-inner\">\n\t\n<div class=\"badge-container absolute left top z-1\">\n<div class=\"callout badge badge-circle\"><div class=\"badge-inner secondary on-sale\"><span class=\"onsale\">-39%<\/span><\/div><\/div>\n<\/div>\n\t<div class=\"product-small box \">\n\t\t<div class=\"box-image\">\n\t\t\t<div class=\"image-fade_in_back\">\n\t\t\t\t<a href=\"https:\/\/dari.shop\/marketplace\/women\/women-clothing\/women-clothing-tracksuits\/baldinini-trend-98147898_mantova_rosapink\/\">\n\t\t\t\t\t<img decoding=\"async\" width=\"500\" height=\"625\" src=\"https:\/\/dari.shop\/wp-content\/uploads\/2025\/09\/60341210-ec53-11ee-acf4-9f2a79d415cd-500x625.jpg\" class=\"attachment-woocommerce_thumbnail size-woocommerce_thumbnail\" alt=\"Baldinini Trend Mantova women&#039;s cotton tracksuit in Rosa Pink\" \/><img decoding=\"async\" width=\"500\" height=\"625\" src=\"https:\/\/dari.shop\/wp-content\/uploads\/2025\/09\/68f37350-ec53-11ee-acf4-9f2a79d415cd-500x625.jpg\" class=\"show-on-hover absolute fill hide-for-small back-image\" alt=\"Mantova Cotton Tracksuit - Rosa Pink\" aria-hidden=\"true\" \/>\t\t\t\t<\/a>\n\t\t\t<\/div>\n\t\t\t<div class=\"image-tools is-small top right show-on-hover\">\n\t\t\t\t\t\t<div class=\"wishlist-icon\">\n\t\t\t<button class=\"wishlist-button button is-outline circle icon\" aria-label=\"Wunschliste\">\n\t\t\t\t<i class=\"icon-heart-o\" aria-hidden=\"true\"><\/i>\t\t\t<\/button>\n\t\t\t<div class=\"wishlist-popup dark\">\n\t\t\t\t\n<div\n\tclass=\"yith-wcwl-add-to-wishlist add-to-wishlist-34316  wishlist-fragment on-first-load\"\n\tdata-fragment-ref=\"34316\"\n\tdata-fragment-options=\"{&quot;base_url&quot;:&quot;&quot;,&quot;in_default_wishlist&quot;:false,&quot;is_single&quot;:false,&quot;show_exists&quot;:true,&quot;product_id&quot;:34316,&quot;parent_product_id&quot;:34316,&quot;product_type&quot;:&quot;variable&quot;,&quot;show_view&quot;:false,&quot;browse_wishlist_text&quot;:&quot;View Wish List&quot;,&quot;already_in_wishslist_text&quot;:&quot;The product is already in your wishlist!&quot;,&quot;product_added_text&quot;:&quot;This product has been added to your wish list!&quot;,&quot;heading_icon&quot;:&quot;fa-heart&quot;,&quot;available_multi_wishlist&quot;:false,&quot;disable_wishlist&quot;:false,&quot;show_count&quot;:false,&quot;ajax_loading&quot;:false,&quot;loop_position&quot;:&quot;after_add_to_cart&quot;,&quot;product_image&quot;:&quot;&quot;,&quot;label_popup&quot;:&quot;Add to wishlist&quot;,&quot;add_to_wishlist_modal&quot;:&quot;default&quot;,&quot;item&quot;:&quot;add_to_wishlist&quot;}\"\n>\n\t<\/div>\n\t\t\t<\/div>\n\t\t<\/div>\n\t\t\t\t\t<\/div>\n\t\t\t<div class=\"image-tools is-small hide-for-small bottom left show-on-hover\">\n\t\t\t\t\t\t\t<\/div>\n\t\t\t<div class=\"image-tools grid-tools text-center hide-for-small bottom hover-slide-in show-on-hover\">\n\t\t\t\t\t\t\t<\/div>\n\t\t\t\t\t<\/div>\n\n\t\t<div class=\"box-text box-text-products text-center grid-style-2\">\n\t\t\t<div class=\"title-wrapper\"><p class=\"name product-title woocommerce-loop-product__title\"><a href=\"https:\/\/dari.shop\/marketplace\/women\/women-clothing\/women-clothing-tracksuits\/baldinini-trend-98147898_mantova_rosapink\/\" class=\"woocommerce-LoopProduct-link woocommerce-loop-product__link\">Baldinini Trend Women&#8217;s Cotton Tracksuit Mantova &#8211; Rosa Pink<\/a><\/p><\/div><div class=\"price-wrapper\">\n\t<span class=\"price\"><del aria-hidden=\"true\"><span class=\"woocommerce-Price-amount amount\"><bdi>360,00&nbsp;<span class=\"woocommerce-Price-currencySymbol\">&euro;<\/span><\/bdi><\/span><\/del> <span class=\"screen-reader-text\">Urspr\u00fcnglicher Preis war: 360,00&nbsp;&euro;<\/span><ins aria-hidden=\"true\"><span class=\"woocommerce-Price-amount amount\"><bdi>220,15&nbsp;<span class=\"woocommerce-Price-currencySymbol\">&euro;<\/span><\/bdi><\/span><\/ins><span class=\"screen-reader-text\">Aktueller Preis ist: 220,15&nbsp;&euro;.<\/span><\/span>\n<\/div>\t\t<\/div>\n\t<\/div>\n\t\t<\/div>\n<\/div><\/div><!-- row -->\n<\/div>\n","protected":false},"excerpt":{"rendered":"","protected":false},"author":1,"featured_media":22457,"parent":0,"menu_order":0,"comment_status":"closed","ping_status":"closed","template":"page-blank.php","meta":{"footnotes":""},"class_list":["post-29741","page","type-page","status-publish","has-post-thumbnail","hentry"],"yoast_head":"<!-- This site is optimized with the Yoast SEO Premium plugin v22.7 (Yoast SEO v27.4) - https:\/\/yoast.com\/product\/yoast-seo-premium-wordpress\/ -->\n<title>Stilvolle Rabatte f\u00fcr Damen \u2013 Mode, Accessoires und mehr &#8902; DARI.Shop &#8902;<\/title>\n<meta name=\"description\" content=\"G\u00f6nnen Sie sich den Luxus des Erschwinglichen mit Dari.shop&#039;s Kategorie &#039;Rabatte f\u00fcr Frauen&#039;; Entdecken Sie eine Fundgrube an reduzierten Damenartikeln, wo Eleganz auf g\u00fcnstige Preise trifft; &#8902; DARI.Shop &#8902;\" \/>\n<meta name=\"robots\" content=\"index, follow, max-snippet:-1, max-image-preview:large, max-video-preview:-1\" \/>\n<link rel=\"canonical\" href=\"https:\/\/dari.shop\/de\/ermaessigungen-fuer-frauen\/\" \/>\n<meta property=\"og:locale\" content=\"de_DE\" \/>\n<meta property=\"og:type\" content=\"article\" \/>\n<meta property=\"og:title\" content=\"Erm\u00e4\u00dfigungen f\u00fcr Frauen\" \/>\n<meta property=\"og:description\" content=\"G\u00f6nnen Sie sich den Luxus des Erschwinglichen mit Dari.shop&#039;s Kategorie &#039;Rabatte f\u00fcr Frauen&#039;; Entdecken Sie eine Fundgrube an reduzierten Damenartikeln, wo Eleganz auf g\u00fcnstige Preise trifft; &#8902; DARI.Shop &#8902;\" \/>\n<meta property=\"og:url\" content=\"https:\/\/dari.shop\/de\/ermaessigungen-fuer-frauen\/\" \/>\n<meta property=\"og:site_name\" content=\"DARI.Shop\" \/>\n<meta property=\"article:modified_time\" content=\"2024-01-19T22:51:43+00:00\" \/>\n<meta property=\"og:image\" content=\"https:\/\/dari.shop\/wp-content\/uploads\/2021\/12\/sales.jpg\" \/>\n\t<meta property=\"og:image:width\" content=\"600\" \/>\n\t<meta property=\"og:image:height\" content=\"900\" \/>\n\t<meta property=\"og:image:type\" content=\"image\/jpeg\" \/>\n<meta name=\"twitter:card\" content=\"summary_large_image\" \/>\n<script type=\"application\/ld+json\" class=\"yoast-schema-graph\">{\"@context\":\"https:\\\/\\\/schema.org\",\"@graph\":[{\"@type\":\"WebPage\",\"@id\":\"https:\\\/\\\/dari.shop\\\/de\\\/ermaessigungen-fuer-frauen\\\/\",\"url\":\"https:\\\/\\\/dari.shop\\\/de\\\/ermaessigungen-fuer-frauen\\\/\",\"name\":\"Stilvolle Rabatte f\u00fcr Damen \u2013 Mode, Accessoires und mehr &#8902; DARI.Shop &#8902;\",\"isPartOf\":{\"@id\":\"https:\\\/\\\/dari.shop\\\/#website\"},\"primaryImageOfPage\":{\"@id\":\"https:\\\/\\\/dari.shop\\\/de\\\/ermaessigungen-fuer-frauen\\\/#primaryimage\"},\"image\":{\"@id\":\"https:\\\/\\\/dari.shop\\\/de\\\/ermaessigungen-fuer-frauen\\\/#primaryimage\"},\"thumbnailUrl\":\"https:\\\/\\\/dari.shop\\\/wp-content\\\/uploads\\\/2021\\\/12\\\/sales.jpg\",\"datePublished\":\"2019-05-13T18:18:34+00:00\",\"dateModified\":\"2024-01-19T22:51:43+00:00\",\"description\":\"G\u00f6nnen Sie sich den Luxus des Erschwinglichen mit Dari.shop's Kategorie 'Rabatte f\u00fcr Frauen'; Entdecken Sie eine Fundgrube an reduzierten Damenartikeln, wo Eleganz auf g\u00fcnstige Preise trifft; &#8902; DARI.Shop &#8902;\",\"breadcrumb\":{\"@id\":\"https:\\\/\\\/dari.shop\\\/de\\\/ermaessigungen-fuer-frauen\\\/#breadcrumb\"},\"inLanguage\":\"de\",\"potentialAction\":[{\"@type\":\"ReadAction\",\"target\":[\"https:\\\/\\\/dari.shop\\\/de\\\/ermaessigungen-fuer-frauen\\\/\"]}]},{\"@type\":\"ImageObject\",\"inLanguage\":\"de\",\"@id\":\"https:\\\/\\\/dari.shop\\\/de\\\/ermaessigungen-fuer-frauen\\\/#primaryimage\",\"url\":\"https:\\\/\\\/dari.shop\\\/wp-content\\\/uploads\\\/2021\\\/12\\\/sales.jpg\",\"contentUrl\":\"https:\\\/\\\/dari.shop\\\/wp-content\\\/uploads\\\/2021\\\/12\\\/sales.jpg\",\"width\":600,\"height\":900,\"caption\":\"Z\u013eavy pre \u017deny\"},{\"@type\":\"BreadcrumbList\",\"@id\":\"https:\\\/\\\/dari.shop\\\/de\\\/ermaessigungen-fuer-frauen\\\/#breadcrumb\",\"itemListElement\":[{\"@type\":\"ListItem\",\"position\":1,\"name\":\"Homepage\",\"item\":\"https:\\\/\\\/dari.shop\\\/de\\\/inspiration\\\/\"},{\"@type\":\"ListItem\",\"position\":2,\"name\":\"Erm\u00e4\u00dfigungen f\u00fcr Frauen\"}]},{\"@type\":\"WebSite\",\"@id\":\"https:\\\/\\\/dari.shop\\\/#website\",\"url\":\"https:\\\/\\\/dari.shop\\\/\",\"name\":\"DARI.Shop\",\"description\":\"DARI.Shop. It starts with curiosity...\",\"publisher\":{\"@id\":\"https:\\\/\\\/dari.shop\\\/#organization\"},\"alternateName\":\"Dari Fashion Hub\",\"potentialAction\":[{\"@type\":\"SearchAction\",\"target\":{\"@type\":\"EntryPoint\",\"urlTemplate\":\"https:\\\/\\\/dari.shop\\\/?s={search_term_string}\"},\"query-input\":{\"@type\":\"PropertyValueSpecification\",\"valueRequired\":true,\"valueName\":\"search_term_string\"}}],\"inLanguage\":\"de\"},{\"@type\":\"Organization\",\"@id\":\"https:\\\/\\\/dari.shop\\\/#organization\",\"name\":\"DARI.Shop\",\"alternateName\":\"Dari Fashion Hub\",\"url\":\"https:\\\/\\\/dari.shop\\\/\",\"logo\":{\"@type\":\"ImageObject\",\"inLanguage\":\"de\",\"@id\":\"https:\\\/\\\/dari.shop\\\/#\\\/schema\\\/logo\\\/image\\\/\",\"url\":\"https:\\\/\\\/dari.shop\\\/wp-content\\\/uploads\\\/2018\\\/01\\\/logo-dari.shop_-1.gif\",\"contentUrl\":\"https:\\\/\\\/dari.shop\\\/wp-content\\\/uploads\\\/2018\\\/01\\\/logo-dari.shop_-1.gif\",\"width\":458,\"height\":107,\"caption\":\"DARI.Shop\"},\"image\":{\"@id\":\"https:\\\/\\\/dari.shop\\\/#\\\/schema\\\/logo\\\/image\\\/\"}}]}<\/script>\n<!-- \/ Yoast SEO Premium plugin. -->","yoast_head_json":{"title":"Stilvolle Rabatte f\u00fcr Damen \u2013 Mode, Accessoires und mehr &#8902; DARI.Shop &#8902;","description":"G\u00f6nnen Sie sich den Luxus des Erschwinglichen mit Dari.shop's Kategorie 'Rabatte f\u00fcr Frauen'; Entdecken Sie eine Fundgrube an reduzierten Damenartikeln, wo Eleganz auf g\u00fcnstige Preise trifft; &#8902; DARI.Shop &#8902;","robots":{"index":"index","follow":"follow","max-snippet":"max-snippet:-1","max-image-preview":"max-image-preview:large","max-video-preview":"max-video-preview:-1"},"canonical":"https:\/\/dari.shop\/de\/ermaessigungen-fuer-frauen\/","og_locale":"de_DE","og_type":"article","og_title":"Erm\u00e4\u00dfigungen f\u00fcr Frauen","og_description":"G\u00f6nnen Sie sich den Luxus des Erschwinglichen mit Dari.shop's Kategorie 'Rabatte f\u00fcr Frauen'; Entdecken Sie eine Fundgrube an reduzierten Damenartikeln, wo Eleganz auf g\u00fcnstige Preise trifft; &#8902; DARI.Shop &#8902;","og_url":"https:\/\/dari.shop\/de\/ermaessigungen-fuer-frauen\/","og_site_name":"DARI.Shop","article_modified_time":"2024-01-19T22:51:43+00:00","og_image":[{"width":600,"height":900,"url":"https:\/\/dari.shop\/wp-content\/uploads\/2021\/12\/sales.jpg","type":"image\/jpeg"}],"twitter_card":"summary_large_image","schema":{"@context":"https:\/\/schema.org","@graph":[{"@type":"WebPage","@id":"https:\/\/dari.shop\/de\/ermaessigungen-fuer-frauen\/","url":"https:\/\/dari.shop\/de\/ermaessigungen-fuer-frauen\/","name":"Stilvolle Rabatte f\u00fcr Damen \u2013 Mode, Accessoires und mehr &#8902; DARI.Shop &#8902;","isPartOf":{"@id":"https:\/\/dari.shop\/#website"},"primaryImageOfPage":{"@id":"https:\/\/dari.shop\/de\/ermaessigungen-fuer-frauen\/#primaryimage"},"image":{"@id":"https:\/\/dari.shop\/de\/ermaessigungen-fuer-frauen\/#primaryimage"},"thumbnailUrl":"https:\/\/dari.shop\/wp-content\/uploads\/2021\/12\/sales.jpg","datePublished":"2019-05-13T18:18:34+00:00","dateModified":"2024-01-19T22:51:43+00:00","description":"G\u00f6nnen Sie sich den Luxus des Erschwinglichen mit Dari.shop's Kategorie 'Rabatte f\u00fcr Frauen'; Entdecken Sie eine Fundgrube an reduzierten Damenartikeln, wo Eleganz auf g\u00fcnstige Preise trifft; &#8902; DARI.Shop &#8902;","breadcrumb":{"@id":"https:\/\/dari.shop\/de\/ermaessigungen-fuer-frauen\/#breadcrumb"},"inLanguage":"de","potentialAction":[{"@type":"ReadAction","target":["https:\/\/dari.shop\/de\/ermaessigungen-fuer-frauen\/"]}]},{"@type":"ImageObject","inLanguage":"de","@id":"https:\/\/dari.shop\/de\/ermaessigungen-fuer-frauen\/#primaryimage","url":"https:\/\/dari.shop\/wp-content\/uploads\/2021\/12\/sales.jpg","contentUrl":"https:\/\/dari.shop\/wp-content\/uploads\/2021\/12\/sales.jpg","width":600,"height":900,"caption":"Z\u013eavy pre \u017deny"},{"@type":"BreadcrumbList","@id":"https:\/\/dari.shop\/de\/ermaessigungen-fuer-frauen\/#breadcrumb","itemListElement":[{"@type":"ListItem","position":1,"name":"Homepage","item":"https:\/\/dari.shop\/de\/inspiration\/"},{"@type":"ListItem","position":2,"name":"Erm\u00e4\u00dfigungen f\u00fcr Frauen"}]},{"@type":"WebSite","@id":"https:\/\/dari.shop\/#website","url":"https:\/\/dari.shop\/","name":"DARI.Shop","description":"DARI.Shop. It starts with curiosity...","publisher":{"@id":"https:\/\/dari.shop\/#organization"},"alternateName":"Dari Fashion Hub","potentialAction":[{"@type":"SearchAction","target":{"@type":"EntryPoint","urlTemplate":"https:\/\/dari.shop\/?s={search_term_string}"},"query-input":{"@type":"PropertyValueSpecification","valueRequired":true,"valueName":"search_term_string"}}],"inLanguage":"de"},{"@type":"Organization","@id":"https:\/\/dari.shop\/#organization","name":"DARI.Shop","alternateName":"Dari Fashion Hub","url":"https:\/\/dari.shop\/","logo":{"@type":"ImageObject","inLanguage":"de","@id":"https:\/\/dari.shop\/#\/schema\/logo\/image\/","url":"https:\/\/dari.shop\/wp-content\/uploads\/2018\/01\/logo-dari.shop_-1.gif","contentUrl":"https:\/\/dari.shop\/wp-content\/uploads\/2018\/01\/logo-dari.shop_-1.gif","width":458,"height":107,"caption":"DARI.Shop"},"image":{"@id":"https:\/\/dari.shop\/#\/schema\/logo\/image\/"}}]}},"_links":{"self":[{"href":"https:\/\/dari.shop\/de\/wp-json\/wp\/v2\/pages\/29741","targetHints":{"allow":["GET"]}}],"collection":[{"href":"https:\/\/dari.shop\/de\/wp-json\/wp\/v2\/pages"}],"about":[{"href":"https:\/\/dari.shop\/de\/wp-json\/wp\/v2\/types\/page"}],"author":[{"embeddable":true,"href":"https:\/\/dari.shop\/de\/wp-json\/wp\/v2\/users\/1"}],"replies":[{"embeddable":true,"href":"https:\/\/dari.shop\/de\/wp-json\/wp\/v2\/comments?post=29741"}],"version-history":[{"count":2,"href":"https:\/\/dari.shop\/de\/wp-json\/wp\/v2\/pages\/29741\/revisions"}],"predecessor-version":[{"id":29743,"href":"https:\/\/dari.shop\/de\/wp-json\/wp\/v2\/pages\/29741\/revisions\/29743"}],"wp:featuredmedia":[{"embeddable":true,"href":"https:\/\/dari.shop\/de\/wp-json\/wp\/v2\/media\/22457"}],"wp:attachment":[{"href":"https:\/\/dari.shop\/de\/wp-json\/wp\/v2\/media?parent=29741"}],"curies":[{"name":"wp","href":"https:\/\/api.w.org\/{rel}","templated":true}]}}