{"id":30473,"date":"2024-02-09T13:59:20","date_gmt":"2024-02-09T12:59:20","guid":{"rendered":"https:\/\/dari.shop\/bedingungen-und-konditionen\/"},"modified":"2024-02-13T18:48:59","modified_gmt":"2024-02-13T17:48:59","slug":"bedingungen-und-konditionen","status":"publish","type":"page","link":"https:\/\/dari.shop\/de\/bedingungen-und-konditionen\/","title":{"rendered":"Bedingungen und Konditionen"},"content":{"rendered":"\n<p>Willkommen bei DARI.Shop, Ihrem ersten Anlaufpunkt f\u00fcr modische Kleidung, Schuhe und Accessoires Mit Hilfe der Website unter <a href=\"http:\/\/www.dari.shop\/\">www.dari.shop<\/a> (&#8222;Website&#8220;) erkl\u00e4ren Sie sich mit diesen Allgemeinen Gesch\u00e4ftsbedingungen einverstanden, die darauf abzielen, allen Nutzern ein vertrauensw\u00fcrdiges, sicheres und effizientes Einkaufserlebnis zu bieten.<\/p>\n\n<h2 class=\"wp-block-heading\" id=\"h-use-of-the-site\">Nutzung der Website<\/h2>\n\n<ol class=\"wp-block-list\">\n<li><strong>Zul\u00e4ssigkeit<\/strong>: Um diese Website nutzen zu k\u00f6nnen, m\u00fcssen Sie mindestens 18 Jahre alt sein oder die Zustimmung Ihrer Eltern eingeholt haben.<\/li>\n\n\n\n<li><strong>Kontosicherheit<\/strong>: Sie sind daf\u00fcr verantwortlich, die Vertraulichkeit Ihres Kontos und Ihres Passworts zu wahren und den Zugang zu Ihrem Ger\u00e4t zu beschr\u00e4nken. Sie \u00fcbernehmen die Verantwortung f\u00fcr alle Aktivit\u00e4ten, die unter Ihrem Konto oder Kennwort stattfinden.<\/li>\n\n\n\n<li><strong>Zul\u00e4ssige Nutzung<\/strong>: Der Inhalt und die Informationen auf dieser Website sind nur f\u00fcr Ihren pers\u00f6nlichen Gebrauch und nicht f\u00fcr eine kommerzielle Nutzung bestimmt;<\/li>\n<\/ol>\n\n<h2 class=\"wp-block-heading\" id=\"h-purchases-and-payment\">K\u00e4ufe und Zahlungen<\/h2>\n\n<ol class=\"wp-block-list\">\n<li><strong>Produktbeschreibungen<\/strong>: DARI.Shop versucht, die Produktbeschreibungen so genau wie m\u00f6glich zu gestalten; Wir \u00fcbernehmen jedoch keine Garantie daf\u00fcr, dass Beschreibungen oder andere Inhalte fehlerfrei sind;<\/li>\n\n\n\n<li><strong>Preisangaben<\/strong>: Alle Preise sind in der Landesw\u00e4hrung angegeben und k\u00f6nnen sich \u00e4ndern. Wir behalten uns das Recht vor, Fehler, Ungenauigkeiten oder Auslassungen zu korrigieren und Informationen jederzeit und ohne vorherige Ank\u00fcndigung zu \u00e4ndern oder zu aktualisieren;<\/li>\n\n\n\n<li><strong>Bestellungsannahme<\/strong>: DARI.Shop beh\u00e4lt sich das Recht vor, nach eigenem Ermessen jede Bestellung aus irgendeinem Grund abzulehnen oder zu stornieren.<\/li>\n<\/ol>\n\n<h2 class=\"wp-block-heading\" id=\"h-shipping-and-delivery\">Versand und Lieferung<\/h2>\n\n<ol class=\"wp-block-list\">\n<li><strong>Verk\u00e4ufer-gesteuerte Lieferung<\/strong>: Die Liefermethoden und -zeiten werden von den einzelnen Verk\u00e4ufern auf ihren Produktkarten unter der Registerkarte &#8222;Lieferung&#8220; angegeben.<\/li>\n\n\n\n<li><strong>Verantwortung f\u00fcr die Lieferung<\/strong>: Die Verk\u00e4ufer sind f\u00fcr die Lieferung der Waren gem\u00e4\u00df den bereitgestellten Informationen verantwortlich. DARI.Shop ist nicht in den Lieferprozess involviert<\/li>\n\n\n\n<li><strong>Kontaktaufnahme mit dem Verk\u00e4ufer<\/strong>: Bei Fragen zur Lieferung wenden Sie sich bitte direkt an den Verk\u00e4ufer, indem Sie das Kontaktformular auf der Produktkarte oder auf der Shop-Seite des Verk\u00e4ufers verwenden.<\/li>\n\n\n\n<li><strong>Diskrepanzen und Probleme<\/strong>: Wenn es irgendwelche Probleme mit der Lieferung gibt, versuchen Sie bitte, diese zuerst mit dem Verk\u00e4ufer zu kl\u00e4ren; Der DARI.Shop-Kundendienst kann bei der Vermittlung von ungel\u00f6sten Problemen behilflich sein;<\/li>\n<\/ol>\n\n<h2 class=\"wp-block-heading\" id=\"h-intellectual-property\">Geistiges Eigentum<\/h2>\n\n<p>Der Inhalt von DARI.Shop, einschlie\u00dflich der Texte, Grafiken, Logos und Bilder, ist Eigentum von DARI.Shop oder seiner Lieferanten und durch die Gesetze zum Schutz des geistigen Eigentums gesch\u00fctzt;<\/p>\n\n<h2 class=\"wp-block-heading\" id=\"h-limitation-of-liability\">Beschr\u00e4nkung der Haftung<\/h2>\n\n<ol class=\"wp-block-list\">\n<li><strong>Allgemeine Einschr\u00e4nkung<\/strong>: DARI.Shop, seine Direktoren, leitenden Angestellten, Mitarbeiter, Tochtergesellschaften, Vertreter, Auftragnehmer, Praktikanten, Lieferanten, Dienstleister oder Lizenzgeber sind nicht haftbar f\u00fcr Verletzungen, Verluste, Anspr\u00fcche oder direkte, indirekte, zuf\u00e4llige, strafende, besondere oder Folgesch\u00e4den jeglicher Art, einschlie\u00dflich, aber nicht beschr\u00e4nkt auf entgangenen Gewinn, entgangene Einnahmen, verlorene Einsparungen, Datenverlust, Wiederbeschaffungskosten oder \u00e4hnliche Sch\u00e4den, unabh\u00e4ngig davon, ob sie auf einem Vertrag, einer unerlaubten Handlung (einschlie\u00dflich Fahrl\u00e4ssigkeit) beruhen, verschuldensunabh\u00e4ngige Haftung oder anderweitig, die sich aus der Nutzung des Dienstes oder von Produkten ergeben, die \u00fcber die Website beschafft wurden, oder f\u00fcr andere Anspr\u00fcche, die in irgendeiner Weise mit der Nutzung des Dienstes oder eines Produkts zusammenh\u00e4ngen, einschlie\u00dflich, aber nicht beschr\u00e4nkt auf Fehler oder Auslassungen in Inhalten oder Verluste oder Sch\u00e4den jeglicher Art, die sich aus der Nutzung des Dienstes oder von Inhalten (oder Produkten) ergeben, die \u00fcber den Dienst ver\u00f6ffentlicht, \u00fcbertragen oder anderweitig zur Verf\u00fcgung gestellt wurden, selbst wenn auf deren M\u00f6glichkeit hingewiesen wurde.<\/li>\n\n\n\n<li><strong>Produkthaftung<\/strong>: Die Verantwortung f\u00fcr die Produktqualit\u00e4t, Sicherheit und Rechtm\u00e4\u00dfigkeit liegt bei den Verk\u00e4ufern. DARI.Shop \u00fcbernimmt keine Garantie f\u00fcr die Angebote der Verk\u00e4ufer oder deren Produkte;<\/li>\n\n\n\n<li><strong>Genauigkeit der Informationen<\/strong>: Wir garantieren nicht, dass die Qualit\u00e4t der von Ihnen gekauften oder erhaltenen Produkte, Dienstleistungen, Informationen oder anderen Materialien Ihren Erwartungen entspricht oder dass Fehler im Service korrigiert werden;<\/li>\n\n\n\n<li><strong>Gerichtliche Beschr\u00e4nkungen<\/strong>: Bestimmte Landesgesetze lassen keine Beschr\u00e4nkungen der stillschweigenden Gew\u00e4hrleistung oder den Ausschluss oder die Beschr\u00e4nkung bestimmter Sch\u00e4den zu. Wenn diese Gesetze auf Sie zutreffen, gelten einige oder alle der oben genannten Haftungsausschl\u00fcsse, Ausschl\u00fcsse oder Beschr\u00e4nkungen m\u00f6glicherweise nicht f\u00fcr Sie, und Sie haben m\u00f6glicherweise zus\u00e4tzliche Rechte.<\/li>\n<\/ol>\n\n<h2 class=\"wp-block-heading\" id=\"h-governing-language\">Regierende Sprache<\/h2>\n\n<p>Ma\u00dfgeblich ist die englische Fassung dieser Bedingungen und Konditionen; Die \u00dcbersetzungen dienen der Vereinfachung; bei Unstimmigkeiten ist die englische Fassung ma\u00dfgebend.<\/p>\n\n<h2 class=\"wp-block-heading\" id=\"h-changes-to-terms-and-conditions\">\u00c4nderungen der Allgemeinen Gesch\u00e4ftsbedingungen<\/h2>\n\n<p>DARI.Shop beh\u00e4lt sich das Recht vor, jeden Teil dieser Allgemeinen Gesch\u00e4ftsbedingungen zu aktualisieren, zu \u00e4ndern oder zu ersetzen, indem Aktualisierungen und\/oder \u00c4nderungen auf unserer Website ver\u00f6ffentlicht werden. Es liegt in Ihrer Verantwortung, diese Seite regelm\u00e4\u00dfig auf \u00c4nderungen zu \u00fcberpr\u00fcfen; Wenn Sie die Website nach der Ver\u00f6ffentlichung von \u00c4nderungen weiterhin nutzen oder auf sie zugreifen, erkl\u00e4ren Sie sich mit diesen \u00c4nderungen einverstanden. Die Verwaltung von DARI.Shop kann diese Bedingungen nach eigenem Ermessen und ohne vorherige Benachrichtigung der Benutzer \u00e4ndern oder aktualisieren; Indem Sie die Website nach solchen \u00c4nderungen weiterhin nutzen, erkennen Sie die ge\u00e4nderten Gesch\u00e4ftsbedingungen an und erkl\u00e4ren sich mit ihnen einverstanden;<\/p>\n\n<h2 class=\"wp-block-heading\" id=\"h-governing-law\">Geltendes Recht<\/h2>\n\n<p>Diese Allgemeinen Gesch\u00e4ftsbedingungen und Ihre Nutzung der Website unterliegen den Gesetzen der Gerichtsbarkeit, in der DARI.Shop seinen Sitz hat, ohne R\u00fccksicht auf Konflikte mit<\/p>\n\n<h4 class=\"wp-block-heading\">Kontaktinformationen<\/h4>\n\n<p>Bei Fragen oder Anliegen bez\u00fcglich Ihrer R\u00fccksendung wenden Sie sich bitte \u00fcber unsere Website an unser Kundendienstteam unter <a>https:\/\/dari.shop\/contact<\/a>.<\/p>\n","protected":false},"excerpt":{"rendered":"<p>Willkommen bei DARI.Shop, Ihrem ersten Anlaufpunkt f\u00fcr modische Kleidung, Schuhe und Accessoires Mit Hilfe der Website unter www.dari.shop (&#8222;Website&#8220;) erkl\u00e4ren Sie sich mit diesen Allgemeinen Gesch\u00e4ftsbedingungen einverstanden, die darauf abzielen, allen Nutzern ein vertrauensw\u00fcrdiges, sicheres und effizientes Einkaufserlebnis zu bieten. Nutzung der Website K\u00e4ufe und Zahlungen Versand und Lieferung Geistiges Eigentum Der Inhalt von DARI.Shop, [&#8230;]\n","protected":false},"author":1,"featured_media":0,"parent":0,"menu_order":0,"comment_status":"closed","ping_status":"closed","template":"page-blank-title-center.php","meta":{"footnotes":""},"class_list":["post-30473","page","type-page","status-publish","hentry"],"yoast_head":"<!-- This site is optimized with the Yoast SEO Premium plugin v22.7 (Yoast SEO v27.3) - https:\/\/yoast.com\/product\/yoast-seo-premium-wordpress\/ -->\n<title>Bedingungen und Konditionen &#8902; DARI.Shop<\/title>\n<meta name=\"description\" content=\"Willkommen bei DARI.Shop, Ihrem ersten Anlaufpunkt f\u00fcr modische Kleidung, Schuhe und Accessoires Mit Hilfe der Website unter www.dari.shop (&quot;Website&quot;)\" \/>\n<meta name=\"robots\" content=\"index, follow, max-snippet:-1, max-image-preview:large, max-video-preview:-1\" \/>\n<link rel=\"canonical\" href=\"https:\/\/dari.shop\/de\/bedingungen-und-konditionen\/\" \/>\n<meta property=\"og:locale\" content=\"de_DE\" \/>\n<meta property=\"og:type\" content=\"article\" \/>\n<meta property=\"og:title\" content=\"Bedingungen und Konditionen\" \/>\n<meta property=\"og:description\" content=\"Willkommen bei DARI.Shop, Ihrem ersten Anlaufpunkt f\u00fcr modische Kleidung, Schuhe und Accessoires Mit Hilfe der Website unter www.dari.shop (&quot;Website&quot;)\" \/>\n<meta property=\"og:url\" content=\"https:\/\/dari.shop\/de\/bedingungen-und-konditionen\/\" \/>\n<meta property=\"og:site_name\" content=\"DARI.Shop\" \/>\n<meta property=\"article:modified_time\" content=\"2024-02-13T17:48:59+00:00\" \/>\n<meta property=\"og:image\" content=\"https:\/\/dari.shop\/wp-content\/uploads\/2018\/01\/logo-dari.shop_-1.gif\" \/>\n\t<meta property=\"og:image:width\" content=\"458\" \/>\n\t<meta property=\"og:image:height\" content=\"107\" \/>\n\t<meta property=\"og:image:type\" content=\"image\/gif\" \/>\n<meta name=\"twitter:card\" content=\"summary_large_image\" \/>\n<meta name=\"twitter:label1\" content=\"Gesch\u00e4tzte Lesezeit\" \/>\n\t<meta name=\"twitter:data1\" content=\"4\u00a0Minuten\" \/>\n<script type=\"application\/ld+json\" class=\"yoast-schema-graph\">{\"@context\":\"https:\\\/\\\/schema.org\",\"@graph\":[{\"@type\":\"WebPage\",\"@id\":\"https:\\\/\\\/dari.shop\\\/de\\\/bedingungen-und-konditionen\\\/\",\"url\":\"https:\\\/\\\/dari.shop\\\/de\\\/bedingungen-und-konditionen\\\/\",\"name\":\"Bedingungen und Konditionen &#8902; DARI.Shop\",\"isPartOf\":{\"@id\":\"https:\\\/\\\/dari.shop\\\/#website\"},\"datePublished\":\"2024-02-09T12:59:20+00:00\",\"dateModified\":\"2024-02-13T17:48:59+00:00\",\"description\":\"Willkommen bei DARI.Shop, Ihrem ersten Anlaufpunkt f\u00fcr modische Kleidung, Schuhe und Accessoires Mit Hilfe der Website unter www.dari.shop (\\\"Website\\\")\",\"breadcrumb\":{\"@id\":\"https:\\\/\\\/dari.shop\\\/de\\\/bedingungen-und-konditionen\\\/#breadcrumb\"},\"inLanguage\":\"de\",\"potentialAction\":[{\"@type\":\"ReadAction\",\"target\":[\"https:\\\/\\\/dari.shop\\\/de\\\/bedingungen-und-konditionen\\\/\"]}]},{\"@type\":\"BreadcrumbList\",\"@id\":\"https:\\\/\\\/dari.shop\\\/de\\\/bedingungen-und-konditionen\\\/#breadcrumb\",\"itemListElement\":[{\"@type\":\"ListItem\",\"position\":1,\"name\":\"Homepage\",\"item\":\"https:\\\/\\\/dari.shop\\\/de\\\/inspiration\\\/\"},{\"@type\":\"ListItem\",\"position\":2,\"name\":\"Bedingungen und Konditionen\"}]},{\"@type\":\"WebSite\",\"@id\":\"https:\\\/\\\/dari.shop\\\/#website\",\"url\":\"https:\\\/\\\/dari.shop\\\/\",\"name\":\"DARI.Shop\",\"description\":\"DARI.Shop. It starts with curiosity...\",\"publisher\":{\"@id\":\"https:\\\/\\\/dari.shop\\\/#organization\"},\"alternateName\":\"Dari Fashion Hub\",\"potentialAction\":[{\"@type\":\"SearchAction\",\"target\":{\"@type\":\"EntryPoint\",\"urlTemplate\":\"https:\\\/\\\/dari.shop\\\/?s={search_term_string}\"},\"query-input\":{\"@type\":\"PropertyValueSpecification\",\"valueRequired\":true,\"valueName\":\"search_term_string\"}}],\"inLanguage\":\"de\"},{\"@type\":\"Organization\",\"@id\":\"https:\\\/\\\/dari.shop\\\/#organization\",\"name\":\"DARI.Shop\",\"alternateName\":\"Dari Fashion Hub\",\"url\":\"https:\\\/\\\/dari.shop\\\/\",\"logo\":{\"@type\":\"ImageObject\",\"inLanguage\":\"de\",\"@id\":\"https:\\\/\\\/dari.shop\\\/#\\\/schema\\\/logo\\\/image\\\/\",\"url\":\"https:\\\/\\\/dari.shop\\\/wp-content\\\/uploads\\\/2018\\\/01\\\/logo-dari.shop_-1.gif\",\"contentUrl\":\"https:\\\/\\\/dari.shop\\\/wp-content\\\/uploads\\\/2018\\\/01\\\/logo-dari.shop_-1.gif\",\"width\":458,\"height\":107,\"caption\":\"DARI.Shop\"},\"image\":{\"@id\":\"https:\\\/\\\/dari.shop\\\/#\\\/schema\\\/logo\\\/image\\\/\"}}]}<\/script>\n<!-- \/ Yoast SEO Premium plugin. -->","yoast_head_json":{"title":"Bedingungen und Konditionen &#8902; DARI.Shop","description":"Willkommen bei DARI.Shop, Ihrem ersten Anlaufpunkt f\u00fcr modische Kleidung, Schuhe und Accessoires Mit Hilfe der Website unter www.dari.shop (\"Website\")","robots":{"index":"index","follow":"follow","max-snippet":"max-snippet:-1","max-image-preview":"max-image-preview:large","max-video-preview":"max-video-preview:-1"},"canonical":"https:\/\/dari.shop\/de\/bedingungen-und-konditionen\/","og_locale":"de_DE","og_type":"article","og_title":"Bedingungen und Konditionen","og_description":"Willkommen bei DARI.Shop, Ihrem ersten Anlaufpunkt f\u00fcr modische Kleidung, Schuhe und Accessoires Mit Hilfe der Website unter www.dari.shop (\"Website\")","og_url":"https:\/\/dari.shop\/de\/bedingungen-und-konditionen\/","og_site_name":"DARI.Shop","article_modified_time":"2024-02-13T17:48:59+00:00","og_image":[{"width":458,"height":107,"url":"https:\/\/dari.shop\/wp-content\/uploads\/2018\/01\/logo-dari.shop_-1.gif","type":"image\/gif"}],"twitter_card":"summary_large_image","twitter_misc":{"Gesch\u00e4tzte Lesezeit":"4\u00a0Minuten"},"schema":{"@context":"https:\/\/schema.org","@graph":[{"@type":"WebPage","@id":"https:\/\/dari.shop\/de\/bedingungen-und-konditionen\/","url":"https:\/\/dari.shop\/de\/bedingungen-und-konditionen\/","name":"Bedingungen und Konditionen &#8902; DARI.Shop","isPartOf":{"@id":"https:\/\/dari.shop\/#website"},"datePublished":"2024-02-09T12:59:20+00:00","dateModified":"2024-02-13T17:48:59+00:00","description":"Willkommen bei DARI.Shop, Ihrem ersten Anlaufpunkt f\u00fcr modische Kleidung, Schuhe und Accessoires Mit Hilfe der Website unter www.dari.shop (\"Website\")","breadcrumb":{"@id":"https:\/\/dari.shop\/de\/bedingungen-und-konditionen\/#breadcrumb"},"inLanguage":"de","potentialAction":[{"@type":"ReadAction","target":["https:\/\/dari.shop\/de\/bedingungen-und-konditionen\/"]}]},{"@type":"BreadcrumbList","@id":"https:\/\/dari.shop\/de\/bedingungen-und-konditionen\/#breadcrumb","itemListElement":[{"@type":"ListItem","position":1,"name":"Homepage","item":"https:\/\/dari.shop\/de\/inspiration\/"},{"@type":"ListItem","position":2,"name":"Bedingungen und Konditionen"}]},{"@type":"WebSite","@id":"https:\/\/dari.shop\/#website","url":"https:\/\/dari.shop\/","name":"DARI.Shop","description":"DARI.Shop. It starts with curiosity...","publisher":{"@id":"https:\/\/dari.shop\/#organization"},"alternateName":"Dari Fashion Hub","potentialAction":[{"@type":"SearchAction","target":{"@type":"EntryPoint","urlTemplate":"https:\/\/dari.shop\/?s={search_term_string}"},"query-input":{"@type":"PropertyValueSpecification","valueRequired":true,"valueName":"search_term_string"}}],"inLanguage":"de"},{"@type":"Organization","@id":"https:\/\/dari.shop\/#organization","name":"DARI.Shop","alternateName":"Dari Fashion Hub","url":"https:\/\/dari.shop\/","logo":{"@type":"ImageObject","inLanguage":"de","@id":"https:\/\/dari.shop\/#\/schema\/logo\/image\/","url":"https:\/\/dari.shop\/wp-content\/uploads\/2018\/01\/logo-dari.shop_-1.gif","contentUrl":"https:\/\/dari.shop\/wp-content\/uploads\/2018\/01\/logo-dari.shop_-1.gif","width":458,"height":107,"caption":"DARI.Shop"},"image":{"@id":"https:\/\/dari.shop\/#\/schema\/logo\/image\/"}}]}},"_links":{"self":[{"href":"https:\/\/dari.shop\/de\/wp-json\/wp\/v2\/pages\/30473","targetHints":{"allow":["GET"]}}],"collection":[{"href":"https:\/\/dari.shop\/de\/wp-json\/wp\/v2\/pages"}],"about":[{"href":"https:\/\/dari.shop\/de\/wp-json\/wp\/v2\/types\/page"}],"author":[{"embeddable":true,"href":"https:\/\/dari.shop\/de\/wp-json\/wp\/v2\/users\/1"}],"replies":[{"embeddable":true,"href":"https:\/\/dari.shop\/de\/wp-json\/wp\/v2\/comments?post=30473"}],"version-history":[{"count":1,"href":"https:\/\/dari.shop\/de\/wp-json\/wp\/v2\/pages\/30473\/revisions"}],"predecessor-version":[{"id":30474,"href":"https:\/\/dari.shop\/de\/wp-json\/wp\/v2\/pages\/30473\/revisions\/30474"}],"wp:attachment":[{"href":"https:\/\/dari.shop\/de\/wp-json\/wp\/v2\/media?parent=30473"}],"curies":[{"name":"wp","href":"https:\/\/api.w.org\/{rel}","templated":true}]}}