{"id":30489,"date":"2024-02-09T12:40:35","date_gmt":"2024-02-09T11:40:35","guid":{"rendered":"https:\/\/dari.shop\/datenschutz\/"},"modified":"2024-02-11T20:14:21","modified_gmt":"2024-02-11T19:14:21","slug":"datenschutz","status":"publish","type":"page","link":"https:\/\/dari.shop\/de\/datenschutz\/","title":{"rendered":"Datenschutz"},"content":{"rendered":"\n<p>Bei Dari.Shop, zug\u00e4nglich \u00fcber https:\/\/dari.shop\/, ist eine unserer wichtigsten Priorit\u00e4ten der Schutz der Privatsph\u00e4re unserer Besucher. Diese Datenschutzrichtlinie enth\u00e4lt die Arten von Informationen, die von Dari.Shop gesammelt und aufgezeichnet werden und wie wir sie verwenden;<\/p>\n\n<p>Wenn Sie weitere Fragen haben oder mehr Informationen \u00fcber unsere Datenschutzrichtlinie ben\u00f6tigen, z\u00f6gern Sie nicht, uns zu kontaktieren<\/p>\n\n<p>Diese Datenschutzerkl\u00e4rung gilt nur f\u00fcr unsere Online-Aktivit\u00e4ten und f\u00fcr die Besucher unserer Website in Bezug auf die Informationen, die sie in Dari.Shop. . weitergegeben und\/oder gesammelt haben. Diese Richtlinie gilt nicht f\u00fcr Informationen, die offline oder \u00fcber andere Kan\u00e4le als diese Website gesammelt werden.<\/p>\n\n<h2 class=\"wp-block-heading\" id=\"h-consent\">Zustimmung<\/h2>\n\n<p>Durch die Nutzung unserer Website erkl\u00e4ren Sie sich mit unserer Datenschutzrichtlinie einverstanden und stimmen deren Bedingungen zu.<\/p>\n\n<h2 class=\"wp-block-heading\" id=\"h-information-we-collect\">Informationen, die wir sammeln<\/h2>\n\n<p>Die pers\u00f6nlichen Daten, um die Sie gebeten werden, und die Gr\u00fcnde, warum Sie um diese Daten gebeten werden, werden Ihnen an dem Punkt mitgeteilt, an dem wir Sie um die Angabe Ihrer pers\u00f6nlichen Daten bitten.<\/p>\n\n<p>Wenn Sie uns direkt kontaktieren, k\u00f6nnen wir zus\u00e4tzliche Informationen \u00fcber Sie erhalten, wie z. B. Ihren Namen, Ihre E-Mail-Adresse, Ihre Telefonnummer, den Inhalt der Nachricht und\/oder Anh\u00e4nge, die Sie uns senden, sowie andere Informationen, die Sie uns zur Verf\u00fcgung stellen m\u00f6chten.<\/p>\n\n<p>Wenn Sie sich f\u00fcr ein Konto registrieren, fragen wir Sie m\u00f6glicherweise nach Ihren Kontaktinformationen, einschlie\u00dflich Angaben wie Name, Firmenname, Adresse, E-Mail-Adresse und Telefonnummer.<\/p>\n\n<h2 class=\"wp-block-heading\" id=\"h-how-we-use-your-information\">Wie wir Ihre Informationen verwenden<\/h2>\n\n<p>Wir verwenden die von uns gesammelten Informationen auf verschiedene Weise, unter anderem um:<\/p>\n\n<ul class=\"wp-block-list\">\n<li>Bereitstellung, Betrieb und Pflege unserer Website<\/li>\n\n\n\n<li>Verbessern, personalisieren und erweitern Sie unsere Website<\/li>\n\n\n\n<li>Verstehen und analysieren, wie Sie unsere Website nutzen<\/li>\n\n\n\n<li>Entwicklung neuer Produkte, Dienstleistungen, Merkmale und Funktionen<\/li>\n\n\n\n<li>mit Ihnen zu kommunizieren, entweder direkt oder \u00fcber einen unserer Partner, unter anderem f\u00fcr den Kundendienst, um Ihnen Aktualisierungen und andere Informationen in Bezug auf die Website zukommen zu lassen, sowie f\u00fcr Marketing- und Werbezwecke<\/li>\n\n\n\n<li>Senden Sie E-Mails<\/li>\n\n\n\n<li>Betrug aufdecken und verhindern<\/li>\n<\/ul>\n\n<h2 class=\"wp-block-heading\" id=\"h-log-files\">Log-Dateien<\/h2>\n\n<p>Dari.Shop\/ folgt einem Standardverfahren zur Verwendung von Protokolldateien Diese Dateien protokollieren den Besuch von Websites; Alle Hosting-Unternehmen tun dies, und es ist Teil der Analyse der Hosting-Dienste. Zu den in den Protokolldateien erfassten Informationen geh\u00f6ren Internetprotokolladressen (IP-Adressen), Browsertyp, Internetdienstanbieter (ISP), Datums- und Zeitstempel, verweisende\/verlassende Seiten und m\u00f6glicherweise die Anzahl der Klicks. Diese sind nicht mit Informationen verkn\u00fcpft, die pers\u00f6nlich identifizierbar sind. Der Zweck dieser Daten ist die Analyse von Trends, die Verwaltung der Website, die Verfolgung der Bewegungen der Nutzer auf der Website und die Erfassung demografischer Daten<\/p>\n\n<h2 class=\"wp-block-heading\" id=\"h-cookies-and-web-beacons\">Cookies und Web Beacons<\/h2>\n\n<p>Wie jede andere Website auch, verwendet Dari.Shop &#8222;Cookies&#8220; Diese Cookies werden verwendet, um Informationen zu speichern, einschlie\u00dflich der Pr\u00e4ferenzen der Besucher und der Seiten auf der Website, die der Besucher aufgerufen oder besucht hat Die Informationen werden verwendet, um die Nutzererfahrung zu optimieren, indem der Inhalt unserer Webseite auf der Grundlage des Browsertyps und\/oder anderer Informationen der Besucher angepasst wird<\/p>\n\n<h2 class=\"wp-block-heading\" id=\"h-advertising-partners-privacy-policies\">Werbepartner Datenschutzrichtlinien<\/h2>\n\n<p>Sie k\u00f6nnen diese Liste konsultieren, um die Datenschutzbestimmungen f\u00fcr jeden der Werbepartner von Dari.Shop. zu finden<\/p>\n\n<p>Werbeserver oder Werbenetzwerke von Drittanbietern verwenden Technologien wie Cookies, JavaScript oder Web Beacons, die in ihren jeweiligen Werbeanzeigen und Links, die auf Dari.Shop\/ erscheinen, verwendet werden und direkt an den Browser des Nutzers gesendet werden. Sie erhalten automatisch Ihre IP-Adresse, wenn dies geschieht Diese Technologien werden verwendet, um die Wirksamkeit ihrer Werbekampagnen zu messen und\/oder um die Werbeinhalte, die Sie auf den von Ihnen besuchten Websites sehen, zu personalisieren.<\/p>\n\n<p>Beachten Sie, dass Dari.Shop keinen Zugang zu oder Kontrolle \u00fcber diese Cookies hat, die von Drittanbietern verwendet werden.<\/p>\n\n<h2 class=\"wp-block-heading\" id=\"h-third-party-privacy-policies\">Datenschutzrichtlinien von Dritten<\/h2>\n\n<p>Die Datenschutzpolitik von Dari.Shop gilt nicht f\u00fcr andere Werbetreibende oder Websites. Wir raten Ihnen daher, die jeweiligen Datenschutzrichtlinien dieser Drittanbieter-Adserver zu konsultieren, um weitere Informationen zu erhalten. Sie k\u00f6nnen deren Praktiken und Anweisungen dar\u00fcber enthalten, wie man sich von bestimmten Optionen abmelden kann<\/p>\n\n<p>Sie k\u00f6nnen Cookies in den Optionen Ihres Browsers deaktivieren. Ausf\u00fchrlichere Informationen \u00fcber die Cookie-Verwaltung mit bestimmten Webbrowsern finden Sie auf den jeweiligen Websites der Browser.<\/p>\n\n<h2 class=\"wp-block-heading\" id=\"h-ccpa-privacy-rights-do-not-sell-my-personal-information\">CCPA-Datenschutzrechte (Verkaufen Sie meine pers\u00f6nlichen Daten nicht)<\/h2>\n\n<p>Nach dem CCPA haben die kalifornischen Verbraucher unter anderem das Recht auf:<\/p>\n\n<p>Verlangen Sie, dass ein Unternehmen, das personenbezogene Daten eines Verbrauchers sammelt, die Kategorien und spezifischen Teile der personenbezogenen Daten offenlegt, die das Unternehmen \u00fcber die Verbraucher gesammelt hat.<\/p>\n\n<p>Aufforderung an ein Unternehmen, personenbezogene Daten \u00fcber den Verbraucher zu l\u00f6schen, die ein Unternehmen gesammelt hat.<\/p>\n\n<p>Verlangen Sie, dass ein Unternehmen, das personenbezogene Daten eines Verbrauchers verkauft, die personenbezogenen Daten des Verbrauchers nicht verkaufen darf.<\/p>\n\n<p>Wenn Sie eine Anfrage stellen, haben wir einen Monat Zeit, um Ihnen zu antworten. Wenn Sie eines dieser Rechte aus\u00fcben m\u00f6chten, nehmen Sie bitte Kontakt mit uns auf.<\/p>\n\n<h2 class=\"wp-block-heading\" id=\"h-gdpr-data-protection-rights\">GDPR-Datenschutzrechte<\/h2>\n\n<p>Wir m\u00f6chten sicherstellen, dass Sie \u00fcber alle Ihre Datenschutzrechte informiert sind. Jeder Nutzer hat Anspruch auf folgende Leistungen:<\/p>\n\n<p>Auskunftsrecht &#8211; Sie haben das Recht, Kopien Ihrer personenbezogenen Daten anzufordern F\u00fcr diesen Service k\u00f6nnen wir Ihnen eine geringe Geb\u00fchr in Rechnung stellen.<\/p>\n\n<p>Das Recht auf Berichtigung &#8211; Sie haben das Recht, von uns die Berichtigung von Informationen zu verlangen, die Sie f\u00fcr unrichtig halten. Sie haben auch das Recht, uns aufzufordern, die Informationen zu vervollst\u00e4ndigen, die Sie f\u00fcr unvollst\u00e4ndig halten.<\/p>\n\n<p>Das Recht auf L\u00f6schung &#8211; Sie haben das Recht, unter bestimmten Bedingungen die L\u00f6schung Ihrer personenbezogenen Daten zu verlangen<\/p>\n\n<p>Recht auf Einschr\u00e4nkung der Verarbeitung &#8211; Sie haben das Recht zu verlangen, dass wir die Verarbeitung Ihrer personenbezogenen Daten unter bestimmten Bedingungen einschr\u00e4nken.<\/p>\n\n<p>Recht auf Widerspruch gegen die Verarbeitung &#8211; Sie haben das Recht, unter bestimmten Bedingungen gegen die Verarbeitung Ihrer personenbezogenen Daten durch uns Widerspruch einzulegen<\/p>\n\n<p>Das Recht auf Daten\u00fcbertragbarkeit &#8211; Sie haben das Recht, unter bestimmten Bedingungen zu verlangen, dass wir die von uns erfassten Daten an eine andere Organisation oder direkt an Sie weitergeben.<\/p>\n\n<p>Wenn Sie eine Anfrage stellen, haben wir einen Monat Zeit, um Ihnen zu antworten. Wenn Sie eines dieser Rechte aus\u00fcben m\u00f6chten, nehmen Sie bitte Kontakt mit uns auf.<\/p>\n\n<h2 class=\"wp-block-heading\" id=\"h-children-s-information\">Informationen f\u00fcr Kinder<\/h2>\n\n<p>Eine weitere Priorit\u00e4t ist der Schutz von Kindern bei der Nutzung des Internets Wir ermutigen Eltern und Erziehungsberechtigte, die Online-Aktivit\u00e4ten der Kinder zu beobachten, an ihnen teilzunehmen und\/oder sie zu \u00fcberwachen und anzuleiten.<\/p>\n\n<p>Dari.Shop sammelt wissentlich keine pers\u00f6nlichen Informationen von Kindern unter 13 Jahren. Wenn Sie der Meinung sind, dass Ihr Kind diese Art von Informationen auf unserer Website zur Verf\u00fcgung gestellt hat, empfehlen wir Ihnen dringend, uns sofort zu kontaktieren, damit wir uns bem\u00fchen k\u00f6nnen, diese Informationen umgehend aus unseren Unterlagen zu entfernen.<\/p>\n","protected":false},"excerpt":{"rendered":"<p>Bei Dari.Shop, zug\u00e4nglich \u00fcber https:\/\/dari.shop\/, ist eine unserer wichtigsten Priorit\u00e4ten der Schutz der Privatsph\u00e4re unserer Besucher. Diese Datenschutzrichtlinie enth\u00e4lt die Arten von Informationen, die von Dari.Shop gesammelt und aufgezeichnet werden und wie wir sie verwenden; Wenn Sie weitere Fragen haben oder mehr Informationen \u00fcber unsere Datenschutzrichtlinie ben\u00f6tigen, z\u00f6gern Sie nicht, uns zu kontaktieren Diese Datenschutzerkl\u00e4rung [&#8230;]\n","protected":false},"author":1,"featured_media":0,"parent":0,"menu_order":0,"comment_status":"closed","ping_status":"closed","template":"page-blank-title-center.php","meta":{"footnotes":""},"class_list":["post-30489","page","type-page","status-publish","hentry"],"yoast_head":"<!-- This site is optimized with the Yoast SEO Premium plugin v22.7 (Yoast SEO v27.4) - https:\/\/yoast.com\/product\/yoast-seo-premium-wordpress\/ -->\n<title>Datenschutz &#8902; DARI.Shop<\/title>\n<meta name=\"description\" content=\"Bei Dari.Shop, zug\u00e4nglich \u00fcber https:\/\/dari.shop\/, ist eine unserer wichtigsten Priorit\u00e4ten der Schutz der Privatsph\u00e4re unserer Besucher. Diese\" \/>\n<meta name=\"robots\" content=\"index, follow, max-snippet:-1, max-image-preview:large, max-video-preview:-1\" \/>\n<link rel=\"canonical\" href=\"https:\/\/dari.shop\/de\/datenschutz\/\" \/>\n<meta property=\"og:locale\" content=\"de_DE\" \/>\n<meta property=\"og:type\" content=\"article\" \/>\n<meta property=\"og:title\" content=\"Datenschutz\" \/>\n<meta property=\"og:description\" content=\"Bei Dari.Shop, zug\u00e4nglich \u00fcber https:\/\/dari.shop\/, ist eine unserer wichtigsten Priorit\u00e4ten der Schutz der Privatsph\u00e4re unserer Besucher. Diese\" \/>\n<meta property=\"og:url\" content=\"https:\/\/dari.shop\/de\/datenschutz\/\" \/>\n<meta property=\"og:site_name\" content=\"DARI.Shop\" \/>\n<meta property=\"article:modified_time\" content=\"2024-02-11T19:14:21+00:00\" \/>\n<meta property=\"og:image\" content=\"https:\/\/dari.shop\/wp-content\/uploads\/2018\/01\/logo-dari.shop_-1.gif\" \/>\n\t<meta property=\"og:image:width\" content=\"458\" \/>\n\t<meta property=\"og:image:height\" content=\"107\" \/>\n\t<meta property=\"og:image:type\" content=\"image\/gif\" \/>\n<meta name=\"twitter:card\" content=\"summary_large_image\" \/>\n<meta name=\"twitter:label1\" content=\"Gesch\u00e4tzte Lesezeit\" \/>\n\t<meta name=\"twitter:data1\" content=\"6\u00a0Minuten\" \/>\n<script type=\"application\/ld+json\" class=\"yoast-schema-graph\">{\"@context\":\"https:\\\/\\\/schema.org\",\"@graph\":[{\"@type\":\"WebPage\",\"@id\":\"https:\\\/\\\/dari.shop\\\/de\\\/datenschutz\\\/\",\"url\":\"https:\\\/\\\/dari.shop\\\/de\\\/datenschutz\\\/\",\"name\":\"Datenschutz &#8902; DARI.Shop\",\"isPartOf\":{\"@id\":\"https:\\\/\\\/dari.shop\\\/#website\"},\"datePublished\":\"2024-02-09T11:40:35+00:00\",\"dateModified\":\"2024-02-11T19:14:21+00:00\",\"description\":\"Bei Dari.Shop, zug\u00e4nglich \u00fcber https:\\\/\\\/dari.shop\\\/, ist eine unserer wichtigsten Priorit\u00e4ten der Schutz der Privatsph\u00e4re unserer Besucher. Diese\",\"breadcrumb\":{\"@id\":\"https:\\\/\\\/dari.shop\\\/de\\\/datenschutz\\\/#breadcrumb\"},\"inLanguage\":\"de\",\"potentialAction\":[{\"@type\":\"ReadAction\",\"target\":[\"https:\\\/\\\/dari.shop\\\/de\\\/datenschutz\\\/\"]}]},{\"@type\":\"BreadcrumbList\",\"@id\":\"https:\\\/\\\/dari.shop\\\/de\\\/datenschutz\\\/#breadcrumb\",\"itemListElement\":[{\"@type\":\"ListItem\",\"position\":1,\"name\":\"Homepage\",\"item\":\"https:\\\/\\\/dari.shop\\\/de\\\/inspiration\\\/\"},{\"@type\":\"ListItem\",\"position\":2,\"name\":\"Datenschutz\"}]},{\"@type\":\"WebSite\",\"@id\":\"https:\\\/\\\/dari.shop\\\/#website\",\"url\":\"https:\\\/\\\/dari.shop\\\/\",\"name\":\"DARI.Shop\",\"description\":\"DARI.Shop. It starts with curiosity...\",\"publisher\":{\"@id\":\"https:\\\/\\\/dari.shop\\\/#organization\"},\"alternateName\":\"Dari Fashion Hub\",\"potentialAction\":[{\"@type\":\"SearchAction\",\"target\":{\"@type\":\"EntryPoint\",\"urlTemplate\":\"https:\\\/\\\/dari.shop\\\/?s={search_term_string}\"},\"query-input\":{\"@type\":\"PropertyValueSpecification\",\"valueRequired\":true,\"valueName\":\"search_term_string\"}}],\"inLanguage\":\"de\"},{\"@type\":\"Organization\",\"@id\":\"https:\\\/\\\/dari.shop\\\/#organization\",\"name\":\"DARI.Shop\",\"alternateName\":\"Dari Fashion Hub\",\"url\":\"https:\\\/\\\/dari.shop\\\/\",\"logo\":{\"@type\":\"ImageObject\",\"inLanguage\":\"de\",\"@id\":\"https:\\\/\\\/dari.shop\\\/#\\\/schema\\\/logo\\\/image\\\/\",\"url\":\"https:\\\/\\\/dari.shop\\\/wp-content\\\/uploads\\\/2018\\\/01\\\/logo-dari.shop_-1.gif\",\"contentUrl\":\"https:\\\/\\\/dari.shop\\\/wp-content\\\/uploads\\\/2018\\\/01\\\/logo-dari.shop_-1.gif\",\"width\":458,\"height\":107,\"caption\":\"DARI.Shop\"},\"image\":{\"@id\":\"https:\\\/\\\/dari.shop\\\/#\\\/schema\\\/logo\\\/image\\\/\"}}]}<\/script>\n<!-- \/ Yoast SEO Premium plugin. -->","yoast_head_json":{"title":"Datenschutz &#8902; DARI.Shop","description":"Bei Dari.Shop, zug\u00e4nglich \u00fcber https:\/\/dari.shop\/, ist eine unserer wichtigsten Priorit\u00e4ten der Schutz der Privatsph\u00e4re unserer Besucher. Diese","robots":{"index":"index","follow":"follow","max-snippet":"max-snippet:-1","max-image-preview":"max-image-preview:large","max-video-preview":"max-video-preview:-1"},"canonical":"https:\/\/dari.shop\/de\/datenschutz\/","og_locale":"de_DE","og_type":"article","og_title":"Datenschutz","og_description":"Bei Dari.Shop, zug\u00e4nglich \u00fcber https:\/\/dari.shop\/, ist eine unserer wichtigsten Priorit\u00e4ten der Schutz der Privatsph\u00e4re unserer Besucher. Diese","og_url":"https:\/\/dari.shop\/de\/datenschutz\/","og_site_name":"DARI.Shop","article_modified_time":"2024-02-11T19:14:21+00:00","og_image":[{"width":458,"height":107,"url":"https:\/\/dari.shop\/wp-content\/uploads\/2018\/01\/logo-dari.shop_-1.gif","type":"image\/gif"}],"twitter_card":"summary_large_image","twitter_misc":{"Gesch\u00e4tzte Lesezeit":"6\u00a0Minuten"},"schema":{"@context":"https:\/\/schema.org","@graph":[{"@type":"WebPage","@id":"https:\/\/dari.shop\/de\/datenschutz\/","url":"https:\/\/dari.shop\/de\/datenschutz\/","name":"Datenschutz &#8902; DARI.Shop","isPartOf":{"@id":"https:\/\/dari.shop\/#website"},"datePublished":"2024-02-09T11:40:35+00:00","dateModified":"2024-02-11T19:14:21+00:00","description":"Bei Dari.Shop, zug\u00e4nglich \u00fcber https:\/\/dari.shop\/, ist eine unserer wichtigsten Priorit\u00e4ten der Schutz der Privatsph\u00e4re unserer Besucher. Diese","breadcrumb":{"@id":"https:\/\/dari.shop\/de\/datenschutz\/#breadcrumb"},"inLanguage":"de","potentialAction":[{"@type":"ReadAction","target":["https:\/\/dari.shop\/de\/datenschutz\/"]}]},{"@type":"BreadcrumbList","@id":"https:\/\/dari.shop\/de\/datenschutz\/#breadcrumb","itemListElement":[{"@type":"ListItem","position":1,"name":"Homepage","item":"https:\/\/dari.shop\/de\/inspiration\/"},{"@type":"ListItem","position":2,"name":"Datenschutz"}]},{"@type":"WebSite","@id":"https:\/\/dari.shop\/#website","url":"https:\/\/dari.shop\/","name":"DARI.Shop","description":"DARI.Shop. It starts with curiosity...","publisher":{"@id":"https:\/\/dari.shop\/#organization"},"alternateName":"Dari Fashion Hub","potentialAction":[{"@type":"SearchAction","target":{"@type":"EntryPoint","urlTemplate":"https:\/\/dari.shop\/?s={search_term_string}"},"query-input":{"@type":"PropertyValueSpecification","valueRequired":true,"valueName":"search_term_string"}}],"inLanguage":"de"},{"@type":"Organization","@id":"https:\/\/dari.shop\/#organization","name":"DARI.Shop","alternateName":"Dari Fashion Hub","url":"https:\/\/dari.shop\/","logo":{"@type":"ImageObject","inLanguage":"de","@id":"https:\/\/dari.shop\/#\/schema\/logo\/image\/","url":"https:\/\/dari.shop\/wp-content\/uploads\/2018\/01\/logo-dari.shop_-1.gif","contentUrl":"https:\/\/dari.shop\/wp-content\/uploads\/2018\/01\/logo-dari.shop_-1.gif","width":458,"height":107,"caption":"DARI.Shop"},"image":{"@id":"https:\/\/dari.shop\/#\/schema\/logo\/image\/"}}]}},"_links":{"self":[{"href":"https:\/\/dari.shop\/de\/wp-json\/wp\/v2\/pages\/30489","targetHints":{"allow":["GET"]}}],"collection":[{"href":"https:\/\/dari.shop\/de\/wp-json\/wp\/v2\/pages"}],"about":[{"href":"https:\/\/dari.shop\/de\/wp-json\/wp\/v2\/types\/page"}],"author":[{"embeddable":true,"href":"https:\/\/dari.shop\/de\/wp-json\/wp\/v2\/users\/1"}],"replies":[{"embeddable":true,"href":"https:\/\/dari.shop\/de\/wp-json\/wp\/v2\/comments?post=30489"}],"version-history":[{"count":1,"href":"https:\/\/dari.shop\/de\/wp-json\/wp\/v2\/pages\/30489\/revisions"}],"predecessor-version":[{"id":30490,"href":"https:\/\/dari.shop\/de\/wp-json\/wp\/v2\/pages\/30489\/revisions\/30490"}],"wp:attachment":[{"href":"https:\/\/dari.shop\/de\/wp-json\/wp\/v2\/media?parent=30489"}],"curies":[{"name":"wp","href":"https:\/\/api.w.org\/{rel}","templated":true}]}}