{"id":30509,"date":"2023-06-10T10:32:25","date_gmt":"2023-06-10T08:32:25","guid":{"rendered":"https:\/\/dari.shop\/dokumente\/"},"modified":"2024-02-12T15:24:02","modified_gmt":"2024-02-12T14:24:02","slug":"dokumente","status":"publish","type":"page","link":"https:\/\/dari.shop\/de\/dokumente\/","title":{"rendered":"Dokumente"},"content":{"rendered":"\n\t<div id=\"text-1137550657\" class=\"text\">\n\t\t\n\n<blockquote>\n<h5>Bitte lesen Sie diese Bedingungen sorgf\u00e4ltig durch!<\/h5>\n<\/blockquote>\n\t\t\n<style>\n#text-1137550657 {\n  text-align: left;\n}\n<\/style>\n\t<\/div>\n\t\n<h5 class=\"uppercase\"><a href=\"https:\/\/dari.shop\/de\/datenschutz\/\">Datenschutz<\/a><\/h5>\n<h5 class=\"uppercase\"><a href=\"https:\/\/dari.shop\/terms-and-conditions-for-sellers\/\">ALLGEMEINE GESCH\u00c4FTSBEDINGUNGEN F\u00dcR VERK\u00c4UFER<\/a><\/h5>\n<h5 class=\"uppercase\"><a href=\"https:\/\/dari.shop\/dari-shop-user-agreement\/\">Nutzungsvertrag<\/a><\/h5>\n<h5 class=\"uppercase\"><a href=\"https:\/\/dari.shop\/return-policy\/\">R\u00fcckgabepolitik<\/a><\/h5>\n<h5 class=\"uppercase\"><a href=\"https:\/\/dari.shop\/dari-shop-service-agreement-for-sellers-for-platform\/\">Dienstleistungsvertrag f\u00fcr Verk\u00e4ufer<\/a><\/h5>\n\t<div id=\"gap-160692638\" class=\"gap-element clearfix\" style=\"display:block; height:auto;\">\n\t\t\n<style>\n#gap-160692638 {\n  padding-top: 100px;\n}\n<\/style>\n\t<\/div>\n\t\n\n\t<div id=\"gap-348114293\" class=\"gap-element clearfix\" style=\"display:block; height:auto;\">\n\t\t\n<style>\n#gap-348114293 {\n  padding-top: 100px;\n}\n<\/style>\n\t<\/div>\n\t\n\n\n","protected":false},"excerpt":{"rendered":"","protected":false},"author":1,"featured_media":0,"parent":0,"menu_order":0,"comment_status":"closed","ping_status":"closed","template":"page-blank-title-center.php","meta":{"footnotes":""},"class_list":["post-30509","page","type-page","status-publish","hentry"],"yoast_head":"<!-- This site is optimized with the Yoast SEO Premium plugin v22.7 (Yoast SEO v27.4) - https:\/\/yoast.com\/product\/yoast-seo-premium-wordpress\/ -->\n<title>Dokumente &#8902; DARI.Shop<\/title>\n<meta name=\"description\" content=\"Datenschutz ALLGEMEINE GESCH\u00c4FTSBEDINGUNGEN F\u00dcR VERK\u00c4UFER Nutzungsvertrag R\u00fcckgabepolitik Dienstleistungsvertrag f\u00fcr Verk\u00e4ufer\" \/>\n<meta name=\"robots\" content=\"index, follow, max-snippet:-1, max-image-preview:large, max-video-preview:-1\" \/>\n<link rel=\"canonical\" href=\"https:\/\/dari.shop\/de\/dokumente\/\" \/>\n<meta property=\"og:locale\" content=\"de_DE\" \/>\n<meta property=\"og:type\" content=\"article\" \/>\n<meta property=\"og:title\" content=\"Dokumente\" \/>\n<meta property=\"og:description\" content=\"Datenschutz ALLGEMEINE GESCH\u00c4FTSBEDINGUNGEN F\u00dcR VERK\u00c4UFER Nutzungsvertrag R\u00fcckgabepolitik Dienstleistungsvertrag f\u00fcr Verk\u00e4ufer\" \/>\n<meta property=\"og:url\" content=\"https:\/\/dari.shop\/de\/dokumente\/\" \/>\n<meta property=\"og:site_name\" content=\"DARI.Shop\" \/>\n<meta property=\"article:modified_time\" content=\"2024-02-12T14:24:02+00:00\" \/>\n<meta property=\"og:image\" content=\"https:\/\/dari.shop\/wp-content\/uploads\/2018\/01\/logo-dari.shop_-1.gif\" \/>\n\t<meta property=\"og:image:width\" content=\"458\" \/>\n\t<meta property=\"og:image:height\" content=\"107\" \/>\n\t<meta property=\"og:image:type\" content=\"image\/gif\" \/>\n<meta name=\"twitter:card\" content=\"summary_large_image\" \/>\n<script type=\"application\/ld+json\" class=\"yoast-schema-graph\">{\"@context\":\"https:\\\/\\\/schema.org\",\"@graph\":[{\"@type\":\"WebPage\",\"@id\":\"https:\\\/\\\/dari.shop\\\/de\\\/dokumente\\\/\",\"url\":\"https:\\\/\\\/dari.shop\\\/de\\\/dokumente\\\/\",\"name\":\"Dokumente &#8902; DARI.Shop\",\"isPartOf\":{\"@id\":\"https:\\\/\\\/dari.shop\\\/#website\"},\"datePublished\":\"2023-06-10T08:32:25+00:00\",\"dateModified\":\"2024-02-12T14:24:02+00:00\",\"description\":\"Datenschutz ALLGEMEINE GESCH\u00c4FTSBEDINGUNGEN F\u00dcR VERK\u00c4UFER Nutzungsvertrag R\u00fcckgabepolitik Dienstleistungsvertrag f\u00fcr Verk\u00e4ufer\",\"breadcrumb\":{\"@id\":\"https:\\\/\\\/dari.shop\\\/de\\\/dokumente\\\/#breadcrumb\"},\"inLanguage\":\"de\",\"potentialAction\":[{\"@type\":\"ReadAction\",\"target\":[\"https:\\\/\\\/dari.shop\\\/de\\\/dokumente\\\/\"]}]},{\"@type\":\"BreadcrumbList\",\"@id\":\"https:\\\/\\\/dari.shop\\\/de\\\/dokumente\\\/#breadcrumb\",\"itemListElement\":[{\"@type\":\"ListItem\",\"position\":1,\"name\":\"Homepage\",\"item\":\"https:\\\/\\\/dari.shop\\\/de\\\/inspiration\\\/\"},{\"@type\":\"ListItem\",\"position\":2,\"name\":\"Dokumente\"}]},{\"@type\":\"WebSite\",\"@id\":\"https:\\\/\\\/dari.shop\\\/#website\",\"url\":\"https:\\\/\\\/dari.shop\\\/\",\"name\":\"DARI.Shop\",\"description\":\"DARI.Shop. It starts with curiosity...\",\"publisher\":{\"@id\":\"https:\\\/\\\/dari.shop\\\/#organization\"},\"alternateName\":\"Dari Fashion Hub\",\"potentialAction\":[{\"@type\":\"SearchAction\",\"target\":{\"@type\":\"EntryPoint\",\"urlTemplate\":\"https:\\\/\\\/dari.shop\\\/?s={search_term_string}\"},\"query-input\":{\"@type\":\"PropertyValueSpecification\",\"valueRequired\":true,\"valueName\":\"search_term_string\"}}],\"inLanguage\":\"de\"},{\"@type\":\"Organization\",\"@id\":\"https:\\\/\\\/dari.shop\\\/#organization\",\"name\":\"DARI.Shop\",\"alternateName\":\"Dari Fashion Hub\",\"url\":\"https:\\\/\\\/dari.shop\\\/\",\"logo\":{\"@type\":\"ImageObject\",\"inLanguage\":\"de\",\"@id\":\"https:\\\/\\\/dari.shop\\\/#\\\/schema\\\/logo\\\/image\\\/\",\"url\":\"https:\\\/\\\/dari.shop\\\/wp-content\\\/uploads\\\/2018\\\/01\\\/logo-dari.shop_-1.gif\",\"contentUrl\":\"https:\\\/\\\/dari.shop\\\/wp-content\\\/uploads\\\/2018\\\/01\\\/logo-dari.shop_-1.gif\",\"width\":458,\"height\":107,\"caption\":\"DARI.Shop\"},\"image\":{\"@id\":\"https:\\\/\\\/dari.shop\\\/#\\\/schema\\\/logo\\\/image\\\/\"}}]}<\/script>\n<!-- \/ Yoast SEO Premium plugin. -->","yoast_head_json":{"title":"Dokumente &#8902; DARI.Shop","description":"Datenschutz ALLGEMEINE GESCH\u00c4FTSBEDINGUNGEN F\u00dcR VERK\u00c4UFER Nutzungsvertrag R\u00fcckgabepolitik Dienstleistungsvertrag f\u00fcr Verk\u00e4ufer","robots":{"index":"index","follow":"follow","max-snippet":"max-snippet:-1","max-image-preview":"max-image-preview:large","max-video-preview":"max-video-preview:-1"},"canonical":"https:\/\/dari.shop\/de\/dokumente\/","og_locale":"de_DE","og_type":"article","og_title":"Dokumente","og_description":"Datenschutz ALLGEMEINE GESCH\u00c4FTSBEDINGUNGEN F\u00dcR VERK\u00c4UFER Nutzungsvertrag R\u00fcckgabepolitik Dienstleistungsvertrag f\u00fcr Verk\u00e4ufer","og_url":"https:\/\/dari.shop\/de\/dokumente\/","og_site_name":"DARI.Shop","article_modified_time":"2024-02-12T14:24:02+00:00","og_image":[{"width":458,"height":107,"url":"https:\/\/dari.shop\/wp-content\/uploads\/2018\/01\/logo-dari.shop_-1.gif","type":"image\/gif"}],"twitter_card":"summary_large_image","schema":{"@context":"https:\/\/schema.org","@graph":[{"@type":"WebPage","@id":"https:\/\/dari.shop\/de\/dokumente\/","url":"https:\/\/dari.shop\/de\/dokumente\/","name":"Dokumente &#8902; DARI.Shop","isPartOf":{"@id":"https:\/\/dari.shop\/#website"},"datePublished":"2023-06-10T08:32:25+00:00","dateModified":"2024-02-12T14:24:02+00:00","description":"Datenschutz ALLGEMEINE GESCH\u00c4FTSBEDINGUNGEN F\u00dcR VERK\u00c4UFER Nutzungsvertrag R\u00fcckgabepolitik Dienstleistungsvertrag f\u00fcr Verk\u00e4ufer","breadcrumb":{"@id":"https:\/\/dari.shop\/de\/dokumente\/#breadcrumb"},"inLanguage":"de","potentialAction":[{"@type":"ReadAction","target":["https:\/\/dari.shop\/de\/dokumente\/"]}]},{"@type":"BreadcrumbList","@id":"https:\/\/dari.shop\/de\/dokumente\/#breadcrumb","itemListElement":[{"@type":"ListItem","position":1,"name":"Homepage","item":"https:\/\/dari.shop\/de\/inspiration\/"},{"@type":"ListItem","position":2,"name":"Dokumente"}]},{"@type":"WebSite","@id":"https:\/\/dari.shop\/#website","url":"https:\/\/dari.shop\/","name":"DARI.Shop","description":"DARI.Shop. It starts with curiosity...","publisher":{"@id":"https:\/\/dari.shop\/#organization"},"alternateName":"Dari Fashion Hub","potentialAction":[{"@type":"SearchAction","target":{"@type":"EntryPoint","urlTemplate":"https:\/\/dari.shop\/?s={search_term_string}"},"query-input":{"@type":"PropertyValueSpecification","valueRequired":true,"valueName":"search_term_string"}}],"inLanguage":"de"},{"@type":"Organization","@id":"https:\/\/dari.shop\/#organization","name":"DARI.Shop","alternateName":"Dari Fashion Hub","url":"https:\/\/dari.shop\/","logo":{"@type":"ImageObject","inLanguage":"de","@id":"https:\/\/dari.shop\/#\/schema\/logo\/image\/","url":"https:\/\/dari.shop\/wp-content\/uploads\/2018\/01\/logo-dari.shop_-1.gif","contentUrl":"https:\/\/dari.shop\/wp-content\/uploads\/2018\/01\/logo-dari.shop_-1.gif","width":458,"height":107,"caption":"DARI.Shop"},"image":{"@id":"https:\/\/dari.shop\/#\/schema\/logo\/image\/"}}]}},"_links":{"self":[{"href":"https:\/\/dari.shop\/de\/wp-json\/wp\/v2\/pages\/30509","targetHints":{"allow":["GET"]}}],"collection":[{"href":"https:\/\/dari.shop\/de\/wp-json\/wp\/v2\/pages"}],"about":[{"href":"https:\/\/dari.shop\/de\/wp-json\/wp\/v2\/types\/page"}],"author":[{"embeddable":true,"href":"https:\/\/dari.shop\/de\/wp-json\/wp\/v2\/users\/1"}],"replies":[{"embeddable":true,"href":"https:\/\/dari.shop\/de\/wp-json\/wp\/v2\/comments?post=30509"}],"version-history":[{"count":1,"href":"https:\/\/dari.shop\/de\/wp-json\/wp\/v2\/pages\/30509\/revisions"}],"predecessor-version":[{"id":30510,"href":"https:\/\/dari.shop\/de\/wp-json\/wp\/v2\/pages\/30509\/revisions\/30510"}],"wp:attachment":[{"href":"https:\/\/dari.shop\/de\/wp-json\/wp\/v2\/media?parent=30509"}],"curies":[{"name":"wp","href":"https:\/\/api.w.org\/{rel}","templated":true}]}}