{"id":32902,"date":"2023-06-13T12:53:12","date_gmt":"2023-06-13T10:53:12","guid":{"rendered":"https:\/\/dari.shop\/rueckgabe-politik\/"},"modified":"2025-08-28T10:03:04","modified_gmt":"2025-08-28T08:03:04","slug":"rueckgabe-politik","status":"publish","type":"page","link":"https:\/\/dari.shop\/de\/rueckgabe-politik\/","title":{"rendered":"R\u00fcckgabe Politik"},"content":{"rendered":"\n<h2 class=\"wp-block-heading\" id=\"h-dari-shop-return-policy\"><strong>Dari.Shop R\u00fcckgabe Politik<\/strong><\/h2>\n\n<p>Zuletzt aktualisiert am: 02.06.2022<\/p>\n\n<p>Auf Dari. Shop, wir haben Stolz auf die Qualit\u00e4t der der Produkte unserer unabh\u00e4ngigen Verk\u00e4ufer Angebote und wir wollen dassSie zu vollkommen zufrieden sind mit Ihrem Kauf. Wenn aus einem Grund Sie nicht zufrieden sind, bieten wirein 30-Tage R\u00fcckgaberecht an. <\/p>\n\n<p><strong>Zur\u00fcckgeben eines Artikels<\/strong><\/p>\n\n<p><strong>Zul\u00e4ssigkeit<\/strong>: <\/p>\n\n<p><em>R\u00fcckgabe Zeitraum<\/em>: Alle Artikel gekauft auf Dari.Shop m\u00fcssen veranlasst werden zur R\u00fcckgabe innerhalb 30 Tagen nach R\u00fcckerhalt. Das Datum am die Lieferung Rekord ist der Beginn von dieser Frist. R\u00fccksendungen die nach diesem Zeitraum werden nicht be akzeptiert.  <\/p>\n\n<p><em>Zustand der Artikel<\/em>: Um berechtigt zu sein f\u00fcr eine R\u00fcckgabe, Gegenst\u00e4nde m\u00fcssen in dem gleichem Zustand wie sie erhalten sind. Sie m\u00fcssen ungetragen, ungewaschen, und unbesch\u00e4digt sein. Bitte Versichern Sie dass der Artikel nicht gewesen ist gebraucht oder getragen und ist ohne beliebige Flecken, Risse, oder irgendeine andere Form von Sch\u00e4den.  <\/p>\n\n<p><em>Original Verpackung und Anh\u00e4nger<\/em>: Alle Gegenst\u00e4nde m\u00fcssen zur\u00fcckgegeben werden mit der Originalverpackung und den unversehrten Tags. Die Verpackung sollte nicht besch\u00e4digt sein. Bitte sicherstellen Tags haben nicht gewesen entfernt. F\u00fcr Artikel wo die Verpackung formt Teil von dem Produkt (wie Kartonagen Artikel, oder Waren mit Einzelhandelsverpackung), Besch\u00e4digung an oder Fehlen von der Verpackung kann die den Gegenstand unzul\u00e4ssig zur R\u00fcckgabe machen.   <\/p>\n\n<p><em>Dokumentation: <\/em>Bitte legen Sie der R\u00fccksendung alle Originaldokumente wie Quittungen oder Kaufbelege bei. Artikel, die ohne ordnungsgem\u00e4\u00dfe Originaldokumentation zur\u00fcckgesandt werden, k\u00f6nnen sich in der Bearbeitung verz\u00f6gern oder m\u00f6glicherweise nicht zur\u00fcckgegeben werden. <\/p>\n\n<p><em>\u00dcberpr\u00fcfung<\/em> : Alle zur\u00fcckgegebenen Waren werden einer \u00dcberpr\u00fcfung durch Experten bei Dari unterzogen. Shop oder durch einen unabh\u00e4ngigen Verk\u00e4ufer ( in Abh\u00e4ngigkeit von Umst\u00e4nden ) zur Bestimmung von der Beschaffenheit der Ware. Wenn wird bestimmt , dass die Waren nicht entsprechend ihrem urspr\u00fcnglichen Zustand oder nicht entsprechend Bedingungen zur\u00fcck sind, R\u00fcckgabe kann werden abgelehnt oder m\u00f6glich nur teilweise R\u00fcckgabe von Mitteln . <\/p>\n\n<p>Diese detaillierte Politik ist gestaltet um zu gew\u00e4hrleisten dass unsere unabh\u00e4ngigen Verk\u00e4ufer k\u00f6nnen wieder zur\u00fcckgegebene Artikel f\u00fcr den Verkauf auflisten, und um eine faire und konsistente R\u00fcckgabe Erfahrung f\u00fcr alle Dari zu bieten. Shop Kunden. Wenn Sie etwas haben Bedenken oder Bedenken bez\u00fcglich Ihre F\u00e4higkeit zu erf\u00fcllen diese zur\u00fcckkehren Bedingungen, wir empfehlen dass Sie Kontakt unser Kundenbetreuung Service Team f\u00fcr Unterst\u00fctzung oder Kl\u00e4rung vor der Einleitung Ihrer R\u00fcckgabe. <\/p>\n\n<p><strong>N<\/strong><strong>zur\u00fccknehmbare Artikel<\/strong>:<\/p>\n\n<p>Bestimmte Typen von Gegenst\u00e4nden k\u00f6nnen nicht zur\u00fcckgegeben werden aus Gr\u00fcnden der Hygiene, Sicherheit, und andere \u00dcberlegungen. Nachfolgend sind Kategorien vonnichtzur\u00fcckgebbaren Artikeln: <\/p>\n\n<p><em>Unterw\u00e4sche<\/em>: Aus Gr\u00fcnden der Gesundheit und Hygiene sind alle Verk\u00e4ufe abgeschlossen f\u00fcr Unterw\u00e4sche. Dies umfasst aber ist nicht begrenzt auf Unterw\u00e4sche, BHas, Hosierie, und Lingerie. Bitte \u00fcberpr\u00fcfen Sie Ihre Gr\u00f6\u00dfe und andere \u00dcberlegungen bevor Sie Ihren Kauf abschlie\u00dfen.  <\/p>\n\n<p><em>Schwimmbekleidung<\/em>: Aufgrund der Hygiene und Sicherheit Bedenken, Badebekleidung die gewesen getragen wird, auch wenn nur einmal, kann nicht zur\u00fcckgegeben werden. Badebekleidung muss zur\u00fcckgegeben werden mit der Original Hygiene Liner intakt zu be betrachtet f\u00fcr eine R\u00fcckgabe. <\/p>\n\n<p><em>Ohrringe<\/em>: F\u00fcr Gesundheit und Sicherheit Gr\u00fcnde, Ohrringe f\u00fcr durchstochen Ohren werden als endg\u00fcltig angesehen verkauft und k\u00f6nnen nichtzur\u00fcckgegeben werden. Diese Politik ist Standard bei den meisten H\u00e4ndlern und sch\u00fctzt Kunden vor der \u00dcbertragung von Ohrinfektionen . <\/p>\n\n<p><em>Sonstige Hygieneempfindliche Artikel<\/em>: Einige Artikel k\u00f6nnen an sich nicht zur\u00fcckgenommen werden aus Gr\u00fcnden der Hygiene Bedenken, auch wenn nicht besonders erw\u00e4hnt oben. Dies umfasst, aber ist nicht begrenzt auf, Sch\u00f6nheits- Produkte, Kosmetik, pers\u00f6nliche Pflege Artikel, und bestimmte Gesundheit und Wellness Produkte. <\/p>\n\n<p>Wir ermutigen Sie zueiner Bewertung des Produktes zur\u00fcckhaltend sorgf\u00e4ltig und zu kontaktieren den Verk\u00e4ufer wenn Sie Fragen haben Fragen oder Bedenken voreinem Kauf. <\/p>\n\n<p>Bitte erinnern, Gesundheit und Sicherheit Vorschriften und das Wohl von unseren Kunden sind von gr\u00f6\u00dfter Wichtigkeit f\u00fcr uns. Diese Politik hilft zu gew\u00e4hrleisten dass alle Produkte verkauft auf unserer Plattform erf\u00fcllen strenge Gesundheits und Sicherheit Standards. Wir sch\u00e4tzen Ihr Verst\u00e4ndnis und Zusammenarbeit in dieser Angelegenheit.  <\/p>\n\n<p><strong>R\u00fcckgabeprozess:<\/strong><\/p>\n\n<p>Der R\u00fcckgabe Prozess bei Dari. Shop ist gestrafft worden um einfach zu seinund effizient wie m\u00f6glich. Bitte befolgen die Schritte unten um eine R\u00fcckgabe einzuleiten: <\/p>\n\n<p><em>Einloggen<\/em>: Signieren in Ihr Dari.Shop Konto mit Ihrer registrierten E-Mail Adresse und Passwort.<\/p>\n\n<p><em>Navigieren zu Bestellungen<\/em>: Sobald eingeloggt, navigiere zu dem &#8222;Mein Konto&#8220; Dashboard. Von dort, w\u00e4hle den Abschnitt &#8222;Bestellungen&#8220;. Damit werden alle Ihre letzten Bestellungen angezeigt.  <\/p>\n\n<p><em>Ausw\u00e4hlen Bestellung<\/em>: Lokalisieren und Ausw\u00e4hlen die Bestellung die die den\/die Artikeldie Sie w\u00fcnschen zur zur\u00fcckgeben.<\/p>\n\n<p><em>Einleiten R\u00fcckkehr<\/em>: Initiiere die R\u00fcckkehr: In der ausgew\u00e4hlten Bestellung finden Sie die die Option &#8222;Erstellen Tiket&#8220;. Klick auf das. <\/p>\n\n<p><em>R\u00fcckgabegrund<\/em>: Geben Sie in dem sich \u00f6ffnenden Fenster den Grund f\u00fcr die R\u00fcckgabe an, z. B. &#8222;Falsche Gr\u00f6\u00dfe&#8220;, &#8222;Ware nicht wie beschrieben&#8220;, &#8222;Habe meine Meinung ge\u00e4ndert&#8220; usw. Bei einigen Optionen sind zus\u00e4tzliche Informationen erforderlich. Bitte geben Sie so viele Informationen wie m\u00f6glich an, um den R\u00fcckgabeprozess zu beschleunigen.  <\/p>\n\n<p><em>Best\u00e4tigen R\u00fcckgabe Antrag<\/em>: \u00dcberpr\u00fcfen Sie die Informationen zur Verf\u00fcgung gestellt und schicken Ihre R\u00fcckgabe Anfrage.<\/p>\n\n<p><em>R\u00fccksendung<\/em>: Sobald der Verk\u00e4ufer die R\u00fcckgabe best\u00e4tigt, verpacken Sie den Artikel sicher und stellen Sie sicher, dass er die unter &#8222;R\u00fcckgaberecht&#8220; aufgef\u00fchrten Bedingungen erf\u00fcllt. Denken Sie daran, eine Kopie der Versandquittung als Nachweis f\u00fcr die R\u00fccksendung aufzubewahren, bis der R\u00fcckgabeprozess abgeschlossen ist. <\/p>\n\n<p><em>R\u00fcckgabepr\u00fcfung<\/em>: Sobald der zur\u00fcckgesendete Artikel beim unabh\u00e4ngigen H\u00e4ndler eingegangen ist, wird er gepr\u00fcft, um sicherzustellen, dass er den R\u00fcckgabebedingungen entspricht. Die R\u00fccksendung wird dann bearbeitet. <\/p>\n\n<p>Wir Ziel zu machen die R\u00fcckgabe Prozess so nahtlos wie m\u00f6glich um eine positive Erfahrung f\u00fcr unsere Kunden zu gew\u00e4hrleisten.<\/p>\n\n<p><strong>R\u00fcckgabe Versand<\/strong>: <\/p>\n\n<p>Wenn die R\u00fccksendung nicht auf einen Fehler des Verk\u00e4ufers zur\u00fcckzuf\u00fchren ist (z. B. wenn der Artikel defekt war oder nicht der Beschreibung entsprach), muss der K\u00e4ufer die Kosten f\u00fcr die R\u00fccksendung tragen.<\/p>\n\n<p><strong>Erstattungen<\/strong><\/p>\n\n<p>Zeitpunkt der R\u00fcckerstattung: Sobald der Verk\u00e4ufer den zur\u00fcckgegebenen Artikel erh\u00e4lt und best\u00e4tigt, dass er den R\u00fcckgabebedingungen entspricht, wird die R\u00fcckerstattung innerhalb von 7 Werktagen auf Ihre urspr\u00fcngliche Zahlungsmethode ausgestellt.<\/p>\n\n<p>Original Versand Kosten: Bitte beachte dass Original Versandkosten kosten sindnicht erstattungsf\u00e4hig, es sei denn die R\u00fccksendung ist zur auf eine Dari. Shop oder Verk\u00e4ufer Fehler.<\/p>\n\n<p>Teilweise Erstattungen: In F\u00e4llen wenn der zur\u00fcckgegebene Artikel nicht erf\u00fcllt die Bedingungenf\u00fcr R\u00fcckgabe (z.B.. es ist benutzt gewesen, besch\u00e4digt oder fehlt die Originalverpackung), der Verk\u00e4ufer beh\u00e4lt sich das Recht zu anbieten eine teilweise Erstattung. <\/p>\n\n<p><strong>Tauschb\u00f6rsen<\/strong><\/p>\n\n<p>Da auf die Einzigartigkeit der der Artikel verkauft von unabh\u00e4ngigen Verk\u00e4ufern auf Dari. Shop, wir sind unf\u00e4hig zu anbieten umzutauschen. Wir empfehlen die R\u00fcckgabe des Originalartikels f\u00fcr eine Erstattung und eine neue Bestellung f\u00fcr den gew\u00fcnschten Artikel aufgeben. <\/p>\n\n<p><strong>Rechtsstreitigkeiten<\/strong><\/p>\n\n<p>Im Falle einer Streitigkeit wenden Sie sich bitte an unseren Kundendienst, der mit Ihnen und dem Verk\u00e4ufer zusammenarbeiten wird, um das Problem zu l\u00f6sen.<\/p>\n\n<p><strong>Internationale R\u00fccksendungen<\/strong><\/p>\n\n<p>Die internationalen R\u00fcckgaberichtlinien k\u00f6nnen variieren. F\u00fcr weitere Informationen wenden Sie sich bitte an den Verk\u00e4ufer des Produkts oder konsultieren Sie die R\u00fcckgabebestimmungen des jeweiligen Verk\u00e4ufers. <\/p>\n\n<p>Danke Sie f\u00fcr Einkaufen bei Dari.Shop. Wir sch\u00e4tzen Ihr Gesch\u00e4ft und bestreben zu den besten Service m\u00f6glich zu bieten. <\/p>\n\n<p>Diese R\u00fcckgabebestimmungen sind Bestandteil der Nutzungsvereinbarung.<\/p>\n\n<h4 class=\"wp-block-heading\">Kontaktinformationen<\/h4>\n\n<p>Bei Fragen oder Anliegen bez\u00fcglich Ihrer R\u00fccksendung wenden Sie sich bitte \u00fcber unsere Website an unser Kundendienstteam unter <a>https:\/\/dari.shop\/contact<\/a>.<\/p>\n\n<p>Ma\u00dfgeblich ist die englische Fassung dieser Bedingungen und Konditionen; Die \u00dcbersetzungen dienen der Vereinfachung; bei Unstimmigkeiten ist die englische Fassung ma\u00dfgebend.<\/p>\n","protected":false},"excerpt":{"rendered":"<p>Dari.Shop R\u00fcckgabe Politik Zuletzt aktualisiert am: 02.06.2022 Auf Dari. Shop, wir haben Stolz auf die Qualit\u00e4t der der Produkte unserer unabh\u00e4ngigen Verk\u00e4ufer Angebote und wir wollen dassSie zu vollkommen zufrieden sind mit Ihrem Kauf. Wenn aus einem Grund Sie nicht zufrieden sind, bieten wirein 30-Tage R\u00fcckgaberecht an. Zur\u00fcckgeben eines Artikels Zul\u00e4ssigkeit: R\u00fcckgabe Zeitraum: Alle Artikel [&#8230;]\n","protected":false},"author":1,"featured_media":0,"parent":0,"menu_order":0,"comment_status":"closed","ping_status":"closed","template":"page-blank-title-center.php","meta":{"footnotes":""},"class_list":["post-32902","page","type-page","status-publish","hentry"],"yoast_head":"<!-- This site is optimized with the Yoast SEO Premium plugin v22.7 (Yoast SEO v27.3) - https:\/\/yoast.com\/product\/yoast-seo-premium-wordpress\/ -->\n<title>R\u00fcckgabe Politik &#8902; DARI.Shop<\/title>\n<meta name=\"description\" content=\"Dari.Shop R\u00fcckgabe Politik Zuletzt aktualisiert am: 02.06.2022 Auf Dari. Shop, wir haben Stolz auf die Qualit\u00e4t der der Produkte unserer unabh\u00e4ngigen\" \/>\n<meta name=\"robots\" content=\"index, follow, max-snippet:-1, max-image-preview:large, max-video-preview:-1\" \/>\n<link rel=\"canonical\" href=\"https:\/\/dari.shop\/de\/rueckgabe-politik\/\" \/>\n<meta property=\"og:locale\" content=\"de_DE\" \/>\n<meta property=\"og:type\" content=\"article\" \/>\n<meta property=\"og:title\" content=\"R\u00fcckgabe Politik\" \/>\n<meta property=\"og:description\" content=\"Dari.Shop R\u00fcckgabe Politik Zuletzt aktualisiert am: 02.06.2022 Auf Dari. Shop, wir haben Stolz auf die Qualit\u00e4t der der Produkte unserer unabh\u00e4ngigen\" \/>\n<meta property=\"og:url\" content=\"https:\/\/dari.shop\/de\/rueckgabe-politik\/\" \/>\n<meta property=\"og:site_name\" content=\"DARI.Shop\" \/>\n<meta property=\"article:modified_time\" content=\"2025-08-28T08:03:04+00:00\" \/>\n<meta property=\"og:image\" content=\"https:\/\/dari.shop\/wp-content\/uploads\/2018\/01\/logo-dari.shop_-1.gif\" \/>\n\t<meta property=\"og:image:width\" content=\"458\" \/>\n\t<meta property=\"og:image:height\" content=\"107\" \/>\n\t<meta property=\"og:image:type\" content=\"image\/gif\" \/>\n<meta name=\"twitter:card\" content=\"summary_large_image\" \/>\n<meta name=\"twitter:label1\" content=\"Gesch\u00e4tzte Lesezeit\" \/>\n\t<meta name=\"twitter:data1\" content=\"7\u00a0Minuten\" \/>\n<script type=\"application\/ld+json\" class=\"yoast-schema-graph\">{\"@context\":\"https:\\\/\\\/schema.org\",\"@graph\":[{\"@type\":\"WebPage\",\"@id\":\"https:\\\/\\\/dari.shop\\\/de\\\/rueckgabe-politik\\\/\",\"url\":\"https:\\\/\\\/dari.shop\\\/de\\\/rueckgabe-politik\\\/\",\"name\":\"R\u00fcckgabe Politik &#8902; DARI.Shop\",\"isPartOf\":{\"@id\":\"https:\\\/\\\/dari.shop\\\/#website\"},\"datePublished\":\"2023-06-13T10:53:12+00:00\",\"dateModified\":\"2025-08-28T08:03:04+00:00\",\"description\":\"Dari.Shop R\u00fcckgabe Politik Zuletzt aktualisiert am: 02.06.2022 Auf Dari. Shop, wir haben Stolz auf die Qualit\u00e4t der der Produkte unserer unabh\u00e4ngigen\",\"breadcrumb\":{\"@id\":\"https:\\\/\\\/dari.shop\\\/de\\\/rueckgabe-politik\\\/#breadcrumb\"},\"inLanguage\":\"de\",\"potentialAction\":[{\"@type\":\"ReadAction\",\"target\":[\"https:\\\/\\\/dari.shop\\\/de\\\/rueckgabe-politik\\\/\"]}]},{\"@type\":\"BreadcrumbList\",\"@id\":\"https:\\\/\\\/dari.shop\\\/de\\\/rueckgabe-politik\\\/#breadcrumb\",\"itemListElement\":[{\"@type\":\"ListItem\",\"position\":1,\"name\":\"Homepage\",\"item\":\"https:\\\/\\\/dari.shop\\\/de\\\/inspiration\\\/\"},{\"@type\":\"ListItem\",\"position\":2,\"name\":\"R\u00fcckgabe Politik\"}]},{\"@type\":\"WebSite\",\"@id\":\"https:\\\/\\\/dari.shop\\\/#website\",\"url\":\"https:\\\/\\\/dari.shop\\\/\",\"name\":\"DARI.Shop\",\"description\":\"DARI.Shop. It starts with curiosity...\",\"publisher\":{\"@id\":\"https:\\\/\\\/dari.shop\\\/#organization\"},\"alternateName\":\"Dari Fashion Hub\",\"potentialAction\":[{\"@type\":\"SearchAction\",\"target\":{\"@type\":\"EntryPoint\",\"urlTemplate\":\"https:\\\/\\\/dari.shop\\\/?s={search_term_string}\"},\"query-input\":{\"@type\":\"PropertyValueSpecification\",\"valueRequired\":true,\"valueName\":\"search_term_string\"}}],\"inLanguage\":\"de\"},{\"@type\":\"Organization\",\"@id\":\"https:\\\/\\\/dari.shop\\\/#organization\",\"name\":\"DARI.Shop\",\"alternateName\":\"Dari Fashion Hub\",\"url\":\"https:\\\/\\\/dari.shop\\\/\",\"logo\":{\"@type\":\"ImageObject\",\"inLanguage\":\"de\",\"@id\":\"https:\\\/\\\/dari.shop\\\/#\\\/schema\\\/logo\\\/image\\\/\",\"url\":\"https:\\\/\\\/dari.shop\\\/wp-content\\\/uploads\\\/2018\\\/01\\\/logo-dari.shop_-1.gif\",\"contentUrl\":\"https:\\\/\\\/dari.shop\\\/wp-content\\\/uploads\\\/2018\\\/01\\\/logo-dari.shop_-1.gif\",\"width\":458,\"height\":107,\"caption\":\"DARI.Shop\"},\"image\":{\"@id\":\"https:\\\/\\\/dari.shop\\\/#\\\/schema\\\/logo\\\/image\\\/\"}}]}<\/script>\n<!-- \/ Yoast SEO Premium plugin. -->","yoast_head_json":{"title":"R\u00fcckgabe Politik &#8902; DARI.Shop","description":"Dari.Shop R\u00fcckgabe Politik Zuletzt aktualisiert am: 02.06.2022 Auf Dari. Shop, wir haben Stolz auf die Qualit\u00e4t der der Produkte unserer unabh\u00e4ngigen","robots":{"index":"index","follow":"follow","max-snippet":"max-snippet:-1","max-image-preview":"max-image-preview:large","max-video-preview":"max-video-preview:-1"},"canonical":"https:\/\/dari.shop\/de\/rueckgabe-politik\/","og_locale":"de_DE","og_type":"article","og_title":"R\u00fcckgabe Politik","og_description":"Dari.Shop R\u00fcckgabe Politik Zuletzt aktualisiert am: 02.06.2022 Auf Dari. Shop, wir haben Stolz auf die Qualit\u00e4t der der Produkte unserer unabh\u00e4ngigen","og_url":"https:\/\/dari.shop\/de\/rueckgabe-politik\/","og_site_name":"DARI.Shop","article_modified_time":"2025-08-28T08:03:04+00:00","og_image":[{"width":458,"height":107,"url":"https:\/\/dari.shop\/wp-content\/uploads\/2018\/01\/logo-dari.shop_-1.gif","type":"image\/gif"}],"twitter_card":"summary_large_image","twitter_misc":{"Gesch\u00e4tzte Lesezeit":"7\u00a0Minuten"},"schema":{"@context":"https:\/\/schema.org","@graph":[{"@type":"WebPage","@id":"https:\/\/dari.shop\/de\/rueckgabe-politik\/","url":"https:\/\/dari.shop\/de\/rueckgabe-politik\/","name":"R\u00fcckgabe Politik &#8902; DARI.Shop","isPartOf":{"@id":"https:\/\/dari.shop\/#website"},"datePublished":"2023-06-13T10:53:12+00:00","dateModified":"2025-08-28T08:03:04+00:00","description":"Dari.Shop R\u00fcckgabe Politik Zuletzt aktualisiert am: 02.06.2022 Auf Dari. Shop, wir haben Stolz auf die Qualit\u00e4t der der Produkte unserer unabh\u00e4ngigen","breadcrumb":{"@id":"https:\/\/dari.shop\/de\/rueckgabe-politik\/#breadcrumb"},"inLanguage":"de","potentialAction":[{"@type":"ReadAction","target":["https:\/\/dari.shop\/de\/rueckgabe-politik\/"]}]},{"@type":"BreadcrumbList","@id":"https:\/\/dari.shop\/de\/rueckgabe-politik\/#breadcrumb","itemListElement":[{"@type":"ListItem","position":1,"name":"Homepage","item":"https:\/\/dari.shop\/de\/inspiration\/"},{"@type":"ListItem","position":2,"name":"R\u00fcckgabe Politik"}]},{"@type":"WebSite","@id":"https:\/\/dari.shop\/#website","url":"https:\/\/dari.shop\/","name":"DARI.Shop","description":"DARI.Shop. It starts with curiosity...","publisher":{"@id":"https:\/\/dari.shop\/#organization"},"alternateName":"Dari Fashion Hub","potentialAction":[{"@type":"SearchAction","target":{"@type":"EntryPoint","urlTemplate":"https:\/\/dari.shop\/?s={search_term_string}"},"query-input":{"@type":"PropertyValueSpecification","valueRequired":true,"valueName":"search_term_string"}}],"inLanguage":"de"},{"@type":"Organization","@id":"https:\/\/dari.shop\/#organization","name":"DARI.Shop","alternateName":"Dari Fashion Hub","url":"https:\/\/dari.shop\/","logo":{"@type":"ImageObject","inLanguage":"de","@id":"https:\/\/dari.shop\/#\/schema\/logo\/image\/","url":"https:\/\/dari.shop\/wp-content\/uploads\/2018\/01\/logo-dari.shop_-1.gif","contentUrl":"https:\/\/dari.shop\/wp-content\/uploads\/2018\/01\/logo-dari.shop_-1.gif","width":458,"height":107,"caption":"DARI.Shop"},"image":{"@id":"https:\/\/dari.shop\/#\/schema\/logo\/image\/"}}]}},"_links":{"self":[{"href":"https:\/\/dari.shop\/de\/wp-json\/wp\/v2\/pages\/32902","targetHints":{"allow":["GET"]}}],"collection":[{"href":"https:\/\/dari.shop\/de\/wp-json\/wp\/v2\/pages"}],"about":[{"href":"https:\/\/dari.shop\/de\/wp-json\/wp\/v2\/types\/page"}],"author":[{"embeddable":true,"href":"https:\/\/dari.shop\/de\/wp-json\/wp\/v2\/users\/1"}],"replies":[{"embeddable":true,"href":"https:\/\/dari.shop\/de\/wp-json\/wp\/v2\/comments?post=32902"}],"version-history":[{"count":1,"href":"https:\/\/dari.shop\/de\/wp-json\/wp\/v2\/pages\/32902\/revisions"}],"predecessor-version":[{"id":32903,"href":"https:\/\/dari.shop\/de\/wp-json\/wp\/v2\/pages\/32902\/revisions\/32903"}],"wp:attachment":[{"href":"https:\/\/dari.shop\/de\/wp-json\/wp\/v2\/media?parent=32902"}],"curies":[{"name":"wp","href":"https:\/\/api.w.org\/{rel}","templated":true}]}}