{"id":13573,"date":"2023-03-26T12:18:54","date_gmt":"2023-03-26T10:18:54","guid":{"rendered":"https:\/\/dari.shop\/?post_type=product&#038;p=13573"},"modified":"2026-01-14T03:36:27","modified_gmt":"2026-01-14T02:36:27","slug":"jersey-blazer-demo-artikel","status":"publish","type":"product","link":"https:\/\/dari.shop\/de\/geschaft\/man\/herrenbekleidung\/pullover-fuer-maenner\/jersey-blazer-demo-artikel\/","title":{"rendered":"Herren Jersey-Blazer in Wei\u00df"},"content":{"rendered":"<p>Dieser wei\u00dfe Herrenblazer besteht aus weichem, leicht elastischem Jersey, das sich mit Ihnen bewegt und ganzt\u00e4gigen Tragekomfort bietet. Die klare, klassische Silhouette wirkt gepflegt, beh\u00e4lt aber die entspannte Haptik von Strickwaren bei.<\/p>\n<p>Ob im B\u00fcro oder am Wochenende: Der Blazer l\u00e4sst sich m\u00fchelos mit Chinos, Jeans oder Anzughosen kombinieren. Die neutrale wei\u00dfe Farbe und die dezente Verarbeitung sind eine einfache M\u00f6glichkeit, casual Outfits stilvoll aufzuwerten \u2013 ganz ohne Komforteinbu\u00dfen.<\/p>\n<p>Merkmale:<br \/>\n&#8211; Weicher, elastischer Jerseystoff f\u00fcr Stretch und Tragekomfort<br \/>\n&#8211; Klassisches Blazer-Design mit entspanntem, leichtem Sitz<br \/>\n&#8211; Vielseitiges Wei\u00df, passend zu verschiedenen Looks<br \/>\n&#8211; Leichte Konstruktion ideal zum Schichten<\/p>\n","protected":false},"excerpt":{"rendered":"<p>Weicher, elastischer Jersey-Blazer in klarem Wei\u00df \u2013 entwickelt f\u00fcr Komfort im Alltag und l\u00e4ssig-elegante Smart-Casual-Outfits. Leicht und atmungsaktiv, l\u00e4sst sich problemlos \u00fcber Hemden oder T\u2011Shirts tragen.<\/p>\n","protected":false},"featured_media":13574,"comment_status":"open","ping_status":"closed","template":"","meta":[],"product_brand":[],"product_cat":[3636],"product_tag":[],"class_list":{"0":"post-13573","1":"product","2":"type-product","3":"status-publish","4":"has-post-thumbnail","6":"product_cat-pullover-fuer-maenner","7":"product_shipping_class-1-kg-de","9":"first","10":"instock","11":"shipping-taxable","12":"purchasable","13":"product-type-variable"},"yoast_head":"<!-- This site is optimized with the Yoast SEO Premium plugin v22.7 (Yoast SEO v27.3) - https:\/\/yoast.com\/product\/yoast-seo-premium-wordpress\/ -->\n<title>Herren Jersey-Blazer in Wei\u00df | Weicher Stretch<\/title>\n<meta name=\"description\" content=\"Klarer wei\u00dfer Jersey-Blazer f\u00fcr Herren mit weichem, leicht elastischem Stoff \u2013 f\u00fcr bequeme Smart-Casual-Looks. Leicht und einfach zum Schichten f\u00fcr den Alltag.\" \/>\n<meta name=\"robots\" content=\"index, follow, max-snippet:-1, max-image-preview:large, max-video-preview:-1\" \/>\n<link rel=\"canonical\" href=\"https:\/\/dari.shop\/it\/geschaft\/uomo\/abbigliamento-da-uomo\/maglioni-da-uomo\/jersey-blezer-demo-aru\/\" \/>\n<meta property=\"og:locale\" content=\"de_DE\" \/>\n<meta property=\"og:type\" content=\"article\" \/>\n<meta property=\"og:title\" content=\"Herren Jersey-Blazer in Wei\u00df\" \/>\n<meta property=\"og:description\" content=\"Klarer wei\u00dfer Jersey-Blazer f\u00fcr Herren mit weichem, leicht elastischem Stoff \u2013 f\u00fcr bequeme Smart-Casual-Looks. Leicht und einfach zum Schichten f\u00fcr den Alltag.\" \/>\n<meta property=\"og:url\" content=\"https:\/\/dari.shop\/it\/geschaft\/uomo\/abbigliamento-da-uomo\/maglioni-da-uomo\/jersey-blezer-demo-aru\/\" \/>\n<meta property=\"og:site_name\" content=\"DARI.Shop\" \/>\n<meta property=\"article:modified_time\" content=\"2026-01-14T02:36:27+00:00\" \/>\n<meta property=\"og:image\" content=\"https:\/\/dari.shop\/wp-content\/uploads\/2023\/03\/RTLACG350501_18816612_2_v1_2x.jpg\" \/>\n\t<meta property=\"og:image:width\" content=\"600\" \/>\n\t<meta property=\"og:image:height\" content=\"866\" \/>\n\t<meta property=\"og:image:type\" content=\"image\/jpeg\" \/>\n<meta name=\"twitter:card\" content=\"summary_large_image\" \/>\n<meta name=\"twitter:label1\" content=\"Verf\u00fcgbarkeit\" \/>\n\t<meta name=\"twitter:data1\" content=\"Auf Lager\" \/>\n<script type=\"application\/ld+json\" class=\"yoast-schema-graph\">{\"@context\":\"https:\\\/\\\/schema.org\",\"@graph\":[{\"@type\":\"WebPage\",\"@id\":\"https:\\\/\\\/dari.shop\\\/it\\\/geschaft\\\/uomo\\\/abbigliamento-da-uomo\\\/maglioni-da-uomo\\\/jersey-blezer-demo-aru\\\/\",\"url\":\"https:\\\/\\\/dari.shop\\\/it\\\/geschaft\\\/uomo\\\/abbigliamento-da-uomo\\\/maglioni-da-uomo\\\/jersey-blezer-demo-aru\\\/\",\"name\":\"Herren Jersey-Blazer in Wei\u00df | Weicher Stretch\",\"isPartOf\":{\"@id\":\"https:\\\/\\\/dari.shop\\\/#website\"},\"primaryImageOfPage\":{\"@id\":\"https:\\\/\\\/dari.shop\\\/it\\\/geschaft\\\/uomo\\\/abbigliamento-da-uomo\\\/maglioni-da-uomo\\\/jersey-blezer-demo-aru\\\/#primaryimage\"},\"image\":{\"@id\":\"https:\\\/\\\/dari.shop\\\/it\\\/geschaft\\\/uomo\\\/abbigliamento-da-uomo\\\/maglioni-da-uomo\\\/jersey-blezer-demo-aru\\\/#primaryimage\"},\"thumbnailUrl\":\"https:\\\/\\\/dari.shop\\\/wp-content\\\/uploads\\\/2023\\\/03\\\/RTLACG350501_18816612_2_v1_2x.jpg\",\"datePublished\":\"2023-03-26T10:18:54+00:00\",\"dateModified\":\"2026-01-14T02:36:27+00:00\",\"description\":\"Klarer wei\u00dfer Jersey-Blazer f\u00fcr Herren mit weichem, leicht elastischem Stoff \u2013 f\u00fcr bequeme Smart-Casual-Looks. Leicht und einfach zum Schichten f\u00fcr den Alltag.\",\"breadcrumb\":{\"@id\":\"https:\\\/\\\/dari.shop\\\/it\\\/geschaft\\\/uomo\\\/abbigliamento-da-uomo\\\/maglioni-da-uomo\\\/jersey-blezer-demo-aru\\\/#breadcrumb\"},\"inLanguage\":\"de\",\"potentialAction\":[{\"@type\":\"ReadAction\",\"target\":[\"https:\\\/\\\/dari.shop\\\/it\\\/geschaft\\\/uomo\\\/abbigliamento-da-uomo\\\/maglioni-da-uomo\\\/jersey-blezer-demo-aru\\\/\"]}]},{\"@type\":\"ImageObject\",\"inLanguage\":\"de\",\"@id\":\"https:\\\/\\\/dari.shop\\\/it\\\/geschaft\\\/uomo\\\/abbigliamento-da-uomo\\\/maglioni-da-uomo\\\/jersey-blezer-demo-aru\\\/#primaryimage\",\"url\":\"https:\\\/\\\/dari.shop\\\/wp-content\\\/uploads\\\/2023\\\/03\\\/RTLACG350501_18816612_2_v1_2x.jpg\",\"contentUrl\":\"https:\\\/\\\/dari.shop\\\/wp-content\\\/uploads\\\/2023\\\/03\\\/RTLACG350501_18816612_2_v1_2x.jpg\",\"width\":600,\"height\":866,\"caption\":\"Herren-Jersey-Blazer in Wei\u00df aus weichem Stretch-Jersey\"},{\"@type\":\"BreadcrumbList\",\"@id\":\"https:\\\/\\\/dari.shop\\\/it\\\/geschaft\\\/uomo\\\/abbigliamento-da-uomo\\\/maglioni-da-uomo\\\/jersey-blezer-demo-aru\\\/#breadcrumb\",\"itemListElement\":[{\"@type\":\"ListItem\",\"position\":1,\"name\":\"Homepage\",\"item\":\"https:\\\/\\\/dari.shop\\\/de\\\/inspiration\\\/\"},{\"@type\":\"ListItem\",\"position\":2,\"name\":\"Marketplace\",\"item\":\"https:\\\/\\\/dari.shop\\\/marketplace\\\/\"},{\"@type\":\"ListItem\",\"position\":3,\"name\":\"Uomo\",\"item\":\"https:\\\/\\\/dari.shop\\\/it\\\/categoria-di-prodotto\\\/uomo\\\/\"},{\"@type\":\"ListItem\",\"position\":4,\"name\":\"Abbigliamento da uomo\",\"item\":\"https:\\\/\\\/dari.shop\\\/it\\\/categoria-di-prodotto\\\/uomo\\\/abbigliamento-da-uomo\\\/\"},{\"@type\":\"ListItem\",\"position\":5,\"name\":\"Maglioni da uomo\",\"item\":\"https:\\\/\\\/dari.shop\\\/it\\\/categoria-di-prodotto\\\/uomo\\\/abbigliamento-da-uomo\\\/maglioni-da-uomo\\\/\"},{\"@type\":\"ListItem\",\"position\":6,\"name\":\"Herren Jersey-Blazer in Wei\u00df\"}]},{\"@type\":\"WebSite\",\"@id\":\"https:\\\/\\\/dari.shop\\\/#website\",\"url\":\"https:\\\/\\\/dari.shop\\\/\",\"name\":\"DARI.Shop\",\"description\":\"DARI.Shop. It starts with curiosity...\",\"publisher\":{\"@id\":\"https:\\\/\\\/dari.shop\\\/#organization\"},\"alternateName\":\"Dari Fashion Hub\",\"potentialAction\":[{\"@type\":\"SearchAction\",\"target\":{\"@type\":\"EntryPoint\",\"urlTemplate\":\"https:\\\/\\\/dari.shop\\\/?s={search_term_string}\"},\"query-input\":{\"@type\":\"PropertyValueSpecification\",\"valueRequired\":true,\"valueName\":\"search_term_string\"}}],\"inLanguage\":\"de\"},{\"@type\":\"Organization\",\"@id\":\"https:\\\/\\\/dari.shop\\\/#organization\",\"name\":\"DARI.Shop\",\"alternateName\":\"Dari Fashion Hub\",\"url\":\"https:\\\/\\\/dari.shop\\\/\",\"logo\":{\"@type\":\"ImageObject\",\"inLanguage\":\"de\",\"@id\":\"https:\\\/\\\/dari.shop\\\/#\\\/schema\\\/logo\\\/image\\\/\",\"url\":\"https:\\\/\\\/dari.shop\\\/wp-content\\\/uploads\\\/2018\\\/01\\\/logo-dari.shop_-1.gif\",\"contentUrl\":\"https:\\\/\\\/dari.shop\\\/wp-content\\\/uploads\\\/2018\\\/01\\\/logo-dari.shop_-1.gif\",\"width\":458,\"height\":107,\"caption\":\"DARI.Shop\"},\"image\":{\"@id\":\"https:\\\/\\\/dari.shop\\\/#\\\/schema\\\/logo\\\/image\\\/\"}}]}<\/script>\n<meta property=\"og:availability\" content=\"instock\" \/>\n<meta property=\"product:availability\" content=\"instock\" \/>\n<meta property=\"product:retailer_item_id\" content=\"ma562467\" \/>\n<meta property=\"product:condition\" content=\"new\" \/>\n<!-- \/ Yoast SEO Premium plugin. -->","yoast_head_json":{"title":"Herren Jersey-Blazer in Wei\u00df | Weicher Stretch","description":"Klarer wei\u00dfer Jersey-Blazer f\u00fcr Herren mit weichem, leicht elastischem Stoff \u2013 f\u00fcr bequeme Smart-Casual-Looks. Leicht und einfach zum Schichten f\u00fcr den Alltag.","robots":{"index":"index","follow":"follow","max-snippet":"max-snippet:-1","max-image-preview":"max-image-preview:large","max-video-preview":"max-video-preview:-1"},"canonical":"https:\/\/dari.shop\/it\/geschaft\/uomo\/abbigliamento-da-uomo\/maglioni-da-uomo\/jersey-blezer-demo-aru\/","og_locale":"de_DE","og_type":"article","og_title":"Herren Jersey-Blazer in Wei\u00df","og_description":"Klarer wei\u00dfer Jersey-Blazer f\u00fcr Herren mit weichem, leicht elastischem Stoff \u2013 f\u00fcr bequeme Smart-Casual-Looks. Leicht und einfach zum Schichten f\u00fcr den Alltag.","og_url":"https:\/\/dari.shop\/it\/geschaft\/uomo\/abbigliamento-da-uomo\/maglioni-da-uomo\/jersey-blezer-demo-aru\/","og_site_name":"DARI.Shop","article_modified_time":"2026-01-14T02:36:27+00:00","og_image":[{"width":600,"height":866,"url":"https:\/\/dari.shop\/wp-content\/uploads\/2023\/03\/RTLACG350501_18816612_2_v1_2x.jpg","type":"image\/jpeg"}],"twitter_card":"summary_large_image","twitter_misc":{"Verf\u00fcgbarkeit":"Auf Lager"},"schema":{"@context":"https:\/\/schema.org","@graph":[{"@type":"WebPage","@id":"https:\/\/dari.shop\/it\/geschaft\/uomo\/abbigliamento-da-uomo\/maglioni-da-uomo\/jersey-blezer-demo-aru\/","url":"https:\/\/dari.shop\/it\/geschaft\/uomo\/abbigliamento-da-uomo\/maglioni-da-uomo\/jersey-blezer-demo-aru\/","name":"Herren Jersey-Blazer in Wei\u00df | Weicher Stretch","isPartOf":{"@id":"https:\/\/dari.shop\/#website"},"primaryImageOfPage":{"@id":"https:\/\/dari.shop\/it\/geschaft\/uomo\/abbigliamento-da-uomo\/maglioni-da-uomo\/jersey-blezer-demo-aru\/#primaryimage"},"image":{"@id":"https:\/\/dari.shop\/it\/geschaft\/uomo\/abbigliamento-da-uomo\/maglioni-da-uomo\/jersey-blezer-demo-aru\/#primaryimage"},"thumbnailUrl":"https:\/\/dari.shop\/wp-content\/uploads\/2023\/03\/RTLACG350501_18816612_2_v1_2x.jpg","datePublished":"2023-03-26T10:18:54+00:00","dateModified":"2026-01-14T02:36:27+00:00","description":"Klarer wei\u00dfer Jersey-Blazer f\u00fcr Herren mit weichem, leicht elastischem Stoff \u2013 f\u00fcr bequeme Smart-Casual-Looks. Leicht und einfach zum Schichten f\u00fcr den Alltag.","breadcrumb":{"@id":"https:\/\/dari.shop\/it\/geschaft\/uomo\/abbigliamento-da-uomo\/maglioni-da-uomo\/jersey-blezer-demo-aru\/#breadcrumb"},"inLanguage":"de","potentialAction":[{"@type":"ReadAction","target":["https:\/\/dari.shop\/it\/geschaft\/uomo\/abbigliamento-da-uomo\/maglioni-da-uomo\/jersey-blezer-demo-aru\/"]}]},{"@type":"ImageObject","inLanguage":"de","@id":"https:\/\/dari.shop\/it\/geschaft\/uomo\/abbigliamento-da-uomo\/maglioni-da-uomo\/jersey-blezer-demo-aru\/#primaryimage","url":"https:\/\/dari.shop\/wp-content\/uploads\/2023\/03\/RTLACG350501_18816612_2_v1_2x.jpg","contentUrl":"https:\/\/dari.shop\/wp-content\/uploads\/2023\/03\/RTLACG350501_18816612_2_v1_2x.jpg","width":600,"height":866,"caption":"Herren-Jersey-Blazer in Wei\u00df aus weichem Stretch-Jersey"},{"@type":"BreadcrumbList","@id":"https:\/\/dari.shop\/it\/geschaft\/uomo\/abbigliamento-da-uomo\/maglioni-da-uomo\/jersey-blezer-demo-aru\/#breadcrumb","itemListElement":[{"@type":"ListItem","position":1,"name":"Homepage","item":"https:\/\/dari.shop\/de\/inspiration\/"},{"@type":"ListItem","position":2,"name":"Marketplace","item":"https:\/\/dari.shop\/marketplace\/"},{"@type":"ListItem","position":3,"name":"Uomo","item":"https:\/\/dari.shop\/it\/categoria-di-prodotto\/uomo\/"},{"@type":"ListItem","position":4,"name":"Abbigliamento da uomo","item":"https:\/\/dari.shop\/it\/categoria-di-prodotto\/uomo\/abbigliamento-da-uomo\/"},{"@type":"ListItem","position":5,"name":"Maglioni da uomo","item":"https:\/\/dari.shop\/it\/categoria-di-prodotto\/uomo\/abbigliamento-da-uomo\/maglioni-da-uomo\/"},{"@type":"ListItem","position":6,"name":"Herren Jersey-Blazer in Wei\u00df"}]},{"@type":"WebSite","@id":"https:\/\/dari.shop\/#website","url":"https:\/\/dari.shop\/","name":"DARI.Shop","description":"DARI.Shop. It starts with curiosity...","publisher":{"@id":"https:\/\/dari.shop\/#organization"},"alternateName":"Dari Fashion Hub","potentialAction":[{"@type":"SearchAction","target":{"@type":"EntryPoint","urlTemplate":"https:\/\/dari.shop\/?s={search_term_string}"},"query-input":{"@type":"PropertyValueSpecification","valueRequired":true,"valueName":"search_term_string"}}],"inLanguage":"de"},{"@type":"Organization","@id":"https:\/\/dari.shop\/#organization","name":"DARI.Shop","alternateName":"Dari Fashion Hub","url":"https:\/\/dari.shop\/","logo":{"@type":"ImageObject","inLanguage":"de","@id":"https:\/\/dari.shop\/#\/schema\/logo\/image\/","url":"https:\/\/dari.shop\/wp-content\/uploads\/2018\/01\/logo-dari.shop_-1.gif","contentUrl":"https:\/\/dari.shop\/wp-content\/uploads\/2018\/01\/logo-dari.shop_-1.gif","width":458,"height":107,"caption":"DARI.Shop"},"image":{"@id":"https:\/\/dari.shop\/#\/schema\/logo\/image\/"}}]},"og_availability":"instock","product_availability":"instock","product_retailer_item_id":"ma562467","product_condition":"new"},"_links":{"self":[{"href":"https:\/\/dari.shop\/de\/wp-json\/wp\/v2\/product\/13573","targetHints":{"allow":["GET"]}}],"collection":[{"href":"https:\/\/dari.shop\/de\/wp-json\/wp\/v2\/product"}],"about":[{"href":"https:\/\/dari.shop\/de\/wp-json\/wp\/v2\/types\/product"}],"replies":[{"embeddable":true,"href":"https:\/\/dari.shop\/de\/wp-json\/wp\/v2\/comments?post=13573"}],"wp:featuredmedia":[{"embeddable":true,"href":"https:\/\/dari.shop\/de\/wp-json\/wp\/v2\/media\/13574"}],"wp:attachment":[{"href":"https:\/\/dari.shop\/de\/wp-json\/wp\/v2\/media?parent=13573"}],"wp:term":[{"taxonomy":"product_brand","embeddable":true,"href":"https:\/\/dari.shop\/de\/wp-json\/wp\/v2\/product_brand?post=13573"},{"taxonomy":"product_cat","embeddable":true,"href":"https:\/\/dari.shop\/de\/wp-json\/wp\/v2\/product_cat?post=13573"},{"taxonomy":"product_tag","embeddable":true,"href":"https:\/\/dari.shop\/de\/wp-json\/wp\/v2\/product_tag?post=13573"}],"curies":[{"name":"wp","href":"https:\/\/api.w.org\/{rel}","templated":true}]}}