{"id":14114,"date":"2023-03-26T12:18:49","date_gmt":"2023-03-26T10:18:49","guid":{"rendered":"https:\/\/dari.shop\/obchod\/nezaraden\u00e9\/dzinsy-so-spevnenym-rozkrokom-demo-tovar-48\/"},"modified":"2026-01-14T03:37:37","modified_gmt":"2026-01-14T02:37:37","slug":"dzinsy-so-spevnenym-rozkrokom-demo-tovar-48","status":"publish","type":"product","link":"https:\/\/dari.shop\/de\/geschaft\/man\/herrenbekleidung\/herrenhemden\/dzinsy-so-spevnenym-rozkrokom-demo-tovar-48\/","title":{"rendered":"Herrenjeans mit verst\u00e4rktem Schritt (Demo-Produkt)"},"content":{"rendered":"<p>Diese Herrenjeans mit verst\u00e4rktem Schritt verbinden zuverl\u00e4ssige Verarbeitung mit einem schlichten, funktionalen Stil. Aus strapazierf\u00e4higem Denim gefertigt und an kritischen Stellen verst\u00e4rkt, bieten sie erh\u00f6hte Langlebigkeit f\u00fcr den t\u00e4glichen Einsatz und aktive Nutzung.<\/p>\n<p>Der Schnitt ist auf Komfort und Bewegungsfreiheit ausgelegt, mit praktischen Taschen und einem klaren Finish, das sich gut mit Arbeitskleidung oder legeren Outfits kombinieren l\u00e4sst. Pflegeleicht und alltagstauglich \u2013 eine verl\u00e4ssliche Erg\u00e4nzung f\u00fcr eine praktische Garderobe.<\/p>\n<ul>\n<li>Verst\u00e4rkter Schritt f\u00fcr erh\u00f6hte Strapazierf\u00e4higkeit<\/li>\n<li>Strapazierf\u00e4higer Denim f\u00fcr den t\u00e4glichen Gebrauch<\/li>\n<li>Komfortabler, praktischer Schnitt mit funktionalen Taschen<\/li>\n<li>Pflegeleicht f\u00fcr regelm\u00e4\u00dfiges Tragen<\/li>\n<\/ul>\n","protected":false},"excerpt":{"rendered":"<p>Robuste Herrenjeans mit verst\u00e4rktem Schritt f\u00fcr zus\u00e4tzliche Stabilit\u00e4t und Komfort. Praktischer Alltags-Denim, ideal f\u00fcr Arbeit und Freizeit.<\/p>\n","protected":false},"featured_media":14130,"comment_status":"open","ping_status":"closed","template":"","meta":[],"product_brand":[],"product_cat":[4839],"product_tag":[],"class_list":{"0":"post-14114","1":"product","2":"type-product","3":"status-publish","4":"has-post-thumbnail","6":"product_cat-herrenhemden","7":"pa_season-fruehling","8":"pa_season-herbst","9":"pa_season-sommer","10":"pa_sizes-3996","11":"pa_sizes-3986","12":"pa_sizes-3976","14":"first","15":"instock","16":"shipping-taxable","17":"product-type-variable"},"yoast_head":"<!-- This site is optimized with the Yoast SEO Premium plugin v22.7 (Yoast SEO v27.3) - https:\/\/yoast.com\/product\/yoast-seo-premium-wordpress\/ -->\n<title>Jeans mit verst\u00e4rktem Schritt \u2014 Robuster Alltags\u2011Denim<\/title>\n<meta name=\"description\" content=\"Robuste Herrenjeans mit verst\u00e4rktem Schritt f\u00fcr langanhaltenden Komfort und h\u00f6here Belastbarkeit. Vielseitiger, praktischer Denim f\u00fcr Arbeit und Alltag.\" \/>\n<meta name=\"robots\" content=\"index, follow, max-snippet:-1, max-image-preview:large, max-video-preview:-1\" \/>\n<link rel=\"canonical\" href=\"https:\/\/dari.shop\/it\/geschaft\/uomo\/abbigliamento-da-uomo\/camicie-da-uomo\/jeans-con-cavallo-rinforzato-prodotto-demo\/\" \/>\n<meta property=\"og:locale\" content=\"de_DE\" \/>\n<meta property=\"og:type\" content=\"article\" \/>\n<meta property=\"og:title\" content=\"Herrenjeans mit verst\u00e4rktem Schritt (Demo-Produkt)\" \/>\n<meta property=\"og:description\" content=\"Robuste Herrenjeans mit verst\u00e4rktem Schritt f\u00fcr langanhaltenden Komfort und h\u00f6here Belastbarkeit. Vielseitiger, praktischer Denim f\u00fcr Arbeit und Alltag.\" \/>\n<meta property=\"og:url\" content=\"https:\/\/dari.shop\/it\/geschaft\/uomo\/abbigliamento-da-uomo\/camicie-da-uomo\/jeans-con-cavallo-rinforzato-prodotto-demo\/\" \/>\n<meta property=\"og:site_name\" content=\"DARI.Shop\" \/>\n<meta property=\"article:modified_time\" content=\"2026-01-14T02:37:37+00:00\" \/>\n<meta property=\"og:image\" content=\"https:\/\/dari.shop\/wp-content\/uploads\/2023\/03\/RTLABD039501_16363444_2_v1_2x.jpg\" \/>\n\t<meta property=\"og:image:width\" content=\"600\" \/>\n\t<meta property=\"og:image:height\" content=\"866\" \/>\n\t<meta property=\"og:image:type\" content=\"image\/jpeg\" \/>\n<meta name=\"twitter:card\" content=\"summary_large_image\" \/>\n<meta name=\"twitter:label1\" content=\"Verf\u00fcgbarkeit\" \/>\n\t<meta name=\"twitter:data1\" content=\"Auf Lager\" \/>\n<script type=\"application\/ld+json\" class=\"yoast-schema-graph\">{\"@context\":\"https:\\\/\\\/schema.org\",\"@graph\":[{\"@type\":\"WebPage\",\"@id\":\"https:\\\/\\\/dari.shop\\\/it\\\/geschaft\\\/uomo\\\/abbigliamento-da-uomo\\\/camicie-da-uomo\\\/jeans-con-cavallo-rinforzato-prodotto-demo\\\/\",\"url\":\"https:\\\/\\\/dari.shop\\\/it\\\/geschaft\\\/uomo\\\/abbigliamento-da-uomo\\\/camicie-da-uomo\\\/jeans-con-cavallo-rinforzato-prodotto-demo\\\/\",\"name\":\"Jeans mit verst\u00e4rktem Schritt \u2014 Robuster Alltags\u2011Denim\",\"isPartOf\":{\"@id\":\"https:\\\/\\\/dari.shop\\\/#website\"},\"primaryImageOfPage\":{\"@id\":\"https:\\\/\\\/dari.shop\\\/it\\\/geschaft\\\/uomo\\\/abbigliamento-da-uomo\\\/camicie-da-uomo\\\/jeans-con-cavallo-rinforzato-prodotto-demo\\\/#primaryimage\"},\"image\":{\"@id\":\"https:\\\/\\\/dari.shop\\\/it\\\/geschaft\\\/uomo\\\/abbigliamento-da-uomo\\\/camicie-da-uomo\\\/jeans-con-cavallo-rinforzato-prodotto-demo\\\/#primaryimage\"},\"thumbnailUrl\":\"https:\\\/\\\/dari.shop\\\/wp-content\\\/uploads\\\/2023\\\/03\\\/RTLABD039501_16363444_2_v1_2x.jpg\",\"datePublished\":\"2023-03-26T10:18:49+00:00\",\"dateModified\":\"2026-01-14T02:37:37+00:00\",\"description\":\"Robuste Herrenjeans mit verst\u00e4rktem Schritt f\u00fcr langanhaltenden Komfort und h\u00f6here Belastbarkeit. Vielseitiger, praktischer Denim f\u00fcr Arbeit und Alltag.\",\"breadcrumb\":{\"@id\":\"https:\\\/\\\/dari.shop\\\/it\\\/geschaft\\\/uomo\\\/abbigliamento-da-uomo\\\/camicie-da-uomo\\\/jeans-con-cavallo-rinforzato-prodotto-demo\\\/#breadcrumb\"},\"inLanguage\":\"de\",\"potentialAction\":[{\"@type\":\"ReadAction\",\"target\":[\"https:\\\/\\\/dari.shop\\\/it\\\/geschaft\\\/uomo\\\/abbigliamento-da-uomo\\\/camicie-da-uomo\\\/jeans-con-cavallo-rinforzato-prodotto-demo\\\/\"]}]},{\"@type\":\"ImageObject\",\"inLanguage\":\"de\",\"@id\":\"https:\\\/\\\/dari.shop\\\/it\\\/geschaft\\\/uomo\\\/abbigliamento-da-uomo\\\/camicie-da-uomo\\\/jeans-con-cavallo-rinforzato-prodotto-demo\\\/#primaryimage\",\"url\":\"https:\\\/\\\/dari.shop\\\/wp-content\\\/uploads\\\/2023\\\/03\\\/RTLABD039501_16363444_2_v1_2x.jpg\",\"contentUrl\":\"https:\\\/\\\/dari.shop\\\/wp-content\\\/uploads\\\/2023\\\/03\\\/RTLABD039501_16363444_2_v1_2x.jpg\",\"width\":600,\"height\":866,\"caption\":\"Herrenjeans mit verst\u00e4rktem Schritt \u2014 robuster Alltags\u2011Denim\"},{\"@type\":\"BreadcrumbList\",\"@id\":\"https:\\\/\\\/dari.shop\\\/it\\\/geschaft\\\/uomo\\\/abbigliamento-da-uomo\\\/camicie-da-uomo\\\/jeans-con-cavallo-rinforzato-prodotto-demo\\\/#breadcrumb\",\"itemListElement\":[{\"@type\":\"ListItem\",\"position\":1,\"name\":\"Homepage\",\"item\":\"https:\\\/\\\/dari.shop\\\/de\\\/inspiration\\\/\"},{\"@type\":\"ListItem\",\"position\":2,\"name\":\"Marketplace\",\"item\":\"https:\\\/\\\/dari.shop\\\/marketplace\\\/\"},{\"@type\":\"ListItem\",\"position\":3,\"name\":\"Uomo\",\"item\":\"https:\\\/\\\/dari.shop\\\/it\\\/categoria-di-prodotto\\\/uomo\\\/\"},{\"@type\":\"ListItem\",\"position\":4,\"name\":\"Abbigliamento da uomo\",\"item\":\"https:\\\/\\\/dari.shop\\\/it\\\/categoria-di-prodotto\\\/uomo\\\/abbigliamento-da-uomo\\\/\"},{\"@type\":\"ListItem\",\"position\":5,\"name\":\"Camicie da uomo\",\"item\":\"https:\\\/\\\/dari.shop\\\/it\\\/categoria-di-prodotto\\\/uomo\\\/abbigliamento-da-uomo\\\/camicie-da-uomo\\\/\"},{\"@type\":\"ListItem\",\"position\":6,\"name\":\"Herrenjeans mit verst\u00e4rktem Schritt (Demo-Produkt)\"}]},{\"@type\":\"WebSite\",\"@id\":\"https:\\\/\\\/dari.shop\\\/#website\",\"url\":\"https:\\\/\\\/dari.shop\\\/\",\"name\":\"DARI.Shop\",\"description\":\"DARI.Shop. It starts with curiosity...\",\"publisher\":{\"@id\":\"https:\\\/\\\/dari.shop\\\/#organization\"},\"alternateName\":\"Dari Fashion Hub\",\"potentialAction\":[{\"@type\":\"SearchAction\",\"target\":{\"@type\":\"EntryPoint\",\"urlTemplate\":\"https:\\\/\\\/dari.shop\\\/?s={search_term_string}\"},\"query-input\":{\"@type\":\"PropertyValueSpecification\",\"valueRequired\":true,\"valueName\":\"search_term_string\"}}],\"inLanguage\":\"de\"},{\"@type\":\"Organization\",\"@id\":\"https:\\\/\\\/dari.shop\\\/#organization\",\"name\":\"DARI.Shop\",\"alternateName\":\"Dari Fashion Hub\",\"url\":\"https:\\\/\\\/dari.shop\\\/\",\"logo\":{\"@type\":\"ImageObject\",\"inLanguage\":\"de\",\"@id\":\"https:\\\/\\\/dari.shop\\\/#\\\/schema\\\/logo\\\/image\\\/\",\"url\":\"https:\\\/\\\/dari.shop\\\/wp-content\\\/uploads\\\/2018\\\/01\\\/logo-dari.shop_-1.gif\",\"contentUrl\":\"https:\\\/\\\/dari.shop\\\/wp-content\\\/uploads\\\/2018\\\/01\\\/logo-dari.shop_-1.gif\",\"width\":458,\"height\":107,\"caption\":\"DARI.Shop\"},\"image\":{\"@id\":\"https:\\\/\\\/dari.shop\\\/#\\\/schema\\\/logo\\\/image\\\/\"}}]}<\/script>\n<meta property=\"og:availability\" content=\"instock\" \/>\n<meta property=\"product:availability\" content=\"instock\" \/>\n<meta property=\"product:retailer_item_id\" content=\"ma562466\" \/>\n<meta property=\"product:condition\" content=\"new\" \/>\n<!-- \/ Yoast SEO Premium plugin. -->","yoast_head_json":{"title":"Jeans mit verst\u00e4rktem Schritt \u2014 Robuster Alltags\u2011Denim","description":"Robuste Herrenjeans mit verst\u00e4rktem Schritt f\u00fcr langanhaltenden Komfort und h\u00f6here Belastbarkeit. Vielseitiger, praktischer Denim f\u00fcr Arbeit und Alltag.","robots":{"index":"index","follow":"follow","max-snippet":"max-snippet:-1","max-image-preview":"max-image-preview:large","max-video-preview":"max-video-preview:-1"},"canonical":"https:\/\/dari.shop\/it\/geschaft\/uomo\/abbigliamento-da-uomo\/camicie-da-uomo\/jeans-con-cavallo-rinforzato-prodotto-demo\/","og_locale":"de_DE","og_type":"article","og_title":"Herrenjeans mit verst\u00e4rktem Schritt (Demo-Produkt)","og_description":"Robuste Herrenjeans mit verst\u00e4rktem Schritt f\u00fcr langanhaltenden Komfort und h\u00f6here Belastbarkeit. Vielseitiger, praktischer Denim f\u00fcr Arbeit und Alltag.","og_url":"https:\/\/dari.shop\/it\/geschaft\/uomo\/abbigliamento-da-uomo\/camicie-da-uomo\/jeans-con-cavallo-rinforzato-prodotto-demo\/","og_site_name":"DARI.Shop","article_modified_time":"2026-01-14T02:37:37+00:00","og_image":[{"width":600,"height":866,"url":"https:\/\/dari.shop\/wp-content\/uploads\/2023\/03\/RTLABD039501_16363444_2_v1_2x.jpg","type":"image\/jpeg"}],"twitter_card":"summary_large_image","twitter_misc":{"Verf\u00fcgbarkeit":"Auf Lager"},"schema":{"@context":"https:\/\/schema.org","@graph":[{"@type":"WebPage","@id":"https:\/\/dari.shop\/it\/geschaft\/uomo\/abbigliamento-da-uomo\/camicie-da-uomo\/jeans-con-cavallo-rinforzato-prodotto-demo\/","url":"https:\/\/dari.shop\/it\/geschaft\/uomo\/abbigliamento-da-uomo\/camicie-da-uomo\/jeans-con-cavallo-rinforzato-prodotto-demo\/","name":"Jeans mit verst\u00e4rktem Schritt \u2014 Robuster Alltags\u2011Denim","isPartOf":{"@id":"https:\/\/dari.shop\/#website"},"primaryImageOfPage":{"@id":"https:\/\/dari.shop\/it\/geschaft\/uomo\/abbigliamento-da-uomo\/camicie-da-uomo\/jeans-con-cavallo-rinforzato-prodotto-demo\/#primaryimage"},"image":{"@id":"https:\/\/dari.shop\/it\/geschaft\/uomo\/abbigliamento-da-uomo\/camicie-da-uomo\/jeans-con-cavallo-rinforzato-prodotto-demo\/#primaryimage"},"thumbnailUrl":"https:\/\/dari.shop\/wp-content\/uploads\/2023\/03\/RTLABD039501_16363444_2_v1_2x.jpg","datePublished":"2023-03-26T10:18:49+00:00","dateModified":"2026-01-14T02:37:37+00:00","description":"Robuste Herrenjeans mit verst\u00e4rktem Schritt f\u00fcr langanhaltenden Komfort und h\u00f6here Belastbarkeit. Vielseitiger, praktischer Denim f\u00fcr Arbeit und Alltag.","breadcrumb":{"@id":"https:\/\/dari.shop\/it\/geschaft\/uomo\/abbigliamento-da-uomo\/camicie-da-uomo\/jeans-con-cavallo-rinforzato-prodotto-demo\/#breadcrumb"},"inLanguage":"de","potentialAction":[{"@type":"ReadAction","target":["https:\/\/dari.shop\/it\/geschaft\/uomo\/abbigliamento-da-uomo\/camicie-da-uomo\/jeans-con-cavallo-rinforzato-prodotto-demo\/"]}]},{"@type":"ImageObject","inLanguage":"de","@id":"https:\/\/dari.shop\/it\/geschaft\/uomo\/abbigliamento-da-uomo\/camicie-da-uomo\/jeans-con-cavallo-rinforzato-prodotto-demo\/#primaryimage","url":"https:\/\/dari.shop\/wp-content\/uploads\/2023\/03\/RTLABD039501_16363444_2_v1_2x.jpg","contentUrl":"https:\/\/dari.shop\/wp-content\/uploads\/2023\/03\/RTLABD039501_16363444_2_v1_2x.jpg","width":600,"height":866,"caption":"Herrenjeans mit verst\u00e4rktem Schritt \u2014 robuster Alltags\u2011Denim"},{"@type":"BreadcrumbList","@id":"https:\/\/dari.shop\/it\/geschaft\/uomo\/abbigliamento-da-uomo\/camicie-da-uomo\/jeans-con-cavallo-rinforzato-prodotto-demo\/#breadcrumb","itemListElement":[{"@type":"ListItem","position":1,"name":"Homepage","item":"https:\/\/dari.shop\/de\/inspiration\/"},{"@type":"ListItem","position":2,"name":"Marketplace","item":"https:\/\/dari.shop\/marketplace\/"},{"@type":"ListItem","position":3,"name":"Uomo","item":"https:\/\/dari.shop\/it\/categoria-di-prodotto\/uomo\/"},{"@type":"ListItem","position":4,"name":"Abbigliamento da uomo","item":"https:\/\/dari.shop\/it\/categoria-di-prodotto\/uomo\/abbigliamento-da-uomo\/"},{"@type":"ListItem","position":5,"name":"Camicie da uomo","item":"https:\/\/dari.shop\/it\/categoria-di-prodotto\/uomo\/abbigliamento-da-uomo\/camicie-da-uomo\/"},{"@type":"ListItem","position":6,"name":"Herrenjeans mit verst\u00e4rktem Schritt (Demo-Produkt)"}]},{"@type":"WebSite","@id":"https:\/\/dari.shop\/#website","url":"https:\/\/dari.shop\/","name":"DARI.Shop","description":"DARI.Shop. It starts with curiosity...","publisher":{"@id":"https:\/\/dari.shop\/#organization"},"alternateName":"Dari Fashion Hub","potentialAction":[{"@type":"SearchAction","target":{"@type":"EntryPoint","urlTemplate":"https:\/\/dari.shop\/?s={search_term_string}"},"query-input":{"@type":"PropertyValueSpecification","valueRequired":true,"valueName":"search_term_string"}}],"inLanguage":"de"},{"@type":"Organization","@id":"https:\/\/dari.shop\/#organization","name":"DARI.Shop","alternateName":"Dari Fashion Hub","url":"https:\/\/dari.shop\/","logo":{"@type":"ImageObject","inLanguage":"de","@id":"https:\/\/dari.shop\/#\/schema\/logo\/image\/","url":"https:\/\/dari.shop\/wp-content\/uploads\/2018\/01\/logo-dari.shop_-1.gif","contentUrl":"https:\/\/dari.shop\/wp-content\/uploads\/2018\/01\/logo-dari.shop_-1.gif","width":458,"height":107,"caption":"DARI.Shop"},"image":{"@id":"https:\/\/dari.shop\/#\/schema\/logo\/image\/"}}]},"og_availability":"instock","product_availability":"instock","product_retailer_item_id":"ma562466","product_condition":"new"},"_links":{"self":[{"href":"https:\/\/dari.shop\/de\/wp-json\/wp\/v2\/product\/14114","targetHints":{"allow":["GET"]}}],"collection":[{"href":"https:\/\/dari.shop\/de\/wp-json\/wp\/v2\/product"}],"about":[{"href":"https:\/\/dari.shop\/de\/wp-json\/wp\/v2\/types\/product"}],"replies":[{"embeddable":true,"href":"https:\/\/dari.shop\/de\/wp-json\/wp\/v2\/comments?post=14114"}],"wp:featuredmedia":[{"embeddable":true,"href":"https:\/\/dari.shop\/de\/wp-json\/wp\/v2\/media\/14130"}],"wp:attachment":[{"href":"https:\/\/dari.shop\/de\/wp-json\/wp\/v2\/media?parent=14114"}],"wp:term":[{"taxonomy":"product_brand","embeddable":true,"href":"https:\/\/dari.shop\/de\/wp-json\/wp\/v2\/product_brand?post=14114"},{"taxonomy":"product_cat","embeddable":true,"href":"https:\/\/dari.shop\/de\/wp-json\/wp\/v2\/product_cat?post=14114"},{"taxonomy":"product_tag","embeddable":true,"href":"https:\/\/dari.shop\/de\/wp-json\/wp\/v2\/product_tag?post=14114"}],"curies":[{"name":"wp","href":"https:\/\/api.w.org\/{rel}","templated":true}]}}