{"id":29173,"date":"2023-03-26T12:18:41","date_gmt":"2023-03-26T10:18:41","guid":{"rendered":"https:\/\/dari.shop\/obchod\/unkategorisiert\/allwetterjacke-3-az-1-ben-demo-termek\/"},"modified":"2026-01-14T03:47:25","modified_gmt":"2026-01-14T02:47:25","slug":"allwetterjacke-3-az-1-ben-demo-termek","status":"publish","type":"product","link":"https:\/\/dari.shop\/de\/geschaft\/man\/herrenbekleidung\/jacken-und-maentel-fuer-maenner\/allwetterjacke-3-az-1-ben-demo-termek\/","title":{"rendered":"3-in-1 Herrenjacke f\u00fcr alle Jahreszeiten \u2014 Vielseitiger Mantel"},"content":{"rendered":"<p>F\u00fcr Reisen und den t\u00e4glichen Gebrauch entwickelt: Diese Jacke vereint eine sch\u00fctzende Au\u00dfenschale und eine w\u00e4rmende Innenweste, die sich per Rei\u00dfverschluss verbinden oder getrennt tragen lassen. Die taillierte, vorteilhafte Passform bietet Wetterschutz bei gleichzeitig atmungsaktivem Tragekomfort.<\/p>\n<p>Robuste, pflegeleichte Materialien und durchdachte Details machen die Jacke von k\u00fchlen Morgen bis milden Wintern zum verl\u00e4sslichen Begleiter. Tragen Sie die komplette Kombination bei Regen und K\u00e4lte, nur die Au\u00dfenschale bei nassem Wetter oder die Innenweste als leichte Jacke.<\/p>\n<p>Produktdetails:<br \/>\n&#8211; Wasserabweisende Au\u00dfenschale f\u00fcr Wind und leichten Regen<br \/>\n&#8211; Abnehmbare, isolierte Innenweste f\u00fcr zus\u00e4tzliche W\u00e4rme<br \/>\n&#8211; Abnehmbare Kapuze mit Rei\u00dfverschluss und verstellbare \u00c4rmelb\u00fcndchen f\u00fcr individuelle Passform<br \/>\n&#8211; Mehrere sichere Taschen f\u00fcr Wertsachen<br \/>\n&#8211; Pflegeleichte, reisetaugliche Verarbeitung<\/p>\n","protected":false},"excerpt":{"rendered":"<p>Wandelbare 3\u2011in\u20111 Jacke, konzipiert f\u00fcr das ganze Jahr. Eine wasserabweisende Au\u00dfenschale kombiniert sich mit einer abnehmbaren, isolierten Innenweste, sodass Sie flexibel auf wechselndes Wetter reagieren k\u00f6nnen \u2013 bei gleichzeitig moderner, gepflegter Silhouette.<\/p>\n","protected":false},"featured_media":23755,"comment_status":"open","ping_status":"closed","template":"","meta":[],"product_brand":[],"product_cat":[4837],"product_tag":[],"class_list":{"0":"post-29173","1":"product","2":"type-product","3":"status-publish","4":"has-post-thumbnail","6":"product_cat-jacken-und-maentel-fuer-maenner","8":"first","9":"instock","10":"shipping-taxable","11":"purchasable","12":"product-type-simple"},"yoast_head":"<!-- This site is optimized with the Yoast SEO Premium plugin v22.7 (Yoast SEO v27.3) - https:\/\/yoast.com\/product\/yoast-seo-premium-wordpress\/ -->\n<title>3-in-1 Herrenjacke f\u00fcr alle Jahreszeiten | Vielseitiger Mantel<\/title>\n<meta name=\"description\" content=\"Vielseitige 3\u2011in\u20111 Herrenjacke mit wasserabweisender Au\u00dfenschale und abnehmbarer, isolierter Innenweste. Dreifach tragbar f\u00fcr ganzj\u00e4hrigen Komfort und praktische, reisebereite Details.\" \/>\n<meta name=\"robots\" content=\"index, follow, max-snippet:-1, max-image-preview:large, max-video-preview:-1\" \/>\n<link rel=\"canonical\" href=\"https:\/\/dari.shop\/?post_type=product&p=11326\" \/>\n<meta property=\"og:locale\" content=\"de_DE\" \/>\n<meta property=\"og:type\" content=\"article\" \/>\n<meta property=\"og:title\" content=\"3-in-1 Herrenjacke f\u00fcr alle Jahreszeiten \u2014 Vielseitiger Mantel\" \/>\n<meta property=\"og:description\" content=\"Vielseitige 3\u2011in\u20111 Herrenjacke mit wasserabweisender Au\u00dfenschale und abnehmbarer, isolierter Innenweste. Dreifach tragbar f\u00fcr ganzj\u00e4hrigen Komfort und praktische, reisebereite Details.\" \/>\n<meta property=\"og:url\" content=\"https:\/\/dari.shop\/?post_type=product&amp;p=11326\" \/>\n<meta property=\"og:site_name\" content=\"DARI.Shop\" \/>\n<meta property=\"article:modified_time\" content=\"2026-01-14T02:47:25+00:00\" \/>\n<meta property=\"og:image\" content=\"https:\/\/dari.shop\/wp-content\/uploads\/2023\/03\/foto-i392-21900-ak95-21900-4_-1_-1_115840.jpg\" \/>\n\t<meta property=\"og:image:width\" content=\"800\" \/>\n\t<meta property=\"og:image:height\" content=\"1200\" \/>\n\t<meta property=\"og:image:type\" content=\"image\/jpeg\" \/>\n<meta name=\"twitter:card\" content=\"summary_large_image\" \/>\n<meta name=\"twitter:label1\" content=\"Preis\" \/>\n\t<meta name=\"twitter:data1\" content=\"28,00&nbsp;&euro;\" \/>\n\t<meta name=\"twitter:label2\" content=\"Verf\u00fcgbarkeit\" \/>\n\t<meta name=\"twitter:data2\" content=\"Auf Lager\" \/>\n<script type=\"application\/ld+json\" class=\"yoast-schema-graph\">{\"@context\":\"https:\\\/\\\/schema.org\",\"@graph\":[{\"@type\":\"WebPage\",\"@id\":\"https:\\\/\\\/dari.shop\\\/?post_type=product&p=11326\",\"url\":\"https:\\\/\\\/dari.shop\\\/?post_type=product&p=11326\",\"name\":\"3-in-1 Herrenjacke f\u00fcr alle Jahreszeiten | Vielseitiger Mantel\",\"isPartOf\":{\"@id\":\"https:\\\/\\\/dari.shop\\\/#website\"},\"primaryImageOfPage\":{\"@id\":\"https:\\\/\\\/dari.shop\\\/?post_type=product&p=11326#primaryimage\"},\"image\":{\"@id\":\"https:\\\/\\\/dari.shop\\\/?post_type=product&p=11326#primaryimage\"},\"thumbnailUrl\":\"https:\\\/\\\/dari.shop\\\/wp-content\\\/uploads\\\/2023\\\/03\\\/foto-i392-21900-ak95-21900-4_-1_-1_115840.jpg\",\"datePublished\":\"2023-03-26T10:18:41+00:00\",\"dateModified\":\"2026-01-14T02:47:25+00:00\",\"description\":\"Vielseitige 3\u2011in\u20111 Herrenjacke mit wasserabweisender Au\u00dfenschale und abnehmbarer, isolierter Innenweste. Dreifach tragbar f\u00fcr ganzj\u00e4hrigen Komfort und praktische, reisebereite Details.\",\"breadcrumb\":{\"@id\":\"https:\\\/\\\/dari.shop\\\/?post_type=product&p=11326#breadcrumb\"},\"inLanguage\":\"de\",\"potentialAction\":[{\"@type\":\"ReadAction\",\"target\":[\"https:\\\/\\\/dari.shop\\\/?post_type=product&p=11326\"]}]},{\"@type\":\"ImageObject\",\"inLanguage\":\"de\",\"@id\":\"https:\\\/\\\/dari.shop\\\/?post_type=product&p=11326#primaryimage\",\"url\":\"https:\\\/\\\/dari.shop\\\/wp-content\\\/uploads\\\/2023\\\/03\\\/foto-i392-21900-ak95-21900-4_-1_-1_115840.jpg\",\"contentUrl\":\"https:\\\/\\\/dari.shop\\\/wp-content\\\/uploads\\\/2023\\\/03\\\/foto-i392-21900-ak95-21900-4_-1_-1_115840.jpg\",\"width\":800,\"height\":1200,\"caption\":\"Vielseitige 3\u2011in\u20111 Jacke \u2014 Au\u00dfenschale und abnehmbare Innenweste gezeigt\"},{\"@type\":\"BreadcrumbList\",\"@id\":\"https:\\\/\\\/dari.shop\\\/?post_type=product&p=11326#breadcrumb\",\"itemListElement\":[{\"@type\":\"ListItem\",\"position\":1,\"name\":\"Homepage\",\"item\":\"https:\\\/\\\/dari.shop\\\/de\\\/inspiration\\\/\"},{\"@type\":\"ListItem\",\"position\":2,\"name\":\"Marketplace\",\"item\":\"https:\\\/\\\/dari.shop\\\/marketplace\\\/\"},{\"@type\":\"ListItem\",\"position\":3,\"name\":\"Bez kateg\u00f3rie\",\"item\":\"https:\\\/\\\/dari.shop\\\/sk\\\/kategoria-produktu\\\/uncategorized\\\/\"},{\"@type\":\"ListItem\",\"position\":4,\"name\":\"3-in-1 Herrenjacke f\u00fcr alle Jahreszeiten \u2014 Vielseitiger Mantel\"}]},{\"@type\":\"WebSite\",\"@id\":\"https:\\\/\\\/dari.shop\\\/#website\",\"url\":\"https:\\\/\\\/dari.shop\\\/\",\"name\":\"DARI.Shop\",\"description\":\"DARI.Shop. It starts with curiosity...\",\"publisher\":{\"@id\":\"https:\\\/\\\/dari.shop\\\/#organization\"},\"alternateName\":\"Dari Fashion Hub\",\"potentialAction\":[{\"@type\":\"SearchAction\",\"target\":{\"@type\":\"EntryPoint\",\"urlTemplate\":\"https:\\\/\\\/dari.shop\\\/?s={search_term_string}\"},\"query-input\":{\"@type\":\"PropertyValueSpecification\",\"valueRequired\":true,\"valueName\":\"search_term_string\"}}],\"inLanguage\":\"de\"},{\"@type\":\"Organization\",\"@id\":\"https:\\\/\\\/dari.shop\\\/#organization\",\"name\":\"DARI.Shop\",\"alternateName\":\"Dari Fashion Hub\",\"url\":\"https:\\\/\\\/dari.shop\\\/\",\"logo\":{\"@type\":\"ImageObject\",\"inLanguage\":\"de\",\"@id\":\"https:\\\/\\\/dari.shop\\\/#\\\/schema\\\/logo\\\/image\\\/\",\"url\":\"https:\\\/\\\/dari.shop\\\/wp-content\\\/uploads\\\/2018\\\/01\\\/logo-dari.shop_-1.gif\",\"contentUrl\":\"https:\\\/\\\/dari.shop\\\/wp-content\\\/uploads\\\/2018\\\/01\\\/logo-dari.shop_-1.gif\",\"width\":458,\"height\":107,\"caption\":\"DARI.Shop\"},\"image\":{\"@id\":\"https:\\\/\\\/dari.shop\\\/#\\\/schema\\\/logo\\\/image\\\/\"}}]}<\/script>\n<meta property=\"product:price:amount\" content=\"28.00\" \/>\n<meta property=\"product:price:currency\" content=\"EUR\" \/>\n<meta property=\"og:availability\" content=\"instock\" \/>\n<meta property=\"product:availability\" content=\"instock\" \/>\n<meta property=\"product:retailer_item_id\" content=\"ma562463\" \/>\n<meta property=\"product:condition\" content=\"new\" \/>\n<!-- \/ Yoast SEO Premium plugin. -->","yoast_head_json":{"title":"3-in-1 Herrenjacke f\u00fcr alle Jahreszeiten | Vielseitiger Mantel","description":"Vielseitige 3\u2011in\u20111 Herrenjacke mit wasserabweisender Au\u00dfenschale und abnehmbarer, isolierter Innenweste. Dreifach tragbar f\u00fcr ganzj\u00e4hrigen Komfort und praktische, reisebereite Details.","robots":{"index":"index","follow":"follow","max-snippet":"max-snippet:-1","max-image-preview":"max-image-preview:large","max-video-preview":"max-video-preview:-1"},"canonical":"https:\/\/dari.shop\/?post_type=product&p=11326","og_locale":"de_DE","og_type":"article","og_title":"3-in-1 Herrenjacke f\u00fcr alle Jahreszeiten \u2014 Vielseitiger Mantel","og_description":"Vielseitige 3\u2011in\u20111 Herrenjacke mit wasserabweisender Au\u00dfenschale und abnehmbarer, isolierter Innenweste. Dreifach tragbar f\u00fcr ganzj\u00e4hrigen Komfort und praktische, reisebereite Details.","og_url":"https:\/\/dari.shop\/?post_type=product&p=11326","og_site_name":"DARI.Shop","article_modified_time":"2026-01-14T02:47:25+00:00","og_image":[{"width":800,"height":1200,"url":"https:\/\/dari.shop\/wp-content\/uploads\/2023\/03\/foto-i392-21900-ak95-21900-4_-1_-1_115840.jpg","type":"image\/jpeg"}],"twitter_card":"summary_large_image","twitter_misc":{"Preis":"28,00&nbsp;&euro;","Verf\u00fcgbarkeit":"Auf Lager"},"schema":{"@context":"https:\/\/schema.org","@graph":[{"@type":"WebPage","@id":"https:\/\/dari.shop\/?post_type=product&p=11326","url":"https:\/\/dari.shop\/?post_type=product&p=11326","name":"3-in-1 Herrenjacke f\u00fcr alle Jahreszeiten | Vielseitiger Mantel","isPartOf":{"@id":"https:\/\/dari.shop\/#website"},"primaryImageOfPage":{"@id":"https:\/\/dari.shop\/?post_type=product&p=11326#primaryimage"},"image":{"@id":"https:\/\/dari.shop\/?post_type=product&p=11326#primaryimage"},"thumbnailUrl":"https:\/\/dari.shop\/wp-content\/uploads\/2023\/03\/foto-i392-21900-ak95-21900-4_-1_-1_115840.jpg","datePublished":"2023-03-26T10:18:41+00:00","dateModified":"2026-01-14T02:47:25+00:00","description":"Vielseitige 3\u2011in\u20111 Herrenjacke mit wasserabweisender Au\u00dfenschale und abnehmbarer, isolierter Innenweste. Dreifach tragbar f\u00fcr ganzj\u00e4hrigen Komfort und praktische, reisebereite Details.","breadcrumb":{"@id":"https:\/\/dari.shop\/?post_type=product&p=11326#breadcrumb"},"inLanguage":"de","potentialAction":[{"@type":"ReadAction","target":["https:\/\/dari.shop\/?post_type=product&p=11326"]}]},{"@type":"ImageObject","inLanguage":"de","@id":"https:\/\/dari.shop\/?post_type=product&p=11326#primaryimage","url":"https:\/\/dari.shop\/wp-content\/uploads\/2023\/03\/foto-i392-21900-ak95-21900-4_-1_-1_115840.jpg","contentUrl":"https:\/\/dari.shop\/wp-content\/uploads\/2023\/03\/foto-i392-21900-ak95-21900-4_-1_-1_115840.jpg","width":800,"height":1200,"caption":"Vielseitige 3\u2011in\u20111 Jacke \u2014 Au\u00dfenschale und abnehmbare Innenweste gezeigt"},{"@type":"BreadcrumbList","@id":"https:\/\/dari.shop\/?post_type=product&p=11326#breadcrumb","itemListElement":[{"@type":"ListItem","position":1,"name":"Homepage","item":"https:\/\/dari.shop\/de\/inspiration\/"},{"@type":"ListItem","position":2,"name":"Marketplace","item":"https:\/\/dari.shop\/marketplace\/"},{"@type":"ListItem","position":3,"name":"Bez kateg\u00f3rie","item":"https:\/\/dari.shop\/sk\/kategoria-produktu\/uncategorized\/"},{"@type":"ListItem","position":4,"name":"3-in-1 Herrenjacke f\u00fcr alle Jahreszeiten \u2014 Vielseitiger Mantel"}]},{"@type":"WebSite","@id":"https:\/\/dari.shop\/#website","url":"https:\/\/dari.shop\/","name":"DARI.Shop","description":"DARI.Shop. It starts with curiosity...","publisher":{"@id":"https:\/\/dari.shop\/#organization"},"alternateName":"Dari Fashion Hub","potentialAction":[{"@type":"SearchAction","target":{"@type":"EntryPoint","urlTemplate":"https:\/\/dari.shop\/?s={search_term_string}"},"query-input":{"@type":"PropertyValueSpecification","valueRequired":true,"valueName":"search_term_string"}}],"inLanguage":"de"},{"@type":"Organization","@id":"https:\/\/dari.shop\/#organization","name":"DARI.Shop","alternateName":"Dari Fashion Hub","url":"https:\/\/dari.shop\/","logo":{"@type":"ImageObject","inLanguage":"de","@id":"https:\/\/dari.shop\/#\/schema\/logo\/image\/","url":"https:\/\/dari.shop\/wp-content\/uploads\/2018\/01\/logo-dari.shop_-1.gif","contentUrl":"https:\/\/dari.shop\/wp-content\/uploads\/2018\/01\/logo-dari.shop_-1.gif","width":458,"height":107,"caption":"DARI.Shop"},"image":{"@id":"https:\/\/dari.shop\/#\/schema\/logo\/image\/"}}]},"product_price_amount":"28.00","product_price_currency":"EUR","og_availability":"instock","product_availability":"instock","product_retailer_item_id":"ma562463","product_condition":"new"},"_links":{"self":[{"href":"https:\/\/dari.shop\/de\/wp-json\/wp\/v2\/product\/29173","targetHints":{"allow":["GET"]}}],"collection":[{"href":"https:\/\/dari.shop\/de\/wp-json\/wp\/v2\/product"}],"about":[{"href":"https:\/\/dari.shop\/de\/wp-json\/wp\/v2\/types\/product"}],"replies":[{"embeddable":true,"href":"https:\/\/dari.shop\/de\/wp-json\/wp\/v2\/comments?post=29173"}],"wp:featuredmedia":[{"embeddable":true,"href":"https:\/\/dari.shop\/de\/wp-json\/wp\/v2\/media\/23755"}],"wp:attachment":[{"href":"https:\/\/dari.shop\/de\/wp-json\/wp\/v2\/media?parent=29173"}],"wp:term":[{"taxonomy":"product_brand","embeddable":true,"href":"https:\/\/dari.shop\/de\/wp-json\/wp\/v2\/product_brand?post=29173"},{"taxonomy":"product_cat","embeddable":true,"href":"https:\/\/dari.shop\/de\/wp-json\/wp\/v2\/product_cat?post=29173"},{"taxonomy":"product_tag","embeddable":true,"href":"https:\/\/dari.shop\/de\/wp-json\/wp\/v2\/product_tag?post=29173"}],"curies":[{"name":"wp","href":"https:\/\/api.w.org\/{rel}","templated":true}]}}