{"id":35943,"date":"2025-11-11T12:42:49","date_gmt":"2025-11-11T11:42:49","guid":{"rendered":"https:\/\/dari.shop\/marketplace\/uncategorized\/pepe-jeans-liv_pl953016_multi\/"},"modified":"2025-12-16T07:23:10","modified_gmt":"2025-12-16T06:23:10","slug":"pepe-jeans-liv_pl953016_multi","status":"publish","type":"product","link":"https:\/\/dari.shop\/de\/geschaft\/clothing\/pepe-jeans-liv_pl953016_multi\/","title":{"rendered":"Pepe Jeans Langarm-Fransenkleid &#8211; Mehrfarbig, Gef\u00fcttert"},"content":{"rendered":"<p>Dieses Pepe Jeans Kleid vereint eine entspannte Silhouette mit auff\u00e4lligen Fransenakzenten in einem mehrfarbigen Muster mit Grauanteilen. Die langen \u00c4rmel sorgen f\u00fcr Ausgewogenheit und verleihen dem verspielten Detail eine moderne, raffinierte Note.<\/p>\n<p>Das Kleid ist komplett gef\u00fcttert, was zus\u00e4tzlichen Tragekomfort und eine angenehme Bedeckung bietet. Das Polyester-Material h\u00e4lt das Modell leicht und pflegeleicht \u2013 ideal f\u00fcr den Alltag. Tragen Sie es tags\u00fcber zu informellen Anl\u00e4ssen oder bei entspannten Abenden.<\/p>\n<p>Merkmale:<br \/>\n&#8211; 100% Polyester \u2013 leicht und maschinenwaschbar<br \/>\n&#8211; Komplett gef\u00fcttert f\u00fcr Komfort<br \/>\n&#8211; Lange \u00c4rmel mit mehrfarbigen Fransen-Details<br \/>\n&#8211; Vielseitige Silhouette f\u00fcr Tag- oder Abendlooks<\/p>\n","protected":false},"excerpt":{"rendered":"<p>Falle auf mit dem Pepe Jeans Langarm-Fransenkleid: verspielte mehrfarbige Fransen, weiches Innenfutter und leichtes 100% Polyester f\u00fcr angenehmen Tragekomfort und einfache Maschinenw\u00e4sche.<\/p>\n","protected":false},"featured_media":35070,"comment_status":"open","ping_status":"closed","template":"","meta":[],"product_brand":[],"product_cat":[11231,11492,11230],"product_tag":[11425,11237,11494,11233,11504,11505,11234,11235,11165],"class_list":{"0":"post-35943","1":"product","2":"type-product","3":"status-publish","4":"has-post-thumbnail","6":"product_cat-clothing","7":"product_cat-women-clothing-dresses-de","8":"product_cat-women-de","9":"product_tag-all-year-de","10":"product_tag-clothing-de","11":"product_tag-dresses-de","12":"product_tag-fashion-de","13":"product_tag-grey-de","14":"product_tag-pepe-jeans-de","15":"product_tag-polyester-de","16":"product_tag-reductions-de","17":"product_tag-women-2-de","18":"pa_color-grau","19":"pa_season-all-year-de","21":"first","22":"instock","23":"shipping-taxable","24":"purchasable","25":"product-type-simple"},"yoast_head":"<!-- This site is optimized with the Yoast SEO Premium plugin v22.7 (Yoast SEO v27.3) - https:\/\/yoast.com\/product\/yoast-seo-premium-wordpress\/ -->\n<title>Pepe Jeans Fransenkleid - Langarm &amp; Gef\u00fcttert<\/title>\n<meta name=\"description\" content=\"Pepe Jeans Langarmkleid mit mehrfarbigen Fransen und Innenfutter. Leichtes 100% Polyester f\u00fcr angenehmen Sitz und einfache Pflege.\" \/>\n<meta name=\"robots\" content=\"index, follow, max-snippet:-1, max-image-preview:large, max-video-preview:-1\" \/>\n<link rel=\"canonical\" href=\"https:\/\/dari.shop\/it\/geschaft\/women-clothing-it\/pepe-jeans-liv_pl953016_multi\/\" \/>\n<meta property=\"og:locale\" content=\"de_DE\" \/>\n<meta property=\"og:type\" content=\"article\" \/>\n<meta property=\"og:title\" content=\"Pepe Jeans Langarm-Fransenkleid - Mehrfarbig, Gef\u00fcttert\" \/>\n<meta property=\"og:description\" content=\"Pepe Jeans Langarmkleid mit mehrfarbigen Fransen und Innenfutter. Leichtes 100% Polyester f\u00fcr angenehmen Sitz und einfache Pflege.\" \/>\n<meta property=\"og:url\" content=\"https:\/\/dari.shop\/it\/geschaft\/women-clothing-it\/pepe-jeans-liv_pl953016_multi\/\" \/>\n<meta property=\"og:site_name\" content=\"DARI.Shop\" \/>\n<meta property=\"article:modified_time\" content=\"2025-12-16T06:23:10+00:00\" \/>\n<meta property=\"og:image\" content=\"https:\/\/dari.shop\/wp-content\/uploads\/2025\/11\/1cad85f0-84d4-11ec-b2b6-1b0e96238154.jpg\" \/>\n\t<meta property=\"og:image:width\" content=\"1920\" \/>\n\t<meta property=\"og:image:height\" content=\"1919\" \/>\n\t<meta property=\"og:image:type\" content=\"image\/jpeg\" \/>\n<meta name=\"twitter:card\" content=\"summary_large_image\" \/>\n<meta name=\"twitter:label1\" content=\"Preis\" \/>\n\t<meta name=\"twitter:data1\" content=\"67,83&nbsp;&euro;\" \/>\n\t<meta name=\"twitter:label2\" content=\"Verf\u00fcgbarkeit\" \/>\n\t<meta name=\"twitter:data2\" content=\"Auf Lager\" \/>\n<script type=\"application\/ld+json\" class=\"yoast-schema-graph\">{\"@context\":\"https:\\\/\\\/schema.org\",\"@graph\":[{\"@type\":\"WebPage\",\"@id\":\"https:\\\/\\\/dari.shop\\\/it\\\/geschaft\\\/women-clothing-it\\\/pepe-jeans-liv_pl953016_multi\\\/\",\"url\":\"https:\\\/\\\/dari.shop\\\/it\\\/geschaft\\\/women-clothing-it\\\/pepe-jeans-liv_pl953016_multi\\\/\",\"name\":\"Pepe Jeans Fransenkleid - Langarm & Gef\u00fcttert\",\"isPartOf\":{\"@id\":\"https:\\\/\\\/dari.shop\\\/#website\"},\"primaryImageOfPage\":{\"@id\":\"https:\\\/\\\/dari.shop\\\/it\\\/geschaft\\\/women-clothing-it\\\/pepe-jeans-liv_pl953016_multi\\\/#primaryimage\"},\"image\":{\"@id\":\"https:\\\/\\\/dari.shop\\\/it\\\/geschaft\\\/women-clothing-it\\\/pepe-jeans-liv_pl953016_multi\\\/#primaryimage\"},\"thumbnailUrl\":\"https:\\\/\\\/dari.shop\\\/wp-content\\\/uploads\\\/2025\\\/11\\\/1cad85f0-84d4-11ec-b2b6-1b0e96238154.jpg\",\"datePublished\":\"2025-11-11T11:42:49+00:00\",\"dateModified\":\"2025-12-16T06:23:10+00:00\",\"description\":\"Pepe Jeans Langarmkleid mit mehrfarbigen Fransen und Innenfutter. Leichtes 100% Polyester f\u00fcr angenehmen Sitz und einfache Pflege.\",\"breadcrumb\":{\"@id\":\"https:\\\/\\\/dari.shop\\\/it\\\/geschaft\\\/women-clothing-it\\\/pepe-jeans-liv_pl953016_multi\\\/#breadcrumb\"},\"inLanguage\":\"de\",\"potentialAction\":[{\"@type\":\"ReadAction\",\"target\":[\"https:\\\/\\\/dari.shop\\\/it\\\/geschaft\\\/women-clothing-it\\\/pepe-jeans-liv_pl953016_multi\\\/\"]}]},{\"@type\":\"ImageObject\",\"inLanguage\":\"de\",\"@id\":\"https:\\\/\\\/dari.shop\\\/it\\\/geschaft\\\/women-clothing-it\\\/pepe-jeans-liv_pl953016_multi\\\/#primaryimage\",\"url\":\"https:\\\/\\\/dari.shop\\\/wp-content\\\/uploads\\\/2025\\\/11\\\/1cad85f0-84d4-11ec-b2b6-1b0e96238154.jpg\",\"contentUrl\":\"https:\\\/\\\/dari.shop\\\/wp-content\\\/uploads\\\/2025\\\/11\\\/1cad85f0-84d4-11ec-b2b6-1b0e96238154.jpg\",\"width\":1920,\"height\":1919,\"caption\":\"Gef\u00fcttertes Pepe Jeans Langarmkleid mit mehrfarbigen Fransen\"},{\"@type\":\"BreadcrumbList\",\"@id\":\"https:\\\/\\\/dari.shop\\\/it\\\/geschaft\\\/women-clothing-it\\\/pepe-jeans-liv_pl953016_multi\\\/#breadcrumb\",\"itemListElement\":[{\"@type\":\"ListItem\",\"position\":1,\"name\":\"Homepage\",\"item\":\"https:\\\/\\\/dari.shop\\\/de\\\/inspiration\\\/\"},{\"@type\":\"ListItem\",\"position\":2,\"name\":\"Marketplace\",\"item\":\"https:\\\/\\\/dari.shop\\\/marketplace\\\/\"},{\"@type\":\"ListItem\",\"position\":3,\"name\":\"Clothing\",\"item\":\"https:\\\/\\\/dari.shop\\\/product-category\\\/women-clothing-it\\\/\"},{\"@type\":\"ListItem\",\"position\":4,\"name\":\"Pepe Jeans Langarm-Fransenkleid &#8211; Mehrfarbig, Gef\u00fcttert\"}]},{\"@type\":\"WebSite\",\"@id\":\"https:\\\/\\\/dari.shop\\\/#website\",\"url\":\"https:\\\/\\\/dari.shop\\\/\",\"name\":\"DARI.Shop\",\"description\":\"DARI.Shop. It starts with curiosity...\",\"publisher\":{\"@id\":\"https:\\\/\\\/dari.shop\\\/#organization\"},\"alternateName\":\"Dari Fashion Hub\",\"potentialAction\":[{\"@type\":\"SearchAction\",\"target\":{\"@type\":\"EntryPoint\",\"urlTemplate\":\"https:\\\/\\\/dari.shop\\\/?s={search_term_string}\"},\"query-input\":{\"@type\":\"PropertyValueSpecification\",\"valueRequired\":true,\"valueName\":\"search_term_string\"}}],\"inLanguage\":\"de\"},{\"@type\":\"Organization\",\"@id\":\"https:\\\/\\\/dari.shop\\\/#organization\",\"name\":\"DARI.Shop\",\"alternateName\":\"Dari Fashion Hub\",\"url\":\"https:\\\/\\\/dari.shop\\\/\",\"logo\":{\"@type\":\"ImageObject\",\"inLanguage\":\"de\",\"@id\":\"https:\\\/\\\/dari.shop\\\/#\\\/schema\\\/logo\\\/image\\\/\",\"url\":\"https:\\\/\\\/dari.shop\\\/wp-content\\\/uploads\\\/2018\\\/01\\\/logo-dari.shop_-1.gif\",\"contentUrl\":\"https:\\\/\\\/dari.shop\\\/wp-content\\\/uploads\\\/2018\\\/01\\\/logo-dari.shop_-1.gif\",\"width\":458,\"height\":107,\"caption\":\"DARI.Shop\"},\"image\":{\"@id\":\"https:\\\/\\\/dari.shop\\\/#\\\/schema\\\/logo\\\/image\\\/\"}}]}<\/script>\n<meta property=\"product:brand\" content=\"All Year\" \/>\n<meta property=\"product:price:amount\" content=\"67.83\" \/>\n<meta property=\"product:price:currency\" content=\"EUR\" \/>\n<meta property=\"og:availability\" content=\"instock\" \/>\n<meta property=\"product:availability\" content=\"instock\" \/>\n<meta property=\"product:retailer_item_id\" content=\"LIV_PL953016_MULTI_124849\" \/>\n<meta property=\"product:condition\" content=\"new\" \/>\n<!-- \/ Yoast SEO Premium plugin. -->","yoast_head_json":{"title":"Pepe Jeans Fransenkleid - Langarm & Gef\u00fcttert","description":"Pepe Jeans Langarmkleid mit mehrfarbigen Fransen und Innenfutter. Leichtes 100% Polyester f\u00fcr angenehmen Sitz und einfache Pflege.","robots":{"index":"index","follow":"follow","max-snippet":"max-snippet:-1","max-image-preview":"max-image-preview:large","max-video-preview":"max-video-preview:-1"},"canonical":"https:\/\/dari.shop\/it\/geschaft\/women-clothing-it\/pepe-jeans-liv_pl953016_multi\/","og_locale":"de_DE","og_type":"article","og_title":"Pepe Jeans Langarm-Fransenkleid - Mehrfarbig, Gef\u00fcttert","og_description":"Pepe Jeans Langarmkleid mit mehrfarbigen Fransen und Innenfutter. Leichtes 100% Polyester f\u00fcr angenehmen Sitz und einfache Pflege.","og_url":"https:\/\/dari.shop\/it\/geschaft\/women-clothing-it\/pepe-jeans-liv_pl953016_multi\/","og_site_name":"DARI.Shop","article_modified_time":"2025-12-16T06:23:10+00:00","og_image":[{"width":1920,"height":1919,"url":"https:\/\/dari.shop\/wp-content\/uploads\/2025\/11\/1cad85f0-84d4-11ec-b2b6-1b0e96238154.jpg","type":"image\/jpeg"}],"twitter_card":"summary_large_image","twitter_misc":{"Preis":"67,83&nbsp;&euro;","Verf\u00fcgbarkeit":"Auf Lager"},"schema":{"@context":"https:\/\/schema.org","@graph":[{"@type":"WebPage","@id":"https:\/\/dari.shop\/it\/geschaft\/women-clothing-it\/pepe-jeans-liv_pl953016_multi\/","url":"https:\/\/dari.shop\/it\/geschaft\/women-clothing-it\/pepe-jeans-liv_pl953016_multi\/","name":"Pepe Jeans Fransenkleid - Langarm & Gef\u00fcttert","isPartOf":{"@id":"https:\/\/dari.shop\/#website"},"primaryImageOfPage":{"@id":"https:\/\/dari.shop\/it\/geschaft\/women-clothing-it\/pepe-jeans-liv_pl953016_multi\/#primaryimage"},"image":{"@id":"https:\/\/dari.shop\/it\/geschaft\/women-clothing-it\/pepe-jeans-liv_pl953016_multi\/#primaryimage"},"thumbnailUrl":"https:\/\/dari.shop\/wp-content\/uploads\/2025\/11\/1cad85f0-84d4-11ec-b2b6-1b0e96238154.jpg","datePublished":"2025-11-11T11:42:49+00:00","dateModified":"2025-12-16T06:23:10+00:00","description":"Pepe Jeans Langarmkleid mit mehrfarbigen Fransen und Innenfutter. Leichtes 100% Polyester f\u00fcr angenehmen Sitz und einfache Pflege.","breadcrumb":{"@id":"https:\/\/dari.shop\/it\/geschaft\/women-clothing-it\/pepe-jeans-liv_pl953016_multi\/#breadcrumb"},"inLanguage":"de","potentialAction":[{"@type":"ReadAction","target":["https:\/\/dari.shop\/it\/geschaft\/women-clothing-it\/pepe-jeans-liv_pl953016_multi\/"]}]},{"@type":"ImageObject","inLanguage":"de","@id":"https:\/\/dari.shop\/it\/geschaft\/women-clothing-it\/pepe-jeans-liv_pl953016_multi\/#primaryimage","url":"https:\/\/dari.shop\/wp-content\/uploads\/2025\/11\/1cad85f0-84d4-11ec-b2b6-1b0e96238154.jpg","contentUrl":"https:\/\/dari.shop\/wp-content\/uploads\/2025\/11\/1cad85f0-84d4-11ec-b2b6-1b0e96238154.jpg","width":1920,"height":1919,"caption":"Gef\u00fcttertes Pepe Jeans Langarmkleid mit mehrfarbigen Fransen"},{"@type":"BreadcrumbList","@id":"https:\/\/dari.shop\/it\/geschaft\/women-clothing-it\/pepe-jeans-liv_pl953016_multi\/#breadcrumb","itemListElement":[{"@type":"ListItem","position":1,"name":"Homepage","item":"https:\/\/dari.shop\/de\/inspiration\/"},{"@type":"ListItem","position":2,"name":"Marketplace","item":"https:\/\/dari.shop\/marketplace\/"},{"@type":"ListItem","position":3,"name":"Clothing","item":"https:\/\/dari.shop\/product-category\/women-clothing-it\/"},{"@type":"ListItem","position":4,"name":"Pepe Jeans Langarm-Fransenkleid &#8211; Mehrfarbig, Gef\u00fcttert"}]},{"@type":"WebSite","@id":"https:\/\/dari.shop\/#website","url":"https:\/\/dari.shop\/","name":"DARI.Shop","description":"DARI.Shop. It starts with curiosity...","publisher":{"@id":"https:\/\/dari.shop\/#organization"},"alternateName":"Dari Fashion Hub","potentialAction":[{"@type":"SearchAction","target":{"@type":"EntryPoint","urlTemplate":"https:\/\/dari.shop\/?s={search_term_string}"},"query-input":{"@type":"PropertyValueSpecification","valueRequired":true,"valueName":"search_term_string"}}],"inLanguage":"de"},{"@type":"Organization","@id":"https:\/\/dari.shop\/#organization","name":"DARI.Shop","alternateName":"Dari Fashion Hub","url":"https:\/\/dari.shop\/","logo":{"@type":"ImageObject","inLanguage":"de","@id":"https:\/\/dari.shop\/#\/schema\/logo\/image\/","url":"https:\/\/dari.shop\/wp-content\/uploads\/2018\/01\/logo-dari.shop_-1.gif","contentUrl":"https:\/\/dari.shop\/wp-content\/uploads\/2018\/01\/logo-dari.shop_-1.gif","width":458,"height":107,"caption":"DARI.Shop"},"image":{"@id":"https:\/\/dari.shop\/#\/schema\/logo\/image\/"}}]},"product_brand":"All Year","product_price_amount":"67.83","product_price_currency":"EUR","og_availability":"instock","product_availability":"instock","product_retailer_item_id":"LIV_PL953016_MULTI_124849","product_condition":"new"},"_links":{"self":[{"href":"https:\/\/dari.shop\/de\/wp-json\/wp\/v2\/product\/35943","targetHints":{"allow":["GET"]}}],"collection":[{"href":"https:\/\/dari.shop\/de\/wp-json\/wp\/v2\/product"}],"about":[{"href":"https:\/\/dari.shop\/de\/wp-json\/wp\/v2\/types\/product"}],"replies":[{"embeddable":true,"href":"https:\/\/dari.shop\/de\/wp-json\/wp\/v2\/comments?post=35943"}],"wp:featuredmedia":[{"embeddable":true,"href":"https:\/\/dari.shop\/de\/wp-json\/wp\/v2\/media\/35070"}],"wp:attachment":[{"href":"https:\/\/dari.shop\/de\/wp-json\/wp\/v2\/media?parent=35943"}],"wp:term":[{"taxonomy":"product_brand","embeddable":true,"href":"https:\/\/dari.shop\/de\/wp-json\/wp\/v2\/product_brand?post=35943"},{"taxonomy":"product_cat","embeddable":true,"href":"https:\/\/dari.shop\/de\/wp-json\/wp\/v2\/product_cat?post=35943"},{"taxonomy":"product_tag","embeddable":true,"href":"https:\/\/dari.shop\/de\/wp-json\/wp\/v2\/product_tag?post=35943"}],"curies":[{"name":"wp","href":"https:\/\/api.w.org\/{rel}","templated":true}]}}