{"id":35967,"date":"2025-11-11T12:49:56","date_gmt":"2025-11-11T11:49:56","guid":{"rendered":"https:\/\/dari.shop\/marketplace\/uncategorized\/bodyboo-bb23956_camo-green\/"},"modified":"2025-12-13T22:44:23","modified_gmt":"2025-12-13T21:44:23","slug":"bodyboo-bb23956_camo-green","status":"publish","type":"product","link":"https:\/\/dari.shop\/de\/geschaft\/clothing\/bodyboo-bb23956_camo-green\/","title":{"rendered":"Bodyboo BB23956 Camo Green Shaping-Leggings"},"content":{"rendered":"<p>Entwickelt, um zu formen und zu st\u00fctzen: Diese High\u2011Waist-Leggings kombinieren ein festes Kontrollpanel mit einem weichen Mikrofaser-Au\u00dfenmaterial f\u00fcr eine schlanke, definierte Silhouette. Der Camo\u2011Green\u2011Print verleiht einen sportlich-chicen Akzent, w\u00e4hrend der elastische Stoff sich mit Ihren Bewegungen f\u00fcr ganzt\u00e4gigen Komfort mitdehnt.<\/p>\n<p>Verst\u00e4rkte N\u00e4hte und ein fester Bund sorgen daf\u00fcr, dass die Passform auch bei t\u00e4glichem Tragen und h\u00e4ufigem Waschen sicher bleibt. Kombinieren Sie sie mit Sneakern und einem Oversize\u2011Shirt f\u00fcr entspannte Looks oder tragen Sie sie unter einer Longline\u2011Jacke f\u00fcr einen modernen Athleisure\u2011Stil.<\/p>\n<ul>\n<li>Hochgeschnittenes Shaping\u2011Design f\u00fcr eine glatte Silhouette<\/li>\n<li>Weiche Mikrofaser mit angenehmem Stretch<\/li>\n<li>Kontrollpanel f\u00fcr leichte Kompression<\/li>\n<li>Langlebige Verarbeitung f\u00fcr den Alltag<\/li>\n<\/ul>\n","protected":false},"excerpt":{"rendered":"<p>Die Bodyboo BB23956 Camo Green Shaping-Leggings vereinen gezielte Formgebung und weiche Mikrofaser zu einer glatten, hochgeschnittenen Silhouette. Angenehme Dehnbarkeit und robuste Verarbeitung machen sie ideal f\u00fcr den t\u00e4glichen Gebrauch.<\/p>\n","protected":false},"featured_media":35304,"comment_status":"open","ping_status":"closed","template":"","meta":[],"product_brand":[],"product_cat":[11231,11510,11230],"product_tag":[11425,11459,11237,11233,10301,11512,11235,11165],"class_list":{"0":"post-35967","1":"product","2":"type-product","3":"status-publish","4":"has-post-thumbnail","6":"product_cat-clothing","7":"product_cat-women-clothing-leggings-de","8":"product_cat-women-de","9":"product_tag-all-year-de","10":"product_tag-bodyboo-de","11":"product_tag-clothing-de","12":"product_tag-fashion-de","13":"product_tag-green-de","14":"product_tag-leggings-de","15":"product_tag-reductions-de","16":"product_tag-women-2-de","17":"pa_color-gruen","18":"pa_season-all-year-de","20":"first","21":"instock","22":"shipping-taxable","23":"purchasable","24":"product-type-simple"},"yoast_head":"<!-- This site is optimized with the Yoast SEO Premium plugin v22.7 (Yoast SEO v27.3) - https:\/\/yoast.com\/product\/yoast-seo-premium-wordpress\/ -->\n<title>Bodyboo Camo Green Shaping-Leggings \u2013 BB23956<\/title>\n<meta name=\"description\" content=\"High\u2011Waist Bodyboo BB23956 Camo Green Leggings bieten leichte Kompression, weiche Mikrofaser und Stretch f\u00fcr eine glatte Silhouette \u2013 robust und bequem f\u00fcr jeden Tag.\" \/>\n<meta name=\"robots\" content=\"index, follow, max-snippet:-1, max-image-preview:large, max-video-preview:-1\" \/>\n<link rel=\"canonical\" href=\"https:\/\/dari.shop\/geschaft\/women\/women-clothing\/women-clothing-leggings\/bodyboo-bb23956_camo-green\/\" \/>\n<meta property=\"og:locale\" content=\"de_DE\" \/>\n<meta property=\"og:type\" content=\"article\" \/>\n<meta property=\"og:title\" content=\"Bodyboo BB23956 Camo Green Shaping-Leggings\" \/>\n<meta property=\"og:description\" content=\"High\u2011Waist Bodyboo BB23956 Camo Green Leggings bieten leichte Kompression, weiche Mikrofaser und Stretch f\u00fcr eine glatte Silhouette \u2013 robust und bequem f\u00fcr jeden Tag.\" \/>\n<meta property=\"og:url\" content=\"https:\/\/dari.shop\/geschaft\/women\/women-clothing\/women-clothing-leggings\/bodyboo-bb23956_camo-green\/\" \/>\n<meta property=\"og:site_name\" content=\"DARI.Shop\" \/>\n<meta property=\"article:modified_time\" content=\"2025-12-13T21:44:23+00:00\" \/>\n<meta property=\"og:image\" content=\"https:\/\/dari.shop\/wp-content\/uploads\/2025\/11\/28c35bc0-f5a6-11eb-84ee-7d4861fb7529.jpg\" \/>\n\t<meta property=\"og:image:width\" content=\"1920\" \/>\n\t<meta property=\"og:image:height\" content=\"1920\" \/>\n\t<meta property=\"og:image:type\" content=\"image\/jpeg\" \/>\n<meta name=\"twitter:card\" content=\"summary_large_image\" \/>\n<meta name=\"twitter:label1\" content=\"Preis\" \/>\n\t<meta name=\"twitter:data1\" content=\"33,83&nbsp;&euro;\" \/>\n\t<meta name=\"twitter:label2\" content=\"Verf\u00fcgbarkeit\" \/>\n\t<meta name=\"twitter:data2\" content=\"Auf Lager\" \/>\n<script type=\"application\/ld+json\" class=\"yoast-schema-graph\">{\"@context\":\"https:\\\/\\\/schema.org\",\"@graph\":[{\"@type\":\"WebPage\",\"@id\":\"https:\\\/\\\/dari.shop\\\/geschaft\\\/women\\\/women-clothing\\\/women-clothing-leggings\\\/bodyboo-bb23956_camo-green\\\/\",\"url\":\"https:\\\/\\\/dari.shop\\\/geschaft\\\/women\\\/women-clothing\\\/women-clothing-leggings\\\/bodyboo-bb23956_camo-green\\\/\",\"name\":\"Bodyboo Camo Green Shaping-Leggings \u2013 BB23956\",\"isPartOf\":{\"@id\":\"https:\\\/\\\/dari.shop\\\/#website\"},\"primaryImageOfPage\":{\"@id\":\"https:\\\/\\\/dari.shop\\\/geschaft\\\/women\\\/women-clothing\\\/women-clothing-leggings\\\/bodyboo-bb23956_camo-green\\\/#primaryimage\"},\"image\":{\"@id\":\"https:\\\/\\\/dari.shop\\\/geschaft\\\/women\\\/women-clothing\\\/women-clothing-leggings\\\/bodyboo-bb23956_camo-green\\\/#primaryimage\"},\"thumbnailUrl\":\"https:\\\/\\\/dari.shop\\\/wp-content\\\/uploads\\\/2025\\\/11\\\/28c35bc0-f5a6-11eb-84ee-7d4861fb7529.jpg\",\"datePublished\":\"2025-11-11T11:49:56+00:00\",\"dateModified\":\"2025-12-13T21:44:23+00:00\",\"description\":\"High\u2011Waist Bodyboo BB23956 Camo Green Leggings bieten leichte Kompression, weiche Mikrofaser und Stretch f\u00fcr eine glatte Silhouette \u2013 robust und bequem f\u00fcr jeden Tag.\",\"breadcrumb\":{\"@id\":\"https:\\\/\\\/dari.shop\\\/geschaft\\\/women\\\/women-clothing\\\/women-clothing-leggings\\\/bodyboo-bb23956_camo-green\\\/#breadcrumb\"},\"inLanguage\":\"de\",\"potentialAction\":[{\"@type\":\"ReadAction\",\"target\":[\"https:\\\/\\\/dari.shop\\\/geschaft\\\/women\\\/women-clothing\\\/women-clothing-leggings\\\/bodyboo-bb23956_camo-green\\\/\"]}]},{\"@type\":\"ImageObject\",\"inLanguage\":\"de\",\"@id\":\"https:\\\/\\\/dari.shop\\\/geschaft\\\/women\\\/women-clothing\\\/women-clothing-leggings\\\/bodyboo-bb23956_camo-green\\\/#primaryimage\",\"url\":\"https:\\\/\\\/dari.shop\\\/wp-content\\\/uploads\\\/2025\\\/11\\\/28c35bc0-f5a6-11eb-84ee-7d4861fb7529.jpg\",\"contentUrl\":\"https:\\\/\\\/dari.shop\\\/wp-content\\\/uploads\\\/2025\\\/11\\\/28c35bc0-f5a6-11eb-84ee-7d4861fb7529.jpg\",\"width\":1920,\"height\":1920,\"caption\":\"Bodyboo BB23956 Camo Green Shaping-Leggings\"},{\"@type\":\"BreadcrumbList\",\"@id\":\"https:\\\/\\\/dari.shop\\\/geschaft\\\/women\\\/women-clothing\\\/women-clothing-leggings\\\/bodyboo-bb23956_camo-green\\\/#breadcrumb\",\"itemListElement\":[{\"@type\":\"ListItem\",\"position\":1,\"name\":\"Homepage\",\"item\":\"https:\\\/\\\/dari.shop\\\/de\\\/inspiration\\\/\"},{\"@type\":\"ListItem\",\"position\":2,\"name\":\"Marketplace\",\"item\":\"https:\\\/\\\/dari.shop\\\/marketplace\\\/\"},{\"@type\":\"ListItem\",\"position\":3,\"name\":\"Women\",\"item\":\"https:\\\/\\\/dari.shop\\\/product-category\\\/women\\\/\"},{\"@type\":\"ListItem\",\"position\":4,\"name\":\"Clothing\",\"item\":\"https:\\\/\\\/dari.shop\\\/product-category\\\/women\\\/women-clothing\\\/\"},{\"@type\":\"ListItem\",\"position\":5,\"name\":\"Leggings\",\"item\":\"https:\\\/\\\/dari.shop\\\/product-category\\\/women\\\/women-clothing\\\/women-clothing-leggings\\\/\"},{\"@type\":\"ListItem\",\"position\":6,\"name\":\"Bodyboo BB23956 Camo Green Shaping-Leggings\"}]},{\"@type\":\"WebSite\",\"@id\":\"https:\\\/\\\/dari.shop\\\/#website\",\"url\":\"https:\\\/\\\/dari.shop\\\/\",\"name\":\"DARI.Shop\",\"description\":\"DARI.Shop. It starts with curiosity...\",\"publisher\":{\"@id\":\"https:\\\/\\\/dari.shop\\\/#organization\"},\"alternateName\":\"Dari Fashion Hub\",\"potentialAction\":[{\"@type\":\"SearchAction\",\"target\":{\"@type\":\"EntryPoint\",\"urlTemplate\":\"https:\\\/\\\/dari.shop\\\/?s={search_term_string}\"},\"query-input\":{\"@type\":\"PropertyValueSpecification\",\"valueRequired\":true,\"valueName\":\"search_term_string\"}}],\"inLanguage\":\"de\"},{\"@type\":\"Organization\",\"@id\":\"https:\\\/\\\/dari.shop\\\/#organization\",\"name\":\"DARI.Shop\",\"alternateName\":\"Dari Fashion Hub\",\"url\":\"https:\\\/\\\/dari.shop\\\/\",\"logo\":{\"@type\":\"ImageObject\",\"inLanguage\":\"de\",\"@id\":\"https:\\\/\\\/dari.shop\\\/#\\\/schema\\\/logo\\\/image\\\/\",\"url\":\"https:\\\/\\\/dari.shop\\\/wp-content\\\/uploads\\\/2018\\\/01\\\/logo-dari.shop_-1.gif\",\"contentUrl\":\"https:\\\/\\\/dari.shop\\\/wp-content\\\/uploads\\\/2018\\\/01\\\/logo-dari.shop_-1.gif\",\"width\":458,\"height\":107,\"caption\":\"DARI.Shop\"},\"image\":{\"@id\":\"https:\\\/\\\/dari.shop\\\/#\\\/schema\\\/logo\\\/image\\\/\"}}]}<\/script>\n<meta property=\"product:brand\" content=\"All Year\" \/>\n<meta property=\"product:price:amount\" content=\"33.83\" \/>\n<meta property=\"product:price:currency\" content=\"EUR\" \/>\n<meta property=\"og:availability\" content=\"instock\" \/>\n<meta property=\"product:availability\" content=\"instock\" \/>\n<meta property=\"product:retailer_item_id\" content=\"BB23956_Camo-Green_109912\" \/>\n<meta property=\"product:condition\" content=\"new\" \/>\n<!-- \/ Yoast SEO Premium plugin. -->","yoast_head_json":{"title":"Bodyboo Camo Green Shaping-Leggings \u2013 BB23956","description":"High\u2011Waist Bodyboo BB23956 Camo Green Leggings bieten leichte Kompression, weiche Mikrofaser und Stretch f\u00fcr eine glatte Silhouette \u2013 robust und bequem f\u00fcr jeden Tag.","robots":{"index":"index","follow":"follow","max-snippet":"max-snippet:-1","max-image-preview":"max-image-preview:large","max-video-preview":"max-video-preview:-1"},"canonical":"https:\/\/dari.shop\/geschaft\/women\/women-clothing\/women-clothing-leggings\/bodyboo-bb23956_camo-green\/","og_locale":"de_DE","og_type":"article","og_title":"Bodyboo BB23956 Camo Green Shaping-Leggings","og_description":"High\u2011Waist Bodyboo BB23956 Camo Green Leggings bieten leichte Kompression, weiche Mikrofaser und Stretch f\u00fcr eine glatte Silhouette \u2013 robust und bequem f\u00fcr jeden Tag.","og_url":"https:\/\/dari.shop\/geschaft\/women\/women-clothing\/women-clothing-leggings\/bodyboo-bb23956_camo-green\/","og_site_name":"DARI.Shop","article_modified_time":"2025-12-13T21:44:23+00:00","og_image":[{"width":1920,"height":1920,"url":"https:\/\/dari.shop\/wp-content\/uploads\/2025\/11\/28c35bc0-f5a6-11eb-84ee-7d4861fb7529.jpg","type":"image\/jpeg"}],"twitter_card":"summary_large_image","twitter_misc":{"Preis":"33,83&nbsp;&euro;","Verf\u00fcgbarkeit":"Auf Lager"},"schema":{"@context":"https:\/\/schema.org","@graph":[{"@type":"WebPage","@id":"https:\/\/dari.shop\/geschaft\/women\/women-clothing\/women-clothing-leggings\/bodyboo-bb23956_camo-green\/","url":"https:\/\/dari.shop\/geschaft\/women\/women-clothing\/women-clothing-leggings\/bodyboo-bb23956_camo-green\/","name":"Bodyboo Camo Green Shaping-Leggings \u2013 BB23956","isPartOf":{"@id":"https:\/\/dari.shop\/#website"},"primaryImageOfPage":{"@id":"https:\/\/dari.shop\/geschaft\/women\/women-clothing\/women-clothing-leggings\/bodyboo-bb23956_camo-green\/#primaryimage"},"image":{"@id":"https:\/\/dari.shop\/geschaft\/women\/women-clothing\/women-clothing-leggings\/bodyboo-bb23956_camo-green\/#primaryimage"},"thumbnailUrl":"https:\/\/dari.shop\/wp-content\/uploads\/2025\/11\/28c35bc0-f5a6-11eb-84ee-7d4861fb7529.jpg","datePublished":"2025-11-11T11:49:56+00:00","dateModified":"2025-12-13T21:44:23+00:00","description":"High\u2011Waist Bodyboo BB23956 Camo Green Leggings bieten leichte Kompression, weiche Mikrofaser und Stretch f\u00fcr eine glatte Silhouette \u2013 robust und bequem f\u00fcr jeden Tag.","breadcrumb":{"@id":"https:\/\/dari.shop\/geschaft\/women\/women-clothing\/women-clothing-leggings\/bodyboo-bb23956_camo-green\/#breadcrumb"},"inLanguage":"de","potentialAction":[{"@type":"ReadAction","target":["https:\/\/dari.shop\/geschaft\/women\/women-clothing\/women-clothing-leggings\/bodyboo-bb23956_camo-green\/"]}]},{"@type":"ImageObject","inLanguage":"de","@id":"https:\/\/dari.shop\/geschaft\/women\/women-clothing\/women-clothing-leggings\/bodyboo-bb23956_camo-green\/#primaryimage","url":"https:\/\/dari.shop\/wp-content\/uploads\/2025\/11\/28c35bc0-f5a6-11eb-84ee-7d4861fb7529.jpg","contentUrl":"https:\/\/dari.shop\/wp-content\/uploads\/2025\/11\/28c35bc0-f5a6-11eb-84ee-7d4861fb7529.jpg","width":1920,"height":1920,"caption":"Bodyboo BB23956 Camo Green Shaping-Leggings"},{"@type":"BreadcrumbList","@id":"https:\/\/dari.shop\/geschaft\/women\/women-clothing\/women-clothing-leggings\/bodyboo-bb23956_camo-green\/#breadcrumb","itemListElement":[{"@type":"ListItem","position":1,"name":"Homepage","item":"https:\/\/dari.shop\/de\/inspiration\/"},{"@type":"ListItem","position":2,"name":"Marketplace","item":"https:\/\/dari.shop\/marketplace\/"},{"@type":"ListItem","position":3,"name":"Women","item":"https:\/\/dari.shop\/product-category\/women\/"},{"@type":"ListItem","position":4,"name":"Clothing","item":"https:\/\/dari.shop\/product-category\/women\/women-clothing\/"},{"@type":"ListItem","position":5,"name":"Leggings","item":"https:\/\/dari.shop\/product-category\/women\/women-clothing\/women-clothing-leggings\/"},{"@type":"ListItem","position":6,"name":"Bodyboo BB23956 Camo Green Shaping-Leggings"}]},{"@type":"WebSite","@id":"https:\/\/dari.shop\/#website","url":"https:\/\/dari.shop\/","name":"DARI.Shop","description":"DARI.Shop. It starts with curiosity...","publisher":{"@id":"https:\/\/dari.shop\/#organization"},"alternateName":"Dari Fashion Hub","potentialAction":[{"@type":"SearchAction","target":{"@type":"EntryPoint","urlTemplate":"https:\/\/dari.shop\/?s={search_term_string}"},"query-input":{"@type":"PropertyValueSpecification","valueRequired":true,"valueName":"search_term_string"}}],"inLanguage":"de"},{"@type":"Organization","@id":"https:\/\/dari.shop\/#organization","name":"DARI.Shop","alternateName":"Dari Fashion Hub","url":"https:\/\/dari.shop\/","logo":{"@type":"ImageObject","inLanguage":"de","@id":"https:\/\/dari.shop\/#\/schema\/logo\/image\/","url":"https:\/\/dari.shop\/wp-content\/uploads\/2018\/01\/logo-dari.shop_-1.gif","contentUrl":"https:\/\/dari.shop\/wp-content\/uploads\/2018\/01\/logo-dari.shop_-1.gif","width":458,"height":107,"caption":"DARI.Shop"},"image":{"@id":"https:\/\/dari.shop\/#\/schema\/logo\/image\/"}}]},"product_brand":"All Year","product_price_amount":"33.83","product_price_currency":"EUR","og_availability":"instock","product_availability":"instock","product_retailer_item_id":"BB23956_Camo-Green_109912","product_condition":"new"},"_links":{"self":[{"href":"https:\/\/dari.shop\/de\/wp-json\/wp\/v2\/product\/35967","targetHints":{"allow":["GET"]}}],"collection":[{"href":"https:\/\/dari.shop\/de\/wp-json\/wp\/v2\/product"}],"about":[{"href":"https:\/\/dari.shop\/de\/wp-json\/wp\/v2\/types\/product"}],"replies":[{"embeddable":true,"href":"https:\/\/dari.shop\/de\/wp-json\/wp\/v2\/comments?post=35967"}],"wp:featuredmedia":[{"embeddable":true,"href":"https:\/\/dari.shop\/de\/wp-json\/wp\/v2\/media\/35304"}],"wp:attachment":[{"href":"https:\/\/dari.shop\/de\/wp-json\/wp\/v2\/media?parent=35967"}],"wp:term":[{"taxonomy":"product_brand","embeddable":true,"href":"https:\/\/dari.shop\/de\/wp-json\/wp\/v2\/product_brand?post=35967"},{"taxonomy":"product_cat","embeddable":true,"href":"https:\/\/dari.shop\/de\/wp-json\/wp\/v2\/product_cat?post=35967"},{"taxonomy":"product_tag","embeddable":true,"href":"https:\/\/dari.shop\/de\/wp-json\/wp\/v2\/product_tag?post=35967"}],"curies":[{"name":"wp","href":"https:\/\/api.w.org\/{rel}","templated":true}]}}