{"id":36073,"date":"2025-11-11T12:44:40","date_gmt":"2025-11-11T11:44:40","guid":{"rendered":"https:\/\/dari.shop\/marketplace\/uncategorized\/pepe-jeans-edan_pl952813_999black\/"},"modified":"2025-12-14T12:26:23","modified_gmt":"2025-12-14T11:26:23","slug":"pepe-jeans-edan_pl952813_999black","status":"publish","type":"product","link":"https:\/\/dari.shop\/de\/geschaft\/clothing\/pepe-jeans-edan_pl952813_999black\/","title":{"rendered":"Pepe Jeans EDAN V-Ausschnitt Hemdblusenkleid \u2013 Schwarz"},"content":{"rendered":"<p>Das Pepe Jeans EDAN Kleid bietet eine klare, figurschonende Hemdblusen-Silhouette in zeitlosem Schwarz. V-Ausschnitt und durchgehende Knopfleiste verleihen einen gepflegten Look, w\u00e4hrend der Bindeg\u00fcrtel die Taille betont und f\u00fcr eine schmeichelhafte Passform sorgt.<\/p>\n<ul>\n<li>V-Ausschnitt und durchgehende Knopfleiste<\/li>\n<li>Bindeg\u00fcrtel zur Formung der Taille<\/li>\n<li>Lange \u00c4rmel mit saisongerechtem Schnitt<\/li>\n<li>Seitlicher Schlitz f\u00fcr Bewegungsfreiheit<\/li>\n<li>Drei Au\u00dfentaschen f\u00fcr praktischen Stauraum<\/li>\n<\/ul>\n<p>Vielseitig vom Tag zum Abend: EDAN l\u00e4sst sich m\u00fchelos mit Stiefeln, Sneakern oder High Heels kombinieren und eignet sich hervorragend zum Unterziehen von Jacken. Ein modernes Basic, das smarte Schnitte mit alltagstauglicher Funktionalit\u00e4t verbindet.<\/p>\n","protected":false},"excerpt":{"rendered":"<p>Pepe Jeans EDAN ist ein schlankes schwarzes Hemdblusenkleid mit V-Ausschnitt, durchgehender Knopfleiste und Bindeg\u00fcrtel zur Taillierung. Lange \u00c4rmel, seitlicher Schlitz und drei Au\u00dfentaschen sorgen f\u00fcr praktische, saison\u00fcbergreifende Eleganz.<\/p>\n","protected":false},"featured_media":35137,"comment_status":"open","ping_status":"closed","template":"","meta":[],"product_brand":[],"product_cat":[11231,11492,11230],"product_tag":[11425,11493,11237,11494,11233,11505,11235,11165],"class_list":{"0":"post-36073","1":"product","2":"type-product","3":"status-publish","4":"has-post-thumbnail","6":"product_cat-clothing","7":"product_cat-women-clothing-dresses-de","8":"product_cat-women-de","9":"product_tag-all-year-de","10":"product_tag-black-de","11":"product_tag-clothing-de","12":"product_tag-dresses-de","13":"product_tag-fashion-de","14":"product_tag-pepe-jeans-de","15":"product_tag-reductions-de","16":"product_tag-women-2-de","17":"pa_color-schwarz","18":"pa_season-all-year-de","20":"first","21":"instock","22":"shipping-taxable","23":"purchasable","24":"product-type-variable"},"yoast_head":"<!-- This site is optimized with the Yoast SEO Premium plugin v22.7 (Yoast SEO v27.3) - https:\/\/yoast.com\/product\/yoast-seo-premium-wordpress\/ -->\n<title>Pepe Jeans EDAN V-Ausschnitt Kleid \u2013 Schwarz<\/title>\n<meta name=\"description\" content=\"Elegantes Pepe Jeans EDAN Hemdblusenkleid in Schwarz mit V-Ausschnitt, Knopfleiste und Bindeg\u00fcrtel. Drei Au\u00dfentaschen \u2013 zeitlos, praktisch und vielseitig.\" \/>\n<meta name=\"robots\" content=\"index, follow, max-snippet:-1, max-image-preview:large, max-video-preview:-1\" \/>\n<link rel=\"canonical\" href=\"https:\/\/dari.shop\/geschaft\/women\/women-clothing\/women-clothing-dresses\/pepe-jeans-edan_pl952813_999black\/\" \/>\n<meta property=\"og:locale\" content=\"de_DE\" \/>\n<meta property=\"og:type\" content=\"article\" \/>\n<meta property=\"og:title\" content=\"Pepe Jeans EDAN V-Ausschnitt Hemdblusenkleid \u2013 Schwarz\" \/>\n<meta property=\"og:description\" content=\"Elegantes Pepe Jeans EDAN Hemdblusenkleid in Schwarz mit V-Ausschnitt, Knopfleiste und Bindeg\u00fcrtel. Drei Au\u00dfentaschen \u2013 zeitlos, praktisch und vielseitig.\" \/>\n<meta property=\"og:url\" content=\"https:\/\/dari.shop\/geschaft\/women\/women-clothing\/women-clothing-dresses\/pepe-jeans-edan_pl952813_999black\/\" \/>\n<meta property=\"og:site_name\" content=\"DARI.Shop\" \/>\n<meta property=\"article:modified_time\" content=\"2025-12-14T11:26:23+00:00\" \/>\n<meta property=\"og:image\" content=\"https:\/\/dari.shop\/wp-content\/uploads\/2025\/11\/1d30a990-2a88-11ec-a922-9bba1c8717a2.jpg\" \/>\n\t<meta property=\"og:image:width\" content=\"1920\" \/>\n\t<meta property=\"og:image:height\" content=\"1920\" \/>\n\t<meta property=\"og:image:type\" content=\"image\/jpeg\" \/>\n<meta name=\"twitter:card\" content=\"summary_large_image\" \/>\n<meta name=\"twitter:label1\" content=\"Verf\u00fcgbarkeit\" \/>\n\t<meta name=\"twitter:data1\" content=\"Auf Lager\" \/>\n<script type=\"application\/ld+json\" class=\"yoast-schema-graph\">{\"@context\":\"https:\\\/\\\/schema.org\",\"@graph\":[{\"@type\":\"WebPage\",\"@id\":\"https:\\\/\\\/dari.shop\\\/geschaft\\\/women\\\/women-clothing\\\/women-clothing-dresses\\\/pepe-jeans-edan_pl952813_999black\\\/\",\"url\":\"https:\\\/\\\/dari.shop\\\/geschaft\\\/women\\\/women-clothing\\\/women-clothing-dresses\\\/pepe-jeans-edan_pl952813_999black\\\/\",\"name\":\"Pepe Jeans EDAN V-Ausschnitt Kleid \u2013 Schwarz\",\"isPartOf\":{\"@id\":\"https:\\\/\\\/dari.shop\\\/#website\"},\"primaryImageOfPage\":{\"@id\":\"https:\\\/\\\/dari.shop\\\/geschaft\\\/women\\\/women-clothing\\\/women-clothing-dresses\\\/pepe-jeans-edan_pl952813_999black\\\/#primaryimage\"},\"image\":{\"@id\":\"https:\\\/\\\/dari.shop\\\/geschaft\\\/women\\\/women-clothing\\\/women-clothing-dresses\\\/pepe-jeans-edan_pl952813_999black\\\/#primaryimage\"},\"thumbnailUrl\":\"https:\\\/\\\/dari.shop\\\/wp-content\\\/uploads\\\/2025\\\/11\\\/1d30a990-2a88-11ec-a922-9bba1c8717a2.jpg\",\"datePublished\":\"2025-11-11T11:44:40+00:00\",\"dateModified\":\"2025-12-14T11:26:23+00:00\",\"description\":\"Elegantes Pepe Jeans EDAN Hemdblusenkleid in Schwarz mit V-Ausschnitt, Knopfleiste und Bindeg\u00fcrtel. Drei Au\u00dfentaschen \u2013 zeitlos, praktisch und vielseitig.\",\"breadcrumb\":{\"@id\":\"https:\\\/\\\/dari.shop\\\/geschaft\\\/women\\\/women-clothing\\\/women-clothing-dresses\\\/pepe-jeans-edan_pl952813_999black\\\/#breadcrumb\"},\"inLanguage\":\"de\",\"potentialAction\":[{\"@type\":\"ReadAction\",\"target\":[\"https:\\\/\\\/dari.shop\\\/geschaft\\\/women\\\/women-clothing\\\/women-clothing-dresses\\\/pepe-jeans-edan_pl952813_999black\\\/\"]}]},{\"@type\":\"ImageObject\",\"inLanguage\":\"de\",\"@id\":\"https:\\\/\\\/dari.shop\\\/geschaft\\\/women\\\/women-clothing\\\/women-clothing-dresses\\\/pepe-jeans-edan_pl952813_999black\\\/#primaryimage\",\"url\":\"https:\\\/\\\/dari.shop\\\/wp-content\\\/uploads\\\/2025\\\/11\\\/1d30a990-2a88-11ec-a922-9bba1c8717a2.jpg\",\"contentUrl\":\"https:\\\/\\\/dari.shop\\\/wp-content\\\/uploads\\\/2025\\\/11\\\/1d30a990-2a88-11ec-a922-9bba1c8717a2.jpg\",\"width\":1920,\"height\":1920,\"caption\":\"Pepe Jeans EDAN V-Ausschnitt Hemdblusenkleid in Schwarz\"},{\"@type\":\"BreadcrumbList\",\"@id\":\"https:\\\/\\\/dari.shop\\\/geschaft\\\/women\\\/women-clothing\\\/women-clothing-dresses\\\/pepe-jeans-edan_pl952813_999black\\\/#breadcrumb\",\"itemListElement\":[{\"@type\":\"ListItem\",\"position\":1,\"name\":\"Homepage\",\"item\":\"https:\\\/\\\/dari.shop\\\/de\\\/inspiration\\\/\"},{\"@type\":\"ListItem\",\"position\":2,\"name\":\"Marketplace\",\"item\":\"https:\\\/\\\/dari.shop\\\/marketplace\\\/\"},{\"@type\":\"ListItem\",\"position\":3,\"name\":\"Women\",\"item\":\"https:\\\/\\\/dari.shop\\\/product-category\\\/women\\\/\"},{\"@type\":\"ListItem\",\"position\":4,\"name\":\"Clothing\",\"item\":\"https:\\\/\\\/dari.shop\\\/product-category\\\/women\\\/women-clothing\\\/\"},{\"@type\":\"ListItem\",\"position\":5,\"name\":\"Dresses\",\"item\":\"https:\\\/\\\/dari.shop\\\/product-category\\\/women\\\/women-clothing\\\/women-clothing-dresses\\\/\"},{\"@type\":\"ListItem\",\"position\":6,\"name\":\"Pepe Jeans EDAN V-Ausschnitt Hemdblusenkleid \u2013 Schwarz\"}]},{\"@type\":\"WebSite\",\"@id\":\"https:\\\/\\\/dari.shop\\\/#website\",\"url\":\"https:\\\/\\\/dari.shop\\\/\",\"name\":\"DARI.Shop\",\"description\":\"DARI.Shop. It starts with curiosity...\",\"publisher\":{\"@id\":\"https:\\\/\\\/dari.shop\\\/#organization\"},\"alternateName\":\"Dari Fashion Hub\",\"potentialAction\":[{\"@type\":\"SearchAction\",\"target\":{\"@type\":\"EntryPoint\",\"urlTemplate\":\"https:\\\/\\\/dari.shop\\\/?s={search_term_string}\"},\"query-input\":{\"@type\":\"PropertyValueSpecification\",\"valueRequired\":true,\"valueName\":\"search_term_string\"}}],\"inLanguage\":\"de\"},{\"@type\":\"Organization\",\"@id\":\"https:\\\/\\\/dari.shop\\\/#organization\",\"name\":\"DARI.Shop\",\"alternateName\":\"Dari Fashion Hub\",\"url\":\"https:\\\/\\\/dari.shop\\\/\",\"logo\":{\"@type\":\"ImageObject\",\"inLanguage\":\"de\",\"@id\":\"https:\\\/\\\/dari.shop\\\/#\\\/schema\\\/logo\\\/image\\\/\",\"url\":\"https:\\\/\\\/dari.shop\\\/wp-content\\\/uploads\\\/2018\\\/01\\\/logo-dari.shop_-1.gif\",\"contentUrl\":\"https:\\\/\\\/dari.shop\\\/wp-content\\\/uploads\\\/2018\\\/01\\\/logo-dari.shop_-1.gif\",\"width\":458,\"height\":107,\"caption\":\"DARI.Shop\"},\"image\":{\"@id\":\"https:\\\/\\\/dari.shop\\\/#\\\/schema\\\/logo\\\/image\\\/\"}}]}<\/script>\n<meta property=\"product:brand\" content=\"All Year\" \/>\n<meta property=\"og:availability\" content=\"instock\" \/>\n<meta property=\"product:availability\" content=\"instock\" \/>\n<meta property=\"product:retailer_item_id\" content=\"EDAN_PL952813_999BLACK_122817\" \/>\n<meta property=\"product:condition\" content=\"new\" \/>\n<!-- \/ Yoast SEO Premium plugin. -->","yoast_head_json":{"title":"Pepe Jeans EDAN V-Ausschnitt Kleid \u2013 Schwarz","description":"Elegantes Pepe Jeans EDAN Hemdblusenkleid in Schwarz mit V-Ausschnitt, Knopfleiste und Bindeg\u00fcrtel. Drei Au\u00dfentaschen \u2013 zeitlos, praktisch und vielseitig.","robots":{"index":"index","follow":"follow","max-snippet":"max-snippet:-1","max-image-preview":"max-image-preview:large","max-video-preview":"max-video-preview:-1"},"canonical":"https:\/\/dari.shop\/geschaft\/women\/women-clothing\/women-clothing-dresses\/pepe-jeans-edan_pl952813_999black\/","og_locale":"de_DE","og_type":"article","og_title":"Pepe Jeans EDAN V-Ausschnitt Hemdblusenkleid \u2013 Schwarz","og_description":"Elegantes Pepe Jeans EDAN Hemdblusenkleid in Schwarz mit V-Ausschnitt, Knopfleiste und Bindeg\u00fcrtel. Drei Au\u00dfentaschen \u2013 zeitlos, praktisch und vielseitig.","og_url":"https:\/\/dari.shop\/geschaft\/women\/women-clothing\/women-clothing-dresses\/pepe-jeans-edan_pl952813_999black\/","og_site_name":"DARI.Shop","article_modified_time":"2025-12-14T11:26:23+00:00","og_image":[{"width":1920,"height":1920,"url":"https:\/\/dari.shop\/wp-content\/uploads\/2025\/11\/1d30a990-2a88-11ec-a922-9bba1c8717a2.jpg","type":"image\/jpeg"}],"twitter_card":"summary_large_image","twitter_misc":{"Verf\u00fcgbarkeit":"Auf Lager"},"schema":{"@context":"https:\/\/schema.org","@graph":[{"@type":"WebPage","@id":"https:\/\/dari.shop\/geschaft\/women\/women-clothing\/women-clothing-dresses\/pepe-jeans-edan_pl952813_999black\/","url":"https:\/\/dari.shop\/geschaft\/women\/women-clothing\/women-clothing-dresses\/pepe-jeans-edan_pl952813_999black\/","name":"Pepe Jeans EDAN V-Ausschnitt Kleid \u2013 Schwarz","isPartOf":{"@id":"https:\/\/dari.shop\/#website"},"primaryImageOfPage":{"@id":"https:\/\/dari.shop\/geschaft\/women\/women-clothing\/women-clothing-dresses\/pepe-jeans-edan_pl952813_999black\/#primaryimage"},"image":{"@id":"https:\/\/dari.shop\/geschaft\/women\/women-clothing\/women-clothing-dresses\/pepe-jeans-edan_pl952813_999black\/#primaryimage"},"thumbnailUrl":"https:\/\/dari.shop\/wp-content\/uploads\/2025\/11\/1d30a990-2a88-11ec-a922-9bba1c8717a2.jpg","datePublished":"2025-11-11T11:44:40+00:00","dateModified":"2025-12-14T11:26:23+00:00","description":"Elegantes Pepe Jeans EDAN Hemdblusenkleid in Schwarz mit V-Ausschnitt, Knopfleiste und Bindeg\u00fcrtel. Drei Au\u00dfentaschen \u2013 zeitlos, praktisch und vielseitig.","breadcrumb":{"@id":"https:\/\/dari.shop\/geschaft\/women\/women-clothing\/women-clothing-dresses\/pepe-jeans-edan_pl952813_999black\/#breadcrumb"},"inLanguage":"de","potentialAction":[{"@type":"ReadAction","target":["https:\/\/dari.shop\/geschaft\/women\/women-clothing\/women-clothing-dresses\/pepe-jeans-edan_pl952813_999black\/"]}]},{"@type":"ImageObject","inLanguage":"de","@id":"https:\/\/dari.shop\/geschaft\/women\/women-clothing\/women-clothing-dresses\/pepe-jeans-edan_pl952813_999black\/#primaryimage","url":"https:\/\/dari.shop\/wp-content\/uploads\/2025\/11\/1d30a990-2a88-11ec-a922-9bba1c8717a2.jpg","contentUrl":"https:\/\/dari.shop\/wp-content\/uploads\/2025\/11\/1d30a990-2a88-11ec-a922-9bba1c8717a2.jpg","width":1920,"height":1920,"caption":"Pepe Jeans EDAN V-Ausschnitt Hemdblusenkleid in Schwarz"},{"@type":"BreadcrumbList","@id":"https:\/\/dari.shop\/geschaft\/women\/women-clothing\/women-clothing-dresses\/pepe-jeans-edan_pl952813_999black\/#breadcrumb","itemListElement":[{"@type":"ListItem","position":1,"name":"Homepage","item":"https:\/\/dari.shop\/de\/inspiration\/"},{"@type":"ListItem","position":2,"name":"Marketplace","item":"https:\/\/dari.shop\/marketplace\/"},{"@type":"ListItem","position":3,"name":"Women","item":"https:\/\/dari.shop\/product-category\/women\/"},{"@type":"ListItem","position":4,"name":"Clothing","item":"https:\/\/dari.shop\/product-category\/women\/women-clothing\/"},{"@type":"ListItem","position":5,"name":"Dresses","item":"https:\/\/dari.shop\/product-category\/women\/women-clothing\/women-clothing-dresses\/"},{"@type":"ListItem","position":6,"name":"Pepe Jeans EDAN V-Ausschnitt Hemdblusenkleid \u2013 Schwarz"}]},{"@type":"WebSite","@id":"https:\/\/dari.shop\/#website","url":"https:\/\/dari.shop\/","name":"DARI.Shop","description":"DARI.Shop. It starts with curiosity...","publisher":{"@id":"https:\/\/dari.shop\/#organization"},"alternateName":"Dari Fashion Hub","potentialAction":[{"@type":"SearchAction","target":{"@type":"EntryPoint","urlTemplate":"https:\/\/dari.shop\/?s={search_term_string}"},"query-input":{"@type":"PropertyValueSpecification","valueRequired":true,"valueName":"search_term_string"}}],"inLanguage":"de"},{"@type":"Organization","@id":"https:\/\/dari.shop\/#organization","name":"DARI.Shop","alternateName":"Dari Fashion Hub","url":"https:\/\/dari.shop\/","logo":{"@type":"ImageObject","inLanguage":"de","@id":"https:\/\/dari.shop\/#\/schema\/logo\/image\/","url":"https:\/\/dari.shop\/wp-content\/uploads\/2018\/01\/logo-dari.shop_-1.gif","contentUrl":"https:\/\/dari.shop\/wp-content\/uploads\/2018\/01\/logo-dari.shop_-1.gif","width":458,"height":107,"caption":"DARI.Shop"},"image":{"@id":"https:\/\/dari.shop\/#\/schema\/logo\/image\/"}}]},"product_brand":"All Year","og_availability":"instock","product_availability":"instock","product_retailer_item_id":"EDAN_PL952813_999BLACK_122817","product_condition":"new"},"_links":{"self":[{"href":"https:\/\/dari.shop\/de\/wp-json\/wp\/v2\/product\/36073","targetHints":{"allow":["GET"]}}],"collection":[{"href":"https:\/\/dari.shop\/de\/wp-json\/wp\/v2\/product"}],"about":[{"href":"https:\/\/dari.shop\/de\/wp-json\/wp\/v2\/types\/product"}],"replies":[{"embeddable":true,"href":"https:\/\/dari.shop\/de\/wp-json\/wp\/v2\/comments?post=36073"}],"wp:featuredmedia":[{"embeddable":true,"href":"https:\/\/dari.shop\/de\/wp-json\/wp\/v2\/media\/35137"}],"wp:attachment":[{"href":"https:\/\/dari.shop\/de\/wp-json\/wp\/v2\/media?parent=36073"}],"wp:term":[{"taxonomy":"product_brand","embeddable":true,"href":"https:\/\/dari.shop\/de\/wp-json\/wp\/v2\/product_brand?post=36073"},{"taxonomy":"product_cat","embeddable":true,"href":"https:\/\/dari.shop\/de\/wp-json\/wp\/v2\/product_cat?post=36073"},{"taxonomy":"product_tag","embeddable":true,"href":"https:\/\/dari.shop\/de\/wp-json\/wp\/v2\/product_tag?post=36073"}],"curies":[{"name":"wp","href":"https:\/\/api.w.org\/{rel}","templated":true}]}}