{"id":36586,"date":"2025-09-22T12:26:37","date_gmt":"2025-09-22T10:26:37","guid":{"rendered":"https:\/\/dari.shop\/marketplace\/senza-categoria\/just-cavalli-beachwear-l44151grbc_whitemagenta\/"},"modified":"2025-12-18T11:58:37","modified_gmt":"2025-12-18T10:58:37","slug":"just-cavalli-beachwear-l44151grbc_whitemagenta","status":"publish","type":"product","link":"https:\/\/dari.shop\/de\/geschaft\/clothing\/just-cavalli-beachwear-l44151grbc_whitemagenta\/","title":{"rendered":"Just Cavalli Beachwear Damen\u2011T-Shirt \u2014 Wei\u00df &#038; Magenta"},"content":{"rendered":"<p>F\u00fcr m\u00fchelosen Sommerstil kombiniert dieses Just Cavalli Beachwear T\u2011Shirt eine klare wei\u00dfe Basis mit auff\u00e4lligen magenta Akzenten. Das leichte, atmungsaktive Material und die entspannte Silhouette sorgen f\u00fcr Komfort vom Strand bis zum Stadtbummel und machen es zu einem vielseitigen Basic.<\/p>\n<p>Kombiniere es mit Denim, einem luftigen Rock oder als Lagenlook unter einer Jacke \u2013 tags\u00fcber wie abends l\u00e4sst sich das Shirt einfach stylen. Die dezenten, dennoch markanten Details passen zu jeder, die einen frischen, ungezwungenen Auftritt sucht.<\/p>\n<p>&#8211; Leichtes, atmungsaktives Material f\u00fcr ganzt\u00e4gigen Komfort<br \/>\n&#8211; Lockere Passform f\u00fcr unkompliziertes Styling und hohen Tragekomfort<br \/>\n&#8211; Wei\u00dfes T\u2011Shirt mit magentafarbenen Akzentdetails f\u00fcr eine moderne Note<br \/>\n&#8211; Vielseitiges Teil, ideal f\u00fcr Strand- und Freizeitoutfits<\/p>\n","protected":false},"excerpt":{"rendered":"<p>Leichtes Just Cavalli Beachwear T\u2011Shirt in Wei\u00df mit magentafarbenen Akzenten und lockerer Passform. Perfekt zu Jeans oder Rock f\u00fcr einen frischen, legeren Look.<\/p>\n","protected":false},"featured_media":34244,"comment_status":"open","ping_status":"closed","template":"","meta":[],"product_brand":[],"product_cat":[11231,11576,11230],"product_tag":[11237,11233,11553,11577,5602,11165],"class_list":{"0":"post-36586","1":"product","2":"type-product","3":"status-publish","4":"has-post-thumbnail","6":"product_cat-clothing","7":"product_cat-women-clothing-t-shirts-de","8":"product_cat-women-de","9":"product_tag-clothing-de","10":"product_tag-fashion-de","11":"product_tag-just-cavalli-beachwear-de","12":"product_tag-t-shirts-de","13":"product_tag-white-de","14":"product_tag-women-2-de","15":"pa_color-wit","17":"first","18":"instock","19":"shipping-taxable","20":"product-type-simple"},"yoast_head":"<!-- This site is optimized with the Yoast SEO Premium plugin v22.7 (Yoast SEO v27.3) - https:\/\/yoast.com\/product\/yoast-seo-premium-wordpress\/ -->\n<title>Just Cavalli Beachwear Damen\u2011T-Shirt \u2014 Wei\u00df &amp; Magenta<\/title>\n<meta name=\"description\" content=\"Leichtes Just Cavalli Beachwear T\u2011Shirt in Wei\u00df mit magentafarbenen Details und lockerer Passform. Ideal f\u00fcr legere Looks mit Jeans oder Rock.\" \/>\n<meta name=\"robots\" content=\"index, follow, max-snippet:-1, max-image-preview:large, max-video-preview:-1\" \/>\n<link rel=\"canonical\" href=\"https:\/\/dari.shop\/de\/geschaft\/women-de\/just-cavalli-beachwear-l44151grbc_whitemagenta\/\" \/>\n<meta property=\"og:locale\" content=\"de_DE\" \/>\n<meta property=\"og:type\" content=\"article\" \/>\n<meta property=\"og:title\" content=\"Just Cavalli Beachwear Damen\u2011T-Shirt \u2014 Wei\u00df &amp; Magenta\" \/>\n<meta property=\"og:description\" content=\"Leichtes Just Cavalli Beachwear T\u2011Shirt in Wei\u00df mit magentafarbenen Details und lockerer Passform. Ideal f\u00fcr legere Looks mit Jeans oder Rock.\" \/>\n<meta property=\"og:url\" content=\"https:\/\/dari.shop\/de\/geschaft\/women-de\/just-cavalli-beachwear-l44151grbc_whitemagenta\/\" \/>\n<meta property=\"og:site_name\" content=\"DARI.Shop\" \/>\n<meta property=\"article:modified_time\" content=\"2025-12-18T10:58:37+00:00\" \/>\n<meta property=\"og:image\" content=\"https:\/\/dari.shop\/wp-content\/uploads\/2025\/09\/4ace3160-edb3-11ee-8514-4d4499ab3f51.jpg\" \/>\n\t<meta property=\"og:image:width\" content=\"1920\" \/>\n\t<meta property=\"og:image:height\" content=\"1920\" \/>\n\t<meta property=\"og:image:type\" content=\"image\/jpeg\" \/>\n<meta name=\"twitter:card\" content=\"summary_large_image\" \/>\n<meta name=\"twitter:label1\" content=\"Preis\" \/>\n\t<meta name=\"twitter:data1\" content=\"\" \/>\n\t<meta name=\"twitter:label2\" content=\"Verf\u00fcgbarkeit\" \/>\n\t<meta name=\"twitter:data2\" content=\"Auf Lager\" \/>\n<script type=\"application\/ld+json\" class=\"yoast-schema-graph\">{\"@context\":\"https:\\\/\\\/schema.org\",\"@graph\":[{\"@type\":\"WebPage\",\"@id\":\"https:\\\/\\\/dari.shop\\\/de\\\/geschaft\\\/women-de\\\/just-cavalli-beachwear-l44151grbc_whitemagenta\\\/\",\"url\":\"https:\\\/\\\/dari.shop\\\/de\\\/geschaft\\\/women-de\\\/just-cavalli-beachwear-l44151grbc_whitemagenta\\\/\",\"name\":\"Just Cavalli Beachwear Damen\u2011T-Shirt \u2014 Wei\u00df & Magenta\",\"isPartOf\":{\"@id\":\"https:\\\/\\\/dari.shop\\\/#website\"},\"primaryImageOfPage\":{\"@id\":\"https:\\\/\\\/dari.shop\\\/de\\\/geschaft\\\/women-de\\\/just-cavalli-beachwear-l44151grbc_whitemagenta\\\/#primaryimage\"},\"image\":{\"@id\":\"https:\\\/\\\/dari.shop\\\/de\\\/geschaft\\\/women-de\\\/just-cavalli-beachwear-l44151grbc_whitemagenta\\\/#primaryimage\"},\"thumbnailUrl\":\"https:\\\/\\\/dari.shop\\\/wp-content\\\/uploads\\\/2025\\\/09\\\/4ace3160-edb3-11ee-8514-4d4499ab3f51.jpg\",\"datePublished\":\"2025-09-22T10:26:37+00:00\",\"dateModified\":\"2025-12-18T10:58:37+00:00\",\"description\":\"Leichtes Just Cavalli Beachwear T\u2011Shirt in Wei\u00df mit magentafarbenen Details und lockerer Passform. Ideal f\u00fcr legere Looks mit Jeans oder Rock.\",\"breadcrumb\":{\"@id\":\"https:\\\/\\\/dari.shop\\\/de\\\/geschaft\\\/women-de\\\/just-cavalli-beachwear-l44151grbc_whitemagenta\\\/#breadcrumb\"},\"inLanguage\":\"de\",\"potentialAction\":[{\"@type\":\"ReadAction\",\"target\":[\"https:\\\/\\\/dari.shop\\\/de\\\/geschaft\\\/women-de\\\/just-cavalli-beachwear-l44151grbc_whitemagenta\\\/\"]}]},{\"@type\":\"ImageObject\",\"inLanguage\":\"de\",\"@id\":\"https:\\\/\\\/dari.shop\\\/de\\\/geschaft\\\/women-de\\\/just-cavalli-beachwear-l44151grbc_whitemagenta\\\/#primaryimage\",\"url\":\"https:\\\/\\\/dari.shop\\\/wp-content\\\/uploads\\\/2025\\\/09\\\/4ace3160-edb3-11ee-8514-4d4499ab3f51.jpg\",\"contentUrl\":\"https:\\\/\\\/dari.shop\\\/wp-content\\\/uploads\\\/2025\\\/09\\\/4ace3160-edb3-11ee-8514-4d4499ab3f51.jpg\",\"width\":1920,\"height\":1920,\"caption\":\"Just Cavalli Beachwear T\u2011Shirt in Wei\u00df mit magentafarbenem Besatz\"},{\"@type\":\"BreadcrumbList\",\"@id\":\"https:\\\/\\\/dari.shop\\\/de\\\/geschaft\\\/women-de\\\/just-cavalli-beachwear-l44151grbc_whitemagenta\\\/#breadcrumb\",\"itemListElement\":[{\"@type\":\"ListItem\",\"position\":1,\"name\":\"Homepage\",\"item\":\"https:\\\/\\\/dari.shop\\\/de\\\/inspiration\\\/\"},{\"@type\":\"ListItem\",\"position\":2,\"name\":\"Marketplace\",\"item\":\"https:\\\/\\\/dari.shop\\\/marketplace\\\/\"},{\"@type\":\"ListItem\",\"position\":3,\"name\":\"Clothing\",\"item\":\"https:\\\/\\\/dari.shop\\\/de\\\/produktkategorie\\\/clothing\\\/\"},{\"@type\":\"ListItem\",\"position\":4,\"name\":\"Just Cavalli Beachwear Damen\u2011T-Shirt \u2014 Wei\u00df &#038; Magenta\"}]},{\"@type\":\"WebSite\",\"@id\":\"https:\\\/\\\/dari.shop\\\/#website\",\"url\":\"https:\\\/\\\/dari.shop\\\/\",\"name\":\"DARI.Shop\",\"description\":\"DARI.Shop. It starts with curiosity...\",\"publisher\":{\"@id\":\"https:\\\/\\\/dari.shop\\\/#organization\"},\"alternateName\":\"Dari Fashion Hub\",\"potentialAction\":[{\"@type\":\"SearchAction\",\"target\":{\"@type\":\"EntryPoint\",\"urlTemplate\":\"https:\\\/\\\/dari.shop\\\/?s={search_term_string}\"},\"query-input\":{\"@type\":\"PropertyValueSpecification\",\"valueRequired\":true,\"valueName\":\"search_term_string\"}}],\"inLanguage\":\"de\"},{\"@type\":\"Organization\",\"@id\":\"https:\\\/\\\/dari.shop\\\/#organization\",\"name\":\"DARI.Shop\",\"alternateName\":\"Dari Fashion Hub\",\"url\":\"https:\\\/\\\/dari.shop\\\/\",\"logo\":{\"@type\":\"ImageObject\",\"inLanguage\":\"de\",\"@id\":\"https:\\\/\\\/dari.shop\\\/#\\\/schema\\\/logo\\\/image\\\/\",\"url\":\"https:\\\/\\\/dari.shop\\\/wp-content\\\/uploads\\\/2018\\\/01\\\/logo-dari.shop_-1.gif\",\"contentUrl\":\"https:\\\/\\\/dari.shop\\\/wp-content\\\/uploads\\\/2018\\\/01\\\/logo-dari.shop_-1.gif\",\"width\":458,\"height\":107,\"caption\":\"DARI.Shop\"},\"image\":{\"@id\":\"https:\\\/\\\/dari.shop\\\/#\\\/schema\\\/logo\\\/image\\\/\"}}]}<\/script>\n<meta property=\"product:brand\" content=\"Clothing\" \/>\n<meta property=\"product:price:currency\" content=\"EUR\" \/>\n<meta property=\"og:availability\" content=\"instock\" \/>\n<meta property=\"product:availability\" content=\"instock\" \/>\n<meta property=\"product:retailer_item_id\" content=\"L44151GRBC_WHITEMAGENTA_143149\" \/>\n<meta property=\"product:condition\" content=\"new\" \/>\n<!-- \/ Yoast SEO Premium plugin. -->","yoast_head_json":{"title":"Just Cavalli Beachwear Damen\u2011T-Shirt \u2014 Wei\u00df & Magenta","description":"Leichtes Just Cavalli Beachwear T\u2011Shirt in Wei\u00df mit magentafarbenen Details und lockerer Passform. Ideal f\u00fcr legere Looks mit Jeans oder Rock.","robots":{"index":"index","follow":"follow","max-snippet":"max-snippet:-1","max-image-preview":"max-image-preview:large","max-video-preview":"max-video-preview:-1"},"canonical":"https:\/\/dari.shop\/de\/geschaft\/women-de\/just-cavalli-beachwear-l44151grbc_whitemagenta\/","og_locale":"de_DE","og_type":"article","og_title":"Just Cavalli Beachwear Damen\u2011T-Shirt \u2014 Wei\u00df & Magenta","og_description":"Leichtes Just Cavalli Beachwear T\u2011Shirt in Wei\u00df mit magentafarbenen Details und lockerer Passform. Ideal f\u00fcr legere Looks mit Jeans oder Rock.","og_url":"https:\/\/dari.shop\/de\/geschaft\/women-de\/just-cavalli-beachwear-l44151grbc_whitemagenta\/","og_site_name":"DARI.Shop","article_modified_time":"2025-12-18T10:58:37+00:00","og_image":[{"width":1920,"height":1920,"url":"https:\/\/dari.shop\/wp-content\/uploads\/2025\/09\/4ace3160-edb3-11ee-8514-4d4499ab3f51.jpg","type":"image\/jpeg"}],"twitter_card":"summary_large_image","twitter_misc":{"Preis":"","Verf\u00fcgbarkeit":"Auf Lager"},"schema":{"@context":"https:\/\/schema.org","@graph":[{"@type":"WebPage","@id":"https:\/\/dari.shop\/de\/geschaft\/women-de\/just-cavalli-beachwear-l44151grbc_whitemagenta\/","url":"https:\/\/dari.shop\/de\/geschaft\/women-de\/just-cavalli-beachwear-l44151grbc_whitemagenta\/","name":"Just Cavalli Beachwear Damen\u2011T-Shirt \u2014 Wei\u00df & Magenta","isPartOf":{"@id":"https:\/\/dari.shop\/#website"},"primaryImageOfPage":{"@id":"https:\/\/dari.shop\/de\/geschaft\/women-de\/just-cavalli-beachwear-l44151grbc_whitemagenta\/#primaryimage"},"image":{"@id":"https:\/\/dari.shop\/de\/geschaft\/women-de\/just-cavalli-beachwear-l44151grbc_whitemagenta\/#primaryimage"},"thumbnailUrl":"https:\/\/dari.shop\/wp-content\/uploads\/2025\/09\/4ace3160-edb3-11ee-8514-4d4499ab3f51.jpg","datePublished":"2025-09-22T10:26:37+00:00","dateModified":"2025-12-18T10:58:37+00:00","description":"Leichtes Just Cavalli Beachwear T\u2011Shirt in Wei\u00df mit magentafarbenen Details und lockerer Passform. Ideal f\u00fcr legere Looks mit Jeans oder Rock.","breadcrumb":{"@id":"https:\/\/dari.shop\/de\/geschaft\/women-de\/just-cavalli-beachwear-l44151grbc_whitemagenta\/#breadcrumb"},"inLanguage":"de","potentialAction":[{"@type":"ReadAction","target":["https:\/\/dari.shop\/de\/geschaft\/women-de\/just-cavalli-beachwear-l44151grbc_whitemagenta\/"]}]},{"@type":"ImageObject","inLanguage":"de","@id":"https:\/\/dari.shop\/de\/geschaft\/women-de\/just-cavalli-beachwear-l44151grbc_whitemagenta\/#primaryimage","url":"https:\/\/dari.shop\/wp-content\/uploads\/2025\/09\/4ace3160-edb3-11ee-8514-4d4499ab3f51.jpg","contentUrl":"https:\/\/dari.shop\/wp-content\/uploads\/2025\/09\/4ace3160-edb3-11ee-8514-4d4499ab3f51.jpg","width":1920,"height":1920,"caption":"Just Cavalli Beachwear T\u2011Shirt in Wei\u00df mit magentafarbenem Besatz"},{"@type":"BreadcrumbList","@id":"https:\/\/dari.shop\/de\/geschaft\/women-de\/just-cavalli-beachwear-l44151grbc_whitemagenta\/#breadcrumb","itemListElement":[{"@type":"ListItem","position":1,"name":"Homepage","item":"https:\/\/dari.shop\/de\/inspiration\/"},{"@type":"ListItem","position":2,"name":"Marketplace","item":"https:\/\/dari.shop\/marketplace\/"},{"@type":"ListItem","position":3,"name":"Clothing","item":"https:\/\/dari.shop\/de\/produktkategorie\/clothing\/"},{"@type":"ListItem","position":4,"name":"Just Cavalli Beachwear Damen\u2011T-Shirt \u2014 Wei\u00df &#038; Magenta"}]},{"@type":"WebSite","@id":"https:\/\/dari.shop\/#website","url":"https:\/\/dari.shop\/","name":"DARI.Shop","description":"DARI.Shop. It starts with curiosity...","publisher":{"@id":"https:\/\/dari.shop\/#organization"},"alternateName":"Dari Fashion Hub","potentialAction":[{"@type":"SearchAction","target":{"@type":"EntryPoint","urlTemplate":"https:\/\/dari.shop\/?s={search_term_string}"},"query-input":{"@type":"PropertyValueSpecification","valueRequired":true,"valueName":"search_term_string"}}],"inLanguage":"de"},{"@type":"Organization","@id":"https:\/\/dari.shop\/#organization","name":"DARI.Shop","alternateName":"Dari Fashion Hub","url":"https:\/\/dari.shop\/","logo":{"@type":"ImageObject","inLanguage":"de","@id":"https:\/\/dari.shop\/#\/schema\/logo\/image\/","url":"https:\/\/dari.shop\/wp-content\/uploads\/2018\/01\/logo-dari.shop_-1.gif","contentUrl":"https:\/\/dari.shop\/wp-content\/uploads\/2018\/01\/logo-dari.shop_-1.gif","width":458,"height":107,"caption":"DARI.Shop"},"image":{"@id":"https:\/\/dari.shop\/#\/schema\/logo\/image\/"}}]},"product_brand":"Clothing","product_price_currency":"EUR","og_availability":"instock","product_availability":"instock","product_retailer_item_id":"L44151GRBC_WHITEMAGENTA_143149","product_condition":"new"},"_links":{"self":[{"href":"https:\/\/dari.shop\/de\/wp-json\/wp\/v2\/product\/36586","targetHints":{"allow":["GET"]}}],"collection":[{"href":"https:\/\/dari.shop\/de\/wp-json\/wp\/v2\/product"}],"about":[{"href":"https:\/\/dari.shop\/de\/wp-json\/wp\/v2\/types\/product"}],"replies":[{"embeddable":true,"href":"https:\/\/dari.shop\/de\/wp-json\/wp\/v2\/comments?post=36586"}],"wp:featuredmedia":[{"embeddable":true,"href":"https:\/\/dari.shop\/de\/wp-json\/wp\/v2\/media\/34244"}],"wp:attachment":[{"href":"https:\/\/dari.shop\/de\/wp-json\/wp\/v2\/media?parent=36586"}],"wp:term":[{"taxonomy":"product_brand","embeddable":true,"href":"https:\/\/dari.shop\/de\/wp-json\/wp\/v2\/product_brand?post=36586"},{"taxonomy":"product_cat","embeddable":true,"href":"https:\/\/dari.shop\/de\/wp-json\/wp\/v2\/product_cat?post=36586"},{"taxonomy":"product_tag","embeddable":true,"href":"https:\/\/dari.shop\/de\/wp-json\/wp\/v2\/product_tag?post=36586"}],"curies":[{"name":"wp","href":"https:\/\/api.w.org\/{rel}","templated":true}]}}