{"id":37282,"date":"2025-09-22T12:13:34","date_gmt":"2025-09-22T10:13:34","guid":{"rendered":"https:\/\/dari.shop\/marketplace\/uncategorized\/baldinini-trend-38539115_mantova_neroblack_d\/"},"modified":"2025-12-31T16:12:25","modified_gmt":"2025-12-31T15:12:25","slug":"baldinini-trend-38539115_mantova_neroblack_d","status":"publish","type":"product","link":"https:\/\/dari.shop\/de\/geschaft\/clothing\/baldinini-trend-38539115_mantova_neroblack_d\/","title":{"rendered":"Baldinini Trend Mantova Damenjacke &#8211; Schwarz XXL"},"content":{"rendered":"<p>Die Baldinini Trend Mantova-Jacke verbindet eine zeitlose, minimalistische Silhouette mit praktischem Tragekomfort f\u00fcr den Alltag. In Schwarz und in Gr\u00f6\u00dfe XXL geschnitten, ist sie eine zuverl\u00e4ssige Au\u00dfenschicht \u00fcber die Jahreszeiten hinweg und passt sowohl zu l\u00e4ssigen als auch zu smart-casual Outfits.<\/p>\n<p>F\u00fcr Vielseitigkeit und t\u00e4glichen Gebrauch konzipiert, bietet diese Jacke eine unkomplizierte Passform, die schmeichelt, ohne in der Bewegung einzuschr\u00e4nken. Die klaren Linien und die neutrale Farbe machen das Styling einfach \u2013 ideal f\u00fcrs Pendeln, f\u00fcr Besorgungen oder entspannte Wochenend-Looks.<\/p>\n<ul>\n<li>Klassisches Mantova-Design mit klarer, minimalistischer Silhouette<\/li>\n<li>Vielseitig einsetzbar \u2013 geeignet f\u00fcr mehrere Jahreszeiten und Outfits<\/li>\n<li>Bequeme XXL-Passform f\u00fcr den t\u00e4glichen Gebrauch<\/li>\n<\/ul>\n","protected":false},"excerpt":{"rendered":"<p>Klassische Mantova-Jacke von Baldinini Trend in Schwarz, Gr\u00f6\u00dfe XXL. Vielseitige Ganzjahresjacke mit klarer Silhouette und bequemem Schnitt \u2013 perfekt f\u00fcr den Alltag.<\/p>\n","protected":false},"featured_media":33896,"comment_status":"open","ping_status":"closed","template":"","meta":[],"product_brand":[],"product_cat":[11231,11366,11230],"product_tag":[11425,11574,11493,11237,11233,11235,11610,11165],"class_list":{"0":"post-37282","1":"product","2":"type-product","3":"status-publish","4":"has-post-thumbnail","6":"product_cat-clothing","7":"product_cat-women-clothing-tracksuits-de","8":"product_cat-women-de","9":"product_tag-all-year-de","10":"product_tag-baldinini-trend-de","11":"product_tag-black-de","12":"product_tag-clothing-de","13":"product_tag-fashion-de","14":"product_tag-reductions-de","15":"product_tag-tracksuits-de","16":"product_tag-women-2-de","17":"pa_color-schwarz","18":"pa_season-all-year-de","20":"first","21":"instock","22":"shipping-taxable","23":"purchasable","24":"product-type-simple"},"yoast_head":"<!-- This site is optimized with the Yoast SEO Premium plugin v22.7 (Yoast SEO v27.4) - https:\/\/yoast.com\/product\/yoast-seo-premium-wordpress\/ -->\n<title>Baldinini Mantova Damenjacke - Schwarz XXL<\/title>\n<meta name=\"description\" content=\"Schwarze Baldinini Trend Mantova Damenjacke in XXL. Klassische Silhouette und bequemer Schnitt f\u00fcr ganzj\u00e4hriges, allt\u00e4gliches Tragen.\" \/>\n<meta name=\"robots\" content=\"index, follow, max-snippet:-1, max-image-preview:large, max-video-preview:-1\" \/>\n<link rel=\"canonical\" href=\"https:\/\/dari.shop\/geschaft\/women\/women-clothing\/women-clothing-tracksuits\/baldinini-trend-38539115_mantova_neroblack_d\/\" \/>\n<meta property=\"og:locale\" content=\"de_DE\" \/>\n<meta property=\"og:type\" content=\"article\" \/>\n<meta property=\"og:title\" content=\"Baldinini Trend Mantova Damenjacke - Schwarz XXL\" \/>\n<meta property=\"og:description\" content=\"Schwarze Baldinini Trend Mantova Damenjacke in XXL. Klassische Silhouette und bequemer Schnitt f\u00fcr ganzj\u00e4hriges, allt\u00e4gliches Tragen.\" \/>\n<meta property=\"og:url\" content=\"https:\/\/dari.shop\/geschaft\/women\/women-clothing\/women-clothing-tracksuits\/baldinini-trend-38539115_mantova_neroblack_d\/\" \/>\n<meta property=\"og:site_name\" content=\"DARI.Shop\" \/>\n<meta property=\"article:modified_time\" content=\"2025-12-31T15:12:25+00:00\" \/>\n<meta property=\"og:image\" content=\"https:\/\/dari.shop\/wp-content\/uploads\/2025\/09\/14fdb820-9773-11ef-af42-6f87ea4193ad.jpg\" \/>\n\t<meta property=\"og:image:width\" content=\"1920\" \/>\n\t<meta property=\"og:image:height\" content=\"1920\" \/>\n\t<meta property=\"og:image:type\" content=\"image\/jpeg\" \/>\n<meta name=\"twitter:card\" content=\"summary_large_image\" \/>\n<meta name=\"twitter:label1\" content=\"Preis\" \/>\n\t<meta name=\"twitter:data1\" content=\"220,15&nbsp;&euro;\" \/>\n\t<meta name=\"twitter:label2\" content=\"Verf\u00fcgbarkeit\" \/>\n\t<meta name=\"twitter:data2\" content=\"Auf Lager\" \/>\n<script type=\"application\/ld+json\" class=\"yoast-schema-graph\">{\"@context\":\"https:\\\/\\\/schema.org\",\"@graph\":[{\"@type\":\"WebPage\",\"@id\":\"https:\\\/\\\/dari.shop\\\/geschaft\\\/women\\\/women-clothing\\\/women-clothing-tracksuits\\\/baldinini-trend-38539115_mantova_neroblack_d\\\/\",\"url\":\"https:\\\/\\\/dari.shop\\\/geschaft\\\/women\\\/women-clothing\\\/women-clothing-tracksuits\\\/baldinini-trend-38539115_mantova_neroblack_d\\\/\",\"name\":\"Baldinini Mantova Damenjacke - Schwarz XXL\",\"isPartOf\":{\"@id\":\"https:\\\/\\\/dari.shop\\\/#website\"},\"primaryImageOfPage\":{\"@id\":\"https:\\\/\\\/dari.shop\\\/geschaft\\\/women\\\/women-clothing\\\/women-clothing-tracksuits\\\/baldinini-trend-38539115_mantova_neroblack_d\\\/#primaryimage\"},\"image\":{\"@id\":\"https:\\\/\\\/dari.shop\\\/geschaft\\\/women\\\/women-clothing\\\/women-clothing-tracksuits\\\/baldinini-trend-38539115_mantova_neroblack_d\\\/#primaryimage\"},\"thumbnailUrl\":\"https:\\\/\\\/dari.shop\\\/wp-content\\\/uploads\\\/2025\\\/09\\\/14fdb820-9773-11ef-af42-6f87ea4193ad.jpg\",\"datePublished\":\"2025-09-22T10:13:34+00:00\",\"dateModified\":\"2025-12-31T15:12:25+00:00\",\"description\":\"Schwarze Baldinini Trend Mantova Damenjacke in XXL. Klassische Silhouette und bequemer Schnitt f\u00fcr ganzj\u00e4hriges, allt\u00e4gliches Tragen.\",\"breadcrumb\":{\"@id\":\"https:\\\/\\\/dari.shop\\\/geschaft\\\/women\\\/women-clothing\\\/women-clothing-tracksuits\\\/baldinini-trend-38539115_mantova_neroblack_d\\\/#breadcrumb\"},\"inLanguage\":\"de\",\"potentialAction\":[{\"@type\":\"ReadAction\",\"target\":[\"https:\\\/\\\/dari.shop\\\/geschaft\\\/women\\\/women-clothing\\\/women-clothing-tracksuits\\\/baldinini-trend-38539115_mantova_neroblack_d\\\/\"]}]},{\"@type\":\"ImageObject\",\"inLanguage\":\"de\",\"@id\":\"https:\\\/\\\/dari.shop\\\/geschaft\\\/women\\\/women-clothing\\\/women-clothing-tracksuits\\\/baldinini-trend-38539115_mantova_neroblack_d\\\/#primaryimage\",\"url\":\"https:\\\/\\\/dari.shop\\\/wp-content\\\/uploads\\\/2025\\\/09\\\/14fdb820-9773-11ef-af42-6f87ea4193ad.jpg\",\"contentUrl\":\"https:\\\/\\\/dari.shop\\\/wp-content\\\/uploads\\\/2025\\\/09\\\/14fdb820-9773-11ef-af42-6f87ea4193ad.jpg\",\"width\":1920,\"height\":1920,\"caption\":\"Baldinini Trend Mantova-Jacke in Schwarz, Gr\u00f6\u00dfe XXL.\"},{\"@type\":\"BreadcrumbList\",\"@id\":\"https:\\\/\\\/dari.shop\\\/geschaft\\\/women\\\/women-clothing\\\/women-clothing-tracksuits\\\/baldinini-trend-38539115_mantova_neroblack_d\\\/#breadcrumb\",\"itemListElement\":[{\"@type\":\"ListItem\",\"position\":1,\"name\":\"Homepage\",\"item\":\"https:\\\/\\\/dari.shop\\\/de\\\/inspiration\\\/\"},{\"@type\":\"ListItem\",\"position\":2,\"name\":\"Marketplace\",\"item\":\"https:\\\/\\\/dari.shop\\\/marketplace\\\/\"},{\"@type\":\"ListItem\",\"position\":3,\"name\":\"Women\",\"item\":\"https:\\\/\\\/dari.shop\\\/product-category\\\/women\\\/\"},{\"@type\":\"ListItem\",\"position\":4,\"name\":\"Clothing\",\"item\":\"https:\\\/\\\/dari.shop\\\/product-category\\\/women\\\/women-clothing\\\/\"},{\"@type\":\"ListItem\",\"position\":5,\"name\":\"Tracksuits\",\"item\":\"https:\\\/\\\/dari.shop\\\/product-category\\\/women\\\/women-clothing\\\/women-clothing-tracksuits\\\/\"},{\"@type\":\"ListItem\",\"position\":6,\"name\":\"Baldinini Trend Mantova Damenjacke &#8211; Schwarz XXL\"}]},{\"@type\":\"WebSite\",\"@id\":\"https:\\\/\\\/dari.shop\\\/#website\",\"url\":\"https:\\\/\\\/dari.shop\\\/\",\"name\":\"DARI.Shop\",\"description\":\"DARI.Shop. It starts with curiosity...\",\"publisher\":{\"@id\":\"https:\\\/\\\/dari.shop\\\/#organization\"},\"alternateName\":\"Dari Fashion Hub\",\"potentialAction\":[{\"@type\":\"SearchAction\",\"target\":{\"@type\":\"EntryPoint\",\"urlTemplate\":\"https:\\\/\\\/dari.shop\\\/?s={search_term_string}\"},\"query-input\":{\"@type\":\"PropertyValueSpecification\",\"valueRequired\":true,\"valueName\":\"search_term_string\"}}],\"inLanguage\":\"de\"},{\"@type\":\"Organization\",\"@id\":\"https:\\\/\\\/dari.shop\\\/#organization\",\"name\":\"DARI.Shop\",\"alternateName\":\"Dari Fashion Hub\",\"url\":\"https:\\\/\\\/dari.shop\\\/\",\"logo\":{\"@type\":\"ImageObject\",\"inLanguage\":\"de\",\"@id\":\"https:\\\/\\\/dari.shop\\\/#\\\/schema\\\/logo\\\/image\\\/\",\"url\":\"https:\\\/\\\/dari.shop\\\/wp-content\\\/uploads\\\/2018\\\/01\\\/logo-dari.shop_-1.gif\",\"contentUrl\":\"https:\\\/\\\/dari.shop\\\/wp-content\\\/uploads\\\/2018\\\/01\\\/logo-dari.shop_-1.gif\",\"width\":458,\"height\":107,\"caption\":\"DARI.Shop\"},\"image\":{\"@id\":\"https:\\\/\\\/dari.shop\\\/#\\\/schema\\\/logo\\\/image\\\/\"}}]}<\/script>\n<meta property=\"product:brand\" content=\"All Year\" \/>\n<meta property=\"product:price:amount\" content=\"220.15\" \/>\n<meta property=\"product:price:currency\" content=\"EUR\" \/>\n<meta property=\"og:availability\" content=\"instock\" \/>\n<meta property=\"product:availability\" content=\"instock\" \/>\n<meta property=\"product:retailer_item_id\" content=\"38539115_MANTOVA_NeroBlack_D_148259\" \/>\n<meta property=\"product:condition\" content=\"new\" \/>\n<!-- \/ Yoast SEO Premium plugin. -->","yoast_head_json":{"title":"Baldinini Mantova Damenjacke - Schwarz XXL","description":"Schwarze Baldinini Trend Mantova Damenjacke in XXL. Klassische Silhouette und bequemer Schnitt f\u00fcr ganzj\u00e4hriges, allt\u00e4gliches Tragen.","robots":{"index":"index","follow":"follow","max-snippet":"max-snippet:-1","max-image-preview":"max-image-preview:large","max-video-preview":"max-video-preview:-1"},"canonical":"https:\/\/dari.shop\/geschaft\/women\/women-clothing\/women-clothing-tracksuits\/baldinini-trend-38539115_mantova_neroblack_d\/","og_locale":"de_DE","og_type":"article","og_title":"Baldinini Trend Mantova Damenjacke - Schwarz XXL","og_description":"Schwarze Baldinini Trend Mantova Damenjacke in XXL. Klassische Silhouette und bequemer Schnitt f\u00fcr ganzj\u00e4hriges, allt\u00e4gliches Tragen.","og_url":"https:\/\/dari.shop\/geschaft\/women\/women-clothing\/women-clothing-tracksuits\/baldinini-trend-38539115_mantova_neroblack_d\/","og_site_name":"DARI.Shop","article_modified_time":"2025-12-31T15:12:25+00:00","og_image":[{"width":1920,"height":1920,"url":"https:\/\/dari.shop\/wp-content\/uploads\/2025\/09\/14fdb820-9773-11ef-af42-6f87ea4193ad.jpg","type":"image\/jpeg"}],"twitter_card":"summary_large_image","twitter_misc":{"Preis":"220,15&nbsp;&euro;","Verf\u00fcgbarkeit":"Auf Lager"},"schema":{"@context":"https:\/\/schema.org","@graph":[{"@type":"WebPage","@id":"https:\/\/dari.shop\/geschaft\/women\/women-clothing\/women-clothing-tracksuits\/baldinini-trend-38539115_mantova_neroblack_d\/","url":"https:\/\/dari.shop\/geschaft\/women\/women-clothing\/women-clothing-tracksuits\/baldinini-trend-38539115_mantova_neroblack_d\/","name":"Baldinini Mantova Damenjacke - Schwarz XXL","isPartOf":{"@id":"https:\/\/dari.shop\/#website"},"primaryImageOfPage":{"@id":"https:\/\/dari.shop\/geschaft\/women\/women-clothing\/women-clothing-tracksuits\/baldinini-trend-38539115_mantova_neroblack_d\/#primaryimage"},"image":{"@id":"https:\/\/dari.shop\/geschaft\/women\/women-clothing\/women-clothing-tracksuits\/baldinini-trend-38539115_mantova_neroblack_d\/#primaryimage"},"thumbnailUrl":"https:\/\/dari.shop\/wp-content\/uploads\/2025\/09\/14fdb820-9773-11ef-af42-6f87ea4193ad.jpg","datePublished":"2025-09-22T10:13:34+00:00","dateModified":"2025-12-31T15:12:25+00:00","description":"Schwarze Baldinini Trend Mantova Damenjacke in XXL. Klassische Silhouette und bequemer Schnitt f\u00fcr ganzj\u00e4hriges, allt\u00e4gliches Tragen.","breadcrumb":{"@id":"https:\/\/dari.shop\/geschaft\/women\/women-clothing\/women-clothing-tracksuits\/baldinini-trend-38539115_mantova_neroblack_d\/#breadcrumb"},"inLanguage":"de","potentialAction":[{"@type":"ReadAction","target":["https:\/\/dari.shop\/geschaft\/women\/women-clothing\/women-clothing-tracksuits\/baldinini-trend-38539115_mantova_neroblack_d\/"]}]},{"@type":"ImageObject","inLanguage":"de","@id":"https:\/\/dari.shop\/geschaft\/women\/women-clothing\/women-clothing-tracksuits\/baldinini-trend-38539115_mantova_neroblack_d\/#primaryimage","url":"https:\/\/dari.shop\/wp-content\/uploads\/2025\/09\/14fdb820-9773-11ef-af42-6f87ea4193ad.jpg","contentUrl":"https:\/\/dari.shop\/wp-content\/uploads\/2025\/09\/14fdb820-9773-11ef-af42-6f87ea4193ad.jpg","width":1920,"height":1920,"caption":"Baldinini Trend Mantova-Jacke in Schwarz, Gr\u00f6\u00dfe XXL."},{"@type":"BreadcrumbList","@id":"https:\/\/dari.shop\/geschaft\/women\/women-clothing\/women-clothing-tracksuits\/baldinini-trend-38539115_mantova_neroblack_d\/#breadcrumb","itemListElement":[{"@type":"ListItem","position":1,"name":"Homepage","item":"https:\/\/dari.shop\/de\/inspiration\/"},{"@type":"ListItem","position":2,"name":"Marketplace","item":"https:\/\/dari.shop\/marketplace\/"},{"@type":"ListItem","position":3,"name":"Women","item":"https:\/\/dari.shop\/product-category\/women\/"},{"@type":"ListItem","position":4,"name":"Clothing","item":"https:\/\/dari.shop\/product-category\/women\/women-clothing\/"},{"@type":"ListItem","position":5,"name":"Tracksuits","item":"https:\/\/dari.shop\/product-category\/women\/women-clothing\/women-clothing-tracksuits\/"},{"@type":"ListItem","position":6,"name":"Baldinini Trend Mantova Damenjacke &#8211; Schwarz XXL"}]},{"@type":"WebSite","@id":"https:\/\/dari.shop\/#website","url":"https:\/\/dari.shop\/","name":"DARI.Shop","description":"DARI.Shop. It starts with curiosity...","publisher":{"@id":"https:\/\/dari.shop\/#organization"},"alternateName":"Dari Fashion Hub","potentialAction":[{"@type":"SearchAction","target":{"@type":"EntryPoint","urlTemplate":"https:\/\/dari.shop\/?s={search_term_string}"},"query-input":{"@type":"PropertyValueSpecification","valueRequired":true,"valueName":"search_term_string"}}],"inLanguage":"de"},{"@type":"Organization","@id":"https:\/\/dari.shop\/#organization","name":"DARI.Shop","alternateName":"Dari Fashion Hub","url":"https:\/\/dari.shop\/","logo":{"@type":"ImageObject","inLanguage":"de","@id":"https:\/\/dari.shop\/#\/schema\/logo\/image\/","url":"https:\/\/dari.shop\/wp-content\/uploads\/2018\/01\/logo-dari.shop_-1.gif","contentUrl":"https:\/\/dari.shop\/wp-content\/uploads\/2018\/01\/logo-dari.shop_-1.gif","width":458,"height":107,"caption":"DARI.Shop"},"image":{"@id":"https:\/\/dari.shop\/#\/schema\/logo\/image\/"}}]},"product_brand":"All Year","product_price_amount":"220.15","product_price_currency":"EUR","og_availability":"instock","product_availability":"instock","product_retailer_item_id":"38539115_MANTOVA_NeroBlack_D_148259","product_condition":"new"},"_links":{"self":[{"href":"https:\/\/dari.shop\/de\/wp-json\/wp\/v2\/product\/37282","targetHints":{"allow":["GET"]}}],"collection":[{"href":"https:\/\/dari.shop\/de\/wp-json\/wp\/v2\/product"}],"about":[{"href":"https:\/\/dari.shop\/de\/wp-json\/wp\/v2\/types\/product"}],"replies":[{"embeddable":true,"href":"https:\/\/dari.shop\/de\/wp-json\/wp\/v2\/comments?post=37282"}],"wp:featuredmedia":[{"embeddable":true,"href":"https:\/\/dari.shop\/de\/wp-json\/wp\/v2\/media\/33896"}],"wp:attachment":[{"href":"https:\/\/dari.shop\/de\/wp-json\/wp\/v2\/media?parent=37282"}],"wp:term":[{"taxonomy":"product_brand","embeddable":true,"href":"https:\/\/dari.shop\/de\/wp-json\/wp\/v2\/product_brand?post=37282"},{"taxonomy":"product_cat","embeddable":true,"href":"https:\/\/dari.shop\/de\/wp-json\/wp\/v2\/product_cat?post=37282"},{"taxonomy":"product_tag","embeddable":true,"href":"https:\/\/dari.shop\/de\/wp-json\/wp\/v2\/product_tag?post=37282"}],"curies":[{"name":"wp","href":"https:\/\/api.w.org\/{rel}","templated":true}]}}