{"id":37379,"date":"2025-09-22T12:07:44","date_gmt":"2025-09-22T10:07:44","guid":{"rendered":"https:\/\/dari.shop\/marketplace\/uncategorized\/harmontblaine-x073_l0cd18-020469_801\/"},"modified":"2026-01-18T11:28:14","modified_gmt":"2026-01-18T10:28:14","slug":"harmontblaine-x073_l0cd18-020469_801","status":"publish","type":"product","link":"https:\/\/dari.shop\/de\/geschaft\/clothing\/harmontblaine-x073_l0cd18-020469_801\/","title":{"rendered":"Harmont &amp; Blaine Damen-Polo Blau X073 \u2014 Klassischer Schnitt"},"content":{"rendered":"<p>Dieses Harmont &amp; Blaine Damen-Polo X073 vereint eine zeitlose Silhouette mit praktischer Alltagstauglichkeit. Der klassische Polokragen und die saubere Knopfleiste sorgen f\u00fcr einen smarten, vielseitigen Look, der sich m\u00fchelos zu Stoffhosen oder Jeans kombinieren l\u00e4sst.<\/p>\n<p>Das Polo ist f\u00fcr pflegeleichte Handhabung und hohen Tragekomfort ausgelegt und in einem breiten Gr\u00f6\u00dfenspektrum verf\u00fcgbar, sodass verschiedene Passformen m\u00f6glich sind. Es funktioniert gleicherma\u00dfen als gepflegtes B\u00fcro-Basic oder als entspanntes Lieblingsst\u00fcck f\u00fcrs Wochenende.<\/p>\n<p>Highlights:<br \/>\n&#8211; Klassischer, taillierter Schnitt f\u00fcr eine elegante Silhouette<br \/>\n&#8211; Pflegeleichtes Material f\u00fcr unkomplizierte Pflege<br \/>\n&#8211; Gro\u00dfe Gr\u00f6\u00dfenauswahl f\u00fcr flexible Passformen<br \/>\n&#8211; Vielseitig kombinierbar von Arbeit bis Freizeit<\/p>\n","protected":false},"excerpt":{"rendered":"<p>Das Harmont &amp; Blaine Damen-Polo in Blau \u00fcberzeugt mit einem klassischen Schnitt und pflegeleichtem Material. In gro\u00dfer Gr\u00f6\u00dfenauswahl erh\u00e4ltlich, begleitet es Sie m\u00fchelos vom B\u00fcro zu entspannten Wochenendlooks.<\/p>\n","protected":false},"featured_media":33754,"comment_status":"open","ping_status":"closed","template":"","meta":[],"product_brand":[],"product_cat":[11231,11616,11230],"product_tag":[11511,11237,11530,11233,11595,11617,11165],"class_list":{"0":"post-37379","1":"product","2":"type-product","3":"status-publish","4":"has-post-thumbnail","6":"product_cat-clothing","7":"product_cat-women-clothing-polo-de","8":"product_cat-women-de","9":"product_tag-blue-de","10":"product_tag-clothing-de","11":"product_tag-fall-winter-de","12":"product_tag-fashion-de","13":"product_tag-harmont-blaine-de","14":"product_tag-polo-de","15":"product_tag-women-2-de","16":"pa_color-blau","17":"pa_season-fall-winter-de","19":"first","20":"instock","21":"shipping-taxable","22":"purchasable","23":"product-type-simple"},"yoast_head":"<!-- This site is optimized with the Yoast SEO Premium plugin v22.7 (Yoast SEO v27.4) - https:\/\/yoast.com\/product\/yoast-seo-premium-wordpress\/ -->\n<title>Harmont &amp; Blaine Damen-Polo Blau X073<\/title>\n<meta name=\"description\" content=\"Klassisches Harmont &amp; Blaine Damen-Polo X073 in Blau mit pflegeleichtem Material und smartem Schnitt. Vielseitig f\u00fcr B\u00fcro und Wochenende, in gro\u00dfer Gr\u00f6\u00dfenauswahl.\" \/>\n<meta name=\"robots\" content=\"index, follow, max-snippet:-1, max-image-preview:large, max-video-preview:-1\" \/>\n<link rel=\"canonical\" href=\"https:\/\/dari.shop\/de\/geschaft\/women-de\/harmontblaine-x073_l0cd18-020469_801\/\" \/>\n<meta property=\"og:locale\" content=\"de_DE\" \/>\n<meta property=\"og:type\" content=\"article\" \/>\n<meta property=\"og:title\" content=\"Harmont &amp; Blaine Damen-Polo Blau X073 \u2014 Klassischer Schnitt\" \/>\n<meta property=\"og:description\" content=\"Klassisches Harmont &amp; Blaine Damen-Polo X073 in Blau mit pflegeleichtem Material und smartem Schnitt. Vielseitig f\u00fcr B\u00fcro und Wochenende, in gro\u00dfer Gr\u00f6\u00dfenauswahl.\" \/>\n<meta property=\"og:url\" content=\"https:\/\/dari.shop\/de\/geschaft\/women-de\/harmontblaine-x073_l0cd18-020469_801\/\" \/>\n<meta property=\"og:site_name\" content=\"DARI.Shop\" \/>\n<meta property=\"article:modified_time\" content=\"2026-01-18T10:28:14+00:00\" \/>\n<meta property=\"og:image\" content=\"https:\/\/dari.shop\/wp-content\/uploads\/2025\/09\/45121d10-b3cc-11ef-b303-cfc427ed280f.jpg\" \/>\n\t<meta property=\"og:image:width\" content=\"1920\" \/>\n\t<meta property=\"og:image:height\" content=\"1920\" \/>\n\t<meta property=\"og:image:type\" content=\"image\/jpeg\" \/>\n<meta name=\"twitter:card\" content=\"summary_large_image\" \/>\n<meta name=\"twitter:label1\" content=\"Preis\" \/>\n\t<meta name=\"twitter:data1\" content=\"79,53&nbsp;&euro;\" \/>\n\t<meta name=\"twitter:label2\" content=\"Verf\u00fcgbarkeit\" \/>\n\t<meta name=\"twitter:data2\" content=\"Auf Lager\" \/>\n<script type=\"application\/ld+json\" class=\"yoast-schema-graph\">{\"@context\":\"https:\\\/\\\/schema.org\",\"@graph\":[{\"@type\":\"WebPage\",\"@id\":\"https:\\\/\\\/dari.shop\\\/de\\\/geschaft\\\/women-de\\\/harmontblaine-x073_l0cd18-020469_801\\\/\",\"url\":\"https:\\\/\\\/dari.shop\\\/de\\\/geschaft\\\/women-de\\\/harmontblaine-x073_l0cd18-020469_801\\\/\",\"name\":\"Harmont & Blaine Damen-Polo Blau X073\",\"isPartOf\":{\"@id\":\"https:\\\/\\\/dari.shop\\\/#website\"},\"primaryImageOfPage\":{\"@id\":\"https:\\\/\\\/dari.shop\\\/de\\\/geschaft\\\/women-de\\\/harmontblaine-x073_l0cd18-020469_801\\\/#primaryimage\"},\"image\":{\"@id\":\"https:\\\/\\\/dari.shop\\\/de\\\/geschaft\\\/women-de\\\/harmontblaine-x073_l0cd18-020469_801\\\/#primaryimage\"},\"thumbnailUrl\":\"https:\\\/\\\/dari.shop\\\/wp-content\\\/uploads\\\/2025\\\/09\\\/45121d10-b3cc-11ef-b303-cfc427ed280f.jpg\",\"datePublished\":\"2025-09-22T10:07:44+00:00\",\"dateModified\":\"2026-01-18T10:28:14+00:00\",\"description\":\"Klassisches Harmont & Blaine Damen-Polo X073 in Blau mit pflegeleichtem Material und smartem Schnitt. Vielseitig f\u00fcr B\u00fcro und Wochenende, in gro\u00dfer Gr\u00f6\u00dfenauswahl.\",\"breadcrumb\":{\"@id\":\"https:\\\/\\\/dari.shop\\\/de\\\/geschaft\\\/women-de\\\/harmontblaine-x073_l0cd18-020469_801\\\/#breadcrumb\"},\"inLanguage\":\"de\",\"potentialAction\":[{\"@type\":\"ReadAction\",\"target\":[\"https:\\\/\\\/dari.shop\\\/de\\\/geschaft\\\/women-de\\\/harmontblaine-x073_l0cd18-020469_801\\\/\"]}]},{\"@type\":\"ImageObject\",\"inLanguage\":\"de\",\"@id\":\"https:\\\/\\\/dari.shop\\\/de\\\/geschaft\\\/women-de\\\/harmontblaine-x073_l0cd18-020469_801\\\/#primaryimage\",\"url\":\"https:\\\/\\\/dari.shop\\\/wp-content\\\/uploads\\\/2025\\\/09\\\/45121d10-b3cc-11ef-b303-cfc427ed280f.jpg\",\"contentUrl\":\"https:\\\/\\\/dari.shop\\\/wp-content\\\/uploads\\\/2025\\\/09\\\/45121d10-b3cc-11ef-b303-cfc427ed280f.jpg\",\"width\":1920,\"height\":1920,\"caption\":\"Harmont &amp; Blaine blaues Polo X073 im klassischen Schnitt\"},{\"@type\":\"BreadcrumbList\",\"@id\":\"https:\\\/\\\/dari.shop\\\/de\\\/geschaft\\\/women-de\\\/harmontblaine-x073_l0cd18-020469_801\\\/#breadcrumb\",\"itemListElement\":[{\"@type\":\"ListItem\",\"position\":1,\"name\":\"Homepage\",\"item\":\"https:\\\/\\\/dari.shop\\\/de\\\/inspiration\\\/\"},{\"@type\":\"ListItem\",\"position\":2,\"name\":\"Marketplace\",\"item\":\"https:\\\/\\\/dari.shop\\\/marketplace\\\/\"},{\"@type\":\"ListItem\",\"position\":3,\"name\":\"Clothing\",\"item\":\"https:\\\/\\\/dari.shop\\\/de\\\/produktkategorie\\\/clothing\\\/\"},{\"@type\":\"ListItem\",\"position\":4,\"name\":\"Harmont &amp; Blaine Damen-Polo Blau X073 \u2014 Klassischer Schnitt\"}]},{\"@type\":\"WebSite\",\"@id\":\"https:\\\/\\\/dari.shop\\\/#website\",\"url\":\"https:\\\/\\\/dari.shop\\\/\",\"name\":\"DARI.Shop\",\"description\":\"DARI.Shop. It starts with curiosity...\",\"publisher\":{\"@id\":\"https:\\\/\\\/dari.shop\\\/#organization\"},\"alternateName\":\"Dari Fashion Hub\",\"potentialAction\":[{\"@type\":\"SearchAction\",\"target\":{\"@type\":\"EntryPoint\",\"urlTemplate\":\"https:\\\/\\\/dari.shop\\\/?s={search_term_string}\"},\"query-input\":{\"@type\":\"PropertyValueSpecification\",\"valueRequired\":true,\"valueName\":\"search_term_string\"}}],\"inLanguage\":\"de\"},{\"@type\":\"Organization\",\"@id\":\"https:\\\/\\\/dari.shop\\\/#organization\",\"name\":\"DARI.Shop\",\"alternateName\":\"Dari Fashion Hub\",\"url\":\"https:\\\/\\\/dari.shop\\\/\",\"logo\":{\"@type\":\"ImageObject\",\"inLanguage\":\"de\",\"@id\":\"https:\\\/\\\/dari.shop\\\/#\\\/schema\\\/logo\\\/image\\\/\",\"url\":\"https:\\\/\\\/dari.shop\\\/wp-content\\\/uploads\\\/2018\\\/01\\\/logo-dari.shop_-1.gif\",\"contentUrl\":\"https:\\\/\\\/dari.shop\\\/wp-content\\\/uploads\\\/2018\\\/01\\\/logo-dari.shop_-1.gif\",\"width\":458,\"height\":107,\"caption\":\"DARI.Shop\"},\"image\":{\"@id\":\"https:\\\/\\\/dari.shop\\\/#\\\/schema\\\/logo\\\/image\\\/\"}}]}<\/script>\n<meta property=\"product:brand\" content=\"Blue\" \/>\n<meta property=\"product:price:amount\" content=\"79.53\" \/>\n<meta property=\"product:price:currency\" content=\"EUR\" \/>\n<meta property=\"og:availability\" content=\"instock\" \/>\n<meta property=\"product:availability\" content=\"instock\" \/>\n<meta property=\"product:retailer_item_id\" content=\"X073_L0CD18-020469_801_149168\" \/>\n<meta property=\"product:condition\" content=\"new\" \/>\n<!-- \/ Yoast SEO Premium plugin. -->","yoast_head_json":{"title":"Harmont & Blaine Damen-Polo Blau X073","description":"Klassisches Harmont & Blaine Damen-Polo X073 in Blau mit pflegeleichtem Material und smartem Schnitt. Vielseitig f\u00fcr B\u00fcro und Wochenende, in gro\u00dfer Gr\u00f6\u00dfenauswahl.","robots":{"index":"index","follow":"follow","max-snippet":"max-snippet:-1","max-image-preview":"max-image-preview:large","max-video-preview":"max-video-preview:-1"},"canonical":"https:\/\/dari.shop\/de\/geschaft\/women-de\/harmontblaine-x073_l0cd18-020469_801\/","og_locale":"de_DE","og_type":"article","og_title":"Harmont &amp; Blaine Damen-Polo Blau X073 \u2014 Klassischer Schnitt","og_description":"Klassisches Harmont & Blaine Damen-Polo X073 in Blau mit pflegeleichtem Material und smartem Schnitt. Vielseitig f\u00fcr B\u00fcro und Wochenende, in gro\u00dfer Gr\u00f6\u00dfenauswahl.","og_url":"https:\/\/dari.shop\/de\/geschaft\/women-de\/harmontblaine-x073_l0cd18-020469_801\/","og_site_name":"DARI.Shop","article_modified_time":"2026-01-18T10:28:14+00:00","og_image":[{"width":1920,"height":1920,"url":"https:\/\/dari.shop\/wp-content\/uploads\/2025\/09\/45121d10-b3cc-11ef-b303-cfc427ed280f.jpg","type":"image\/jpeg"}],"twitter_card":"summary_large_image","twitter_misc":{"Preis":"79,53&nbsp;&euro;","Verf\u00fcgbarkeit":"Auf Lager"},"schema":{"@context":"https:\/\/schema.org","@graph":[{"@type":"WebPage","@id":"https:\/\/dari.shop\/de\/geschaft\/women-de\/harmontblaine-x073_l0cd18-020469_801\/","url":"https:\/\/dari.shop\/de\/geschaft\/women-de\/harmontblaine-x073_l0cd18-020469_801\/","name":"Harmont & Blaine Damen-Polo Blau X073","isPartOf":{"@id":"https:\/\/dari.shop\/#website"},"primaryImageOfPage":{"@id":"https:\/\/dari.shop\/de\/geschaft\/women-de\/harmontblaine-x073_l0cd18-020469_801\/#primaryimage"},"image":{"@id":"https:\/\/dari.shop\/de\/geschaft\/women-de\/harmontblaine-x073_l0cd18-020469_801\/#primaryimage"},"thumbnailUrl":"https:\/\/dari.shop\/wp-content\/uploads\/2025\/09\/45121d10-b3cc-11ef-b303-cfc427ed280f.jpg","datePublished":"2025-09-22T10:07:44+00:00","dateModified":"2026-01-18T10:28:14+00:00","description":"Klassisches Harmont & Blaine Damen-Polo X073 in Blau mit pflegeleichtem Material und smartem Schnitt. Vielseitig f\u00fcr B\u00fcro und Wochenende, in gro\u00dfer Gr\u00f6\u00dfenauswahl.","breadcrumb":{"@id":"https:\/\/dari.shop\/de\/geschaft\/women-de\/harmontblaine-x073_l0cd18-020469_801\/#breadcrumb"},"inLanguage":"de","potentialAction":[{"@type":"ReadAction","target":["https:\/\/dari.shop\/de\/geschaft\/women-de\/harmontblaine-x073_l0cd18-020469_801\/"]}]},{"@type":"ImageObject","inLanguage":"de","@id":"https:\/\/dari.shop\/de\/geschaft\/women-de\/harmontblaine-x073_l0cd18-020469_801\/#primaryimage","url":"https:\/\/dari.shop\/wp-content\/uploads\/2025\/09\/45121d10-b3cc-11ef-b303-cfc427ed280f.jpg","contentUrl":"https:\/\/dari.shop\/wp-content\/uploads\/2025\/09\/45121d10-b3cc-11ef-b303-cfc427ed280f.jpg","width":1920,"height":1920,"caption":"Harmont &amp; Blaine blaues Polo X073 im klassischen Schnitt"},{"@type":"BreadcrumbList","@id":"https:\/\/dari.shop\/de\/geschaft\/women-de\/harmontblaine-x073_l0cd18-020469_801\/#breadcrumb","itemListElement":[{"@type":"ListItem","position":1,"name":"Homepage","item":"https:\/\/dari.shop\/de\/inspiration\/"},{"@type":"ListItem","position":2,"name":"Marketplace","item":"https:\/\/dari.shop\/marketplace\/"},{"@type":"ListItem","position":3,"name":"Clothing","item":"https:\/\/dari.shop\/de\/produktkategorie\/clothing\/"},{"@type":"ListItem","position":4,"name":"Harmont &amp; Blaine Damen-Polo Blau X073 \u2014 Klassischer Schnitt"}]},{"@type":"WebSite","@id":"https:\/\/dari.shop\/#website","url":"https:\/\/dari.shop\/","name":"DARI.Shop","description":"DARI.Shop. It starts with curiosity...","publisher":{"@id":"https:\/\/dari.shop\/#organization"},"alternateName":"Dari Fashion Hub","potentialAction":[{"@type":"SearchAction","target":{"@type":"EntryPoint","urlTemplate":"https:\/\/dari.shop\/?s={search_term_string}"},"query-input":{"@type":"PropertyValueSpecification","valueRequired":true,"valueName":"search_term_string"}}],"inLanguage":"de"},{"@type":"Organization","@id":"https:\/\/dari.shop\/#organization","name":"DARI.Shop","alternateName":"Dari Fashion Hub","url":"https:\/\/dari.shop\/","logo":{"@type":"ImageObject","inLanguage":"de","@id":"https:\/\/dari.shop\/#\/schema\/logo\/image\/","url":"https:\/\/dari.shop\/wp-content\/uploads\/2018\/01\/logo-dari.shop_-1.gif","contentUrl":"https:\/\/dari.shop\/wp-content\/uploads\/2018\/01\/logo-dari.shop_-1.gif","width":458,"height":107,"caption":"DARI.Shop"},"image":{"@id":"https:\/\/dari.shop\/#\/schema\/logo\/image\/"}}]},"product_brand":"Blue","product_price_amount":"79.53","product_price_currency":"EUR","og_availability":"instock","product_availability":"instock","product_retailer_item_id":"X073_L0CD18-020469_801_149168","product_condition":"new"},"_links":{"self":[{"href":"https:\/\/dari.shop\/de\/wp-json\/wp\/v2\/product\/37379","targetHints":{"allow":["GET"]}}],"collection":[{"href":"https:\/\/dari.shop\/de\/wp-json\/wp\/v2\/product"}],"about":[{"href":"https:\/\/dari.shop\/de\/wp-json\/wp\/v2\/types\/product"}],"replies":[{"embeddable":true,"href":"https:\/\/dari.shop\/de\/wp-json\/wp\/v2\/comments?post=37379"}],"wp:featuredmedia":[{"embeddable":true,"href":"https:\/\/dari.shop\/de\/wp-json\/wp\/v2\/media\/33754"}],"wp:attachment":[{"href":"https:\/\/dari.shop\/de\/wp-json\/wp\/v2\/media?parent=37379"}],"wp:term":[{"taxonomy":"product_brand","embeddable":true,"href":"https:\/\/dari.shop\/de\/wp-json\/wp\/v2\/product_brand?post=37379"},{"taxonomy":"product_cat","embeddable":true,"href":"https:\/\/dari.shop\/de\/wp-json\/wp\/v2\/product_cat?post=37379"},{"taxonomy":"product_tag","embeddable":true,"href":"https:\/\/dari.shop\/de\/wp-json\/wp\/v2\/product_tag?post=37379"}],"curies":[{"name":"wp","href":"https:\/\/api.w.org\/{rel}","templated":true}]}}