{"id":37406,"date":"2025-09-22T12:05:59","date_gmt":"2025-09-22T10:05:59","guid":{"rendered":"https:\/\/dari.shop\/marketplace\/uncategorized\/harmontblaine-x073_l0ed55-020469_506\/"},"modified":"2026-01-18T11:32:45","modified_gmt":"2026-01-18T10:32:45","slug":"harmontblaine-x073_l0ed55-020469_506","status":"publish","type":"product","link":"https:\/\/dari.shop\/de\/geschaft\/clothing\/harmontblaine-x073_l0ed55-020469_506\/","title":{"rendered":"Harmont &amp; Blaine Damen-Polo, Rot X073_L0ED55"},"content":{"rendered":"<p>Dieses Damen-Polo von Harmont &amp; Blaine ist aus weichem Strick gearbeitet und bietet W\u00e4rme sowie Tragekomfort an k\u00fchleren Tagen. Die taillierte Silhouette und die feine Verarbeitung machen es zu einem vielseitigen Kleidungsst\u00fcck f\u00fcr l\u00e4ssige wie etwas schickere Outfits.<\/p>\n<p>Der klassische Polokragen mit verdeckter Knopfleiste h\u00e4lt den Look sauber und gepflegt, w\u00e4hrend das kr\u00e4ftige Rot eine saisonale, frische Note setzt. Kombinieren Sie es mit Jeans, eleganten Hosen oder einem Rock f\u00fcr ein m\u00fchelos abgestimmtes Ensemble.<\/p>\n<ul>\n<li>Weicher Strick \u2013 ideal f\u00fcr Herbst\/Winter<\/li>\n<li>Klassischer Polokragen mit verdeckter Knopfleiste<\/li>\n<li>Vielseitig kombinierbar \u2013 passt zu Jeans, R\u00f6cken oder Hosen<\/li>\n<li>Verf\u00fcgbare Gr\u00f6\u00dfen: XS, XXS, XL<\/li>\n<\/ul>\n","protected":false},"excerpt":{"rendered":"<p>Bequemes rotes Strickpolo von Harmont &amp; Blaine, ideal f\u00fcr Herbst und Winter. Der klassische Polokragen mit verdeckter Knopfleiste sorgt f\u00fcr einen gepflegten Alltagslook und l\u00e4sst sich m\u00fchelos zu Jeans oder R\u00f6cken kombinieren. Erh\u00e4ltlich in den Gr\u00f6\u00dfen XS, XXS und XL.<\/p>\n","protected":false},"featured_media":33728,"comment_status":"open","ping_status":"closed","template":"","meta":[],"product_brand":[],"product_cat":[11231,11616,11230],"product_tag":[11237,11530,11233,11595,11617,11428,11165],"class_list":{"0":"post-37406","1":"product","2":"type-product","3":"status-publish","4":"has-post-thumbnail","6":"product_cat-clothing","7":"product_cat-women-clothing-polo-de","8":"product_cat-women-de","9":"product_tag-clothing-de","10":"product_tag-fall-winter-de","11":"product_tag-fashion-de","12":"product_tag-harmont-blaine-de","13":"product_tag-polo-de","14":"product_tag-red-de","15":"product_tag-women-2-de","16":"pa_color-rot","17":"pa_season-fall-winter-de","19":"first","20":"instock","21":"shipping-taxable","22":"purchasable","23":"product-type-simple"},"yoast_head":"<!-- This site is optimized with the Yoast SEO Premium plugin v22.7 (Yoast SEO v27.4) - https:\/\/yoast.com\/product\/yoast-seo-premium-wordpress\/ -->\n<title>Harmont &amp; Blaine Damen-Polo Rot \u2013 Herbst-Strick<\/title>\n<meta name=\"description\" content=\"Bequemes rotes Strickpolo von Harmont &amp; Blaine. Klassischer Kragen mit verdeckter Knopfleiste, ideal f\u00fcr Herbst\/Winter und leicht kombinierbar mit Jeans oder R\u00f6cken.\" \/>\n<meta name=\"robots\" content=\"index, follow, max-snippet:-1, max-image-preview:large, max-video-preview:-1\" \/>\n<link rel=\"canonical\" href=\"https:\/\/dari.shop\/de\/geschaft\/women-de\/harmontblaine-x073_l0ed55-020469_506\/\" \/>\n<meta property=\"og:locale\" content=\"de_DE\" \/>\n<meta property=\"og:type\" content=\"article\" \/>\n<meta property=\"og:title\" content=\"Harmont &amp; Blaine Damen-Polo, Rot X073_L0ED55\" \/>\n<meta property=\"og:description\" content=\"Bequemes rotes Strickpolo von Harmont &amp; Blaine. Klassischer Kragen mit verdeckter Knopfleiste, ideal f\u00fcr Herbst\/Winter und leicht kombinierbar mit Jeans oder R\u00f6cken.\" \/>\n<meta property=\"og:url\" content=\"https:\/\/dari.shop\/de\/geschaft\/women-de\/harmontblaine-x073_l0ed55-020469_506\/\" \/>\n<meta property=\"og:site_name\" content=\"DARI.Shop\" \/>\n<meta property=\"article:modified_time\" content=\"2026-01-18T10:32:45+00:00\" \/>\n<meta property=\"og:image\" content=\"https:\/\/dari.shop\/wp-content\/uploads\/2025\/09\/e4d67e50-b3cb-11ef-b303-cfc427ed280f.jpg\" \/>\n\t<meta property=\"og:image:width\" content=\"1920\" \/>\n\t<meta property=\"og:image:height\" content=\"1920\" \/>\n\t<meta property=\"og:image:type\" content=\"image\/jpeg\" \/>\n<meta name=\"twitter:card\" content=\"summary_large_image\" \/>\n<meta name=\"twitter:label1\" content=\"Preis\" \/>\n\t<meta name=\"twitter:data1\" content=\"102,85&nbsp;&euro;\" \/>\n\t<meta name=\"twitter:label2\" content=\"Verf\u00fcgbarkeit\" \/>\n\t<meta name=\"twitter:data2\" content=\"Auf Lager\" \/>\n<script type=\"application\/ld+json\" class=\"yoast-schema-graph\">{\"@context\":\"https:\\\/\\\/schema.org\",\"@graph\":[{\"@type\":\"WebPage\",\"@id\":\"https:\\\/\\\/dari.shop\\\/de\\\/geschaft\\\/women-de\\\/harmontblaine-x073_l0ed55-020469_506\\\/\",\"url\":\"https:\\\/\\\/dari.shop\\\/de\\\/geschaft\\\/women-de\\\/harmontblaine-x073_l0ed55-020469_506\\\/\",\"name\":\"Harmont & Blaine Damen-Polo Rot \u2013 Herbst-Strick\",\"isPartOf\":{\"@id\":\"https:\\\/\\\/dari.shop\\\/#website\"},\"primaryImageOfPage\":{\"@id\":\"https:\\\/\\\/dari.shop\\\/de\\\/geschaft\\\/women-de\\\/harmontblaine-x073_l0ed55-020469_506\\\/#primaryimage\"},\"image\":{\"@id\":\"https:\\\/\\\/dari.shop\\\/de\\\/geschaft\\\/women-de\\\/harmontblaine-x073_l0ed55-020469_506\\\/#primaryimage\"},\"thumbnailUrl\":\"https:\\\/\\\/dari.shop\\\/wp-content\\\/uploads\\\/2025\\\/09\\\/e4d67e50-b3cb-11ef-b303-cfc427ed280f.jpg\",\"datePublished\":\"2025-09-22T10:05:59+00:00\",\"dateModified\":\"2026-01-18T10:32:45+00:00\",\"description\":\"Bequemes rotes Strickpolo von Harmont & Blaine. Klassischer Kragen mit verdeckter Knopfleiste, ideal f\u00fcr Herbst\\\/Winter und leicht kombinierbar mit Jeans oder R\u00f6cken.\",\"breadcrumb\":{\"@id\":\"https:\\\/\\\/dari.shop\\\/de\\\/geschaft\\\/women-de\\\/harmontblaine-x073_l0ed55-020469_506\\\/#breadcrumb\"},\"inLanguage\":\"de\",\"potentialAction\":[{\"@type\":\"ReadAction\",\"target\":[\"https:\\\/\\\/dari.shop\\\/de\\\/geschaft\\\/women-de\\\/harmontblaine-x073_l0ed55-020469_506\\\/\"]}]},{\"@type\":\"ImageObject\",\"inLanguage\":\"de\",\"@id\":\"https:\\\/\\\/dari.shop\\\/de\\\/geschaft\\\/women-de\\\/harmontblaine-x073_l0ed55-020469_506\\\/#primaryimage\",\"url\":\"https:\\\/\\\/dari.shop\\\/wp-content\\\/uploads\\\/2025\\\/09\\\/e4d67e50-b3cb-11ef-b303-cfc427ed280f.jpg\",\"contentUrl\":\"https:\\\/\\\/dari.shop\\\/wp-content\\\/uploads\\\/2025\\\/09\\\/e4d67e50-b3cb-11ef-b303-cfc427ed280f.jpg\",\"width\":1920,\"height\":1920,\"caption\":\"Damen rotes Strickpolo von Harmont &amp; Blaine\"},{\"@type\":\"BreadcrumbList\",\"@id\":\"https:\\\/\\\/dari.shop\\\/de\\\/geschaft\\\/women-de\\\/harmontblaine-x073_l0ed55-020469_506\\\/#breadcrumb\",\"itemListElement\":[{\"@type\":\"ListItem\",\"position\":1,\"name\":\"Homepage\",\"item\":\"https:\\\/\\\/dari.shop\\\/de\\\/inspiration\\\/\"},{\"@type\":\"ListItem\",\"position\":2,\"name\":\"Marketplace\",\"item\":\"https:\\\/\\\/dari.shop\\\/marketplace\\\/\"},{\"@type\":\"ListItem\",\"position\":3,\"name\":\"Clothing\",\"item\":\"https:\\\/\\\/dari.shop\\\/de\\\/produktkategorie\\\/clothing\\\/\"},{\"@type\":\"ListItem\",\"position\":4,\"name\":\"Harmont &amp; Blaine Damen-Polo, Rot X073_L0ED55\"}]},{\"@type\":\"WebSite\",\"@id\":\"https:\\\/\\\/dari.shop\\\/#website\",\"url\":\"https:\\\/\\\/dari.shop\\\/\",\"name\":\"DARI.Shop\",\"description\":\"DARI.Shop. It starts with curiosity...\",\"publisher\":{\"@id\":\"https:\\\/\\\/dari.shop\\\/#organization\"},\"alternateName\":\"Dari Fashion Hub\",\"potentialAction\":[{\"@type\":\"SearchAction\",\"target\":{\"@type\":\"EntryPoint\",\"urlTemplate\":\"https:\\\/\\\/dari.shop\\\/?s={search_term_string}\"},\"query-input\":{\"@type\":\"PropertyValueSpecification\",\"valueRequired\":true,\"valueName\":\"search_term_string\"}}],\"inLanguage\":\"de\"},{\"@type\":\"Organization\",\"@id\":\"https:\\\/\\\/dari.shop\\\/#organization\",\"name\":\"DARI.Shop\",\"alternateName\":\"Dari Fashion Hub\",\"url\":\"https:\\\/\\\/dari.shop\\\/\",\"logo\":{\"@type\":\"ImageObject\",\"inLanguage\":\"de\",\"@id\":\"https:\\\/\\\/dari.shop\\\/#\\\/schema\\\/logo\\\/image\\\/\",\"url\":\"https:\\\/\\\/dari.shop\\\/wp-content\\\/uploads\\\/2018\\\/01\\\/logo-dari.shop_-1.gif\",\"contentUrl\":\"https:\\\/\\\/dari.shop\\\/wp-content\\\/uploads\\\/2018\\\/01\\\/logo-dari.shop_-1.gif\",\"width\":458,\"height\":107,\"caption\":\"DARI.Shop\"},\"image\":{\"@id\":\"https:\\\/\\\/dari.shop\\\/#\\\/schema\\\/logo\\\/image\\\/\"}}]}<\/script>\n<meta property=\"product:brand\" content=\"Clothing\" \/>\n<meta property=\"product:price:amount\" content=\"102.85\" \/>\n<meta property=\"product:price:currency\" content=\"EUR\" \/>\n<meta property=\"og:availability\" content=\"instock\" \/>\n<meta property=\"product:availability\" content=\"instock\" \/>\n<meta property=\"product:retailer_item_id\" content=\"X073_L0ED55-020469_506_149174\" \/>\n<meta property=\"product:condition\" content=\"new\" \/>\n<!-- \/ Yoast SEO Premium plugin. -->","yoast_head_json":{"title":"Harmont & Blaine Damen-Polo Rot \u2013 Herbst-Strick","description":"Bequemes rotes Strickpolo von Harmont & Blaine. Klassischer Kragen mit verdeckter Knopfleiste, ideal f\u00fcr Herbst\/Winter und leicht kombinierbar mit Jeans oder R\u00f6cken.","robots":{"index":"index","follow":"follow","max-snippet":"max-snippet:-1","max-image-preview":"max-image-preview:large","max-video-preview":"max-video-preview:-1"},"canonical":"https:\/\/dari.shop\/de\/geschaft\/women-de\/harmontblaine-x073_l0ed55-020469_506\/","og_locale":"de_DE","og_type":"article","og_title":"Harmont &amp; Blaine Damen-Polo, Rot X073_L0ED55","og_description":"Bequemes rotes Strickpolo von Harmont & Blaine. Klassischer Kragen mit verdeckter Knopfleiste, ideal f\u00fcr Herbst\/Winter und leicht kombinierbar mit Jeans oder R\u00f6cken.","og_url":"https:\/\/dari.shop\/de\/geschaft\/women-de\/harmontblaine-x073_l0ed55-020469_506\/","og_site_name":"DARI.Shop","article_modified_time":"2026-01-18T10:32:45+00:00","og_image":[{"width":1920,"height":1920,"url":"https:\/\/dari.shop\/wp-content\/uploads\/2025\/09\/e4d67e50-b3cb-11ef-b303-cfc427ed280f.jpg","type":"image\/jpeg"}],"twitter_card":"summary_large_image","twitter_misc":{"Preis":"102,85&nbsp;&euro;","Verf\u00fcgbarkeit":"Auf Lager"},"schema":{"@context":"https:\/\/schema.org","@graph":[{"@type":"WebPage","@id":"https:\/\/dari.shop\/de\/geschaft\/women-de\/harmontblaine-x073_l0ed55-020469_506\/","url":"https:\/\/dari.shop\/de\/geschaft\/women-de\/harmontblaine-x073_l0ed55-020469_506\/","name":"Harmont & Blaine Damen-Polo Rot \u2013 Herbst-Strick","isPartOf":{"@id":"https:\/\/dari.shop\/#website"},"primaryImageOfPage":{"@id":"https:\/\/dari.shop\/de\/geschaft\/women-de\/harmontblaine-x073_l0ed55-020469_506\/#primaryimage"},"image":{"@id":"https:\/\/dari.shop\/de\/geschaft\/women-de\/harmontblaine-x073_l0ed55-020469_506\/#primaryimage"},"thumbnailUrl":"https:\/\/dari.shop\/wp-content\/uploads\/2025\/09\/e4d67e50-b3cb-11ef-b303-cfc427ed280f.jpg","datePublished":"2025-09-22T10:05:59+00:00","dateModified":"2026-01-18T10:32:45+00:00","description":"Bequemes rotes Strickpolo von Harmont & Blaine. Klassischer Kragen mit verdeckter Knopfleiste, ideal f\u00fcr Herbst\/Winter und leicht kombinierbar mit Jeans oder R\u00f6cken.","breadcrumb":{"@id":"https:\/\/dari.shop\/de\/geschaft\/women-de\/harmontblaine-x073_l0ed55-020469_506\/#breadcrumb"},"inLanguage":"de","potentialAction":[{"@type":"ReadAction","target":["https:\/\/dari.shop\/de\/geschaft\/women-de\/harmontblaine-x073_l0ed55-020469_506\/"]}]},{"@type":"ImageObject","inLanguage":"de","@id":"https:\/\/dari.shop\/de\/geschaft\/women-de\/harmontblaine-x073_l0ed55-020469_506\/#primaryimage","url":"https:\/\/dari.shop\/wp-content\/uploads\/2025\/09\/e4d67e50-b3cb-11ef-b303-cfc427ed280f.jpg","contentUrl":"https:\/\/dari.shop\/wp-content\/uploads\/2025\/09\/e4d67e50-b3cb-11ef-b303-cfc427ed280f.jpg","width":1920,"height":1920,"caption":"Damen rotes Strickpolo von Harmont &amp; Blaine"},{"@type":"BreadcrumbList","@id":"https:\/\/dari.shop\/de\/geschaft\/women-de\/harmontblaine-x073_l0ed55-020469_506\/#breadcrumb","itemListElement":[{"@type":"ListItem","position":1,"name":"Homepage","item":"https:\/\/dari.shop\/de\/inspiration\/"},{"@type":"ListItem","position":2,"name":"Marketplace","item":"https:\/\/dari.shop\/marketplace\/"},{"@type":"ListItem","position":3,"name":"Clothing","item":"https:\/\/dari.shop\/de\/produktkategorie\/clothing\/"},{"@type":"ListItem","position":4,"name":"Harmont &amp; Blaine Damen-Polo, Rot X073_L0ED55"}]},{"@type":"WebSite","@id":"https:\/\/dari.shop\/#website","url":"https:\/\/dari.shop\/","name":"DARI.Shop","description":"DARI.Shop. It starts with curiosity...","publisher":{"@id":"https:\/\/dari.shop\/#organization"},"alternateName":"Dari Fashion Hub","potentialAction":[{"@type":"SearchAction","target":{"@type":"EntryPoint","urlTemplate":"https:\/\/dari.shop\/?s={search_term_string}"},"query-input":{"@type":"PropertyValueSpecification","valueRequired":true,"valueName":"search_term_string"}}],"inLanguage":"de"},{"@type":"Organization","@id":"https:\/\/dari.shop\/#organization","name":"DARI.Shop","alternateName":"Dari Fashion Hub","url":"https:\/\/dari.shop\/","logo":{"@type":"ImageObject","inLanguage":"de","@id":"https:\/\/dari.shop\/#\/schema\/logo\/image\/","url":"https:\/\/dari.shop\/wp-content\/uploads\/2018\/01\/logo-dari.shop_-1.gif","contentUrl":"https:\/\/dari.shop\/wp-content\/uploads\/2018\/01\/logo-dari.shop_-1.gif","width":458,"height":107,"caption":"DARI.Shop"},"image":{"@id":"https:\/\/dari.shop\/#\/schema\/logo\/image\/"}}]},"product_brand":"Clothing","product_price_amount":"102.85","product_price_currency":"EUR","og_availability":"instock","product_availability":"instock","product_retailer_item_id":"X073_L0ED55-020469_506_149174","product_condition":"new"},"_links":{"self":[{"href":"https:\/\/dari.shop\/de\/wp-json\/wp\/v2\/product\/37406","targetHints":{"allow":["GET"]}}],"collection":[{"href":"https:\/\/dari.shop\/de\/wp-json\/wp\/v2\/product"}],"about":[{"href":"https:\/\/dari.shop\/de\/wp-json\/wp\/v2\/types\/product"}],"replies":[{"embeddable":true,"href":"https:\/\/dari.shop\/de\/wp-json\/wp\/v2\/comments?post=37406"}],"wp:featuredmedia":[{"embeddable":true,"href":"https:\/\/dari.shop\/de\/wp-json\/wp\/v2\/media\/33728"}],"wp:attachment":[{"href":"https:\/\/dari.shop\/de\/wp-json\/wp\/v2\/media?parent=37406"}],"wp:term":[{"taxonomy":"product_brand","embeddable":true,"href":"https:\/\/dari.shop\/de\/wp-json\/wp\/v2\/product_brand?post=37406"},{"taxonomy":"product_cat","embeddable":true,"href":"https:\/\/dari.shop\/de\/wp-json\/wp\/v2\/product_cat?post=37406"},{"taxonomy":"product_tag","embeddable":true,"href":"https:\/\/dari.shop\/de\/wp-json\/wp\/v2\/product_tag?post=37406"}],"curies":[{"name":"wp","href":"https:\/\/api.w.org\/{rel}","templated":true}]}}