{"id":29702,"date":"2017-12-04T00:50:16","date_gmt":"2017-12-03T23:50:16","guid":{"rendered":"https:\/\/dari.shop\/bambini\/"},"modified":"2024-01-19T23:04:51","modified_gmt":"2024-01-19T22:04:51","slug":"bambini","status":"publish","type":"page","link":"https:\/\/dari.shop\/it\/bambini\/","title":{"rendered":"Bambini"},"content":{"rendered":"\n<p> <\/p>\n<div class=\"woocommerce columns-4 \"><\/div>\n\t<div id=\"gap-1165828083\" class=\"gap-element clearfix\" style=\"display:block; height:auto;\">\n\t\t\n<style>\n#gap-1165828083 {\n  padding-top: 30px;\n}\n<\/style>\n\t<\/div>\n\t\n\n<a href=\"https:\/\/dari.shop\/it\/categoria-di-prodotto\/bambino\/\" class=\"button primary expand\" style=\"border-radius:6px;\">\n\t\t<span>Altri prodotti<\/span>\n\t<\/a>\n\n\n<div class=\"row row-small align-center\"  id=\"row-196074783\">\n\n\n\t<div id=\"col-1084664647\" class=\"col medium-2 small-12 large-2\"  >\n\t\t\t\t<div class=\"col-inner\"  >\n\t\t\t\n\t\t\t\n\n\n\t\t<\/div>\n\t\t\t\t\t<\/div>\n\n\t\n\n\t<div id=\"col-1558059062\" class=\"col medium-7 small-12 large-7\"  >\n\t\t\t\t<div class=\"col-inner\"  >\n\t\t\t\n\t\t\t\n\n\n\t\t<\/div>\n\t\t\t\t\t<\/div>\n\n\t\n\n\t<div id=\"col-84327785\" class=\"col medium-2 small-12 large-2\"  >\n\t\t\t\t<div class=\"col-inner\"  >\n\t\t\t\n\t\t\t\n\n\n\t\t<\/div>\n\t\t\t\t\t<\/div>\n\n\t\n\n<\/div>\n\t<div id=\"gap-1824193177\" class=\"gap-element clearfix\" style=\"display:block; height:auto;\">\n\t\t\n<style>\n#gap-1824193177 {\n  padding-top: 30px;\n}\n<\/style>\n\t<\/div>\n\t\n\n\t<div id=\"gap-1993998068\" class=\"gap-element clearfix\" style=\"display:block; height:auto;\">\n\t\t\n<style>\n#gap-1993998068 {\n  padding-top: 30px;\n}\n<\/style>\n\t<\/div>\n\t\n\n<div class=\"row\"  id=\"row-1946790619\">\n\n\n\t<div id=\"col-949706983\" class=\"col small-12 large-12\"  >\n\t\t\t\t<div class=\"col-inner\"  >\n\t\t\t\n\t\t\t\n\n<div class=\"accordion\">\n\n\t<div id=\"accordion-747723864\" class=\"accordion-item\">\n\t\t<a id=\"accordion-747723864-label\" class=\"accordion-title plain\" href=\"#accordion-item-un&#039;infanzia-luminosa-con-la-collezione-di-abbigliamento-per-bambini-di-dari.shop!\" aria-expanded=\"false\" aria-controls=\"accordion-747723864-content\">\n\t\t\t<button class=\"toggle\" aria-label=\"Attiva\/Disattiva\"><i class=\"icon-angle-down\" aria-hidden=\"true\"><\/i><\/button>\n\t\t\t<span>Un&#039;infanzia luminosa con la collezione di abbigliamento per bambini di dari.shop!<\/span>\n\t\t<\/a>\n\t\t<div id=\"accordion-747723864-content\" class=\"accordion-inner\" aria-labelledby=\"accordion-747723864-label\">\n\t\t\t\n\n<h1 style=\"text-align: center;\"><span style=\"font-size: 75%;\">Abbigliamento per bambini da dari.shop: solo il meglio per il tuo bambino!<\/span><\/h1>\n<p>Il vostro bambino muover\u00e0 i primi passi? O che gi\u00e0 collezionano libri di testo nel loro primo zaino? Nel nostro negozio online dari.shop potete scegliere vestiti per bambini di ogni et\u00e0 e per ogni occasione; I genitori apprezzano l&#8217;abbigliamento per bambini di dari.shop per l&#8217;eccellente qualit\u00e0 e i prezzi ragionevoli; Deliziate il vostro bambino con i vestiti luminosi di <em><strong>DARI.Shop<\/strong><\/em>!<\/p>\n<p>Un&#8217;infanzia luminosa con la collezione di vestiti per bambini di dari.shop!<\/p>\n<p>Siamo consapevoli che i vestiti per neonati devono essere realizzati con materiali naturali di alta qualit\u00e0, di comoda vestibilit\u00e0 e piacevoli al tatto; Inoltre, \u00e8 molto importante che l&#8217;abbigliamento per bambini sia elegante e luminoso, perch\u00e9 il gusto del bambino si sviluppa gi\u00e0 nei primi anni di vita; Acquistando i vestiti per bambini da dari.shop, potete essere certi che il vostro bambino sar\u00e0 vestito con capi comodi e di alta qualit\u00e0. Il design luminoso regala al bambino un ottimo umore ed emozioni positive;<\/p>\n<p>La moda moderna di dari.shop per i bambini di tutte le et\u00e0<\/p>\n<p>Solo per i neonati offriamo una variet\u00e0 di body e alianti con chiusura a bottoni e cerniere; Per i bambini a partire da un anno, \u00e8 molto importante indossare abiti comodi e belli da vedere, perch\u00e9 \u00e8 in questo periodo che il bambino sta scoprendo il mondo. \u00c8 possibile acquistare online qui:<br>&#8211; Jeans e pantaloni alla moda per bambini<br>&#8211; Magliette, scarpe e pullover luminosi<br>&#8211; Giacche e giacche a vento per bambini<br>&#8211; Biancheria intima e da notte per bambini<\/p>\n<p>Qui troverete modelli raffinati per il vostro piccolo pioniere! La nostra collezione di moda per adolescenti aiuter\u00e0 vostro figlio o vostra figlia a sottolineare la propria individualit\u00e0; Incoraggiate lo stile del vostro bambino con l&#8217;abbigliamento per bambini alla moda di dari.shop!<\/p>\n<p style=\"text-align: right;\"><em><strong>Il vostro DARI.Shop.<\/strong><\/em><\/p>\n\n\t\t<\/div>\n\t<\/div>\n\t\n\n<\/div>\n\n\t\t<\/div>\n\t\t\t\t\t<\/div>\n\n\t\n\n<\/div>\n\n","protected":false},"excerpt":{"rendered":"","protected":false},"author":1,"featured_media":14954,"parent":0,"menu_order":0,"comment_status":"closed","ping_status":"closed","template":"page-blank.php","meta":{"footnotes":""},"class_list":["post-29702","page","type-page","status-publish","has-post-thumbnail","hentry"],"yoast_head":"<!-- This site is optimized with the Yoast SEO Premium plugin v22.7 (Yoast SEO v27.4) - https:\/\/yoast.com\/product\/yoast-seo-premium-wordpress\/ -->\n<title>Articoli essenziali per bambini premium - Abbigliamento e accessori &#8902; DARI.Shop &#8902;<\/title>\n<meta name=\"description\" content=\"Esplorate l&#039;esclusiva categoria Bambini di Dari.shop per trovare prodotti di alta qualit\u00e0, eleganti e sicuri pensati per i pi\u00f9 piccoli; &#8902; DARI.Shop &#8902;\" \/>\n<meta name=\"robots\" content=\"index, follow, max-snippet:-1, max-image-preview:large, max-video-preview:-1\" \/>\n<link rel=\"canonical\" href=\"https:\/\/dari.shop\/it\/bambini\/\" \/>\n<meta property=\"og:locale\" content=\"it_IT\" \/>\n<meta property=\"og:type\" content=\"article\" \/>\n<meta property=\"og:title\" content=\"Bambini\" \/>\n<meta property=\"og:description\" content=\"Esplorate l&#039;esclusiva categoria Bambini di Dari.shop per trovare prodotti di alta qualit\u00e0, eleganti e sicuri pensati per i pi\u00f9 piccoli; &#8902; DARI.Shop &#8902;\" \/>\n<meta property=\"og:url\" content=\"https:\/\/dari.shop\/it\/bambini\/\" \/>\n<meta property=\"og:site_name\" content=\"DARI.Shop\" \/>\n<meta property=\"article:modified_time\" content=\"2024-01-19T22:04:51+00:00\" \/>\n<meta property=\"og:image\" content=\"https:\/\/dari.shop\/wp-content\/uploads\/2017\/12\/kat_-Pre-na\u0161e-deti.jpg\" \/>\n\t<meta property=\"og:image:width\" content=\"768\" \/>\n\t<meta property=\"og:image:height\" content=\"501\" \/>\n\t<meta property=\"og:image:type\" content=\"image\/jpeg\" \/>\n<meta name=\"twitter:card\" content=\"summary_large_image\" \/>\n<meta name=\"twitter:label1\" content=\"Tempo di lettura stimato\" \/>\n\t<meta name=\"twitter:data1\" content=\"2 minuti\" \/>\n<script type=\"application\/ld+json\" class=\"yoast-schema-graph\">{\"@context\":\"https:\\\/\\\/schema.org\",\"@graph\":[{\"@type\":\"WebPage\",\"@id\":\"https:\\\/\\\/dari.shop\\\/it\\\/bambini\\\/\",\"url\":\"https:\\\/\\\/dari.shop\\\/it\\\/bambini\\\/\",\"name\":\"Articoli essenziali per bambini premium - Abbigliamento e accessori &#8902; DARI.Shop &#8902;\",\"isPartOf\":{\"@id\":\"https:\\\/\\\/dari.shop\\\/#website\"},\"primaryImageOfPage\":{\"@id\":\"https:\\\/\\\/dari.shop\\\/it\\\/bambini\\\/#primaryimage\"},\"image\":{\"@id\":\"https:\\\/\\\/dari.shop\\\/it\\\/bambini\\\/#primaryimage\"},\"thumbnailUrl\":\"https:\\\/\\\/dari.shop\\\/wp-content\\\/uploads\\\/2017\\\/12\\\/kat_-Pre-na\u0161e-deti.jpg\",\"datePublished\":\"2017-12-03T23:50:16+00:00\",\"dateModified\":\"2024-01-19T22:04:51+00:00\",\"description\":\"Esplorate l'esclusiva categoria Bambini di Dari.shop per trovare prodotti di alta qualit\u00e0, eleganti e sicuri pensati per i pi\u00f9 piccoli; &#8902; DARI.Shop &#8902;\",\"breadcrumb\":{\"@id\":\"https:\\\/\\\/dari.shop\\\/it\\\/bambini\\\/#breadcrumb\"},\"inLanguage\":\"it-IT\",\"potentialAction\":[{\"@type\":\"ReadAction\",\"target\":[\"https:\\\/\\\/dari.shop\\\/it\\\/bambini\\\/\"]}]},{\"@type\":\"ImageObject\",\"inLanguage\":\"it-IT\",\"@id\":\"https:\\\/\\\/dari.shop\\\/it\\\/bambini\\\/#primaryimage\",\"url\":\"https:\\\/\\\/dari.shop\\\/wp-content\\\/uploads\\\/2017\\\/12\\\/kat_-Pre-na\u0161e-deti.jpg\",\"contentUrl\":\"https:\\\/\\\/dari.shop\\\/wp-content\\\/uploads\\\/2017\\\/12\\\/kat_-Pre-na\u0161e-deti.jpg\",\"width\":768,\"height\":501,\"caption\":\"Oble\u010denie pre deti\"},{\"@type\":\"BreadcrumbList\",\"@id\":\"https:\\\/\\\/dari.shop\\\/it\\\/bambini\\\/#breadcrumb\",\"itemListElement\":[{\"@type\":\"ListItem\",\"position\":1,\"name\":\"Home\",\"item\":\"https:\\\/\\\/dari.shop\\\/it\\\/ispirazione\\\/\"},{\"@type\":\"ListItem\",\"position\":2,\"name\":\"Bambini\"}]},{\"@type\":\"WebSite\",\"@id\":\"https:\\\/\\\/dari.shop\\\/#website\",\"url\":\"https:\\\/\\\/dari.shop\\\/\",\"name\":\"DARI.Shop\",\"description\":\"DARI.Shop. It starts with curiosity...\",\"publisher\":{\"@id\":\"https:\\\/\\\/dari.shop\\\/#organization\"},\"alternateName\":\"Dari Fashion Hub\",\"potentialAction\":[{\"@type\":\"SearchAction\",\"target\":{\"@type\":\"EntryPoint\",\"urlTemplate\":\"https:\\\/\\\/dari.shop\\\/?s={search_term_string}\"},\"query-input\":{\"@type\":\"PropertyValueSpecification\",\"valueRequired\":true,\"valueName\":\"search_term_string\"}}],\"inLanguage\":\"it-IT\"},{\"@type\":\"Organization\",\"@id\":\"https:\\\/\\\/dari.shop\\\/#organization\",\"name\":\"DARI.Shop\",\"alternateName\":\"Dari Fashion Hub\",\"url\":\"https:\\\/\\\/dari.shop\\\/\",\"logo\":{\"@type\":\"ImageObject\",\"inLanguage\":\"it-IT\",\"@id\":\"https:\\\/\\\/dari.shop\\\/#\\\/schema\\\/logo\\\/image\\\/\",\"url\":\"https:\\\/\\\/dari.shop\\\/wp-content\\\/uploads\\\/2018\\\/01\\\/logo-dari.shop_-1.gif\",\"contentUrl\":\"https:\\\/\\\/dari.shop\\\/wp-content\\\/uploads\\\/2018\\\/01\\\/logo-dari.shop_-1.gif\",\"width\":458,\"height\":107,\"caption\":\"DARI.Shop\"},\"image\":{\"@id\":\"https:\\\/\\\/dari.shop\\\/#\\\/schema\\\/logo\\\/image\\\/\"}}]}<\/script>\n<!-- \/ Yoast SEO Premium plugin. -->","yoast_head_json":{"title":"Articoli essenziali per bambini premium - Abbigliamento e accessori &#8902; DARI.Shop &#8902;","description":"Esplorate l'esclusiva categoria Bambini di Dari.shop per trovare prodotti di alta qualit\u00e0, eleganti e sicuri pensati per i pi\u00f9 piccoli; &#8902; DARI.Shop &#8902;","robots":{"index":"index","follow":"follow","max-snippet":"max-snippet:-1","max-image-preview":"max-image-preview:large","max-video-preview":"max-video-preview:-1"},"canonical":"https:\/\/dari.shop\/it\/bambini\/","og_locale":"it_IT","og_type":"article","og_title":"Bambini","og_description":"Esplorate l'esclusiva categoria Bambini di Dari.shop per trovare prodotti di alta qualit\u00e0, eleganti e sicuri pensati per i pi\u00f9 piccoli; &#8902; DARI.Shop &#8902;","og_url":"https:\/\/dari.shop\/it\/bambini\/","og_site_name":"DARI.Shop","article_modified_time":"2024-01-19T22:04:51+00:00","og_image":[{"width":768,"height":501,"url":"https:\/\/dari.shop\/wp-content\/uploads\/2017\/12\/kat_-Pre-na\u0161e-deti.jpg","type":"image\/jpeg"}],"twitter_card":"summary_large_image","twitter_misc":{"Tempo di lettura stimato":"2 minuti"},"schema":{"@context":"https:\/\/schema.org","@graph":[{"@type":"WebPage","@id":"https:\/\/dari.shop\/it\/bambini\/","url":"https:\/\/dari.shop\/it\/bambini\/","name":"Articoli essenziali per bambini premium - Abbigliamento e accessori &#8902; DARI.Shop &#8902;","isPartOf":{"@id":"https:\/\/dari.shop\/#website"},"primaryImageOfPage":{"@id":"https:\/\/dari.shop\/it\/bambini\/#primaryimage"},"image":{"@id":"https:\/\/dari.shop\/it\/bambini\/#primaryimage"},"thumbnailUrl":"https:\/\/dari.shop\/wp-content\/uploads\/2017\/12\/kat_-Pre-na\u0161e-deti.jpg","datePublished":"2017-12-03T23:50:16+00:00","dateModified":"2024-01-19T22:04:51+00:00","description":"Esplorate l'esclusiva categoria Bambini di Dari.shop per trovare prodotti di alta qualit\u00e0, eleganti e sicuri pensati per i pi\u00f9 piccoli; &#8902; DARI.Shop &#8902;","breadcrumb":{"@id":"https:\/\/dari.shop\/it\/bambini\/#breadcrumb"},"inLanguage":"it-IT","potentialAction":[{"@type":"ReadAction","target":["https:\/\/dari.shop\/it\/bambini\/"]}]},{"@type":"ImageObject","inLanguage":"it-IT","@id":"https:\/\/dari.shop\/it\/bambini\/#primaryimage","url":"https:\/\/dari.shop\/wp-content\/uploads\/2017\/12\/kat_-Pre-na\u0161e-deti.jpg","contentUrl":"https:\/\/dari.shop\/wp-content\/uploads\/2017\/12\/kat_-Pre-na\u0161e-deti.jpg","width":768,"height":501,"caption":"Oble\u010denie pre deti"},{"@type":"BreadcrumbList","@id":"https:\/\/dari.shop\/it\/bambini\/#breadcrumb","itemListElement":[{"@type":"ListItem","position":1,"name":"Home","item":"https:\/\/dari.shop\/it\/ispirazione\/"},{"@type":"ListItem","position":2,"name":"Bambini"}]},{"@type":"WebSite","@id":"https:\/\/dari.shop\/#website","url":"https:\/\/dari.shop\/","name":"DARI.Shop","description":"DARI.Shop. It starts with curiosity...","publisher":{"@id":"https:\/\/dari.shop\/#organization"},"alternateName":"Dari Fashion Hub","potentialAction":[{"@type":"SearchAction","target":{"@type":"EntryPoint","urlTemplate":"https:\/\/dari.shop\/?s={search_term_string}"},"query-input":{"@type":"PropertyValueSpecification","valueRequired":true,"valueName":"search_term_string"}}],"inLanguage":"it-IT"},{"@type":"Organization","@id":"https:\/\/dari.shop\/#organization","name":"DARI.Shop","alternateName":"Dari Fashion Hub","url":"https:\/\/dari.shop\/","logo":{"@type":"ImageObject","inLanguage":"it-IT","@id":"https:\/\/dari.shop\/#\/schema\/logo\/image\/","url":"https:\/\/dari.shop\/wp-content\/uploads\/2018\/01\/logo-dari.shop_-1.gif","contentUrl":"https:\/\/dari.shop\/wp-content\/uploads\/2018\/01\/logo-dari.shop_-1.gif","width":458,"height":107,"caption":"DARI.Shop"},"image":{"@id":"https:\/\/dari.shop\/#\/schema\/logo\/image\/"}}]}},"_links":{"self":[{"href":"https:\/\/dari.shop\/it\/wp-json\/wp\/v2\/pages\/29702","targetHints":{"allow":["GET"]}}],"collection":[{"href":"https:\/\/dari.shop\/it\/wp-json\/wp\/v2\/pages"}],"about":[{"href":"https:\/\/dari.shop\/it\/wp-json\/wp\/v2\/types\/page"}],"author":[{"embeddable":true,"href":"https:\/\/dari.shop\/it\/wp-json\/wp\/v2\/users\/1"}],"replies":[{"embeddable":true,"href":"https:\/\/dari.shop\/it\/wp-json\/wp\/v2\/comments?post=29702"}],"version-history":[{"count":1,"href":"https:\/\/dari.shop\/it\/wp-json\/wp\/v2\/pages\/29702\/revisions"}],"predecessor-version":[{"id":29703,"href":"https:\/\/dari.shop\/it\/wp-json\/wp\/v2\/pages\/29702\/revisions\/29703"}],"wp:featuredmedia":[{"embeddable":true,"href":"https:\/\/dari.shop\/it\/wp-json\/wp\/v2\/media\/14954"}],"wp:attachment":[{"href":"https:\/\/dari.shop\/it\/wp-json\/wp\/v2\/media?parent=29702"}],"curies":[{"name":"wp","href":"https:\/\/api.w.org\/{rel}","templated":true}]}}