{"id":30477,"date":"2024-02-09T13:59:20","date_gmt":"2024-02-09T12:59:20","guid":{"rendered":"https:\/\/dari.shop\/termini-e-condizioni\/"},"modified":"2024-02-13T18:49:02","modified_gmt":"2024-02-13T17:49:02","slug":"termini-e-condizioni","status":"publish","type":"page","link":"https:\/\/dari.shop\/it\/termini-e-condizioni\/","title":{"rendered":"Termini e condizioni"},"content":{"rendered":"\n<p>Benvenuti su DARI.Shop, la vostra prima destinazione per abiti, scarpe e accessori alla moda Utilizzando il sito web all&#8217;indirizzo <a href=\"http:\/\/www.dari.shop\/\">www.dari.shop<\/a> (&#8220;Sito&#8221;), l&#8217;utente accetta di essere vincolato dai presenti Termini e Condizioni, concepiti per garantire un&#8217;esperienza di acquisto affidabile, sicura ed efficiente per tutti gli utenti.<\/p>\n\n<h2 class=\"wp-block-heading\" id=\"h-use-of-the-site\">Utilizzo del Sito<\/h2>\n\n<ol class=\"wp-block-list\">\n<li><strong>Elegabilit\u00e0<\/strong>: Per utilizzare questo Sito, \u00e8 necessario avere almeno 18 anni di et\u00e0 o aver ottenuto il consenso dei genitori.<\/li>\n\n\n\n<li><strong>Sicurezza dell&#8217;account<\/strong>: l&#8217;utente \u00e8 responsabile del mantenimento della riservatezza del proprio account e della propria password e della limitazione dell&#8217;accesso al proprio dispositivo. L&#8217;utente si assume la responsabilit\u00e0 di tutte le attivit\u00e0 svolte con il proprio account o password<\/li>\n\n\n\n<li><strong>Uso consentito<\/strong>: Il contenuto e le informazioni di questo Sito sono destinati esclusivamente all&#8217;uso personale e non allo sfruttamento commerciale.<\/li>\n<\/ol>\n\n<h2 class=\"wp-block-heading\" id=\"h-purchases-and-payment\">Acquisti e pagamenti<\/h2>\n\n<ol class=\"wp-block-list\">\n<li><strong>Descrizioni dei prodotti<\/strong>: DARI.Shop cerca di essere il pi\u00f9 preciso possibile nelle descrizioni dei prodotti. Tuttavia, non garantiamo che le descrizioni o altri contenuti siano privi di errori<\/li>\n\n\n\n<li><strong>Prezzi<\/strong>: Tutti i prezzi sono in valuta locale e sono soggetti a modifiche Ci riserviamo il diritto di correggere eventuali errori, imprecisioni o omissioni e di modificare o aggiornare le informazioni in qualsiasi momento senza preavviso<\/li>\n\n\n\n<li><strong>Accettazione dell&#8217;ordine<\/strong>: DARI.Shop si riserva il diritto, a sua esclusiva discrezione, di rifiutare o annullare qualsiasi ordine per qualsiasi motivo.<\/li>\n<\/ol>\n\n<h2 class=\"wp-block-heading\" id=\"h-shipping-and-delivery\">Spedizione e consegna<\/h2>\n\n<ol class=\"wp-block-list\">\n<li><strong>Consegna gestita dal venditore<\/strong>: I metodi e i tempi di consegna sono scelti e forniti da ciascun venditore nella scheda del prodotto sotto la voce &#8220;Consegna&#8221;;<\/li>\n\n\n\n<li><strong>Responsabilit\u00e0 per la consegna<\/strong>: I venditori sono responsabili della consegna della merce secondo le informazioni fornite. DARI.Shop non \u00e8 coinvolto nel processo di consegna<\/li>\n\n\n\n<li><strong>Contattare il venditore<\/strong>: Per richieste di informazioni sulla consegna, contatta direttamente il venditore attraverso il modulo di contatto presente nella scheda del prodotto o nella pagina del negozio del venditore.<\/li>\n\n\n\n<li><strong>Discrepanze e problemi<\/strong>: In caso di problemi con la consegna, si prega di cercare di risolverli prima con il venditore. L&#8217;assistenza clienti di DARI.Shop pu\u00f2 aiutare a mediare i problemi irrisolti.<\/li>\n<\/ol>\n\n<h2 class=\"wp-block-heading\" id=\"h-intellectual-property\">Propriet\u00e0 intellettuale<\/h2>\n\n<p>Il contenuto di DARI.Shop, inclusi testi, grafici, loghi e immagini, \u00e8 di propriet\u00e0 di DARI.Shop o dei suoi fornitori di contenuti ed \u00e8 protetto dalle leggi sulla propriet\u00e0 intellettuale<\/p>\n\n<h2 class=\"wp-block-heading\" id=\"h-limitation-of-liability\">Limitazione di responsabilit\u00e0<\/h2>\n\n<ol class=\"wp-block-list\">\n<li><strong>Limitazione generale<\/strong>: DARI.Shop, i suoi direttori, funzionari, dipendenti, affiliati, agenti, appaltatori, stagisti, fornitori, prestatori di servizi o licenziatari non saranno responsabili per qualsiasi lesione, perdita, reclamo o qualsiasi danno diretto, indiretto, incidentale, punitivo, speciale o consequenziale di qualsiasi tipo, compresi, senza limitazione, la perdita di profitti, la perdita di entrate, la perdita di risparmi, la perdita di dati, i costi di sostituzione o qualsiasi altro danno simile, sia basato su contratto, illecito (compresa la negligenza), responsabilit\u00e0 oggettiva o altro, derivante dall&#8217;uso del servizio o di qualsiasi prodotto ottenuto utilizzando il sito, o per qualsiasi altro reclamo correlato in qualsiasi modo all&#8217;uso del servizio o di qualsiasi prodotto, compresi, ma non solo, eventuali errori o omissioni in qualsiasi contenuto, o qualsiasi perdita o danno di qualsiasi tipo sostenuti come risultato dell&#8217;uso del servizio o di qualsiasi contenuto (o prodotto) pubblicato, trasmesso o altrimenti reso disponibile tramite il servizio, anche se avvisati della loro possibilit\u00e0.<\/li>\n\n\n\n<li><strong>Responsabilit\u00e0 del prodotto<\/strong>: La responsabilit\u00e0 per la qualit\u00e0, la sicurezza e la legalit\u00e0 dei prodotti ricade sui venditori DARI.Shop non garantisce le offerte dei venditori o dei loro prodotti.<\/li>\n\n\n\n<li><strong>Accuratezza delle informazioni<\/strong>: Non garantiamo che la qualit\u00e0 di qualsiasi prodotto, servizio, informazione o altro materiale acquistato o ottenuto dall&#8217;utente soddisfi le sue aspettative, n\u00e9 che eventuali errori nel Servizio vengano corretti.<\/li>\n\n\n\n<li><strong>Limitazioni giurisdizionali<\/strong>: Alcune leggi statali non consentono limitazioni alle garanzie implicite o l&#8217;esclusione o la limitazione di determinati danni. Se queste leggi sono applicabili all&#8217;utente, alcune o tutte le esclusioni, i limiti o le limitazioni di cui sopra potrebbero non essere applicabili e l&#8217;utente potrebbe avere ulteriori diritti.<\/li>\n<\/ol>\n\n<h2 class=\"wp-block-heading\" id=\"h-governing-language\">Governare il linguaggio<\/h2>\n\n<p>La versione inglese dei presenti Termini e Condizioni fa fede. Le traduzioni sono fornite per comodit\u00e0; in caso di discrepanza, prevale la versione inglese.<\/p>\n\n<h2 class=\"wp-block-heading\" id=\"h-changes-to-terms-and-conditions\">Modifiche ai Termini e Condizioni<\/h2>\n\n<p>DARI.Shop si riserva il diritto di aggiornare, modificare o sostituire qualsiasi parte di questi Termini e Condizioni pubblicando aggiornamenti e\/o modifiche sul nostro sito web. \u00c8 responsabilit\u00e0 dell&#8217;utente controllare periodicamente questa pagina per eventuali modifiche. L&#8217;uso continuato o l&#8217;accesso al sito web dopo la pubblicazione di eventuali modifiche costituisce l&#8217;accettazione di tali modifiche. L&#8217;amministrazione di DARI.Shop pu\u00f2 modificare o aggiornare le presenti Condizioni a sua discrezione e senza preavviso agli utenti Continuando a utilizzare il Sito dopo l&#8217;introduzione di tali modifiche, l&#8217;utente riconosce e accetta di essere vincolato dai Termini e condizioni modificati<\/p>\n\n<h2 class=\"wp-block-heading\" id=\"h-governing-law\">Legge applicabile<\/h2>\n\n<p>I presenti Termini e Condizioni e l&#8217;utilizzo del Sito da parte dell&#8217;utente sono disciplinati dalle leggi della giurisdizione in cui si trova DARI.Shop, senza tener conto dei conflitti di legge<\/p>\n\n<h4 class=\"wp-block-heading\">Informazioni di contatto<\/h4>\n\n<p>Per qualsiasi domanda o dubbio sulla restituzione, si prega di contattare il nostro Servizio Clienti attraverso il nostro sito web all&#8217;indirizzo <a>https:\/\/dari.shop\/contact<\/a>.<\/p>\n","protected":false},"excerpt":{"rendered":"<p>Benvenuti su DARI.Shop, la vostra prima destinazione per abiti, scarpe e accessori alla moda Utilizzando il sito web all&#8217;indirizzo www.dari.shop (&#8220;Sito&#8221;), l&#8217;utente accetta di essere vincolato dai presenti Termini e Condizioni, concepiti per garantire un&#8217;esperienza di acquisto affidabile, sicura ed efficiente per tutti gli utenti. Utilizzo del Sito Acquisti e pagamenti Spedizione e consegna Propriet\u00e0 [&#8230;]\n","protected":false},"author":1,"featured_media":0,"parent":0,"menu_order":0,"comment_status":"closed","ping_status":"closed","template":"page-blank-title-center.php","meta":{"footnotes":""},"class_list":["post-30477","page","type-page","status-publish","hentry"],"yoast_head":"<!-- This site is optimized with the Yoast SEO Premium plugin v22.7 (Yoast SEO v27.3) - https:\/\/yoast.com\/product\/yoast-seo-premium-wordpress\/ -->\n<title>Termini e condizioni &#8902; DARI.Shop<\/title>\n<meta name=\"description\" content=\"Benvenuti su DARI.Shop, la vostra prima destinazione per abiti, scarpe e accessori alla moda Utilizzando il sito web all&#039;indirizzo www.dari.shop (&quot;Sito&quot;),\" \/>\n<meta name=\"robots\" content=\"index, follow, max-snippet:-1, max-image-preview:large, max-video-preview:-1\" \/>\n<link rel=\"canonical\" href=\"https:\/\/dari.shop\/it\/termini-e-condizioni\/\" \/>\n<meta property=\"og:locale\" content=\"it_IT\" \/>\n<meta property=\"og:type\" content=\"article\" \/>\n<meta property=\"og:title\" content=\"Termini e condizioni\" \/>\n<meta property=\"og:description\" content=\"Benvenuti su DARI.Shop, la vostra prima destinazione per abiti, scarpe e accessori alla moda Utilizzando il sito web all&#039;indirizzo www.dari.shop (&quot;Sito&quot;),\" \/>\n<meta property=\"og:url\" content=\"https:\/\/dari.shop\/it\/termini-e-condizioni\/\" \/>\n<meta property=\"og:site_name\" content=\"DARI.Shop\" \/>\n<meta property=\"article:modified_time\" content=\"2024-02-13T17:49:02+00:00\" \/>\n<meta property=\"og:image\" content=\"https:\/\/dari.shop\/wp-content\/uploads\/2018\/01\/logo-dari.shop_-1.gif\" \/>\n\t<meta property=\"og:image:width\" content=\"458\" \/>\n\t<meta property=\"og:image:height\" content=\"107\" \/>\n\t<meta property=\"og:image:type\" content=\"image\/gif\" \/>\n<meta name=\"twitter:card\" content=\"summary_large_image\" \/>\n<meta name=\"twitter:label1\" content=\"Tempo di lettura stimato\" \/>\n\t<meta name=\"twitter:data1\" content=\"4 minuti\" \/>\n<script type=\"application\/ld+json\" class=\"yoast-schema-graph\">{\"@context\":\"https:\\\/\\\/schema.org\",\"@graph\":[{\"@type\":\"WebPage\",\"@id\":\"https:\\\/\\\/dari.shop\\\/it\\\/termini-e-condizioni\\\/\",\"url\":\"https:\\\/\\\/dari.shop\\\/it\\\/termini-e-condizioni\\\/\",\"name\":\"Termini e condizioni &#8902; DARI.Shop\",\"isPartOf\":{\"@id\":\"https:\\\/\\\/dari.shop\\\/#website\"},\"datePublished\":\"2024-02-09T12:59:20+00:00\",\"dateModified\":\"2024-02-13T17:49:02+00:00\",\"description\":\"Benvenuti su DARI.Shop, la vostra prima destinazione per abiti, scarpe e accessori alla moda Utilizzando il sito web all'indirizzo www.dari.shop (\\\"Sito\\\"),\",\"breadcrumb\":{\"@id\":\"https:\\\/\\\/dari.shop\\\/it\\\/termini-e-condizioni\\\/#breadcrumb\"},\"inLanguage\":\"it-IT\",\"potentialAction\":[{\"@type\":\"ReadAction\",\"target\":[\"https:\\\/\\\/dari.shop\\\/it\\\/termini-e-condizioni\\\/\"]}]},{\"@type\":\"BreadcrumbList\",\"@id\":\"https:\\\/\\\/dari.shop\\\/it\\\/termini-e-condizioni\\\/#breadcrumb\",\"itemListElement\":[{\"@type\":\"ListItem\",\"position\":1,\"name\":\"Home\",\"item\":\"https:\\\/\\\/dari.shop\\\/it\\\/ispirazione\\\/\"},{\"@type\":\"ListItem\",\"position\":2,\"name\":\"Termini e condizioni\"}]},{\"@type\":\"WebSite\",\"@id\":\"https:\\\/\\\/dari.shop\\\/#website\",\"url\":\"https:\\\/\\\/dari.shop\\\/\",\"name\":\"DARI.Shop\",\"description\":\"DARI.Shop. It starts with curiosity...\",\"publisher\":{\"@id\":\"https:\\\/\\\/dari.shop\\\/#organization\"},\"alternateName\":\"Dari Fashion Hub\",\"potentialAction\":[{\"@type\":\"SearchAction\",\"target\":{\"@type\":\"EntryPoint\",\"urlTemplate\":\"https:\\\/\\\/dari.shop\\\/?s={search_term_string}\"},\"query-input\":{\"@type\":\"PropertyValueSpecification\",\"valueRequired\":true,\"valueName\":\"search_term_string\"}}],\"inLanguage\":\"it-IT\"},{\"@type\":\"Organization\",\"@id\":\"https:\\\/\\\/dari.shop\\\/#organization\",\"name\":\"DARI.Shop\",\"alternateName\":\"Dari Fashion Hub\",\"url\":\"https:\\\/\\\/dari.shop\\\/\",\"logo\":{\"@type\":\"ImageObject\",\"inLanguage\":\"it-IT\",\"@id\":\"https:\\\/\\\/dari.shop\\\/#\\\/schema\\\/logo\\\/image\\\/\",\"url\":\"https:\\\/\\\/dari.shop\\\/wp-content\\\/uploads\\\/2018\\\/01\\\/logo-dari.shop_-1.gif\",\"contentUrl\":\"https:\\\/\\\/dari.shop\\\/wp-content\\\/uploads\\\/2018\\\/01\\\/logo-dari.shop_-1.gif\",\"width\":458,\"height\":107,\"caption\":\"DARI.Shop\"},\"image\":{\"@id\":\"https:\\\/\\\/dari.shop\\\/#\\\/schema\\\/logo\\\/image\\\/\"}}]}<\/script>\n<!-- \/ Yoast SEO Premium plugin. -->","yoast_head_json":{"title":"Termini e condizioni &#8902; DARI.Shop","description":"Benvenuti su DARI.Shop, la vostra prima destinazione per abiti, scarpe e accessori alla moda Utilizzando il sito web all'indirizzo www.dari.shop (\"Sito\"),","robots":{"index":"index","follow":"follow","max-snippet":"max-snippet:-1","max-image-preview":"max-image-preview:large","max-video-preview":"max-video-preview:-1"},"canonical":"https:\/\/dari.shop\/it\/termini-e-condizioni\/","og_locale":"it_IT","og_type":"article","og_title":"Termini e condizioni","og_description":"Benvenuti su DARI.Shop, la vostra prima destinazione per abiti, scarpe e accessori alla moda Utilizzando il sito web all'indirizzo www.dari.shop (\"Sito\"),","og_url":"https:\/\/dari.shop\/it\/termini-e-condizioni\/","og_site_name":"DARI.Shop","article_modified_time":"2024-02-13T17:49:02+00:00","og_image":[{"width":458,"height":107,"url":"https:\/\/dari.shop\/wp-content\/uploads\/2018\/01\/logo-dari.shop_-1.gif","type":"image\/gif"}],"twitter_card":"summary_large_image","twitter_misc":{"Tempo di lettura stimato":"4 minuti"},"schema":{"@context":"https:\/\/schema.org","@graph":[{"@type":"WebPage","@id":"https:\/\/dari.shop\/it\/termini-e-condizioni\/","url":"https:\/\/dari.shop\/it\/termini-e-condizioni\/","name":"Termini e condizioni &#8902; DARI.Shop","isPartOf":{"@id":"https:\/\/dari.shop\/#website"},"datePublished":"2024-02-09T12:59:20+00:00","dateModified":"2024-02-13T17:49:02+00:00","description":"Benvenuti su DARI.Shop, la vostra prima destinazione per abiti, scarpe e accessori alla moda Utilizzando il sito web all'indirizzo www.dari.shop (\"Sito\"),","breadcrumb":{"@id":"https:\/\/dari.shop\/it\/termini-e-condizioni\/#breadcrumb"},"inLanguage":"it-IT","potentialAction":[{"@type":"ReadAction","target":["https:\/\/dari.shop\/it\/termini-e-condizioni\/"]}]},{"@type":"BreadcrumbList","@id":"https:\/\/dari.shop\/it\/termini-e-condizioni\/#breadcrumb","itemListElement":[{"@type":"ListItem","position":1,"name":"Home","item":"https:\/\/dari.shop\/it\/ispirazione\/"},{"@type":"ListItem","position":2,"name":"Termini e condizioni"}]},{"@type":"WebSite","@id":"https:\/\/dari.shop\/#website","url":"https:\/\/dari.shop\/","name":"DARI.Shop","description":"DARI.Shop. It starts with curiosity...","publisher":{"@id":"https:\/\/dari.shop\/#organization"},"alternateName":"Dari Fashion Hub","potentialAction":[{"@type":"SearchAction","target":{"@type":"EntryPoint","urlTemplate":"https:\/\/dari.shop\/?s={search_term_string}"},"query-input":{"@type":"PropertyValueSpecification","valueRequired":true,"valueName":"search_term_string"}}],"inLanguage":"it-IT"},{"@type":"Organization","@id":"https:\/\/dari.shop\/#organization","name":"DARI.Shop","alternateName":"Dari Fashion Hub","url":"https:\/\/dari.shop\/","logo":{"@type":"ImageObject","inLanguage":"it-IT","@id":"https:\/\/dari.shop\/#\/schema\/logo\/image\/","url":"https:\/\/dari.shop\/wp-content\/uploads\/2018\/01\/logo-dari.shop_-1.gif","contentUrl":"https:\/\/dari.shop\/wp-content\/uploads\/2018\/01\/logo-dari.shop_-1.gif","width":458,"height":107,"caption":"DARI.Shop"},"image":{"@id":"https:\/\/dari.shop\/#\/schema\/logo\/image\/"}}]}},"_links":{"self":[{"href":"https:\/\/dari.shop\/it\/wp-json\/wp\/v2\/pages\/30477","targetHints":{"allow":["GET"]}}],"collection":[{"href":"https:\/\/dari.shop\/it\/wp-json\/wp\/v2\/pages"}],"about":[{"href":"https:\/\/dari.shop\/it\/wp-json\/wp\/v2\/types\/page"}],"author":[{"embeddable":true,"href":"https:\/\/dari.shop\/it\/wp-json\/wp\/v2\/users\/1"}],"replies":[{"embeddable":true,"href":"https:\/\/dari.shop\/it\/wp-json\/wp\/v2\/comments?post=30477"}],"version-history":[{"count":1,"href":"https:\/\/dari.shop\/it\/wp-json\/wp\/v2\/pages\/30477\/revisions"}],"predecessor-version":[{"id":30478,"href":"https:\/\/dari.shop\/it\/wp-json\/wp\/v2\/pages\/30477\/revisions\/30478"}],"wp:attachment":[{"href":"https:\/\/dari.shop\/it\/wp-json\/wp\/v2\/media?parent=30477"}],"curies":[{"name":"wp","href":"https:\/\/api.w.org\/{rel}","templated":true}]}}