{"id":30493,"date":"2024-02-09T12:40:35","date_gmt":"2024-02-09T11:40:35","guid":{"rendered":"https:\/\/dari.shop\/informativa-sulla-privacy\/"},"modified":"2024-02-11T19:55:39","modified_gmt":"2024-02-11T18:55:39","slug":"informativa-sulla-privacy","status":"publish","type":"page","link":"https:\/\/dari.shop\/it\/informativa-sulla-privacy\/","title":{"rendered":"Informativa sulla privacy"},"content":{"rendered":"\n<p>Su Dari.Shop, accessibile da https:\/\/dari.shop\/, una delle nostre principali priorit\u00e0 \u00e8 la privacy dei nostri visitatori. Questo documento sulla privacy contiene i tipi di informazioni che vengono raccolte e registrate da Dari.Shop e il modo in cui vengono utilizzate.<\/p>\n\n\n\n<p>Se avete ulteriori domande o desiderate maggiori informazioni sulla nostra Politica sulla privacy, non esitate a contattarci.<\/p>\n\n\n\n<p>La presente Informativa sulla privacy si applica solo alle nostre attivit\u00e0 online ed \u00e8 valida per i visitatori del nostro sito web per quanto riguarda le informazioni che hanno condiviso e\/o raccolto in Dari.Shop. Questa politica non \u00e8 applicabile a qualsiasi informazione raccolta offline o tramite canali diversi da questo sito web.<\/p>\n\n\n\n<h2 class=\"wp-block-heading\" id=\"h-consenso\">Consenso<\/h2>\n\n\n\n<p>Utilizzando il nostro sito web, l&#8217;utente acconsente alla nostra Politica sulla privacy e ne accetta i termini<\/p>\n\n\n\n<h2 class=\"wp-block-heading\" id=\"h-informazioni-raccolte\">Informazioni raccolte<\/h2>\n\n\n\n<p>I dati personali che vi vengono richiesti e i motivi per cui vi vengono richiesti vi saranno resi noti nel momento in cui vi chiediamo di fornire i vostri dati personali.<\/p>\n\n\n\n<p>Se ci contattate direttamente, potremmo ricevere ulteriori informazioni su di voi, come il vostro nome, l&#8217;indirizzo e-mail, il numero di telefono, il contenuto del messaggio e\/o degli allegati che ci inviate e qualsiasi altra informazione che decidiate di fornirci.<\/p>\n\n\n\n<p>Quando vi registrate per un Account, potremmo chiedervi le vostre informazioni di contatto, tra cui nome, nome della societ\u00e0, indirizzo, indirizzo e-mail e numero di telefono.<\/p>\n\n\n\n<h2 class=\"wp-block-heading\" id=\"h-come-utilizziamo-i-vostri-dati\">Come utilizziamo i vostri dati<\/h2>\n\n\n\n<p>Utilizziamo le informazioni raccolte in vari modi, tra cui:<\/p>\n\n\n\n<ul class=\"wp-block-list\">\n<li>Fornire, gestire e mantenere il nostro sito web<\/li>\n\n\n\n<li>Migliorare, personalizzare ed espandere il nostro sito web<\/li>\n\n\n\n<li>Capire e analizzare il modo in cui gli utenti utilizzano il nostro sito web<\/li>\n\n\n\n<li>Sviluppare nuovi prodotti, servizi, caratteristiche e funzionalit\u00e0<\/li>\n\n\n\n<li>Comunicare con voi, direttamente o tramite uno dei nostri partner, anche per il servizio clienti, per fornirvi aggiornamenti e altre informazioni relative al sito web e per scopi di marketing e promozionali<\/li>\n\n\n\n<li>Inviarvi e-mail<\/li>\n\n\n\n<li>Individuare e prevenire le frodi<\/li>\n<\/ul>\n\n\n\n<h2 class=\"wp-block-heading\" id=\"h-file-di-log\">File di log<\/h2>\n\n\n\n<p>Dari.Shop\/ segue una procedura standard di utilizzo dei file di log. Questi file registrano i visitatori quando visitano i siti web. Tutte le societ\u00e0 di hosting lo fanno e fanno parte dell&#8217;analisi dei servizi di hosting; Le informazioni raccolte dai file di log includono gli indirizzi di protocollo Internet (IP), il tipo di browser, l&#8217;Internet Service Provider (ISP), la data e l&#8217;ora, le pagine di riferimento\/uscita ed eventualmente il numero di clic; Questi non sono collegati ad alcuna informazione di identificazione personale; Lo scopo delle informazioni \u00e8 l&#8217;analisi delle tendenze, l&#8217;amministrazione del sito, il monitoraggio dei movimenti degli utenti sul sito e la raccolta di informazioni demografiche.<\/p>\n\n\n\n<h2 class=\"wp-block-heading\" id=\"h-cookie-e-web-beacon\">Cookie e Web Beacon<\/h2>\n\n\n\n<p>Come qualsiasi altro sito web, Dari.Shop utilizza i &#8220;cookie&#8221;; Questi cookie vengono utilizzati per memorizzare informazioni, tra cui le preferenze dei visitatori e le pagine del sito web visitate dal visitatore; Le informazioni vengono utilizzate per ottimizzare l&#8217;esperienza degli utenti, personalizzando il contenuto delle nostre pagine web in base al tipo di browser dei visitatori e\/o ad altre informazioni.<\/p>\n\n\n\n<h2 class=\"wp-block-heading\" id=\"h-partner-pubblicitari-informativa-sulla-privacy\">Partner pubblicitari Informativa sulla privacy<\/h2>\n\n\n\n<p>L&#8217;utente pu\u00f2 consultare questo elenco per trovare l&#8217;informativa sulla privacy di ciascuno dei partner pubblicitari di Dari.Shop.<\/p>\n\n\n\n<p>I server pubblicitari di terze parti o le reti pubblicitarie utilizzano tecnologie come cookie, JavaScript o Web Beacon che vengono utilizzati nei rispettivi annunci e link che appaiono su Dari.Shop\/ e che vengono inviati direttamente al browser degli utenti; In questo caso ricevono automaticamente il vostro indirizzo IP; Queste tecnologie vengono utilizzate per misurare l&#8217;efficacia delle loro campagne pubblicitarie e\/o per personalizzare i contenuti pubblicitari visualizzati sui siti web visitati dall&#8217;utente.<\/p>\n\n\n\n<p>Si noti che Dari.Shop non ha accesso o controllo su questi cookie utilizzati da inserzionisti terzi.<\/p>\n\n\n\n<h2 class=\"wp-block-heading\" id=\"h-politiche-sulla-privacy-di-terzi\">Politiche sulla privacy di terzi<\/h2>\n\n\n\n<p>L&#8217;informativa sulla privacy di Dari.Shop non si applica ad altri inserzionisti o siti web; Pertanto, vi consigliamo di consultare le rispettive politiche sulla privacy di questi server pubblicitari di terze parti per informazioni pi\u00f9 dettagliate; Pu\u00f2 includere le loro pratiche e le istruzioni su come rinunciare a determinate opzioni.<\/p>\n\n\n\n<p>\u00c8 possibile scegliere di disabilitare i cookie attraverso le opzioni del proprio browser; Per informazioni pi\u00f9 dettagliate sulla gestione dei cookie con specifici browser web, \u00e8 possibile consultare i rispettivi siti web.<\/p>\n\n\n\n<h2 class=\"wp-block-heading\" id=\"h-diritti-alla-privacy-ccpa-non-vendere-le-mie-informazioni-personali\">Diritti alla privacy CCPA (Non vendere le mie informazioni personali)<\/h2>\n\n\n\n<p>Ai sensi del CCPA, tra gli altri diritti, i consumatori californiani hanno il diritto di:<\/p>\n\n\n\n<p>Richiedere che un&#8217;azienda che raccoglie i dati personali di un consumatore divulghi le categorie e i dati personali specifici che l&#8217;azienda ha raccolto sui consumatori.<\/p>\n\n\n\n<p>Richiedere che un&#8217;azienda cancelli tutti i dati personali del consumatore raccolti dall&#8217;azienda stessa.<\/p>\n\n\n\n<p>Richiedere che un&#8217;azienda che vende i dati personali di un consumatore non venda i dati personali del consumatore.<\/p>\n\n\n\n<p>Se fate una richiesta, abbiamo un mese di tempo per rispondervi; Se desiderate esercitare uno di questi diritti, contattateci.<\/p>\n\n\n\n<h2 class=\"wp-block-heading\" id=\"h-diritti-di-protezione-dei-dati-gdpr\">Diritti di protezione dei dati GDPR<\/h2>\n\n\n\n<p>Desideriamo assicurarci che siate pienamente consapevoli di tutti i vostri diritti in materia di protezione dei dati; Ogni utente ha diritto a quanto segue:<\/p>\n\n\n\n<p>Diritto di accesso &#8211; Avete il diritto di richiedere copie dei vostri dati personali; Potremmo addebitarvi un piccolo costo per questo servizio.<\/p>\n\n\n\n<p>Diritto di rettifica &#8211; Avete il diritto di richiedere la rettifica delle informazioni che ritenete inesatte; L&#8217;utente ha inoltre il diritto di richiedere il completamento delle informazioni che ritiene incomplete.<\/p>\n\n\n\n<p>Diritto alla cancellazione &#8211; Avete il diritto di richiedere la cancellazione dei vostri dati personali, a determinate condizioni.<\/p>\n\n\n\n<p>Diritto di limitazione del trattamento &#8211; Avete il diritto di richiedere la limitazione del trattamento dei vostri dati personali, a determinate condizioni.<\/p>\n\n\n\n<p>Diritto di opposizione al trattamento &#8211; Avete il diritto di opporvi al trattamento dei vostri dati personali da parte nostra, a determinate condizioni.<\/p>\n\n\n\n<p>Diritto alla portabilit\u00e0 dei dati &#8211; L&#8217;utente ha il diritto di richiedere il trasferimento dei dati da noi raccolti a un&#8217;altra organizzazione, o direttamente all&#8217;utente, a determinate condizioni.<\/p>\n\n\n\n<p>Se fate una richiesta, abbiamo un mese di tempo per rispondervi; Se desiderate esercitare uno di questi diritti, contattateci.<\/p>\n\n\n\n<h2 class=\"wp-block-heading\" id=\"h-informazioni-sui-bambini\">Informazioni sui bambini<\/h2>\n\n\n\n<p>Un&#8217;altra parte della nostra priorit\u00e0 \u00e8 l&#8217;aggiunta della protezione per i bambini durante l&#8217;utilizzo di Internet; Incoraggiamo i genitori e i tutori a osservare, partecipare e\/o monitorare e guidare la loro attivit\u00e0 online.<\/p>\n\n\n\n<p>Dari.Shop non raccoglie consapevolmente alcuna informazione di identificazione personale da bambini di et\u00e0 inferiore ai 13 anni; Se pensate che vostro figlio abbia fornito questo tipo di informazioni sul nostro sito web, vi invitiamo a contattarci immediatamente e faremo del nostro meglio per rimuovere prontamente tali informazioni dai nostri archivi.<\/p>\n","protected":false},"excerpt":{"rendered":"<p>Su Dari.Shop, accessibile da https:\/\/dari.shop\/, una delle nostre principali priorit\u00e0 \u00e8 la privacy dei nostri visitatori. Questo documento sulla privacy contiene i tipi di informazioni che vengono raccolte e registrate da Dari.Shop e il modo in cui vengono utilizzate. Se avete ulteriori domande o desiderate maggiori informazioni sulla nostra Politica sulla privacy, non esitate a [&#8230;]\n","protected":false},"author":1,"featured_media":0,"parent":0,"menu_order":0,"comment_status":"closed","ping_status":"closed","template":"page-blank-title-center.php","meta":{"footnotes":""},"class_list":["post-30493","page","type-page","status-publish","hentry"],"yoast_head":"<!-- This site is optimized with the Yoast SEO Premium plugin v22.7 (Yoast SEO v27.4) - https:\/\/yoast.com\/product\/yoast-seo-premium-wordpress\/ -->\n<title>Informativa sulla privacy &#8902; DARI.Shop<\/title>\n<meta name=\"description\" content=\"Su Dari.Shop, accessibile da https:\/\/dari.shop\/, una delle nostre principali priorit\u00e0 \u00e8 la privacy dei nostri visitatori. Questo documento sulla privacy\" \/>\n<meta name=\"robots\" content=\"index, follow, max-snippet:-1, max-image-preview:large, max-video-preview:-1\" \/>\n<link rel=\"canonical\" href=\"https:\/\/dari.shop\/it\/informativa-sulla-privacy\/\" \/>\n<meta property=\"og:locale\" content=\"it_IT\" \/>\n<meta property=\"og:type\" content=\"article\" \/>\n<meta property=\"og:title\" content=\"Informativa sulla privacy\" \/>\n<meta property=\"og:description\" content=\"Su Dari.Shop, accessibile da https:\/\/dari.shop\/, una delle nostre principali priorit\u00e0 \u00e8 la privacy dei nostri visitatori. Questo documento sulla privacy\" \/>\n<meta property=\"og:url\" content=\"https:\/\/dari.shop\/it\/informativa-sulla-privacy\/\" \/>\n<meta property=\"og:site_name\" content=\"DARI.Shop\" \/>\n<meta property=\"article:modified_time\" content=\"2024-02-11T18:55:39+00:00\" \/>\n<meta property=\"og:image\" content=\"https:\/\/dari.shop\/wp-content\/uploads\/2018\/01\/logo-dari.shop_-1.gif\" \/>\n\t<meta property=\"og:image:width\" content=\"458\" \/>\n\t<meta property=\"og:image:height\" content=\"107\" \/>\n\t<meta property=\"og:image:type\" content=\"image\/gif\" \/>\n<meta name=\"twitter:card\" content=\"summary_large_image\" \/>\n<meta name=\"twitter:label1\" content=\"Tempo di lettura stimato\" \/>\n\t<meta name=\"twitter:data1\" content=\"5 minuti\" \/>\n<script type=\"application\/ld+json\" class=\"yoast-schema-graph\">{\"@context\":\"https:\\\/\\\/schema.org\",\"@graph\":[{\"@type\":\"WebPage\",\"@id\":\"https:\\\/\\\/dari.shop\\\/it\\\/informativa-sulla-privacy\\\/\",\"url\":\"https:\\\/\\\/dari.shop\\\/it\\\/informativa-sulla-privacy\\\/\",\"name\":\"Informativa sulla privacy &#8902; DARI.Shop\",\"isPartOf\":{\"@id\":\"https:\\\/\\\/dari.shop\\\/#website\"},\"datePublished\":\"2024-02-09T11:40:35+00:00\",\"dateModified\":\"2024-02-11T18:55:39+00:00\",\"description\":\"Su Dari.Shop, accessibile da https:\\\/\\\/dari.shop\\\/, una delle nostre principali priorit\u00e0 \u00e8 la privacy dei nostri visitatori. Questo documento sulla privacy\",\"breadcrumb\":{\"@id\":\"https:\\\/\\\/dari.shop\\\/it\\\/informativa-sulla-privacy\\\/#breadcrumb\"},\"inLanguage\":\"it-IT\",\"potentialAction\":[{\"@type\":\"ReadAction\",\"target\":[\"https:\\\/\\\/dari.shop\\\/it\\\/informativa-sulla-privacy\\\/\"]}]},{\"@type\":\"BreadcrumbList\",\"@id\":\"https:\\\/\\\/dari.shop\\\/it\\\/informativa-sulla-privacy\\\/#breadcrumb\",\"itemListElement\":[{\"@type\":\"ListItem\",\"position\":1,\"name\":\"Home\",\"item\":\"https:\\\/\\\/dari.shop\\\/it\\\/ispirazione\\\/\"},{\"@type\":\"ListItem\",\"position\":2,\"name\":\"Informativa sulla privacy\"}]},{\"@type\":\"WebSite\",\"@id\":\"https:\\\/\\\/dari.shop\\\/#website\",\"url\":\"https:\\\/\\\/dari.shop\\\/\",\"name\":\"DARI.Shop\",\"description\":\"DARI.Shop. It starts with curiosity...\",\"publisher\":{\"@id\":\"https:\\\/\\\/dari.shop\\\/#organization\"},\"alternateName\":\"Dari Fashion Hub\",\"potentialAction\":[{\"@type\":\"SearchAction\",\"target\":{\"@type\":\"EntryPoint\",\"urlTemplate\":\"https:\\\/\\\/dari.shop\\\/?s={search_term_string}\"},\"query-input\":{\"@type\":\"PropertyValueSpecification\",\"valueRequired\":true,\"valueName\":\"search_term_string\"}}],\"inLanguage\":\"it-IT\"},{\"@type\":\"Organization\",\"@id\":\"https:\\\/\\\/dari.shop\\\/#organization\",\"name\":\"DARI.Shop\",\"alternateName\":\"Dari Fashion Hub\",\"url\":\"https:\\\/\\\/dari.shop\\\/\",\"logo\":{\"@type\":\"ImageObject\",\"inLanguage\":\"it-IT\",\"@id\":\"https:\\\/\\\/dari.shop\\\/#\\\/schema\\\/logo\\\/image\\\/\",\"url\":\"https:\\\/\\\/dari.shop\\\/wp-content\\\/uploads\\\/2018\\\/01\\\/logo-dari.shop_-1.gif\",\"contentUrl\":\"https:\\\/\\\/dari.shop\\\/wp-content\\\/uploads\\\/2018\\\/01\\\/logo-dari.shop_-1.gif\",\"width\":458,\"height\":107,\"caption\":\"DARI.Shop\"},\"image\":{\"@id\":\"https:\\\/\\\/dari.shop\\\/#\\\/schema\\\/logo\\\/image\\\/\"}}]}<\/script>\n<!-- \/ Yoast SEO Premium plugin. -->","yoast_head_json":{"title":"Informativa sulla privacy &#8902; DARI.Shop","description":"Su Dari.Shop, accessibile da https:\/\/dari.shop\/, una delle nostre principali priorit\u00e0 \u00e8 la privacy dei nostri visitatori. Questo documento sulla privacy","robots":{"index":"index","follow":"follow","max-snippet":"max-snippet:-1","max-image-preview":"max-image-preview:large","max-video-preview":"max-video-preview:-1"},"canonical":"https:\/\/dari.shop\/it\/informativa-sulla-privacy\/","og_locale":"it_IT","og_type":"article","og_title":"Informativa sulla privacy","og_description":"Su Dari.Shop, accessibile da https:\/\/dari.shop\/, una delle nostre principali priorit\u00e0 \u00e8 la privacy dei nostri visitatori. Questo documento sulla privacy","og_url":"https:\/\/dari.shop\/it\/informativa-sulla-privacy\/","og_site_name":"DARI.Shop","article_modified_time":"2024-02-11T18:55:39+00:00","og_image":[{"width":458,"height":107,"url":"https:\/\/dari.shop\/wp-content\/uploads\/2018\/01\/logo-dari.shop_-1.gif","type":"image\/gif"}],"twitter_card":"summary_large_image","twitter_misc":{"Tempo di lettura stimato":"5 minuti"},"schema":{"@context":"https:\/\/schema.org","@graph":[{"@type":"WebPage","@id":"https:\/\/dari.shop\/it\/informativa-sulla-privacy\/","url":"https:\/\/dari.shop\/it\/informativa-sulla-privacy\/","name":"Informativa sulla privacy &#8902; DARI.Shop","isPartOf":{"@id":"https:\/\/dari.shop\/#website"},"datePublished":"2024-02-09T11:40:35+00:00","dateModified":"2024-02-11T18:55:39+00:00","description":"Su Dari.Shop, accessibile da https:\/\/dari.shop\/, una delle nostre principali priorit\u00e0 \u00e8 la privacy dei nostri visitatori. Questo documento sulla privacy","breadcrumb":{"@id":"https:\/\/dari.shop\/it\/informativa-sulla-privacy\/#breadcrumb"},"inLanguage":"it-IT","potentialAction":[{"@type":"ReadAction","target":["https:\/\/dari.shop\/it\/informativa-sulla-privacy\/"]}]},{"@type":"BreadcrumbList","@id":"https:\/\/dari.shop\/it\/informativa-sulla-privacy\/#breadcrumb","itemListElement":[{"@type":"ListItem","position":1,"name":"Home","item":"https:\/\/dari.shop\/it\/ispirazione\/"},{"@type":"ListItem","position":2,"name":"Informativa sulla privacy"}]},{"@type":"WebSite","@id":"https:\/\/dari.shop\/#website","url":"https:\/\/dari.shop\/","name":"DARI.Shop","description":"DARI.Shop. It starts with curiosity...","publisher":{"@id":"https:\/\/dari.shop\/#organization"},"alternateName":"Dari Fashion Hub","potentialAction":[{"@type":"SearchAction","target":{"@type":"EntryPoint","urlTemplate":"https:\/\/dari.shop\/?s={search_term_string}"},"query-input":{"@type":"PropertyValueSpecification","valueRequired":true,"valueName":"search_term_string"}}],"inLanguage":"it-IT"},{"@type":"Organization","@id":"https:\/\/dari.shop\/#organization","name":"DARI.Shop","alternateName":"Dari Fashion Hub","url":"https:\/\/dari.shop\/","logo":{"@type":"ImageObject","inLanguage":"it-IT","@id":"https:\/\/dari.shop\/#\/schema\/logo\/image\/","url":"https:\/\/dari.shop\/wp-content\/uploads\/2018\/01\/logo-dari.shop_-1.gif","contentUrl":"https:\/\/dari.shop\/wp-content\/uploads\/2018\/01\/logo-dari.shop_-1.gif","width":458,"height":107,"caption":"DARI.Shop"},"image":{"@id":"https:\/\/dari.shop\/#\/schema\/logo\/image\/"}}]}},"_links":{"self":[{"href":"https:\/\/dari.shop\/it\/wp-json\/wp\/v2\/pages\/30493","targetHints":{"allow":["GET"]}}],"collection":[{"href":"https:\/\/dari.shop\/it\/wp-json\/wp\/v2\/pages"}],"about":[{"href":"https:\/\/dari.shop\/it\/wp-json\/wp\/v2\/types\/page"}],"author":[{"embeddable":true,"href":"https:\/\/dari.shop\/it\/wp-json\/wp\/v2\/users\/1"}],"replies":[{"embeddable":true,"href":"https:\/\/dari.shop\/it\/wp-json\/wp\/v2\/comments?post=30493"}],"version-history":[{"count":2,"href":"https:\/\/dari.shop\/it\/wp-json\/wp\/v2\/pages\/30493\/revisions"}],"predecessor-version":[{"id":30496,"href":"https:\/\/dari.shop\/it\/wp-json\/wp\/v2\/pages\/30493\/revisions\/30496"}],"wp:attachment":[{"href":"https:\/\/dari.shop\/it\/wp-json\/wp\/v2\/media?parent=30493"}],"curies":[{"name":"wp","href":"https:\/\/api.w.org\/{rel}","templated":true}]}}