{"id":29143,"date":"2023-03-26T12:18:49","date_gmt":"2023-03-26T10:18:49","guid":{"rendered":"https:\/\/dari.shop\/obchod\/senza-categoria\/jeans-con-cavallo-rinforzato-prodotto-demo\/"},"modified":"2026-01-14T03:37:37","modified_gmt":"2026-01-14T02:37:37","slug":"jeans-con-cavallo-rinforzato-prodotto-demo","status":"publish","type":"product","link":"https:\/\/dari.shop\/it\/negozio\/uomo\/abbigliamento-da-uomo\/camicie-da-uomo\/jeans-con-cavallo-rinforzato-prodotto-demo\/","title":{"rendered":"Jeans uomo con cavallo rinforzato \u2014 denim resistente per tutti i giorni"},"content":{"rendered":"<p>Questi jeans da uomo con cavallo rinforzato uniscono una costruzione solida a uno stile essenziale. Realizzati in denim robusto e rinforzati nei punti critici, offrono una resistenza superiore per l&#8217;uso quotidiano e per attivit\u00e0 pi\u00f9 intense.<\/p>\n<p>La vestibilit\u00e0 \u00e8 studiata per garantire comfort e libert\u00e0 di movimento, con tasche funzionali e una finitura pulita che si abbina facilmente a outfit da lavoro o casual. Facili da lavare e mantenere, sono un capo pratico e affidabile per il guardaroba maschile.<\/p>\n<ul>\n<li>Cavallo rinforzato per maggiore durata<\/li>\n<li>Denim resistente, adatto all&#8217;uso quotidiano<\/li>\n<li>Vestibilit\u00e0 confortevole con tasche funzionali<\/li>\n<li>Finitura pulita, facile da abbinare<\/li>\n<li>Bassa manutenzione: semplice da lavare e conservare<\/li>\n<\/ul>\n","protected":false},"excerpt":{"rendered":"<p>Jeans da uomo resistenti con cavallo rinforzato per maggiore comfort e durata. Denim pratico e versatile, pensato per affrontare sia il lavoro che il tempo libero.<\/p>\n","protected":false},"featured_media":28807,"comment_status":"open","ping_status":"closed","template":"","meta":[],"product_brand":[],"product_cat":[5005],"product_tag":[],"class_list":{"0":"post-29143","1":"product","2":"type-product","3":"status-publish","4":"has-post-thumbnail","6":"product_cat-camicie-da-uomo","7":"pa_season-autunno","8":"pa_season-estate","9":"pa_season-primavera","10":"pa_sizes-44-it","11":"pa_sizes-46-it","12":"pa_sizes-48-it","14":"first","15":"instock","16":"shipping-taxable","17":"product-type-variable"},"yoast_head":"<!-- This site is optimized with the Yoast SEO Premium plugin v22.7 (Yoast SEO v27.3) - https:\/\/yoast.com\/product\/yoast-seo-premium-wordpress\/ -->\n<title>Jeans uomo con cavallo rinforzato \u2014 denim resistente e versatile<\/title>\n<meta name=\"description\" content=\"Jeans da uomo con cavallo rinforzato per maggiore resistenza e comfort prolungato. Denim robusto e pratico, perfetto per il lavoro e l&#039;uso quotidiano.\" \/>\n<meta name=\"robots\" content=\"index, follow, max-snippet:-1, max-image-preview:large, max-video-preview:-1\" \/>\n<link rel=\"canonical\" href=\"https:\/\/dari.shop\/it\/negozio\/uomo\/abbigliamento-da-uomo\/camicie-da-uomo\/jeans-con-cavallo-rinforzato-prodotto-demo\/\" \/>\n<meta property=\"og:locale\" content=\"it_IT\" \/>\n<meta property=\"og:type\" content=\"article\" \/>\n<meta property=\"og:title\" content=\"Jeans uomo con cavallo rinforzato \u2014 denim resistente per tutti i giorni\" \/>\n<meta property=\"og:description\" content=\"Jeans da uomo con cavallo rinforzato per maggiore resistenza e comfort prolungato. Denim robusto e pratico, perfetto per il lavoro e l&#039;uso quotidiano.\" \/>\n<meta property=\"og:url\" content=\"https:\/\/dari.shop\/it\/negozio\/uomo\/abbigliamento-da-uomo\/camicie-da-uomo\/jeans-con-cavallo-rinforzato-prodotto-demo\/\" \/>\n<meta property=\"og:site_name\" content=\"DARI.Shop\" \/>\n<meta property=\"article:modified_time\" content=\"2026-01-14T02:37:37+00:00\" \/>\n<meta property=\"og:image\" content=\"https:\/\/dari.shop\/wp-content\/uploads\/2023\/03\/RTLABD039501_16363444_2_v1_2x.jpg\" \/>\n\t<meta property=\"og:image:width\" content=\"600\" \/>\n\t<meta property=\"og:image:height\" content=\"866\" \/>\n\t<meta property=\"og:image:type\" content=\"image\/jpeg\" \/>\n<meta name=\"twitter:card\" content=\"summary_large_image\" \/>\n<meta name=\"twitter:label1\" content=\"Disponibilit\u00e0\" \/>\n\t<meta name=\"twitter:data1\" content=\"In stock\" \/>\n<script type=\"application\/ld+json\" class=\"yoast-schema-graph\">{\"@context\":\"https:\\\/\\\/schema.org\",\"@graph\":[{\"@type\":\"WebPage\",\"@id\":\"https:\\\/\\\/dari.shop\\\/it\\\/negozio\\\/uomo\\\/abbigliamento-da-uomo\\\/camicie-da-uomo\\\/jeans-con-cavallo-rinforzato-prodotto-demo\\\/\",\"url\":\"https:\\\/\\\/dari.shop\\\/it\\\/negozio\\\/uomo\\\/abbigliamento-da-uomo\\\/camicie-da-uomo\\\/jeans-con-cavallo-rinforzato-prodotto-demo\\\/\",\"name\":\"Jeans uomo con cavallo rinforzato \u2014 denim resistente e versatile\",\"isPartOf\":{\"@id\":\"https:\\\/\\\/dari.shop\\\/#website\"},\"primaryImageOfPage\":{\"@id\":\"https:\\\/\\\/dari.shop\\\/it\\\/negozio\\\/uomo\\\/abbigliamento-da-uomo\\\/camicie-da-uomo\\\/jeans-con-cavallo-rinforzato-prodotto-demo\\\/#primaryimage\"},\"image\":{\"@id\":\"https:\\\/\\\/dari.shop\\\/it\\\/negozio\\\/uomo\\\/abbigliamento-da-uomo\\\/camicie-da-uomo\\\/jeans-con-cavallo-rinforzato-prodotto-demo\\\/#primaryimage\"},\"thumbnailUrl\":\"https:\\\/\\\/dari.shop\\\/wp-content\\\/uploads\\\/2023\\\/03\\\/RTLABD039501_16363444_2_v1_2x.jpg\",\"datePublished\":\"2023-03-26T10:18:49+00:00\",\"dateModified\":\"2026-01-14T02:37:37+00:00\",\"description\":\"Jeans da uomo con cavallo rinforzato per maggiore resistenza e comfort prolungato. Denim robusto e pratico, perfetto per il lavoro e l'uso quotidiano.\",\"breadcrumb\":{\"@id\":\"https:\\\/\\\/dari.shop\\\/it\\\/negozio\\\/uomo\\\/abbigliamento-da-uomo\\\/camicie-da-uomo\\\/jeans-con-cavallo-rinforzato-prodotto-demo\\\/#breadcrumb\"},\"inLanguage\":\"it-IT\",\"potentialAction\":[{\"@type\":\"ReadAction\",\"target\":[\"https:\\\/\\\/dari.shop\\\/it\\\/negozio\\\/uomo\\\/abbigliamento-da-uomo\\\/camicie-da-uomo\\\/jeans-con-cavallo-rinforzato-prodotto-demo\\\/\"]}]},{\"@type\":\"ImageObject\",\"inLanguage\":\"it-IT\",\"@id\":\"https:\\\/\\\/dari.shop\\\/it\\\/negozio\\\/uomo\\\/abbigliamento-da-uomo\\\/camicie-da-uomo\\\/jeans-con-cavallo-rinforzato-prodotto-demo\\\/#primaryimage\",\"url\":\"https:\\\/\\\/dari.shop\\\/wp-content\\\/uploads\\\/2023\\\/03\\\/RTLABD039501_16363444_2_v1_2x.jpg\",\"contentUrl\":\"https:\\\/\\\/dari.shop\\\/wp-content\\\/uploads\\\/2023\\\/03\\\/RTLABD039501_16363444_2_v1_2x.jpg\",\"width\":600,\"height\":866,\"caption\":\"Jeans da uomo con cavallo rinforzato \u2014 denim resistente per uso quotidiano\"},{\"@type\":\"BreadcrumbList\",\"@id\":\"https:\\\/\\\/dari.shop\\\/it\\\/negozio\\\/uomo\\\/abbigliamento-da-uomo\\\/camicie-da-uomo\\\/jeans-con-cavallo-rinforzato-prodotto-demo\\\/#breadcrumb\",\"itemListElement\":[{\"@type\":\"ListItem\",\"position\":1,\"name\":\"Home\",\"item\":\"https:\\\/\\\/dari.shop\\\/it\\\/ispirazione\\\/\"},{\"@type\":\"ListItem\",\"position\":2,\"name\":\"Marketplace\",\"item\":\"https:\\\/\\\/dari.shop\\\/marketplace\\\/\"},{\"@type\":\"ListItem\",\"position\":3,\"name\":\"Uomo\",\"item\":\"https:\\\/\\\/dari.shop\\\/it\\\/categoria-di-prodotto\\\/uomo\\\/\"},{\"@type\":\"ListItem\",\"position\":4,\"name\":\"Abbigliamento da uomo\",\"item\":\"https:\\\/\\\/dari.shop\\\/it\\\/categoria-di-prodotto\\\/uomo\\\/abbigliamento-da-uomo\\\/\"},{\"@type\":\"ListItem\",\"position\":5,\"name\":\"Camicie da uomo\",\"item\":\"https:\\\/\\\/dari.shop\\\/it\\\/categoria-di-prodotto\\\/uomo\\\/abbigliamento-da-uomo\\\/camicie-da-uomo\\\/\"},{\"@type\":\"ListItem\",\"position\":6,\"name\":\"Jeans uomo con cavallo rinforzato \u2014 denim resistente per tutti i giorni\"}]},{\"@type\":\"WebSite\",\"@id\":\"https:\\\/\\\/dari.shop\\\/#website\",\"url\":\"https:\\\/\\\/dari.shop\\\/\",\"name\":\"DARI.Shop\",\"description\":\"DARI.Shop. It starts with curiosity...\",\"publisher\":{\"@id\":\"https:\\\/\\\/dari.shop\\\/#organization\"},\"alternateName\":\"Dari Fashion Hub\",\"potentialAction\":[{\"@type\":\"SearchAction\",\"target\":{\"@type\":\"EntryPoint\",\"urlTemplate\":\"https:\\\/\\\/dari.shop\\\/?s={search_term_string}\"},\"query-input\":{\"@type\":\"PropertyValueSpecification\",\"valueRequired\":true,\"valueName\":\"search_term_string\"}}],\"inLanguage\":\"it-IT\"},{\"@type\":\"Organization\",\"@id\":\"https:\\\/\\\/dari.shop\\\/#organization\",\"name\":\"DARI.Shop\",\"alternateName\":\"Dari Fashion Hub\",\"url\":\"https:\\\/\\\/dari.shop\\\/\",\"logo\":{\"@type\":\"ImageObject\",\"inLanguage\":\"it-IT\",\"@id\":\"https:\\\/\\\/dari.shop\\\/#\\\/schema\\\/logo\\\/image\\\/\",\"url\":\"https:\\\/\\\/dari.shop\\\/wp-content\\\/uploads\\\/2018\\\/01\\\/logo-dari.shop_-1.gif\",\"contentUrl\":\"https:\\\/\\\/dari.shop\\\/wp-content\\\/uploads\\\/2018\\\/01\\\/logo-dari.shop_-1.gif\",\"width\":458,\"height\":107,\"caption\":\"DARI.Shop\"},\"image\":{\"@id\":\"https:\\\/\\\/dari.shop\\\/#\\\/schema\\\/logo\\\/image\\\/\"}}]}<\/script>\n<meta property=\"og:availability\" content=\"instock\" \/>\n<meta property=\"product:availability\" content=\"instock\" \/>\n<meta property=\"product:retailer_item_id\" content=\"ma562466\" \/>\n<meta property=\"product:condition\" content=\"new\" \/>\n<!-- \/ Yoast SEO Premium plugin. -->","yoast_head_json":{"title":"Jeans uomo con cavallo rinforzato \u2014 denim resistente e versatile","description":"Jeans da uomo con cavallo rinforzato per maggiore resistenza e comfort prolungato. Denim robusto e pratico, perfetto per il lavoro e l'uso quotidiano.","robots":{"index":"index","follow":"follow","max-snippet":"max-snippet:-1","max-image-preview":"max-image-preview:large","max-video-preview":"max-video-preview:-1"},"canonical":"https:\/\/dari.shop\/it\/negozio\/uomo\/abbigliamento-da-uomo\/camicie-da-uomo\/jeans-con-cavallo-rinforzato-prodotto-demo\/","og_locale":"it_IT","og_type":"article","og_title":"Jeans uomo con cavallo rinforzato \u2014 denim resistente per tutti i giorni","og_description":"Jeans da uomo con cavallo rinforzato per maggiore resistenza e comfort prolungato. Denim robusto e pratico, perfetto per il lavoro e l'uso quotidiano.","og_url":"https:\/\/dari.shop\/it\/negozio\/uomo\/abbigliamento-da-uomo\/camicie-da-uomo\/jeans-con-cavallo-rinforzato-prodotto-demo\/","og_site_name":"DARI.Shop","article_modified_time":"2026-01-14T02:37:37+00:00","og_image":[{"width":600,"height":866,"url":"https:\/\/dari.shop\/wp-content\/uploads\/2023\/03\/RTLABD039501_16363444_2_v1_2x.jpg","type":"image\/jpeg"}],"twitter_card":"summary_large_image","twitter_misc":{"Disponibilit\u00e0":"In stock"},"schema":{"@context":"https:\/\/schema.org","@graph":[{"@type":"WebPage","@id":"https:\/\/dari.shop\/it\/negozio\/uomo\/abbigliamento-da-uomo\/camicie-da-uomo\/jeans-con-cavallo-rinforzato-prodotto-demo\/","url":"https:\/\/dari.shop\/it\/negozio\/uomo\/abbigliamento-da-uomo\/camicie-da-uomo\/jeans-con-cavallo-rinforzato-prodotto-demo\/","name":"Jeans uomo con cavallo rinforzato \u2014 denim resistente e versatile","isPartOf":{"@id":"https:\/\/dari.shop\/#website"},"primaryImageOfPage":{"@id":"https:\/\/dari.shop\/it\/negozio\/uomo\/abbigliamento-da-uomo\/camicie-da-uomo\/jeans-con-cavallo-rinforzato-prodotto-demo\/#primaryimage"},"image":{"@id":"https:\/\/dari.shop\/it\/negozio\/uomo\/abbigliamento-da-uomo\/camicie-da-uomo\/jeans-con-cavallo-rinforzato-prodotto-demo\/#primaryimage"},"thumbnailUrl":"https:\/\/dari.shop\/wp-content\/uploads\/2023\/03\/RTLABD039501_16363444_2_v1_2x.jpg","datePublished":"2023-03-26T10:18:49+00:00","dateModified":"2026-01-14T02:37:37+00:00","description":"Jeans da uomo con cavallo rinforzato per maggiore resistenza e comfort prolungato. Denim robusto e pratico, perfetto per il lavoro e l'uso quotidiano.","breadcrumb":{"@id":"https:\/\/dari.shop\/it\/negozio\/uomo\/abbigliamento-da-uomo\/camicie-da-uomo\/jeans-con-cavallo-rinforzato-prodotto-demo\/#breadcrumb"},"inLanguage":"it-IT","potentialAction":[{"@type":"ReadAction","target":["https:\/\/dari.shop\/it\/negozio\/uomo\/abbigliamento-da-uomo\/camicie-da-uomo\/jeans-con-cavallo-rinforzato-prodotto-demo\/"]}]},{"@type":"ImageObject","inLanguage":"it-IT","@id":"https:\/\/dari.shop\/it\/negozio\/uomo\/abbigliamento-da-uomo\/camicie-da-uomo\/jeans-con-cavallo-rinforzato-prodotto-demo\/#primaryimage","url":"https:\/\/dari.shop\/wp-content\/uploads\/2023\/03\/RTLABD039501_16363444_2_v1_2x.jpg","contentUrl":"https:\/\/dari.shop\/wp-content\/uploads\/2023\/03\/RTLABD039501_16363444_2_v1_2x.jpg","width":600,"height":866,"caption":"Jeans da uomo con cavallo rinforzato \u2014 denim resistente per uso quotidiano"},{"@type":"BreadcrumbList","@id":"https:\/\/dari.shop\/it\/negozio\/uomo\/abbigliamento-da-uomo\/camicie-da-uomo\/jeans-con-cavallo-rinforzato-prodotto-demo\/#breadcrumb","itemListElement":[{"@type":"ListItem","position":1,"name":"Home","item":"https:\/\/dari.shop\/it\/ispirazione\/"},{"@type":"ListItem","position":2,"name":"Marketplace","item":"https:\/\/dari.shop\/marketplace\/"},{"@type":"ListItem","position":3,"name":"Uomo","item":"https:\/\/dari.shop\/it\/categoria-di-prodotto\/uomo\/"},{"@type":"ListItem","position":4,"name":"Abbigliamento da uomo","item":"https:\/\/dari.shop\/it\/categoria-di-prodotto\/uomo\/abbigliamento-da-uomo\/"},{"@type":"ListItem","position":5,"name":"Camicie da uomo","item":"https:\/\/dari.shop\/it\/categoria-di-prodotto\/uomo\/abbigliamento-da-uomo\/camicie-da-uomo\/"},{"@type":"ListItem","position":6,"name":"Jeans uomo con cavallo rinforzato \u2014 denim resistente per tutti i giorni"}]},{"@type":"WebSite","@id":"https:\/\/dari.shop\/#website","url":"https:\/\/dari.shop\/","name":"DARI.Shop","description":"DARI.Shop. It starts with curiosity...","publisher":{"@id":"https:\/\/dari.shop\/#organization"},"alternateName":"Dari Fashion Hub","potentialAction":[{"@type":"SearchAction","target":{"@type":"EntryPoint","urlTemplate":"https:\/\/dari.shop\/?s={search_term_string}"},"query-input":{"@type":"PropertyValueSpecification","valueRequired":true,"valueName":"search_term_string"}}],"inLanguage":"it-IT"},{"@type":"Organization","@id":"https:\/\/dari.shop\/#organization","name":"DARI.Shop","alternateName":"Dari Fashion Hub","url":"https:\/\/dari.shop\/","logo":{"@type":"ImageObject","inLanguage":"it-IT","@id":"https:\/\/dari.shop\/#\/schema\/logo\/image\/","url":"https:\/\/dari.shop\/wp-content\/uploads\/2018\/01\/logo-dari.shop_-1.gif","contentUrl":"https:\/\/dari.shop\/wp-content\/uploads\/2018\/01\/logo-dari.shop_-1.gif","width":458,"height":107,"caption":"DARI.Shop"},"image":{"@id":"https:\/\/dari.shop\/#\/schema\/logo\/image\/"}}]},"og_availability":"instock","product_availability":"instock","product_retailer_item_id":"ma562466","product_condition":"new"},"_links":{"self":[{"href":"https:\/\/dari.shop\/it\/wp-json\/wp\/v2\/product\/29143","targetHints":{"allow":["GET"]}}],"collection":[{"href":"https:\/\/dari.shop\/it\/wp-json\/wp\/v2\/product"}],"about":[{"href":"https:\/\/dari.shop\/it\/wp-json\/wp\/v2\/types\/product"}],"replies":[{"embeddable":true,"href":"https:\/\/dari.shop\/it\/wp-json\/wp\/v2\/comments?post=29143"}],"wp:featuredmedia":[{"embeddable":true,"href":"https:\/\/dari.shop\/it\/wp-json\/wp\/v2\/media\/28807"}],"wp:attachment":[{"href":"https:\/\/dari.shop\/it\/wp-json\/wp\/v2\/media?parent=29143"}],"wp:term":[{"taxonomy":"product_brand","embeddable":true,"href":"https:\/\/dari.shop\/it\/wp-json\/wp\/v2\/product_brand?post=29143"},{"taxonomy":"product_cat","embeddable":true,"href":"https:\/\/dari.shop\/it\/wp-json\/wp\/v2\/product_cat?post=29143"},{"taxonomy":"product_tag","embeddable":true,"href":"https:\/\/dari.shop\/it\/wp-json\/wp\/v2\/product_tag?post=29143"}],"curies":[{"name":"wp","href":"https:\/\/api.w.org\/{rel}","templated":true}]}}