{"id":33878,"date":"2025-09-22T12:12:17","date_gmt":"2025-09-22T10:12:17","guid":{"rendered":"https:\/\/dari.shop\/marketplace\/uncategorized\/twinset-x073_222tn2051-_10024\/"},"modified":"2025-12-31T16:13:26","modified_gmt":"2025-12-31T15:13:26","slug":"twinset-x073_222tn2051-_10024","status":"publish","type":"product","link":"https:\/\/dari.shop\/it\/negozio\/women\/women-clothing\/women-clothing-dresses\/twinset-x073_222tn2051-_10024\/","title":{"rendered":"Twinset \u2014 vestito blu versatile da donna | taglie 38\u201342"},"content":{"rendered":"<p>Un capo senza tempo, il vestito Twinset blu offre un taglio armonico che valorizza la figura mantenendo comfort e semplicit\u00e0. La silhouette versatile lo rende ideale per l&#8217;ufficio, il tempo libero o le serate pi\u00f9 informali.<\/p>\n<p>Realizzato in un tessuto traspirante e facile da curare, questo abito \u00e8 studiato per durare nel guardaroba e accompagnare i cambi di stagione. Si abbina bene con ballerine o sneakers per il giorno, e con d\u00e9collet\u00e9 o sandali per un look pi\u00f9 ricercato la sera.<\/p>\n<ul>\n<li>Sagoma versatile giorno-notte<\/li>\n<li>Disponibile nelle taglie EU 38\u201342<\/li>\n<li>Tessuto confortevole e traspirante, facile da lavare<\/li>\n<\/ul>\n","protected":false},"excerpt":{"rendered":"<p>Questo vestito Twinset blu unisce eleganza e praticit\u00e0 in un unico capo, pensato per essere indossato tutto l&#8217;anno. Disponibile nelle taglie EU 38\u201342, si adatta facilmente dal look giorno a quello sera.<\/p>\n","protected":false},"featured_media":33872,"comment_status":"open","ping_status":"closed","template":"","meta":[],"product_brand":[],"product_cat":[11215,11244,11214],"product_tag":[11254,11273,11220,11245,2845,11218,11338,43],"class_list":{"0":"post-33878","1":"product","2":"type-product","3":"status-publish","4":"has-post-thumbnail","6":"product_cat-women-clothing","7":"product_cat-women-clothing-dresses","8":"product_cat-women","9":"product_tag-all-year","10":"product_tag-blue","11":"product_tag-clothing","12":"product_tag-dresses","13":"product_tag-fashion","14":"product_tag-reductions","15":"product_tag-twinset","16":"product_tag-women-2","17":"pa_color-blue","18":"pa_season-all-year","20":"first","21":"instock","22":"shipping-taxable","23":"purchasable","24":"product-type-variable"},"yoast_head":"<!-- This site is optimized with the Yoast SEO Premium plugin v22.7 (Yoast SEO v27.3) - https:\/\/yoast.com\/product\/yoast-seo-premium-wordpress\/ -->\n<title>Twinset \u2014 vestito blu da donna | taglie EU 38\u201342<\/title>\n<meta name=\"description\" content=\"Vestito Twinset blu dal taglio versatile, perfetto tutto l&#039;anno. Disponibile nelle taglie EU 38\u201342; facile da abbinare dal giorno alla sera.\" \/>\n<meta name=\"robots\" content=\"index, follow, max-snippet:-1, max-image-preview:large, max-video-preview:-1\" \/>\n<link rel=\"canonical\" href=\"https:\/\/dari.shop\/negozio\/women\/women-clothing\/women-clothing-dresses\/twinset-x073_222tn2051-_10024\/\" \/>\n<meta property=\"og:locale\" content=\"it_IT\" \/>\n<meta property=\"og:type\" content=\"article\" \/>\n<meta property=\"og:title\" content=\"Twinset \u2014 vestito blu versatile da donna | taglie 38\u201342\" \/>\n<meta property=\"og:description\" content=\"Vestito Twinset blu dal taglio versatile, perfetto tutto l&#039;anno. Disponibile nelle taglie EU 38\u201342; facile da abbinare dal giorno alla sera.\" \/>\n<meta property=\"og:url\" content=\"https:\/\/dari.shop\/negozio\/women\/women-clothing\/women-clothing-dresses\/twinset-x073_222tn2051-_10024\/\" \/>\n<meta property=\"og:site_name\" content=\"DARI.Shop\" \/>\n<meta property=\"article:modified_time\" content=\"2025-12-31T15:13:26+00:00\" \/>\n<meta property=\"og:image\" content=\"https:\/\/dari.shop\/wp-content\/uploads\/2025\/09\/79488cc0-ae4c-11ef-9c47-f9d27f9010b3.jpg\" \/>\n\t<meta property=\"og:image:width\" content=\"1920\" \/>\n\t<meta property=\"og:image:height\" content=\"1920\" \/>\n\t<meta property=\"og:image:type\" content=\"image\/jpeg\" \/>\n<meta name=\"twitter:card\" content=\"summary_large_image\" \/>\n<meta name=\"twitter:label1\" content=\"Disponibilit\u00e0\" \/>\n\t<meta name=\"twitter:data1\" content=\"In stock\" \/>\n<script type=\"application\/ld+json\" class=\"yoast-schema-graph\">{\"@context\":\"https:\\\/\\\/schema.org\",\"@graph\":[{\"@type\":\"WebPage\",\"@id\":\"https:\\\/\\\/dari.shop\\\/negozio\\\/women\\\/women-clothing\\\/women-clothing-dresses\\\/twinset-x073_222tn2051-_10024\\\/\",\"url\":\"https:\\\/\\\/dari.shop\\\/negozio\\\/women\\\/women-clothing\\\/women-clothing-dresses\\\/twinset-x073_222tn2051-_10024\\\/\",\"name\":\"Twinset \u2014 vestito blu da donna | taglie EU 38\u201342\",\"isPartOf\":{\"@id\":\"https:\\\/\\\/dari.shop\\\/#website\"},\"primaryImageOfPage\":{\"@id\":\"https:\\\/\\\/dari.shop\\\/negozio\\\/women\\\/women-clothing\\\/women-clothing-dresses\\\/twinset-x073_222tn2051-_10024\\\/#primaryimage\"},\"image\":{\"@id\":\"https:\\\/\\\/dari.shop\\\/negozio\\\/women\\\/women-clothing\\\/women-clothing-dresses\\\/twinset-x073_222tn2051-_10024\\\/#primaryimage\"},\"thumbnailUrl\":\"https:\\\/\\\/dari.shop\\\/wp-content\\\/uploads\\\/2025\\\/09\\\/79488cc0-ae4c-11ef-9c47-f9d27f9010b3.jpg\",\"datePublished\":\"2025-09-22T10:12:17+00:00\",\"dateModified\":\"2025-12-31T15:13:26+00:00\",\"description\":\"Vestito Twinset blu dal taglio versatile, perfetto tutto l'anno. Disponibile nelle taglie EU 38\u201342; facile da abbinare dal giorno alla sera.\",\"breadcrumb\":{\"@id\":\"https:\\\/\\\/dari.shop\\\/negozio\\\/women\\\/women-clothing\\\/women-clothing-dresses\\\/twinset-x073_222tn2051-_10024\\\/#breadcrumb\"},\"inLanguage\":\"it-IT\",\"potentialAction\":[{\"@type\":\"ReadAction\",\"target\":[\"https:\\\/\\\/dari.shop\\\/negozio\\\/women\\\/women-clothing\\\/women-clothing-dresses\\\/twinset-x073_222tn2051-_10024\\\/\"]}]},{\"@type\":\"ImageObject\",\"inLanguage\":\"it-IT\",\"@id\":\"https:\\\/\\\/dari.shop\\\/negozio\\\/women\\\/women-clothing\\\/women-clothing-dresses\\\/twinset-x073_222tn2051-_10024\\\/#primaryimage\",\"url\":\"https:\\\/\\\/dari.shop\\\/wp-content\\\/uploads\\\/2025\\\/09\\\/79488cc0-ae4c-11ef-9c47-f9d27f9010b3.jpg\",\"contentUrl\":\"https:\\\/\\\/dari.shop\\\/wp-content\\\/uploads\\\/2025\\\/09\\\/79488cc0-ae4c-11ef-9c47-f9d27f9010b3.jpg\",\"width\":1920,\"height\":1920,\"caption\":\"Vestito Twinset blu vista frontale\"},{\"@type\":\"BreadcrumbList\",\"@id\":\"https:\\\/\\\/dari.shop\\\/negozio\\\/women\\\/women-clothing\\\/women-clothing-dresses\\\/twinset-x073_222tn2051-_10024\\\/#breadcrumb\",\"itemListElement\":[{\"@type\":\"ListItem\",\"position\":1,\"name\":\"Home\",\"item\":\"https:\\\/\\\/dari.shop\\\/it\\\/ispirazione\\\/\"},{\"@type\":\"ListItem\",\"position\":2,\"name\":\"Marketplace\",\"item\":\"https:\\\/\\\/dari.shop\\\/marketplace\\\/\"},{\"@type\":\"ListItem\",\"position\":3,\"name\":\"Women\",\"item\":\"https:\\\/\\\/dari.shop\\\/product-category\\\/women\\\/\"},{\"@type\":\"ListItem\",\"position\":4,\"name\":\"Clothing\",\"item\":\"https:\\\/\\\/dari.shop\\\/product-category\\\/women\\\/women-clothing\\\/\"},{\"@type\":\"ListItem\",\"position\":5,\"name\":\"Dresses\",\"item\":\"https:\\\/\\\/dari.shop\\\/product-category\\\/women\\\/women-clothing\\\/women-clothing-dresses\\\/\"},{\"@type\":\"ListItem\",\"position\":6,\"name\":\"Twinset \u2014 vestito blu versatile da donna | taglie 38\u201342\"}]},{\"@type\":\"WebSite\",\"@id\":\"https:\\\/\\\/dari.shop\\\/#website\",\"url\":\"https:\\\/\\\/dari.shop\\\/\",\"name\":\"DARI.Shop\",\"description\":\"DARI.Shop. It starts with curiosity...\",\"publisher\":{\"@id\":\"https:\\\/\\\/dari.shop\\\/#organization\"},\"alternateName\":\"Dari Fashion Hub\",\"potentialAction\":[{\"@type\":\"SearchAction\",\"target\":{\"@type\":\"EntryPoint\",\"urlTemplate\":\"https:\\\/\\\/dari.shop\\\/?s={search_term_string}\"},\"query-input\":{\"@type\":\"PropertyValueSpecification\",\"valueRequired\":true,\"valueName\":\"search_term_string\"}}],\"inLanguage\":\"it-IT\"},{\"@type\":\"Organization\",\"@id\":\"https:\\\/\\\/dari.shop\\\/#organization\",\"name\":\"DARI.Shop\",\"alternateName\":\"Dari Fashion Hub\",\"url\":\"https:\\\/\\\/dari.shop\\\/\",\"logo\":{\"@type\":\"ImageObject\",\"inLanguage\":\"it-IT\",\"@id\":\"https:\\\/\\\/dari.shop\\\/#\\\/schema\\\/logo\\\/image\\\/\",\"url\":\"https:\\\/\\\/dari.shop\\\/wp-content\\\/uploads\\\/2018\\\/01\\\/logo-dari.shop_-1.gif\",\"contentUrl\":\"https:\\\/\\\/dari.shop\\\/wp-content\\\/uploads\\\/2018\\\/01\\\/logo-dari.shop_-1.gif\",\"width\":458,\"height\":107,\"caption\":\"DARI.Shop\"},\"image\":{\"@id\":\"https:\\\/\\\/dari.shop\\\/#\\\/schema\\\/logo\\\/image\\\/\"}}]}<\/script>\n<meta property=\"product:brand\" content=\"All Year\" \/>\n<meta property=\"og:availability\" content=\"instock\" \/>\n<meta property=\"product:availability\" content=\"instock\" \/>\n<meta property=\"product:retailer_item_id\" content=\"X073_222TN2051-_10024_148767\" \/>\n<meta property=\"product:condition\" content=\"new\" \/>\n<!-- \/ Yoast SEO Premium plugin. -->","yoast_head_json":{"title":"Twinset \u2014 vestito blu da donna | taglie EU 38\u201342","description":"Vestito Twinset blu dal taglio versatile, perfetto tutto l'anno. Disponibile nelle taglie EU 38\u201342; facile da abbinare dal giorno alla sera.","robots":{"index":"index","follow":"follow","max-snippet":"max-snippet:-1","max-image-preview":"max-image-preview:large","max-video-preview":"max-video-preview:-1"},"canonical":"https:\/\/dari.shop\/negozio\/women\/women-clothing\/women-clothing-dresses\/twinset-x073_222tn2051-_10024\/","og_locale":"it_IT","og_type":"article","og_title":"Twinset \u2014 vestito blu versatile da donna | taglie 38\u201342","og_description":"Vestito Twinset blu dal taglio versatile, perfetto tutto l'anno. Disponibile nelle taglie EU 38\u201342; facile da abbinare dal giorno alla sera.","og_url":"https:\/\/dari.shop\/negozio\/women\/women-clothing\/women-clothing-dresses\/twinset-x073_222tn2051-_10024\/","og_site_name":"DARI.Shop","article_modified_time":"2025-12-31T15:13:26+00:00","og_image":[{"width":1920,"height":1920,"url":"https:\/\/dari.shop\/wp-content\/uploads\/2025\/09\/79488cc0-ae4c-11ef-9c47-f9d27f9010b3.jpg","type":"image\/jpeg"}],"twitter_card":"summary_large_image","twitter_misc":{"Disponibilit\u00e0":"In stock"},"schema":{"@context":"https:\/\/schema.org","@graph":[{"@type":"WebPage","@id":"https:\/\/dari.shop\/negozio\/women\/women-clothing\/women-clothing-dresses\/twinset-x073_222tn2051-_10024\/","url":"https:\/\/dari.shop\/negozio\/women\/women-clothing\/women-clothing-dresses\/twinset-x073_222tn2051-_10024\/","name":"Twinset \u2014 vestito blu da donna | taglie EU 38\u201342","isPartOf":{"@id":"https:\/\/dari.shop\/#website"},"primaryImageOfPage":{"@id":"https:\/\/dari.shop\/negozio\/women\/women-clothing\/women-clothing-dresses\/twinset-x073_222tn2051-_10024\/#primaryimage"},"image":{"@id":"https:\/\/dari.shop\/negozio\/women\/women-clothing\/women-clothing-dresses\/twinset-x073_222tn2051-_10024\/#primaryimage"},"thumbnailUrl":"https:\/\/dari.shop\/wp-content\/uploads\/2025\/09\/79488cc0-ae4c-11ef-9c47-f9d27f9010b3.jpg","datePublished":"2025-09-22T10:12:17+00:00","dateModified":"2025-12-31T15:13:26+00:00","description":"Vestito Twinset blu dal taglio versatile, perfetto tutto l'anno. Disponibile nelle taglie EU 38\u201342; facile da abbinare dal giorno alla sera.","breadcrumb":{"@id":"https:\/\/dari.shop\/negozio\/women\/women-clothing\/women-clothing-dresses\/twinset-x073_222tn2051-_10024\/#breadcrumb"},"inLanguage":"it-IT","potentialAction":[{"@type":"ReadAction","target":["https:\/\/dari.shop\/negozio\/women\/women-clothing\/women-clothing-dresses\/twinset-x073_222tn2051-_10024\/"]}]},{"@type":"ImageObject","inLanguage":"it-IT","@id":"https:\/\/dari.shop\/negozio\/women\/women-clothing\/women-clothing-dresses\/twinset-x073_222tn2051-_10024\/#primaryimage","url":"https:\/\/dari.shop\/wp-content\/uploads\/2025\/09\/79488cc0-ae4c-11ef-9c47-f9d27f9010b3.jpg","contentUrl":"https:\/\/dari.shop\/wp-content\/uploads\/2025\/09\/79488cc0-ae4c-11ef-9c47-f9d27f9010b3.jpg","width":1920,"height":1920,"caption":"Vestito Twinset blu vista frontale"},{"@type":"BreadcrumbList","@id":"https:\/\/dari.shop\/negozio\/women\/women-clothing\/women-clothing-dresses\/twinset-x073_222tn2051-_10024\/#breadcrumb","itemListElement":[{"@type":"ListItem","position":1,"name":"Home","item":"https:\/\/dari.shop\/it\/ispirazione\/"},{"@type":"ListItem","position":2,"name":"Marketplace","item":"https:\/\/dari.shop\/marketplace\/"},{"@type":"ListItem","position":3,"name":"Women","item":"https:\/\/dari.shop\/product-category\/women\/"},{"@type":"ListItem","position":4,"name":"Clothing","item":"https:\/\/dari.shop\/product-category\/women\/women-clothing\/"},{"@type":"ListItem","position":5,"name":"Dresses","item":"https:\/\/dari.shop\/product-category\/women\/women-clothing\/women-clothing-dresses\/"},{"@type":"ListItem","position":6,"name":"Twinset \u2014 vestito blu versatile da donna | taglie 38\u201342"}]},{"@type":"WebSite","@id":"https:\/\/dari.shop\/#website","url":"https:\/\/dari.shop\/","name":"DARI.Shop","description":"DARI.Shop. It starts with curiosity...","publisher":{"@id":"https:\/\/dari.shop\/#organization"},"alternateName":"Dari Fashion Hub","potentialAction":[{"@type":"SearchAction","target":{"@type":"EntryPoint","urlTemplate":"https:\/\/dari.shop\/?s={search_term_string}"},"query-input":{"@type":"PropertyValueSpecification","valueRequired":true,"valueName":"search_term_string"}}],"inLanguage":"it-IT"},{"@type":"Organization","@id":"https:\/\/dari.shop\/#organization","name":"DARI.Shop","alternateName":"Dari Fashion Hub","url":"https:\/\/dari.shop\/","logo":{"@type":"ImageObject","inLanguage":"it-IT","@id":"https:\/\/dari.shop\/#\/schema\/logo\/image\/","url":"https:\/\/dari.shop\/wp-content\/uploads\/2018\/01\/logo-dari.shop_-1.gif","contentUrl":"https:\/\/dari.shop\/wp-content\/uploads\/2018\/01\/logo-dari.shop_-1.gif","width":458,"height":107,"caption":"DARI.Shop"},"image":{"@id":"https:\/\/dari.shop\/#\/schema\/logo\/image\/"}}]},"product_brand":"All Year","og_availability":"instock","product_availability":"instock","product_retailer_item_id":"X073_222TN2051-_10024_148767","product_condition":"new"},"_links":{"self":[{"href":"https:\/\/dari.shop\/it\/wp-json\/wp\/v2\/product\/33878","targetHints":{"allow":["GET"]}}],"collection":[{"href":"https:\/\/dari.shop\/it\/wp-json\/wp\/v2\/product"}],"about":[{"href":"https:\/\/dari.shop\/it\/wp-json\/wp\/v2\/types\/product"}],"replies":[{"embeddable":true,"href":"https:\/\/dari.shop\/it\/wp-json\/wp\/v2\/comments?post=33878"}],"wp:featuredmedia":[{"embeddable":true,"href":"https:\/\/dari.shop\/it\/wp-json\/wp\/v2\/media\/33872"}],"wp:attachment":[{"href":"https:\/\/dari.shop\/it\/wp-json\/wp\/v2\/media?parent=33878"}],"wp:term":[{"taxonomy":"product_brand","embeddable":true,"href":"https:\/\/dari.shop\/it\/wp-json\/wp\/v2\/product_brand?post=33878"},{"taxonomy":"product_cat","embeddable":true,"href":"https:\/\/dari.shop\/it\/wp-json\/wp\/v2\/product_cat?post=33878"},{"taxonomy":"product_tag","embeddable":true,"href":"https:\/\/dari.shop\/it\/wp-json\/wp\/v2\/product_tag?post=33878"}],"curies":[{"name":"wp","href":"https:\/\/api.w.org\/{rel}","templated":true}]}}