{"id":34029,"date":"2025-09-22T12:18:26","date_gmt":"2025-09-22T10:18:26","guid":{"rendered":"https:\/\/dari.shop\/marketplace\/uncategorized\/baldinini-trend-g2342_verona_beige\/"},"modified":"2025-12-21T19:59:21","modified_gmt":"2025-12-21T18:59:21","slug":"baldinini-trend-g2342_verona_beige","status":"publish","type":"product","link":"https:\/\/dari.shop\/it\/negozio\/women\/women-clothing\/women-clothing-jackets\/baldinini-trend-g2342_verona_beige\/","title":{"rendered":"Baldinini Trend G2342 \u2014 Giacca Verona Beige donna S-XL"},"content":{"rendered":"<p>La giacca Baldinini Trend G2342 in Verona beige unisce un colore neutro e facile da abbinare a una silhouette pulita, ideale per la stagione autunno\/inverno. Il tono Verona beige valorizza sia look casual che pi\u00f9 curati, diventando un capo versatile nel guardaroba femminile.<\/p>\n<p>Progettata per l&#8217;uso quotidiano, la giacca garantisce una vestibilit\u00e0 pratica e comfort durante tutta la giornata: perfetta per stratificare sopra maglie e cardigan e per il passaggio citt\u00e0-ufficio. Realizzata con cura per una costruzione resistente, \u00e8 disponibile nelle taglie S-XL.<\/p>\n<ul>\n<li>Colore neutro Verona beige: si abbina facilmente a molti outfit<\/li>\n<li>Silhouette bilanciata che valorizza il look quotidiano<\/li>\n<li>Vestibilit\u00e0 pratica e confortevole \u2014 disponibile in taglie S-XL<\/li>\n<li>Costruzione robusta pensata per l&#8217;uso quotidiano e il layering<\/li>\n<\/ul>\n","protected":false},"excerpt":{"rendered":"<p>Giacca autunno\/inverno nel raffinato color Verona beige, facile da abbinare con ogni outfit. Baldinini Trend offre una silhouette bilanciata, vestibilit\u00e0 pratica e costruzione resistente.<\/p>\n","protected":false},"featured_media":34020,"comment_status":"open","ping_status":"closed","template":"","meta":[],"product_brand":[],"product_cat":[11215,11268,11214],"product_tag":[11324,11255,11220,11265,2845,11253,43],"class_list":{"0":"post-34029","1":"product","2":"type-product","3":"status-publish","4":"has-post-thumbnail","6":"product_cat-women-clothing","7":"product_cat-women-clothing-jackets","8":"product_cat-women","9":"product_tag-baldinini-trend","10":"product_tag-brown","11":"product_tag-clothing","12":"product_tag-fall-winter","13":"product_tag-fashion","14":"product_tag-jackets","15":"product_tag-women-2","16":"pa_color-brown","17":"pa_season-fall-winter","19":"first","20":"instock","21":"shipping-taxable","22":"purchasable","23":"product-type-variable"},"yoast_head":"<!-- This site is optimized with the Yoast SEO Premium plugin v22.7 (Yoast SEO v27.3) - https:\/\/yoast.com\/product\/yoast-seo-premium-wordpress\/ -->\n<title>Giacca Verona Beige \u2014 Baldinini Trend G2342 | Donna S-XL<\/title>\n<meta name=\"description\" content=\"Giacca Verona beige di Baldinini Trend: colore neutro, silhouette bilanciata e vestibilit\u00e0 pratica. Robusta e adatta all&#039;uso quotidiano. Taglie S-XL.\" \/>\n<meta name=\"robots\" content=\"index, follow, max-snippet:-1, max-image-preview:large, max-video-preview:-1\" \/>\n<link rel=\"canonical\" href=\"https:\/\/dari.shop\/negozio\/women\/women-clothing\/women-clothing-jackets\/baldinini-trend-g2342_verona_beige\/\" \/>\n<meta property=\"og:locale\" content=\"it_IT\" \/>\n<meta property=\"og:type\" content=\"article\" \/>\n<meta property=\"og:title\" content=\"Baldinini Trend G2342 \u2014 Giacca Verona Beige donna S-XL\" \/>\n<meta property=\"og:description\" content=\"Giacca Verona beige di Baldinini Trend: colore neutro, silhouette bilanciata e vestibilit\u00e0 pratica. Robusta e adatta all&#039;uso quotidiano. Taglie S-XL.\" \/>\n<meta property=\"og:url\" content=\"https:\/\/dari.shop\/negozio\/women\/women-clothing\/women-clothing-jackets\/baldinini-trend-g2342_verona_beige\/\" \/>\n<meta property=\"og:site_name\" content=\"DARI.Shop\" \/>\n<meta property=\"article:modified_time\" content=\"2025-12-21T18:59:21+00:00\" \/>\n<meta property=\"og:image\" content=\"https:\/\/dari.shop\/wp-content\/uploads\/2025\/09\/43535130-7a54-11ef-bcb8-2f1a1f1a35ab.jpg\" \/>\n\t<meta property=\"og:image:width\" content=\"1920\" \/>\n\t<meta property=\"og:image:height\" content=\"1920\" \/>\n\t<meta property=\"og:image:type\" content=\"image\/jpeg\" \/>\n<meta name=\"twitter:card\" content=\"summary_large_image\" \/>\n<meta name=\"twitter:label1\" content=\"Disponibilit\u00e0\" \/>\n\t<meta name=\"twitter:data1\" content=\"In stock\" \/>\n<script type=\"application\/ld+json\" class=\"yoast-schema-graph\">{\"@context\":\"https:\\\/\\\/schema.org\",\"@graph\":[{\"@type\":\"WebPage\",\"@id\":\"https:\\\/\\\/dari.shop\\\/negozio\\\/women\\\/women-clothing\\\/women-clothing-jackets\\\/baldinini-trend-g2342_verona_beige\\\/\",\"url\":\"https:\\\/\\\/dari.shop\\\/negozio\\\/women\\\/women-clothing\\\/women-clothing-jackets\\\/baldinini-trend-g2342_verona_beige\\\/\",\"name\":\"Giacca Verona Beige \u2014 Baldinini Trend G2342 | Donna S-XL\",\"isPartOf\":{\"@id\":\"https:\\\/\\\/dari.shop\\\/#website\"},\"primaryImageOfPage\":{\"@id\":\"https:\\\/\\\/dari.shop\\\/negozio\\\/women\\\/women-clothing\\\/women-clothing-jackets\\\/baldinini-trend-g2342_verona_beige\\\/#primaryimage\"},\"image\":{\"@id\":\"https:\\\/\\\/dari.shop\\\/negozio\\\/women\\\/women-clothing\\\/women-clothing-jackets\\\/baldinini-trend-g2342_verona_beige\\\/#primaryimage\"},\"thumbnailUrl\":\"https:\\\/\\\/dari.shop\\\/wp-content\\\/uploads\\\/2025\\\/09\\\/43535130-7a54-11ef-bcb8-2f1a1f1a35ab.jpg\",\"datePublished\":\"2025-09-22T10:18:26+00:00\",\"dateModified\":\"2025-12-21T18:59:21+00:00\",\"description\":\"Giacca Verona beige di Baldinini Trend: colore neutro, silhouette bilanciata e vestibilit\u00e0 pratica. Robusta e adatta all'uso quotidiano. Taglie S-XL.\",\"breadcrumb\":{\"@id\":\"https:\\\/\\\/dari.shop\\\/negozio\\\/women\\\/women-clothing\\\/women-clothing-jackets\\\/baldinini-trend-g2342_verona_beige\\\/#breadcrumb\"},\"inLanguage\":\"it-IT\",\"potentialAction\":[{\"@type\":\"ReadAction\",\"target\":[\"https:\\\/\\\/dari.shop\\\/negozio\\\/women\\\/women-clothing\\\/women-clothing-jackets\\\/baldinini-trend-g2342_verona_beige\\\/\"]}]},{\"@type\":\"ImageObject\",\"inLanguage\":\"it-IT\",\"@id\":\"https:\\\/\\\/dari.shop\\\/negozio\\\/women\\\/women-clothing\\\/women-clothing-jackets\\\/baldinini-trend-g2342_verona_beige\\\/#primaryimage\",\"url\":\"https:\\\/\\\/dari.shop\\\/wp-content\\\/uploads\\\/2025\\\/09\\\/43535130-7a54-11ef-bcb8-2f1a1f1a35ab.jpg\",\"contentUrl\":\"https:\\\/\\\/dari.shop\\\/wp-content\\\/uploads\\\/2025\\\/09\\\/43535130-7a54-11ef-bcb8-2f1a1f1a35ab.jpg\",\"width\":1920,\"height\":1920,\"caption\":\"Giacca Baldinini Trend G2342 Verona Beige vista frontale\"},{\"@type\":\"BreadcrumbList\",\"@id\":\"https:\\\/\\\/dari.shop\\\/negozio\\\/women\\\/women-clothing\\\/women-clothing-jackets\\\/baldinini-trend-g2342_verona_beige\\\/#breadcrumb\",\"itemListElement\":[{\"@type\":\"ListItem\",\"position\":1,\"name\":\"Home\",\"item\":\"https:\\\/\\\/dari.shop\\\/it\\\/ispirazione\\\/\"},{\"@type\":\"ListItem\",\"position\":2,\"name\":\"Marketplace\",\"item\":\"https:\\\/\\\/dari.shop\\\/marketplace\\\/\"},{\"@type\":\"ListItem\",\"position\":3,\"name\":\"Women\",\"item\":\"https:\\\/\\\/dari.shop\\\/product-category\\\/women\\\/\"},{\"@type\":\"ListItem\",\"position\":4,\"name\":\"Clothing\",\"item\":\"https:\\\/\\\/dari.shop\\\/product-category\\\/women\\\/women-clothing\\\/\"},{\"@type\":\"ListItem\",\"position\":5,\"name\":\"Jackets\",\"item\":\"https:\\\/\\\/dari.shop\\\/product-category\\\/women\\\/women-clothing\\\/women-clothing-jackets\\\/\"},{\"@type\":\"ListItem\",\"position\":6,\"name\":\"Baldinini Trend G2342 \u2014 Giacca Verona Beige donna S-XL\"}]},{\"@type\":\"WebSite\",\"@id\":\"https:\\\/\\\/dari.shop\\\/#website\",\"url\":\"https:\\\/\\\/dari.shop\\\/\",\"name\":\"DARI.Shop\",\"description\":\"DARI.Shop. It starts with curiosity...\",\"publisher\":{\"@id\":\"https:\\\/\\\/dari.shop\\\/#organization\"},\"alternateName\":\"Dari Fashion Hub\",\"potentialAction\":[{\"@type\":\"SearchAction\",\"target\":{\"@type\":\"EntryPoint\",\"urlTemplate\":\"https:\\\/\\\/dari.shop\\\/?s={search_term_string}\"},\"query-input\":{\"@type\":\"PropertyValueSpecification\",\"valueRequired\":true,\"valueName\":\"search_term_string\"}}],\"inLanguage\":\"it-IT\"},{\"@type\":\"Organization\",\"@id\":\"https:\\\/\\\/dari.shop\\\/#organization\",\"name\":\"DARI.Shop\",\"alternateName\":\"Dari Fashion Hub\",\"url\":\"https:\\\/\\\/dari.shop\\\/\",\"logo\":{\"@type\":\"ImageObject\",\"inLanguage\":\"it-IT\",\"@id\":\"https:\\\/\\\/dari.shop\\\/#\\\/schema\\\/logo\\\/image\\\/\",\"url\":\"https:\\\/\\\/dari.shop\\\/wp-content\\\/uploads\\\/2018\\\/01\\\/logo-dari.shop_-1.gif\",\"contentUrl\":\"https:\\\/\\\/dari.shop\\\/wp-content\\\/uploads\\\/2018\\\/01\\\/logo-dari.shop_-1.gif\",\"width\":458,\"height\":107,\"caption\":\"DARI.Shop\"},\"image\":{\"@id\":\"https:\\\/\\\/dari.shop\\\/#\\\/schema\\\/logo\\\/image\\\/\"}}]}<\/script>\n<meta property=\"product:brand\" content=\"Baldinini Trend\" \/>\n<meta property=\"og:availability\" content=\"instock\" \/>\n<meta property=\"product:availability\" content=\"instock\" \/>\n<meta property=\"product:retailer_item_id\" content=\"G2342_VERONA_Beige_147225\" \/>\n<meta property=\"product:condition\" content=\"new\" \/>\n<!-- \/ Yoast SEO Premium plugin. -->","yoast_head_json":{"title":"Giacca Verona Beige \u2014 Baldinini Trend G2342 | Donna S-XL","description":"Giacca Verona beige di Baldinini Trend: colore neutro, silhouette bilanciata e vestibilit\u00e0 pratica. Robusta e adatta all'uso quotidiano. Taglie S-XL.","robots":{"index":"index","follow":"follow","max-snippet":"max-snippet:-1","max-image-preview":"max-image-preview:large","max-video-preview":"max-video-preview:-1"},"canonical":"https:\/\/dari.shop\/negozio\/women\/women-clothing\/women-clothing-jackets\/baldinini-trend-g2342_verona_beige\/","og_locale":"it_IT","og_type":"article","og_title":"Baldinini Trend G2342 \u2014 Giacca Verona Beige donna S-XL","og_description":"Giacca Verona beige di Baldinini Trend: colore neutro, silhouette bilanciata e vestibilit\u00e0 pratica. Robusta e adatta all'uso quotidiano. Taglie S-XL.","og_url":"https:\/\/dari.shop\/negozio\/women\/women-clothing\/women-clothing-jackets\/baldinini-trend-g2342_verona_beige\/","og_site_name":"DARI.Shop","article_modified_time":"2025-12-21T18:59:21+00:00","og_image":[{"width":1920,"height":1920,"url":"https:\/\/dari.shop\/wp-content\/uploads\/2025\/09\/43535130-7a54-11ef-bcb8-2f1a1f1a35ab.jpg","type":"image\/jpeg"}],"twitter_card":"summary_large_image","twitter_misc":{"Disponibilit\u00e0":"In stock"},"schema":{"@context":"https:\/\/schema.org","@graph":[{"@type":"WebPage","@id":"https:\/\/dari.shop\/negozio\/women\/women-clothing\/women-clothing-jackets\/baldinini-trend-g2342_verona_beige\/","url":"https:\/\/dari.shop\/negozio\/women\/women-clothing\/women-clothing-jackets\/baldinini-trend-g2342_verona_beige\/","name":"Giacca Verona Beige \u2014 Baldinini Trend G2342 | Donna S-XL","isPartOf":{"@id":"https:\/\/dari.shop\/#website"},"primaryImageOfPage":{"@id":"https:\/\/dari.shop\/negozio\/women\/women-clothing\/women-clothing-jackets\/baldinini-trend-g2342_verona_beige\/#primaryimage"},"image":{"@id":"https:\/\/dari.shop\/negozio\/women\/women-clothing\/women-clothing-jackets\/baldinini-trend-g2342_verona_beige\/#primaryimage"},"thumbnailUrl":"https:\/\/dari.shop\/wp-content\/uploads\/2025\/09\/43535130-7a54-11ef-bcb8-2f1a1f1a35ab.jpg","datePublished":"2025-09-22T10:18:26+00:00","dateModified":"2025-12-21T18:59:21+00:00","description":"Giacca Verona beige di Baldinini Trend: colore neutro, silhouette bilanciata e vestibilit\u00e0 pratica. Robusta e adatta all'uso quotidiano. Taglie S-XL.","breadcrumb":{"@id":"https:\/\/dari.shop\/negozio\/women\/women-clothing\/women-clothing-jackets\/baldinini-trend-g2342_verona_beige\/#breadcrumb"},"inLanguage":"it-IT","potentialAction":[{"@type":"ReadAction","target":["https:\/\/dari.shop\/negozio\/women\/women-clothing\/women-clothing-jackets\/baldinini-trend-g2342_verona_beige\/"]}]},{"@type":"ImageObject","inLanguage":"it-IT","@id":"https:\/\/dari.shop\/negozio\/women\/women-clothing\/women-clothing-jackets\/baldinini-trend-g2342_verona_beige\/#primaryimage","url":"https:\/\/dari.shop\/wp-content\/uploads\/2025\/09\/43535130-7a54-11ef-bcb8-2f1a1f1a35ab.jpg","contentUrl":"https:\/\/dari.shop\/wp-content\/uploads\/2025\/09\/43535130-7a54-11ef-bcb8-2f1a1f1a35ab.jpg","width":1920,"height":1920,"caption":"Giacca Baldinini Trend G2342 Verona Beige vista frontale"},{"@type":"BreadcrumbList","@id":"https:\/\/dari.shop\/negozio\/women\/women-clothing\/women-clothing-jackets\/baldinini-trend-g2342_verona_beige\/#breadcrumb","itemListElement":[{"@type":"ListItem","position":1,"name":"Home","item":"https:\/\/dari.shop\/it\/ispirazione\/"},{"@type":"ListItem","position":2,"name":"Marketplace","item":"https:\/\/dari.shop\/marketplace\/"},{"@type":"ListItem","position":3,"name":"Women","item":"https:\/\/dari.shop\/product-category\/women\/"},{"@type":"ListItem","position":4,"name":"Clothing","item":"https:\/\/dari.shop\/product-category\/women\/women-clothing\/"},{"@type":"ListItem","position":5,"name":"Jackets","item":"https:\/\/dari.shop\/product-category\/women\/women-clothing\/women-clothing-jackets\/"},{"@type":"ListItem","position":6,"name":"Baldinini Trend G2342 \u2014 Giacca Verona Beige donna S-XL"}]},{"@type":"WebSite","@id":"https:\/\/dari.shop\/#website","url":"https:\/\/dari.shop\/","name":"DARI.Shop","description":"DARI.Shop. It starts with curiosity...","publisher":{"@id":"https:\/\/dari.shop\/#organization"},"alternateName":"Dari Fashion Hub","potentialAction":[{"@type":"SearchAction","target":{"@type":"EntryPoint","urlTemplate":"https:\/\/dari.shop\/?s={search_term_string}"},"query-input":{"@type":"PropertyValueSpecification","valueRequired":true,"valueName":"search_term_string"}}],"inLanguage":"it-IT"},{"@type":"Organization","@id":"https:\/\/dari.shop\/#organization","name":"DARI.Shop","alternateName":"Dari Fashion Hub","url":"https:\/\/dari.shop\/","logo":{"@type":"ImageObject","inLanguage":"it-IT","@id":"https:\/\/dari.shop\/#\/schema\/logo\/image\/","url":"https:\/\/dari.shop\/wp-content\/uploads\/2018\/01\/logo-dari.shop_-1.gif","contentUrl":"https:\/\/dari.shop\/wp-content\/uploads\/2018\/01\/logo-dari.shop_-1.gif","width":458,"height":107,"caption":"DARI.Shop"},"image":{"@id":"https:\/\/dari.shop\/#\/schema\/logo\/image\/"}}]},"product_brand":"Baldinini Trend","og_availability":"instock","product_availability":"instock","product_retailer_item_id":"G2342_VERONA_Beige_147225","product_condition":"new"},"_links":{"self":[{"href":"https:\/\/dari.shop\/it\/wp-json\/wp\/v2\/product\/34029","targetHints":{"allow":["GET"]}}],"collection":[{"href":"https:\/\/dari.shop\/it\/wp-json\/wp\/v2\/product"}],"about":[{"href":"https:\/\/dari.shop\/it\/wp-json\/wp\/v2\/types\/product"}],"replies":[{"embeddable":true,"href":"https:\/\/dari.shop\/it\/wp-json\/wp\/v2\/comments?post=34029"}],"wp:featuredmedia":[{"embeddable":true,"href":"https:\/\/dari.shop\/it\/wp-json\/wp\/v2\/media\/34020"}],"wp:attachment":[{"href":"https:\/\/dari.shop\/it\/wp-json\/wp\/v2\/media?parent=34029"}],"wp:term":[{"taxonomy":"product_brand","embeddable":true,"href":"https:\/\/dari.shop\/it\/wp-json\/wp\/v2\/product_brand?post=34029"},{"taxonomy":"product_cat","embeddable":true,"href":"https:\/\/dari.shop\/it\/wp-json\/wp\/v2\/product_cat?post=34029"},{"taxonomy":"product_tag","embeddable":true,"href":"https:\/\/dari.shop\/it\/wp-json\/wp\/v2\/product_tag?post=34029"}],"curies":[{"name":"wp","href":"https:\/\/api.w.org\/{rel}","templated":true}]}}