{"id":34043,"date":"2025-09-22T12:19:03","date_gmt":"2025-09-22T10:19:03","guid":{"rendered":"https:\/\/dari.shop\/marketplace\/uncategorized\/baldinini-trend-g2342_verona_gialloyellow\/"},"modified":"2025-12-31T03:36:30","modified_gmt":"2025-12-31T02:36:30","slug":"baldinini-trend-g2342_verona_gialloyellow","status":"publish","type":"product","link":"https:\/\/dari.shop\/it\/negozio\/women\/women-clothing\/women-clothing-jackets\/baldinini-trend-g2342_verona_gialloyellow\/","title":{"rendered":"Giacca donna gialla Baldinini Trend Verona \u2013 autunno\/inverno"},"content":{"rendered":"<p>La giacca Verona di Baldinini Trend porta una nota vivace al tuo outfit stagionale: il giallo acceso risalta senza esagerare, per un look curato ma facilmente abbinabile. Le linee moderne e pulite valorizzano la silhouette offrendo un aspetto raffinato e contemporaneo.<\/p>\n<p>Progettata con un taglio comodo e versatile, la Verona \u00e8 ideale per stratificare sopra maglieria o capi leggeri: perfetta per le giornate in citt\u00e0 e le serate informali durante autunno e inverno. Le taglie disponibili (S, M, L) garantiscono una calzata adatta a pi\u00f9 silhouette.<\/p>\n<ul>\n<li>Colore giallo brillante che dona carattere al capo<\/li>\n<li>Linee pulite e design moderno per un look curato<\/li>\n<li>Taglio versatile e confortevole, facile da stratificare<\/li>\n<li>Perfetta per la stagione autunno\/inverno<\/li>\n<li>Disponibile nelle taglie S, M e L<\/li>\n<\/ul>\n","protected":false},"excerpt":{"rendered":"<p>La giacca Verona di Baldinini Trend in un giallo brillante aggiunge personalit\u00e0 al guardaroba autunnale. Linee pulite e un taglio versatile la rendono comoda per l&#8217;uso quotidiano. Disponibile nelle taglie S, M e L.<\/p>\n","protected":false},"featured_media":34034,"comment_status":"open","ping_status":"closed","template":"","meta":[],"product_brand":[],"product_cat":[11215,11268,11214],"product_tag":[11324,11220,11265,2845,11253,43,11315],"class_list":{"0":"post-34043","1":"product","2":"type-product","3":"status-publish","4":"has-post-thumbnail","6":"product_cat-women-clothing","7":"product_cat-women-clothing-jackets","8":"product_cat-women","9":"product_tag-baldinini-trend","10":"product_tag-clothing","11":"product_tag-fall-winter","12":"product_tag-fashion","13":"product_tag-jackets","14":"product_tag-women-2","15":"product_tag-yellow","16":"pa_color-yellow","17":"pa_season-fall-winter","19":"first","20":"instock","21":"shipping-taxable","22":"purchasable","23":"product-type-variable"},"yoast_head":"<!-- This site is optimized with the Yoast SEO Premium plugin v22.7 (Yoast SEO v27.3) - https:\/\/yoast.com\/product\/yoast-seo-premium-wordpress\/ -->\n<title>Giacca donna gialla Baldinini Trend Verona \u2013 autunno\/inverno<\/title>\n<meta name=\"description\" content=\"Acquista la giacca donna Baldinini Trend Verona in giallo brillante: stile pulito, vestibilit\u00e0 comoda e perfetta per autunno e inverno. Disponibile in S, M, L.\" \/>\n<meta name=\"robots\" content=\"index, follow, max-snippet:-1, max-image-preview:large, max-video-preview:-1\" \/>\n<link rel=\"canonical\" href=\"https:\/\/dari.shop\/negozio\/women\/women-clothing\/women-clothing-jackets\/baldinini-trend-g2342_verona_gialloyellow\/\" \/>\n<meta property=\"og:locale\" content=\"it_IT\" \/>\n<meta property=\"og:type\" content=\"article\" \/>\n<meta property=\"og:title\" content=\"Giacca donna gialla Baldinini Trend Verona \u2013 autunno\/inverno\" \/>\n<meta property=\"og:description\" content=\"Acquista la giacca donna Baldinini Trend Verona in giallo brillante: stile pulito, vestibilit\u00e0 comoda e perfetta per autunno e inverno. Disponibile in S, M, L.\" \/>\n<meta property=\"og:url\" content=\"https:\/\/dari.shop\/negozio\/women\/women-clothing\/women-clothing-jackets\/baldinini-trend-g2342_verona_gialloyellow\/\" \/>\n<meta property=\"og:site_name\" content=\"DARI.Shop\" \/>\n<meta property=\"article:modified_time\" content=\"2025-12-31T02:36:30+00:00\" \/>\n<meta property=\"og:image\" content=\"https:\/\/dari.shop\/wp-content\/uploads\/2025\/09\/533bbc40-7a54-11ef-bcb8-2f1a1f1a35ab.jpg\" \/>\n\t<meta property=\"og:image:width\" content=\"1920\" \/>\n\t<meta property=\"og:image:height\" content=\"1920\" \/>\n\t<meta property=\"og:image:type\" content=\"image\/jpeg\" \/>\n<meta name=\"twitter:card\" content=\"summary_large_image\" \/>\n<meta name=\"twitter:label1\" content=\"Disponibilit\u00e0\" \/>\n\t<meta name=\"twitter:data1\" content=\"In stock\" \/>\n<script type=\"application\/ld+json\" class=\"yoast-schema-graph\">{\"@context\":\"https:\\\/\\\/schema.org\",\"@graph\":[{\"@type\":\"WebPage\",\"@id\":\"https:\\\/\\\/dari.shop\\\/negozio\\\/women\\\/women-clothing\\\/women-clothing-jackets\\\/baldinini-trend-g2342_verona_gialloyellow\\\/\",\"url\":\"https:\\\/\\\/dari.shop\\\/negozio\\\/women\\\/women-clothing\\\/women-clothing-jackets\\\/baldinini-trend-g2342_verona_gialloyellow\\\/\",\"name\":\"Giacca donna gialla Baldinini Trend Verona \u2013 autunno\\\/inverno\",\"isPartOf\":{\"@id\":\"https:\\\/\\\/dari.shop\\\/#website\"},\"primaryImageOfPage\":{\"@id\":\"https:\\\/\\\/dari.shop\\\/negozio\\\/women\\\/women-clothing\\\/women-clothing-jackets\\\/baldinini-trend-g2342_verona_gialloyellow\\\/#primaryimage\"},\"image\":{\"@id\":\"https:\\\/\\\/dari.shop\\\/negozio\\\/women\\\/women-clothing\\\/women-clothing-jackets\\\/baldinini-trend-g2342_verona_gialloyellow\\\/#primaryimage\"},\"thumbnailUrl\":\"https:\\\/\\\/dari.shop\\\/wp-content\\\/uploads\\\/2025\\\/09\\\/533bbc40-7a54-11ef-bcb8-2f1a1f1a35ab.jpg\",\"datePublished\":\"2025-09-22T10:19:03+00:00\",\"dateModified\":\"2025-12-31T02:36:30+00:00\",\"description\":\"Acquista la giacca donna Baldinini Trend Verona in giallo brillante: stile pulito, vestibilit\u00e0 comoda e perfetta per autunno e inverno. Disponibile in S, M, L.\",\"breadcrumb\":{\"@id\":\"https:\\\/\\\/dari.shop\\\/negozio\\\/women\\\/women-clothing\\\/women-clothing-jackets\\\/baldinini-trend-g2342_verona_gialloyellow\\\/#breadcrumb\"},\"inLanguage\":\"it-IT\",\"potentialAction\":[{\"@type\":\"ReadAction\",\"target\":[\"https:\\\/\\\/dari.shop\\\/negozio\\\/women\\\/women-clothing\\\/women-clothing-jackets\\\/baldinini-trend-g2342_verona_gialloyellow\\\/\"]}]},{\"@type\":\"ImageObject\",\"inLanguage\":\"it-IT\",\"@id\":\"https:\\\/\\\/dari.shop\\\/negozio\\\/women\\\/women-clothing\\\/women-clothing-jackets\\\/baldinini-trend-g2342_verona_gialloyellow\\\/#primaryimage\",\"url\":\"https:\\\/\\\/dari.shop\\\/wp-content\\\/uploads\\\/2025\\\/09\\\/533bbc40-7a54-11ef-bcb8-2f1a1f1a35ab.jpg\",\"contentUrl\":\"https:\\\/\\\/dari.shop\\\/wp-content\\\/uploads\\\/2025\\\/09\\\/533bbc40-7a54-11ef-bcb8-2f1a1f1a35ab.jpg\",\"width\":1920,\"height\":1920,\"caption\":\"Giacca donna Baldinini Trend Verona gialla vista frontale\"},{\"@type\":\"BreadcrumbList\",\"@id\":\"https:\\\/\\\/dari.shop\\\/negozio\\\/women\\\/women-clothing\\\/women-clothing-jackets\\\/baldinini-trend-g2342_verona_gialloyellow\\\/#breadcrumb\",\"itemListElement\":[{\"@type\":\"ListItem\",\"position\":1,\"name\":\"Home\",\"item\":\"https:\\\/\\\/dari.shop\\\/it\\\/ispirazione\\\/\"},{\"@type\":\"ListItem\",\"position\":2,\"name\":\"Marketplace\",\"item\":\"https:\\\/\\\/dari.shop\\\/marketplace\\\/\"},{\"@type\":\"ListItem\",\"position\":3,\"name\":\"Women\",\"item\":\"https:\\\/\\\/dari.shop\\\/product-category\\\/women\\\/\"},{\"@type\":\"ListItem\",\"position\":4,\"name\":\"Clothing\",\"item\":\"https:\\\/\\\/dari.shop\\\/product-category\\\/women\\\/women-clothing\\\/\"},{\"@type\":\"ListItem\",\"position\":5,\"name\":\"Jackets\",\"item\":\"https:\\\/\\\/dari.shop\\\/product-category\\\/women\\\/women-clothing\\\/women-clothing-jackets\\\/\"},{\"@type\":\"ListItem\",\"position\":6,\"name\":\"Giacca donna gialla Baldinini Trend Verona \u2013 autunno\\\/inverno\"}]},{\"@type\":\"WebSite\",\"@id\":\"https:\\\/\\\/dari.shop\\\/#website\",\"url\":\"https:\\\/\\\/dari.shop\\\/\",\"name\":\"DARI.Shop\",\"description\":\"DARI.Shop. It starts with curiosity...\",\"publisher\":{\"@id\":\"https:\\\/\\\/dari.shop\\\/#organization\"},\"alternateName\":\"Dari Fashion Hub\",\"potentialAction\":[{\"@type\":\"SearchAction\",\"target\":{\"@type\":\"EntryPoint\",\"urlTemplate\":\"https:\\\/\\\/dari.shop\\\/?s={search_term_string}\"},\"query-input\":{\"@type\":\"PropertyValueSpecification\",\"valueRequired\":true,\"valueName\":\"search_term_string\"}}],\"inLanguage\":\"it-IT\"},{\"@type\":\"Organization\",\"@id\":\"https:\\\/\\\/dari.shop\\\/#organization\",\"name\":\"DARI.Shop\",\"alternateName\":\"Dari Fashion Hub\",\"url\":\"https:\\\/\\\/dari.shop\\\/\",\"logo\":{\"@type\":\"ImageObject\",\"inLanguage\":\"it-IT\",\"@id\":\"https:\\\/\\\/dari.shop\\\/#\\\/schema\\\/logo\\\/image\\\/\",\"url\":\"https:\\\/\\\/dari.shop\\\/wp-content\\\/uploads\\\/2018\\\/01\\\/logo-dari.shop_-1.gif\",\"contentUrl\":\"https:\\\/\\\/dari.shop\\\/wp-content\\\/uploads\\\/2018\\\/01\\\/logo-dari.shop_-1.gif\",\"width\":458,\"height\":107,\"caption\":\"DARI.Shop\"},\"image\":{\"@id\":\"https:\\\/\\\/dari.shop\\\/#\\\/schema\\\/logo\\\/image\\\/\"}}]}<\/script>\n<meta property=\"product:brand\" content=\"Baldinini Trend\" \/>\n<meta property=\"og:availability\" content=\"instock\" \/>\n<meta property=\"product:availability\" content=\"instock\" \/>\n<meta property=\"product:retailer_item_id\" content=\"G2342_VERONA_GialloYellow_147224\" \/>\n<meta property=\"product:condition\" content=\"new\" \/>\n<!-- \/ Yoast SEO Premium plugin. -->","yoast_head_json":{"title":"Giacca donna gialla Baldinini Trend Verona \u2013 autunno\/inverno","description":"Acquista la giacca donna Baldinini Trend Verona in giallo brillante: stile pulito, vestibilit\u00e0 comoda e perfetta per autunno e inverno. Disponibile in S, M, L.","robots":{"index":"index","follow":"follow","max-snippet":"max-snippet:-1","max-image-preview":"max-image-preview:large","max-video-preview":"max-video-preview:-1"},"canonical":"https:\/\/dari.shop\/negozio\/women\/women-clothing\/women-clothing-jackets\/baldinini-trend-g2342_verona_gialloyellow\/","og_locale":"it_IT","og_type":"article","og_title":"Giacca donna gialla Baldinini Trend Verona \u2013 autunno\/inverno","og_description":"Acquista la giacca donna Baldinini Trend Verona in giallo brillante: stile pulito, vestibilit\u00e0 comoda e perfetta per autunno e inverno. Disponibile in S, M, L.","og_url":"https:\/\/dari.shop\/negozio\/women\/women-clothing\/women-clothing-jackets\/baldinini-trend-g2342_verona_gialloyellow\/","og_site_name":"DARI.Shop","article_modified_time":"2025-12-31T02:36:30+00:00","og_image":[{"width":1920,"height":1920,"url":"https:\/\/dari.shop\/wp-content\/uploads\/2025\/09\/533bbc40-7a54-11ef-bcb8-2f1a1f1a35ab.jpg","type":"image\/jpeg"}],"twitter_card":"summary_large_image","twitter_misc":{"Disponibilit\u00e0":"In stock"},"schema":{"@context":"https:\/\/schema.org","@graph":[{"@type":"WebPage","@id":"https:\/\/dari.shop\/negozio\/women\/women-clothing\/women-clothing-jackets\/baldinini-trend-g2342_verona_gialloyellow\/","url":"https:\/\/dari.shop\/negozio\/women\/women-clothing\/women-clothing-jackets\/baldinini-trend-g2342_verona_gialloyellow\/","name":"Giacca donna gialla Baldinini Trend Verona \u2013 autunno\/inverno","isPartOf":{"@id":"https:\/\/dari.shop\/#website"},"primaryImageOfPage":{"@id":"https:\/\/dari.shop\/negozio\/women\/women-clothing\/women-clothing-jackets\/baldinini-trend-g2342_verona_gialloyellow\/#primaryimage"},"image":{"@id":"https:\/\/dari.shop\/negozio\/women\/women-clothing\/women-clothing-jackets\/baldinini-trend-g2342_verona_gialloyellow\/#primaryimage"},"thumbnailUrl":"https:\/\/dari.shop\/wp-content\/uploads\/2025\/09\/533bbc40-7a54-11ef-bcb8-2f1a1f1a35ab.jpg","datePublished":"2025-09-22T10:19:03+00:00","dateModified":"2025-12-31T02:36:30+00:00","description":"Acquista la giacca donna Baldinini Trend Verona in giallo brillante: stile pulito, vestibilit\u00e0 comoda e perfetta per autunno e inverno. Disponibile in S, M, L.","breadcrumb":{"@id":"https:\/\/dari.shop\/negozio\/women\/women-clothing\/women-clothing-jackets\/baldinini-trend-g2342_verona_gialloyellow\/#breadcrumb"},"inLanguage":"it-IT","potentialAction":[{"@type":"ReadAction","target":["https:\/\/dari.shop\/negozio\/women\/women-clothing\/women-clothing-jackets\/baldinini-trend-g2342_verona_gialloyellow\/"]}]},{"@type":"ImageObject","inLanguage":"it-IT","@id":"https:\/\/dari.shop\/negozio\/women\/women-clothing\/women-clothing-jackets\/baldinini-trend-g2342_verona_gialloyellow\/#primaryimage","url":"https:\/\/dari.shop\/wp-content\/uploads\/2025\/09\/533bbc40-7a54-11ef-bcb8-2f1a1f1a35ab.jpg","contentUrl":"https:\/\/dari.shop\/wp-content\/uploads\/2025\/09\/533bbc40-7a54-11ef-bcb8-2f1a1f1a35ab.jpg","width":1920,"height":1920,"caption":"Giacca donna Baldinini Trend Verona gialla vista frontale"},{"@type":"BreadcrumbList","@id":"https:\/\/dari.shop\/negozio\/women\/women-clothing\/women-clothing-jackets\/baldinini-trend-g2342_verona_gialloyellow\/#breadcrumb","itemListElement":[{"@type":"ListItem","position":1,"name":"Home","item":"https:\/\/dari.shop\/it\/ispirazione\/"},{"@type":"ListItem","position":2,"name":"Marketplace","item":"https:\/\/dari.shop\/marketplace\/"},{"@type":"ListItem","position":3,"name":"Women","item":"https:\/\/dari.shop\/product-category\/women\/"},{"@type":"ListItem","position":4,"name":"Clothing","item":"https:\/\/dari.shop\/product-category\/women\/women-clothing\/"},{"@type":"ListItem","position":5,"name":"Jackets","item":"https:\/\/dari.shop\/product-category\/women\/women-clothing\/women-clothing-jackets\/"},{"@type":"ListItem","position":6,"name":"Giacca donna gialla Baldinini Trend Verona \u2013 autunno\/inverno"}]},{"@type":"WebSite","@id":"https:\/\/dari.shop\/#website","url":"https:\/\/dari.shop\/","name":"DARI.Shop","description":"DARI.Shop. It starts with curiosity...","publisher":{"@id":"https:\/\/dari.shop\/#organization"},"alternateName":"Dari Fashion Hub","potentialAction":[{"@type":"SearchAction","target":{"@type":"EntryPoint","urlTemplate":"https:\/\/dari.shop\/?s={search_term_string}"},"query-input":{"@type":"PropertyValueSpecification","valueRequired":true,"valueName":"search_term_string"}}],"inLanguage":"it-IT"},{"@type":"Organization","@id":"https:\/\/dari.shop\/#organization","name":"DARI.Shop","alternateName":"Dari Fashion Hub","url":"https:\/\/dari.shop\/","logo":{"@type":"ImageObject","inLanguage":"it-IT","@id":"https:\/\/dari.shop\/#\/schema\/logo\/image\/","url":"https:\/\/dari.shop\/wp-content\/uploads\/2018\/01\/logo-dari.shop_-1.gif","contentUrl":"https:\/\/dari.shop\/wp-content\/uploads\/2018\/01\/logo-dari.shop_-1.gif","width":458,"height":107,"caption":"DARI.Shop"},"image":{"@id":"https:\/\/dari.shop\/#\/schema\/logo\/image\/"}}]},"product_brand":"Baldinini Trend","og_availability":"instock","product_availability":"instock","product_retailer_item_id":"G2342_VERONA_GialloYellow_147224","product_condition":"new"},"_links":{"self":[{"href":"https:\/\/dari.shop\/it\/wp-json\/wp\/v2\/product\/34043","targetHints":{"allow":["GET"]}}],"collection":[{"href":"https:\/\/dari.shop\/it\/wp-json\/wp\/v2\/product"}],"about":[{"href":"https:\/\/dari.shop\/it\/wp-json\/wp\/v2\/types\/product"}],"replies":[{"embeddable":true,"href":"https:\/\/dari.shop\/it\/wp-json\/wp\/v2\/comments?post=34043"}],"wp:featuredmedia":[{"embeddable":true,"href":"https:\/\/dari.shop\/it\/wp-json\/wp\/v2\/media\/34034"}],"wp:attachment":[{"href":"https:\/\/dari.shop\/it\/wp-json\/wp\/v2\/media?parent=34043"}],"wp:term":[{"taxonomy":"product_brand","embeddable":true,"href":"https:\/\/dari.shop\/it\/wp-json\/wp\/v2\/product_brand?post=34043"},{"taxonomy":"product_cat","embeddable":true,"href":"https:\/\/dari.shop\/it\/wp-json\/wp\/v2\/product_cat?post=34043"},{"taxonomy":"product_tag","embeddable":true,"href":"https:\/\/dari.shop\/it\/wp-json\/wp\/v2\/product_tag?post=34043"}],"curies":[{"name":"wp","href":"https:\/\/api.w.org\/{rel}","templated":true}]}}