{"id":36899,"date":"2025-11-11T12:36:15","date_gmt":"2025-11-11T11:36:15","guid":{"rendered":"https:\/\/dari.shop\/marketplace\/uncategorized\/trussardi-36s000591t000945_b110camel\/"},"modified":"2025-12-21T18:59:28","modified_gmt":"2025-12-21T17:59:28","slug":"trussardi-36s000591t000945_b110camel","status":"publish","type":"product","link":"https:\/\/dari.shop\/it\/negozio\/women-clothing-it\/trussardi-36s000591t000945_b110camel\/","title":{"rendered":"Trussardi Cappotto camel con cintura in cotone misto \u2014 Made in Italy, Donna"},"content":{"rendered":"<p>Questo cappotto Trussardi in tono camel unisce la sartoria italiana a un tessuto in cotone misto traspirante, ideale per chi cerca un capo dall&#8217;aspetto curato ma confortevole. La nuance neutra e il taglio pulito lo rendono perfetto sia per il lavoro sia per il weekend.<\/p>\n<p>La cintura in vita definisce la silhouette e permette una vestibilit\u00e0 regolabile, mentre le maniche lunghe e le due tasche esterne offrono praticit\u00e0 senza compromettere l&#8217;eleganza. Il logo Trussardi \u00e8 visibile ma discreto, per un effetto raffinato e contemporaneo.<\/p>\n<ul>\n<li>Realizzato in Italia in cotone misto traspirante<\/li>\n<li>Cintura in vita per una vestibilit\u00e0 definita e regolabile<\/li>\n<li>Due tasche esterne per praticit\u00e0 quotidiana<\/li>\n<li>Maniche lunghe e silhouette sartoriale<\/li>\n<li>Logo Trussardi visibile ma discreto<\/li>\n<\/ul>\n","protected":false},"excerpt":{"rendered":"<p>Cappotto camel raffinato firmato Trussardi, realizzato in Italia in cotone misto traspirante. Linee pulite, cintura in vita e tasche esterne per uno stile quotidiano elegante e funzionale.<\/p>\n","protected":false},"featured_media":34829,"comment_status":"open","ping_status":"closed","template":"","meta":[],"product_brand":[],"product_cat":[11368,11521,11433],"product_tag":[11446,11484,11522,11436,11599,11164],"class_list":{"0":"post-36899","1":"product","2":"type-product","3":"status-publish","4":"has-post-thumbnail","6":"product_cat-women-clothing-it","7":"product_cat-women-clothing-coats-it","8":"product_cat-women-it","9":"product_tag-brown-it","10":"product_tag-clothing-it","11":"product_tag-coats-it","12":"product_tag-fashion-it","13":"product_tag-trussardi-it","14":"product_tag-women-2-it","15":"pa_color-marrone","17":"first","18":"outofstock","19":"shipping-taxable","20":"product-type-variable"},"yoast_head":"<!-- This site is optimized with the Yoast SEO Premium plugin v22.7 (Yoast SEO v27.3) - https:\/\/yoast.com\/product\/yoast-seo-premium-wordpress\/ -->\n<title>Trussardi Cappotto camel con cintura \u2014 Donna<\/title>\n<meta name=\"description\" content=\"Scopri il cappotto camel Trussardi in cotone misto, Made in Italy: traspirante, con cintura che valorizza la vita e tasche esterne per un look raffinato e versatile.\" \/>\n<meta name=\"robots\" content=\"index, follow, max-snippet:-1, max-image-preview:large, max-video-preview:-1\" \/>\n<link rel=\"canonical\" href=\"https:\/\/dari.shop\/negozio\/women\/women-clothing\/women-clothing-coats\/trussardi-36s000591t000945_b110camel\/\" \/>\n<meta property=\"og:locale\" content=\"it_IT\" \/>\n<meta property=\"og:type\" content=\"article\" \/>\n<meta property=\"og:title\" content=\"Trussardi Cappotto camel con cintura in cotone misto \u2014 Made in Italy, Donna\" \/>\n<meta property=\"og:description\" content=\"Scopri il cappotto camel Trussardi in cotone misto, Made in Italy: traspirante, con cintura che valorizza la vita e tasche esterne per un look raffinato e versatile.\" \/>\n<meta property=\"og:url\" content=\"https:\/\/dari.shop\/negozio\/women\/women-clothing\/women-clothing-coats\/trussardi-36s000591t000945_b110camel\/\" \/>\n<meta property=\"og:site_name\" content=\"DARI.Shop\" \/>\n<meta property=\"article:modified_time\" content=\"2025-12-21T17:59:28+00:00\" \/>\n<meta property=\"og:image\" content=\"https:\/\/dari.shop\/wp-content\/uploads\/2025\/11\/cdb898d0-dd60-11ee-b303-a331305fc244.jpg\" \/>\n\t<meta property=\"og:image:width\" content=\"1920\" \/>\n\t<meta property=\"og:image:height\" content=\"1920\" \/>\n\t<meta property=\"og:image:type\" content=\"image\/jpeg\" \/>\n<meta name=\"twitter:card\" content=\"summary_large_image\" \/>\n<meta name=\"twitter:label1\" content=\"Disponibilit\u00e0\" \/>\n\t<meta name=\"twitter:data1\" content=\"Esaurito\" \/>\n<script type=\"application\/ld+json\" class=\"yoast-schema-graph\">{\"@context\":\"https:\\\/\\\/schema.org\",\"@graph\":[{\"@type\":\"WebPage\",\"@id\":\"https:\\\/\\\/dari.shop\\\/negozio\\\/women\\\/women-clothing\\\/women-clothing-coats\\\/trussardi-36s000591t000945_b110camel\\\/\",\"url\":\"https:\\\/\\\/dari.shop\\\/negozio\\\/women\\\/women-clothing\\\/women-clothing-coats\\\/trussardi-36s000591t000945_b110camel\\\/\",\"name\":\"Trussardi Cappotto camel con cintura \u2014 Donna\",\"isPartOf\":{\"@id\":\"https:\\\/\\\/dari.shop\\\/#website\"},\"primaryImageOfPage\":{\"@id\":\"https:\\\/\\\/dari.shop\\\/negozio\\\/women\\\/women-clothing\\\/women-clothing-coats\\\/trussardi-36s000591t000945_b110camel\\\/#primaryimage\"},\"image\":{\"@id\":\"https:\\\/\\\/dari.shop\\\/negozio\\\/women\\\/women-clothing\\\/women-clothing-coats\\\/trussardi-36s000591t000945_b110camel\\\/#primaryimage\"},\"thumbnailUrl\":\"https:\\\/\\\/dari.shop\\\/wp-content\\\/uploads\\\/2025\\\/11\\\/cdb898d0-dd60-11ee-b303-a331305fc244.jpg\",\"datePublished\":\"2025-11-11T11:36:15+00:00\",\"dateModified\":\"2025-12-21T17:59:28+00:00\",\"description\":\"Scopri il cappotto camel Trussardi in cotone misto, Made in Italy: traspirante, con cintura che valorizza la vita e tasche esterne per un look raffinato e versatile.\",\"breadcrumb\":{\"@id\":\"https:\\\/\\\/dari.shop\\\/negozio\\\/women\\\/women-clothing\\\/women-clothing-coats\\\/trussardi-36s000591t000945_b110camel\\\/#breadcrumb\"},\"inLanguage\":\"it-IT\",\"potentialAction\":[{\"@type\":\"ReadAction\",\"target\":[\"https:\\\/\\\/dari.shop\\\/negozio\\\/women\\\/women-clothing\\\/women-clothing-coats\\\/trussardi-36s000591t000945_b110camel\\\/\"]}]},{\"@type\":\"ImageObject\",\"inLanguage\":\"it-IT\",\"@id\":\"https:\\\/\\\/dari.shop\\\/negozio\\\/women\\\/women-clothing\\\/women-clothing-coats\\\/trussardi-36s000591t000945_b110camel\\\/#primaryimage\",\"url\":\"https:\\\/\\\/dari.shop\\\/wp-content\\\/uploads\\\/2025\\\/11\\\/cdb898d0-dd60-11ee-b303-a331305fc244.jpg\",\"contentUrl\":\"https:\\\/\\\/dari.shop\\\/wp-content\\\/uploads\\\/2025\\\/11\\\/cdb898d0-dd60-11ee-b303-a331305fc244.jpg\",\"width\":1920,\"height\":1920,\"caption\":\"Trussardi cappotto camel con cintura in cotone misto \u2014 vista frontale\"},{\"@type\":\"BreadcrumbList\",\"@id\":\"https:\\\/\\\/dari.shop\\\/negozio\\\/women\\\/women-clothing\\\/women-clothing-coats\\\/trussardi-36s000591t000945_b110camel\\\/#breadcrumb\",\"itemListElement\":[{\"@type\":\"ListItem\",\"position\":1,\"name\":\"Home\",\"item\":\"https:\\\/\\\/dari.shop\\\/it\\\/ispirazione\\\/\"},{\"@type\":\"ListItem\",\"position\":2,\"name\":\"Marketplace\",\"item\":\"https:\\\/\\\/dari.shop\\\/marketplace\\\/\"},{\"@type\":\"ListItem\",\"position\":3,\"name\":\"Women\",\"item\":\"https:\\\/\\\/dari.shop\\\/product-category\\\/women\\\/\"},{\"@type\":\"ListItem\",\"position\":4,\"name\":\"Clothing\",\"item\":\"https:\\\/\\\/dari.shop\\\/product-category\\\/women\\\/women-clothing\\\/\"},{\"@type\":\"ListItem\",\"position\":5,\"name\":\"Coats\",\"item\":\"https:\\\/\\\/dari.shop\\\/product-category\\\/women\\\/women-clothing\\\/women-clothing-coats\\\/\"},{\"@type\":\"ListItem\",\"position\":6,\"name\":\"Trussardi Cappotto camel con cintura in cotone misto \u2014 Made in Italy, Donna\"}]},{\"@type\":\"WebSite\",\"@id\":\"https:\\\/\\\/dari.shop\\\/#website\",\"url\":\"https:\\\/\\\/dari.shop\\\/\",\"name\":\"DARI.Shop\",\"description\":\"DARI.Shop. It starts with curiosity...\",\"publisher\":{\"@id\":\"https:\\\/\\\/dari.shop\\\/#organization\"},\"alternateName\":\"Dari Fashion Hub\",\"potentialAction\":[{\"@type\":\"SearchAction\",\"target\":{\"@type\":\"EntryPoint\",\"urlTemplate\":\"https:\\\/\\\/dari.shop\\\/?s={search_term_string}\"},\"query-input\":{\"@type\":\"PropertyValueSpecification\",\"valueRequired\":true,\"valueName\":\"search_term_string\"}}],\"inLanguage\":\"it-IT\"},{\"@type\":\"Organization\",\"@id\":\"https:\\\/\\\/dari.shop\\\/#organization\",\"name\":\"DARI.Shop\",\"alternateName\":\"Dari Fashion Hub\",\"url\":\"https:\\\/\\\/dari.shop\\\/\",\"logo\":{\"@type\":\"ImageObject\",\"inLanguage\":\"it-IT\",\"@id\":\"https:\\\/\\\/dari.shop\\\/#\\\/schema\\\/logo\\\/image\\\/\",\"url\":\"https:\\\/\\\/dari.shop\\\/wp-content\\\/uploads\\\/2018\\\/01\\\/logo-dari.shop_-1.gif\",\"contentUrl\":\"https:\\\/\\\/dari.shop\\\/wp-content\\\/uploads\\\/2018\\\/01\\\/logo-dari.shop_-1.gif\",\"width\":458,\"height\":107,\"caption\":\"DARI.Shop\"},\"image\":{\"@id\":\"https:\\\/\\\/dari.shop\\\/#\\\/schema\\\/logo\\\/image\\\/\"}}]}<\/script>\n<meta property=\"product:brand\" content=\"Brown\" \/>\n<meta property=\"og:availability\" content=\"out of stock\" \/>\n<meta property=\"product:availability\" content=\"out of stock\" \/>\n<meta property=\"product:retailer_item_id\" content=\"36S000591T000945_B110Camel_141359\" \/>\n<meta property=\"product:condition\" content=\"new\" \/>\n<!-- \/ Yoast SEO Premium plugin. -->","yoast_head_json":{"title":"Trussardi Cappotto camel con cintura \u2014 Donna","description":"Scopri il cappotto camel Trussardi in cotone misto, Made in Italy: traspirante, con cintura che valorizza la vita e tasche esterne per un look raffinato e versatile.","robots":{"index":"index","follow":"follow","max-snippet":"max-snippet:-1","max-image-preview":"max-image-preview:large","max-video-preview":"max-video-preview:-1"},"canonical":"https:\/\/dari.shop\/negozio\/women\/women-clothing\/women-clothing-coats\/trussardi-36s000591t000945_b110camel\/","og_locale":"it_IT","og_type":"article","og_title":"Trussardi Cappotto camel con cintura in cotone misto \u2014 Made in Italy, Donna","og_description":"Scopri il cappotto camel Trussardi in cotone misto, Made in Italy: traspirante, con cintura che valorizza la vita e tasche esterne per un look raffinato e versatile.","og_url":"https:\/\/dari.shop\/negozio\/women\/women-clothing\/women-clothing-coats\/trussardi-36s000591t000945_b110camel\/","og_site_name":"DARI.Shop","article_modified_time":"2025-12-21T17:59:28+00:00","og_image":[{"width":1920,"height":1920,"url":"https:\/\/dari.shop\/wp-content\/uploads\/2025\/11\/cdb898d0-dd60-11ee-b303-a331305fc244.jpg","type":"image\/jpeg"}],"twitter_card":"summary_large_image","twitter_misc":{"Disponibilit\u00e0":"Esaurito"},"schema":{"@context":"https:\/\/schema.org","@graph":[{"@type":"WebPage","@id":"https:\/\/dari.shop\/negozio\/women\/women-clothing\/women-clothing-coats\/trussardi-36s000591t000945_b110camel\/","url":"https:\/\/dari.shop\/negozio\/women\/women-clothing\/women-clothing-coats\/trussardi-36s000591t000945_b110camel\/","name":"Trussardi Cappotto camel con cintura \u2014 Donna","isPartOf":{"@id":"https:\/\/dari.shop\/#website"},"primaryImageOfPage":{"@id":"https:\/\/dari.shop\/negozio\/women\/women-clothing\/women-clothing-coats\/trussardi-36s000591t000945_b110camel\/#primaryimage"},"image":{"@id":"https:\/\/dari.shop\/negozio\/women\/women-clothing\/women-clothing-coats\/trussardi-36s000591t000945_b110camel\/#primaryimage"},"thumbnailUrl":"https:\/\/dari.shop\/wp-content\/uploads\/2025\/11\/cdb898d0-dd60-11ee-b303-a331305fc244.jpg","datePublished":"2025-11-11T11:36:15+00:00","dateModified":"2025-12-21T17:59:28+00:00","description":"Scopri il cappotto camel Trussardi in cotone misto, Made in Italy: traspirante, con cintura che valorizza la vita e tasche esterne per un look raffinato e versatile.","breadcrumb":{"@id":"https:\/\/dari.shop\/negozio\/women\/women-clothing\/women-clothing-coats\/trussardi-36s000591t000945_b110camel\/#breadcrumb"},"inLanguage":"it-IT","potentialAction":[{"@type":"ReadAction","target":["https:\/\/dari.shop\/negozio\/women\/women-clothing\/women-clothing-coats\/trussardi-36s000591t000945_b110camel\/"]}]},{"@type":"ImageObject","inLanguage":"it-IT","@id":"https:\/\/dari.shop\/negozio\/women\/women-clothing\/women-clothing-coats\/trussardi-36s000591t000945_b110camel\/#primaryimage","url":"https:\/\/dari.shop\/wp-content\/uploads\/2025\/11\/cdb898d0-dd60-11ee-b303-a331305fc244.jpg","contentUrl":"https:\/\/dari.shop\/wp-content\/uploads\/2025\/11\/cdb898d0-dd60-11ee-b303-a331305fc244.jpg","width":1920,"height":1920,"caption":"Trussardi cappotto camel con cintura in cotone misto \u2014 vista frontale"},{"@type":"BreadcrumbList","@id":"https:\/\/dari.shop\/negozio\/women\/women-clothing\/women-clothing-coats\/trussardi-36s000591t000945_b110camel\/#breadcrumb","itemListElement":[{"@type":"ListItem","position":1,"name":"Home","item":"https:\/\/dari.shop\/it\/ispirazione\/"},{"@type":"ListItem","position":2,"name":"Marketplace","item":"https:\/\/dari.shop\/marketplace\/"},{"@type":"ListItem","position":3,"name":"Women","item":"https:\/\/dari.shop\/product-category\/women\/"},{"@type":"ListItem","position":4,"name":"Clothing","item":"https:\/\/dari.shop\/product-category\/women\/women-clothing\/"},{"@type":"ListItem","position":5,"name":"Coats","item":"https:\/\/dari.shop\/product-category\/women\/women-clothing\/women-clothing-coats\/"},{"@type":"ListItem","position":6,"name":"Trussardi Cappotto camel con cintura in cotone misto \u2014 Made in Italy, Donna"}]},{"@type":"WebSite","@id":"https:\/\/dari.shop\/#website","url":"https:\/\/dari.shop\/","name":"DARI.Shop","description":"DARI.Shop. It starts with curiosity...","publisher":{"@id":"https:\/\/dari.shop\/#organization"},"alternateName":"Dari Fashion Hub","potentialAction":[{"@type":"SearchAction","target":{"@type":"EntryPoint","urlTemplate":"https:\/\/dari.shop\/?s={search_term_string}"},"query-input":{"@type":"PropertyValueSpecification","valueRequired":true,"valueName":"search_term_string"}}],"inLanguage":"it-IT"},{"@type":"Organization","@id":"https:\/\/dari.shop\/#organization","name":"DARI.Shop","alternateName":"Dari Fashion Hub","url":"https:\/\/dari.shop\/","logo":{"@type":"ImageObject","inLanguage":"it-IT","@id":"https:\/\/dari.shop\/#\/schema\/logo\/image\/","url":"https:\/\/dari.shop\/wp-content\/uploads\/2018\/01\/logo-dari.shop_-1.gif","contentUrl":"https:\/\/dari.shop\/wp-content\/uploads\/2018\/01\/logo-dari.shop_-1.gif","width":458,"height":107,"caption":"DARI.Shop"},"image":{"@id":"https:\/\/dari.shop\/#\/schema\/logo\/image\/"}}]},"product_brand":"Brown","og_availability":"out of stock","product_availability":"out of stock","product_retailer_item_id":"36S000591T000945_B110Camel_141359","product_condition":"new"},"_links":{"self":[{"href":"https:\/\/dari.shop\/it\/wp-json\/wp\/v2\/product\/36899","targetHints":{"allow":["GET"]}}],"collection":[{"href":"https:\/\/dari.shop\/it\/wp-json\/wp\/v2\/product"}],"about":[{"href":"https:\/\/dari.shop\/it\/wp-json\/wp\/v2\/types\/product"}],"replies":[{"embeddable":true,"href":"https:\/\/dari.shop\/it\/wp-json\/wp\/v2\/comments?post=36899"}],"wp:featuredmedia":[{"embeddable":true,"href":"https:\/\/dari.shop\/it\/wp-json\/wp\/v2\/media\/34829"}],"wp:attachment":[{"href":"https:\/\/dari.shop\/it\/wp-json\/wp\/v2\/media?parent=36899"}],"wp:term":[{"taxonomy":"product_brand","embeddable":true,"href":"https:\/\/dari.shop\/it\/wp-json\/wp\/v2\/product_brand?post=36899"},{"taxonomy":"product_cat","embeddable":true,"href":"https:\/\/dari.shop\/it\/wp-json\/wp\/v2\/product_cat?post=36899"},{"taxonomy":"product_tag","embeddable":true,"href":"https:\/\/dari.shop\/it\/wp-json\/wp\/v2\/product_tag?post=36899"}],"curies":[{"name":"wp","href":"https:\/\/api.w.org\/{rel}","templated":true}]}}